{"id":12088,"date":"2020-09-15T14:05:15","date_gmt":"2021-04-21T06:58:08","guid":{"rendered":"https:\/\/www.xunzel.com\/store\/?post_type=product&#038;p=12088"},"modified":"2025-06-23T10:23:06","modified_gmt":"2025-06-23T08:23:06","slug":"solarlife-g-30br","status":"publish","type":"product","link":"https:\/\/www.xunzel.com\/store\/pt-pt\/producto\/solarlife-g-30br\/","title":{"rendered":"SOLARLIFE G-30BR"},"content":{"rendered":"<p>SOLARLIFE G-30BR. Sistema completo de ilumina\u00e7\u00e3o LED pronto para usar. Ideal para uso industrial, profissional, jardim, HORECA ou recreativo.<br \/>\nCom detector de movimento PIR integrado e fun\u00e7\u00e3o crepuscular program\u00e1vel.<br \/>\nCompleto. Crie o seu pr\u00f3prio sistema de ilumina\u00e7\u00e3o em qualquer lugar. Fa\u00e7a a sua ilumina\u00e7\u00e3o solar. Para uso interior ou exterior. Ultra seguro 12Vdc. F\u00e1cil de expandir e muito vers\u00e1til. Zero problemas. M\u00e1xima efici\u00eancia e seguran\u00e7a.<\/p>\n<ul>\n<li>Com painel <a href=\"https:\/\/www.xunzel.com\/store\/pt-pt\/product\/solarpower-30w-12v\/\" target=\"_blank\" rel=\"noopener\"><strong>SOLARPOWER-30W<\/strong><\/a> (com 2 metros de cabo) de alta efici\u00eancia,<\/li>\n<li>Bateria Solar<a href=\"https:\/\/www.xunzel.com\/store\/pt-pt\/product\/solarx-14\/\" target=\"_blank\" rel=\"noopener\"><strong> SOLARX-14Ah<\/strong><\/a> de longa dura\u00e7\u00e3o (carga completa em aprox. 1 dia),<\/li>\n<li>1 x <a href=\"https:\/\/www.xunzel.com\/store\/pt-pt\/?post_type=product&#038;p=12396\" target=\"_blank\" rel=\"noopener\"><strong>GALAXXI-PIR LED 10W-12V<\/strong> <\/a>holofote de alum\u00ednio anodizado de alto brilho com detector de movimento PIR e luz branca solar (5000K) (Com bateria 100% carregada, total= 800lm durante 11 horas ON aprox.),<\/li>\n<li>Com 3 metros de cabo,<\/li>\n<li><a href=\"https:\/\/www.xunzel.com\/store\/pt-pt\/producto\/iscc-au-5a-12v\/\" target=\"_blank\" rel=\"noopener\"><strong>iSCC-AU<\/strong><\/a> Controlador de Carga e Descarga Digital com sa\u00edda USB 5V-2.1A. Obtenha o m\u00e1ximo desempenho e vida \u00fatil da sua bateria.<\/li>\n<li>Cabos e conectores<\/li>\n<li>Caixa XUNBOX, ideal para o armazenamento de todos os componentes.<\/li>\n<\/ul>\n","protected":false},"excerpt":{"rendered":"<p>Sistema de ilumina\u00e7\u00e3o solar LED de alta efici\u00eancia completo com detec\u00e7\u00e3o de movimento. Crie o seu pr\u00f3prio sistema de ilumina\u00e7\u00e3o em qualquer lugar. Fa\u00e7a a sua ilumina\u00e7\u00e3o solar. Ultra seguro 12Vdc.<br \/>\nCom detector de movimento PIR integrado e fun\u00e7\u00e3o crepuscular program\u00e1vel.<br \/>\nCom sa\u00edda USB 5V-2.1A para carregar dispositivos electr\u00f3nicos.<br \/>\nInclui 1 holofote, com detector de movimento PIR, alto brilho GALAXXI PIR LED 10W-12V \u2502 5000K luz branca solar, com 3 metros de cabo. Fornece at\u00e9 11 horas ON x 800 lm de luz (com bateria 100% carregada).<\/p>\n<p><span class=\"shared-files-shortcode-admin-list shared-files-shortcode-admin-list-file shared-files-shortcode-12752\" title=\"[shared_files file_id=12752]\">[shared_files file_id=12752]<\/span><\/p>\n","protected":false},"featured_media":17097,"template":"","meta":{"_acf_changed":false},"product_brand":[],"product_cat":[271],"product_tag":[],"class_list":{"0":"post-12088","1":"product","2":"type-product","3":"status-publish","4":"has-post-thumbnail","6":"product_cat-solarlife-g-series","8":"first","9":"instock","10":"featured","11":"taxable","12":"shipping-taxable","13":"purchasable","14":"product-type-simple"},"acf":[],"yoast_head":"<!-- This site is optimized with the Yoast SEO plugin v25.4 - https:\/\/yoast.com\/wordpress\/plugins\/seo\/ -->\n<title>SOLARLIFE G-30BR &#8211; Xunzel<\/title>\n<meta name=\"robots\" content=\"index, follow, max-snippet:-1, max-image-preview:large, max-video-preview:-1\" \/>\n<link rel=\"canonical\" href=\"https:\/\/www.xunzel.com\/store\/pt-pt\/producto\/solarlife-g-30br\/\" \/>\n<meta property=\"og:locale\" content=\"pt_PT\" \/>\n<meta property=\"og:type\" content=\"article\" \/>\n<meta property=\"og:title\" content=\"SOLARLIFE G-30BR &#8211; Xunzel\" \/>\n<meta property=\"og:description\" content=\"Sistema de ilumina\u00e7\u00e3o solar LED de alta efici\u00eancia completo com detec\u00e7\u00e3o de movimento. Crie o seu pr\u00f3prio sistema de ilumina\u00e7\u00e3o em qualquer lugar. Fa\u00e7a a sua ilumina\u00e7\u00e3o solar. Ultra seguro 12Vdc. Com detector de movimento PIR integrado e fun\u00e7\u00e3o crepuscular program\u00e1vel. Com sa\u00edda USB 5V-2.1A para carregar dispositivos electr\u00f3nicos. Inclui 1 holofote, com detector de movimento PIR, alto brilho GALAXXI PIR LED 10W-12V \u2502 5000K luz branca solar, com 3 metros de cabo. Fornece at\u00e9 11 horas ON x 800 lm de luz (com bateria 100% carregada).\" \/>\n<meta property=\"og:url\" content=\"https:\/\/www.xunzel.com\/store\/pt-pt\/producto\/solarlife-g-30br\/\" \/>\n<meta property=\"og:site_name\" content=\"Xunzel\" \/>\n<meta property=\"article:modified_time\" content=\"2025-06-23T08:23:06+00:00\" \/>\n<meta property=\"og:image\" content=\"https:\/\/www.xunzel.com\/store\/wp-content\/uploads\/2024\/02\/HOME-XUNZEL_W.jpg\" \/>\n\t<meta property=\"og:image:width\" content=\"2000\" \/>\n\t<meta property=\"og:image:height\" content=\"2000\" \/>\n\t<meta property=\"og:image:type\" content=\"image\/jpeg\" \/>\n<meta name=\"twitter:card\" content=\"summary_large_image\" \/>\n<meta name=\"twitter:label1\" content=\"Tempo estimado de leitura\" \/>\n\t<meta name=\"twitter:data1\" content=\"1 minuto\" \/>\n<script type=\"application\/ld+json\" class=\"yoast-schema-graph\">{\"@context\":\"https:\/\/schema.org\",\"@graph\":[{\"@type\":\"WebPage\",\"@id\":\"https:\/\/www.xunzel.com\/store\/pt-pt\/producto\/solarlife-g-30br\/\",\"url\":\"https:\/\/www.xunzel.com\/store\/pt-pt\/producto\/solarlife-g-30br\/\",\"name\":\"SOLARLIFE G-30BR &#8211; Xunzel\",\"isPartOf\":{\"@id\":\"https:\/\/www.xunzel.com\/store\/pt-pt\/#website\"},\"primaryImageOfPage\":{\"@id\":\"https:\/\/www.xunzel.com\/store\/pt-pt\/producto\/solarlife-g-30br\/#primaryimage\"},\"image\":{\"@id\":\"https:\/\/www.xunzel.com\/store\/pt-pt\/producto\/solarlife-g-30br\/#primaryimage\"},\"thumbnailUrl\":\"https:\/\/www.xunzel.com\/store\/wp-content\/uploads\/2023\/09\/G30BR-Series_SOLARLIFE-2022-e1695649652588.jpg\",\"datePublished\":\"2021-04-21T06:58:08+00:00\",\"dateModified\":\"2025-06-23T08:23:06+00:00\",\"breadcrumb\":{\"@id\":\"https:\/\/www.xunzel.com\/store\/pt-pt\/producto\/solarlife-g-30br\/#breadcrumb\"},\"inLanguage\":\"pt-PT\",\"potentialAction\":[{\"@type\":\"ReadAction\",\"target\":[\"https:\/\/www.xunzel.com\/store\/pt-pt\/producto\/solarlife-g-30br\/\"]}]},{\"@type\":\"ImageObject\",\"inLanguage\":\"pt-PT\",\"@id\":\"https:\/\/www.xunzel.com\/store\/pt-pt\/producto\/solarlife-g-30br\/#primaryimage\",\"url\":\"https:\/\/www.xunzel.com\/store\/wp-content\/uploads\/2023\/09\/G30BR-Series_SOLARLIFE-2022-e1695649652588.jpg\",\"contentUrl\":\"https:\/\/www.xunzel.com\/store\/wp-content\/uploads\/2023\/09\/G30BR-Series_SOLARLIFE-2022-e1695649652588.jpg\",\"width\":2350,\"height\":2350},{\"@type\":\"BreadcrumbList\",\"@id\":\"https:\/\/www.xunzel.com\/store\/pt-pt\/producto\/solarlife-g-30br\/#breadcrumb\",\"itemListElement\":[{\"@type\":\"ListItem\",\"position\":1,\"name\":\"Portada\",\"item\":\"https:\/\/www.xunzel.com\/store\/pt-pt\/\"},{\"@type\":\"ListItem\",\"position\":2,\"name\":\"Loja\",\"item\":\"https:\/\/www.xunzel.com\/store\/tienda\/\"},{\"@type\":\"ListItem\",\"position\":3,\"name\":\"SOLARLIFE G-30BR\"}]},{\"@type\":\"WebSite\",\"@id\":\"https:\/\/www.xunzel.com\/store\/pt-pt\/#website\",\"url\":\"https:\/\/www.xunzel.com\/store\/pt-pt\/\",\"name\":\"Xunzel\",\"description\":\"Energy in a box - The Electric Revolution\",\"publisher\":{\"@id\":\"https:\/\/www.xunzel.com\/store\/pt-pt\/#organization\"},\"potentialAction\":[{\"@type\":\"SearchAction\",\"target\":{\"@type\":\"EntryPoint\",\"urlTemplate\":\"https:\/\/www.xunzel.com\/store\/pt-pt\/?s={search_term_string}\"},\"query-input\":{\"@type\":\"PropertyValueSpecification\",\"valueRequired\":true,\"valueName\":\"search_term_string\"}}],\"inLanguage\":\"pt-PT\"},{\"@type\":\"Organization\",\"@id\":\"https:\/\/www.xunzel.com\/store\/pt-pt\/#organization\",\"name\":\"Xunzel\",\"url\":\"https:\/\/www.xunzel.com\/store\/pt-pt\/\",\"logo\":{\"@type\":\"ImageObject\",\"inLanguage\":\"pt-PT\",\"@id\":\"https:\/\/www.xunzel.com\/store\/pt-pt\/#\/schema\/logo\/image\/\",\"url\":\"https:\/\/www.xunzel.com\/store\/wp-content\/uploads\/2021\/01\/logo-xunzel-footer.png\",\"contentUrl\":\"https:\/\/www.xunzel.com\/store\/wp-content\/uploads\/2021\/01\/logo-xunzel-footer.png\",\"width\":280,\"height\":52,\"caption\":\"Xunzel\"},\"image\":{\"@id\":\"https:\/\/www.xunzel.com\/store\/pt-pt\/#\/schema\/logo\/image\/\"}}]}<\/script>\n<!-- \/ Yoast SEO plugin. -->","yoast_head_json":{"title":"SOLARLIFE G-30BR &#8211; Xunzel","robots":{"index":"index","follow":"follow","max-snippet":"max-snippet:-1","max-image-preview":"max-image-preview:large","max-video-preview":"max-video-preview:-1"},"canonical":"https:\/\/www.xunzel.com\/store\/pt-pt\/producto\/solarlife-g-30br\/","og_locale":"pt_PT","og_type":"article","og_title":"SOLARLIFE G-30BR &#8211; Xunzel","og_description":"Sistema de ilumina\u00e7\u00e3o solar LED de alta efici\u00eancia completo com detec\u00e7\u00e3o de movimento. Crie o seu pr\u00f3prio sistema de ilumina\u00e7\u00e3o em qualquer lugar. Fa\u00e7a a sua ilumina\u00e7\u00e3o solar. Ultra seguro 12Vdc. Com detector de movimento PIR integrado e fun\u00e7\u00e3o crepuscular program\u00e1vel. Com sa\u00edda USB 5V-2.1A para carregar dispositivos electr\u00f3nicos. Inclui 1 holofote, com detector de movimento PIR, alto brilho GALAXXI PIR LED 10W-12V \u2502 5000K luz branca solar, com 3 metros de cabo. Fornece at\u00e9 11 horas ON x 800 lm de luz (com bateria 100% carregada).","og_url":"https:\/\/www.xunzel.com\/store\/pt-pt\/producto\/solarlife-g-30br\/","og_site_name":"Xunzel","article_modified_time":"2025-06-23T08:23:06+00:00","og_image":[{"width":2000,"height":2000,"url":"https:\/\/www.xunzel.com\/store\/wp-content\/uploads\/2024\/02\/HOME-XUNZEL_W.jpg","type":"image\/jpeg"}],"twitter_card":"summary_large_image","twitter_misc":{"Tempo estimado de leitura":"1 minuto"},"schema":{"@context":"https:\/\/schema.org","@graph":[{"@type":"WebPage","@id":"https:\/\/www.xunzel.com\/store\/pt-pt\/producto\/solarlife-g-30br\/","url":"https:\/\/www.xunzel.com\/store\/pt-pt\/producto\/solarlife-g-30br\/","name":"SOLARLIFE G-30BR &#8211; Xunzel","isPartOf":{"@id":"https:\/\/www.xunzel.com\/store\/pt-pt\/#website"},"primaryImageOfPage":{"@id":"https:\/\/www.xunzel.com\/store\/pt-pt\/producto\/solarlife-g-30br\/#primaryimage"},"image":{"@id":"https:\/\/www.xunzel.com\/store\/pt-pt\/producto\/solarlife-g-30br\/#primaryimage"},"thumbnailUrl":"https:\/\/www.xunzel.com\/store\/wp-content\/uploads\/2023\/09\/G30BR-Series_SOLARLIFE-2022-e1695649652588.jpg","datePublished":"2021-04-21T06:58:08+00:00","dateModified":"2025-06-23T08:23:06+00:00","breadcrumb":{"@id":"https:\/\/www.xunzel.com\/store\/pt-pt\/producto\/solarlife-g-30br\/#breadcrumb"},"inLanguage":"pt-PT","potentialAction":[{"@type":"ReadAction","target":["https:\/\/www.xunzel.com\/store\/pt-pt\/producto\/solarlife-g-30br\/"]}]},{"@type":"ImageObject","inLanguage":"pt-PT","@id":"https:\/\/www.xunzel.com\/store\/pt-pt\/producto\/solarlife-g-30br\/#primaryimage","url":"https:\/\/www.xunzel.com\/store\/wp-content\/uploads\/2023\/09\/G30BR-Series_SOLARLIFE-2022-e1695649652588.jpg","contentUrl":"https:\/\/www.xunzel.com\/store\/wp-content\/uploads\/2023\/09\/G30BR-Series_SOLARLIFE-2022-e1695649652588.jpg","width":2350,"height":2350},{"@type":"BreadcrumbList","@id":"https:\/\/www.xunzel.com\/store\/pt-pt\/producto\/solarlife-g-30br\/#breadcrumb","itemListElement":[{"@type":"ListItem","position":1,"name":"Portada","item":"https:\/\/www.xunzel.com\/store\/pt-pt\/"},{"@type":"ListItem","position":2,"name":"Loja","item":"https:\/\/www.xunzel.com\/store\/tienda\/"},{"@type":"ListItem","position":3,"name":"SOLARLIFE G-30BR"}]},{"@type":"WebSite","@id":"https:\/\/www.xunzel.com\/store\/pt-pt\/#website","url":"https:\/\/www.xunzel.com\/store\/pt-pt\/","name":"Xunzel","description":"Energy in a box - The Electric Revolution","publisher":{"@id":"https:\/\/www.xunzel.com\/store\/pt-pt\/#organization"},"potentialAction":[{"@type":"SearchAction","target":{"@type":"EntryPoint","urlTemplate":"https:\/\/www.xunzel.com\/store\/pt-pt\/?s={search_term_string}"},"query-input":{"@type":"PropertyValueSpecification","valueRequired":true,"valueName":"search_term_string"}}],"inLanguage":"pt-PT"},{"@type":"Organization","@id":"https:\/\/www.xunzel.com\/store\/pt-pt\/#organization","name":"Xunzel","url":"https:\/\/www.xunzel.com\/store\/pt-pt\/","logo":{"@type":"ImageObject","inLanguage":"pt-PT","@id":"https:\/\/www.xunzel.com\/store\/pt-pt\/#\/schema\/logo\/image\/","url":"https:\/\/www.xunzel.com\/store\/wp-content\/uploads\/2021\/01\/logo-xunzel-footer.png","contentUrl":"https:\/\/www.xunzel.com\/store\/wp-content\/uploads\/2021\/01\/logo-xunzel-footer.png","width":280,"height":52,"caption":"Xunzel"},"image":{"@id":"https:\/\/www.xunzel.com\/store\/pt-pt\/#\/schema\/logo\/image\/"}}]}},"_links":{"self":[{"href":"https:\/\/www.xunzel.com\/store\/pt-pt\/wp-json\/wp\/v2\/product\/12088","targetHints":{"allow":["GET"]}}],"collection":[{"href":"https:\/\/www.xunzel.com\/store\/pt-pt\/wp-json\/wp\/v2\/product"}],"about":[{"href":"https:\/\/www.xunzel.com\/store\/pt-pt\/wp-json\/wp\/v2\/types\/product"}],"wp:featuredmedia":[{"embeddable":true,"href":"https:\/\/www.xunzel.com\/store\/pt-pt\/wp-json\/wp\/v2\/media\/17097"}],"wp:attachment":[{"href":"https:\/\/www.xunzel.com\/store\/pt-pt\/wp-json\/wp\/v2\/media?parent=12088"}],"wp:term":[{"taxonomy":"product_brand","embeddable":true,"href":"https:\/\/www.xunzel.com\/store\/pt-pt\/wp-json\/wp\/v2\/product_brand?post=12088"},{"taxonomy":"product_cat","embeddable":true,"href":"https:\/\/www.xunzel.com\/store\/pt-pt\/wp-json\/wp\/v2\/product_cat?post=12088"},{"taxonomy":"product_tag","embeddable":true,"href":"https:\/\/www.xunzel.com\/store\/pt-pt\/wp-json\/wp\/v2\/product_tag?post=12088"}],"curies":[{"name":"wp","href":"https:\/\/api.w.org\/{rel}","templated":true}]}}