{"id":25749,"date":"2026-02-09T15:20:36","date_gmt":"2026-02-09T15:42:09","guid":{"rendered":"https:\/\/www.xunzel.com\/store\/?post_type=product&#038;p=25749"},"modified":"2026-02-16T10:52:22","modified_gmt":"2026-02-16T09:52:22","slug":"micro-solar-panel-200mw-2v-r","status":"publish","type":"product","link":"https:\/\/www.xunzel.com\/store\/fr\/producto\/micro-solar-panel-200mw-2v-r\/","title":{"rendered":"MICRO SOLAR PANEL 200mW 2V"},"content":{"rendered":"<p>Panneau solaire photovolta\u00efque MICROSOLAR \u00e0 usage industriel fabriqu\u00e9 avec des cellules \u00e0 tr\u00e8s haut rendement et r\u00e9ponse spectrale (optimis\u00e9 pour les faibles rayonnements).<\/p>\n<p>Pr\u00eat \u00e0 \u00eatre utilis\u00e9 dans tous types d&#8217;applications et pour le chargement de batteries rechargeables.<\/p>\n<ul>\n<li>Conception robuste, renforc\u00e9e sans cadre, l\u00e9g\u00e8re et compacte. Facile \u00e0 int\u00e9grer dans votre application.<\/li>\n<li>Mat\u00e9riaux de haute qualit\u00e9. IP67, r\u00e9sistant aux chocs, aux rayures et aux rayons UV. Con\u00e7u pour les environnements extr\u00eames.<\/li>\n<li>Id\u00e9al pour charger tous types de batteries rechargeables : lithium, NiMH, super-cap, etc.<\/li>\n<li>Test\u00e9 \u00e0 100 %. Id\u00e9al pour l&#8217;IoT, l&#8217;IIoT, l&#8217;OoT, l&#8217;\u00e9lectronique, l&#8217;int\u00e9gration, les moteurs, la robotique, etc.<\/li>\n<\/ul>\n<p>Large gamme de mod\u00e8les et d&#8217;accessoires. Option de conception sur mesure.<\/p>\n","protected":false},"excerpt":{"rendered":"<p>Panneau solaire photovolta\u00efque MICROSOLAR 200mW 2V pour l&#8217;\u00e9lectronique et le chargement de batteries.<\/p>\n<p>Voc = 2.70V | Isc = 110mA | Vmp = 2.25V | Imp = 90mA<\/p>\n<p>Technologie \u00e0 haut rendement et r\u00e9ponse spectrale pour une utilisation en ext\u00e9rieur, dans des environnements peu \u00e9clair\u00e9s et en int\u00e9rieur.<\/p>\n<p>Mat\u00e9riaux de haute qualit\u00e9 et \u00e9tanch\u00e9it\u00e9, IP67, r\u00e9sistant aux produits chimiques, \u00e0 la poussi\u00e8re et aux UV. M\u00e9caniquement robuste, con\u00e7u pour les environnements extr\u00eames. Longue dur\u00e9e de vie.<\/p>\n<p>Con\u00e7u pour les applications n\u00e9cessitant la production d&#8217;\u00e9nergie solaire dans un espace limit\u00e9.<\/p>\n<p>Avec c\u00e2ble [en option] pr\u00e9install\u00e9.<\/p>\n<p><span class=\"shared-files-shortcode-admin-list shared-files-shortcode-admin-list-file shared-files-shortcode-25557\" title=\"[shared_files file_id=25557]\">[shared_files file_id=25557]<\/span><\/p>\n","protected":false},"featured_media":25577,"template":"","meta":{"_acf_changed":false},"product_brand":[],"product_cat":[467],"product_tag":[],"class_list":{"0":"post-25749","1":"product","2":"type-product","3":"status-publish","4":"has-post-thumbnail","6":"product_cat-microsolar-panneau-series","8":"first","9":"instock","10":"taxable","11":"shipping-taxable","12":"purchasable","13":"product-type-variable"},"acf":[],"yoast_head":"<!-- This site is optimized with the Yoast SEO plugin v25.4 - https:\/\/yoast.com\/wordpress\/plugins\/seo\/ -->\n<title>MICRO SOLAR PANEL 200mW 2V &#8211; Xunzel<\/title>\n<meta name=\"robots\" content=\"index, follow, max-snippet:-1, max-image-preview:large, max-video-preview:-1\" \/>\n<link rel=\"canonical\" href=\"https:\/\/www.xunzel.com\/store\/fr\/producto\/micro-solar-panel-200mw-2v-r\/\" \/>\n<meta property=\"og:locale\" content=\"fr_FR\" \/>\n<meta property=\"og:type\" content=\"article\" \/>\n<meta property=\"og:title\" content=\"MICRO SOLAR PANEL 200mW 2V &#8211; Xunzel\" \/>\n<meta property=\"og:description\" content=\"Panneau solaire photovolta\u00efque MICROSOLAR 200mW 2V pour l&#039;\u00e9lectronique et le chargement de batteries.  Voc = 2.70V | Isc = 110mA | Vmp = 2.25V | Imp = 90mA  Technologie \u00e0 haut rendement et r\u00e9ponse spectrale pour une utilisation en ext\u00e9rieur, dans des environnements peu \u00e9clair\u00e9s et en int\u00e9rieur.  Mat\u00e9riaux de haute qualit\u00e9 et \u00e9tanch\u00e9it\u00e9, IP67, r\u00e9sistant aux produits chimiques, \u00e0 la poussi\u00e8re et aux UV. M\u00e9caniquement robuste, con\u00e7u pour les environnements extr\u00eames. Longue dur\u00e9e de vie.  Con\u00e7u pour les applications n\u00e9cessitant la production d&#039;\u00e9nergie solaire dans un espace limit\u00e9.  Avec c\u00e2ble [en option] pr\u00e9install\u00e9.\" \/>\n<meta property=\"og:url\" content=\"https:\/\/www.xunzel.com\/store\/fr\/producto\/micro-solar-panel-200mw-2v-r\/\" \/>\n<meta property=\"og:site_name\" content=\"Xunzel\" \/>\n<meta property=\"article:modified_time\" content=\"2026-02-16T09:52:22+00:00\" \/>\n<meta property=\"og:image\" content=\"https:\/\/www.xunzel.com\/store\/wp-content\/uploads\/2026\/02\/MICROSOLAR-MS2V50R.jpg\" \/>\n\t<meta property=\"og:image:width\" content=\"2000\" \/>\n\t<meta property=\"og:image:height\" content=\"2000\" \/>\n\t<meta property=\"og:image:type\" content=\"image\/jpeg\" \/>\n<meta name=\"twitter:card\" content=\"summary_large_image\" \/>\n<meta name=\"twitter:label1\" content=\"Dur\u00e9e de lecture estim\u00e9e\" \/>\n\t<meta name=\"twitter:data1\" content=\"1 minute\" \/>\n<script type=\"application\/ld+json\" class=\"yoast-schema-graph\">{\"@context\":\"https:\/\/schema.org\",\"@graph\":[{\"@type\":\"WebPage\",\"@id\":\"https:\/\/www.xunzel.com\/store\/fr\/producto\/micro-solar-panel-200mw-2v-r\/\",\"url\":\"https:\/\/www.xunzel.com\/store\/fr\/producto\/micro-solar-panel-200mw-2v-r\/\",\"name\":\"MICRO SOLAR PANEL 200mW 2V &#8211; Xunzel\",\"isPartOf\":{\"@id\":\"https:\/\/www.xunzel.com\/store\/fr\/#website\"},\"primaryImageOfPage\":{\"@id\":\"https:\/\/www.xunzel.com\/store\/fr\/producto\/micro-solar-panel-200mw-2v-r\/#primaryimage\"},\"image\":{\"@id\":\"https:\/\/www.xunzel.com\/store\/fr\/producto\/micro-solar-panel-200mw-2v-r\/#primaryimage\"},\"thumbnailUrl\":\"https:\/\/www.xunzel.com\/store\/wp-content\/uploads\/2026\/02\/MICROSOLAR-MS2V50R.jpg\",\"datePublished\":\"2026-02-09T15:42:09+00:00\",\"dateModified\":\"2026-02-16T09:52:22+00:00\",\"breadcrumb\":{\"@id\":\"https:\/\/www.xunzel.com\/store\/fr\/producto\/micro-solar-panel-200mw-2v-r\/#breadcrumb\"},\"inLanguage\":\"fr-FR\",\"potentialAction\":[{\"@type\":\"ReadAction\",\"target\":[\"https:\/\/www.xunzel.com\/store\/fr\/producto\/micro-solar-panel-200mw-2v-r\/\"]}]},{\"@type\":\"ImageObject\",\"inLanguage\":\"fr-FR\",\"@id\":\"https:\/\/www.xunzel.com\/store\/fr\/producto\/micro-solar-panel-200mw-2v-r\/#primaryimage\",\"url\":\"https:\/\/www.xunzel.com\/store\/wp-content\/uploads\/2026\/02\/MICROSOLAR-MS2V50R.jpg\",\"contentUrl\":\"https:\/\/www.xunzel.com\/store\/wp-content\/uploads\/2026\/02\/MICROSOLAR-MS2V50R.jpg\",\"width\":2000,\"height\":2000},{\"@type\":\"BreadcrumbList\",\"@id\":\"https:\/\/www.xunzel.com\/store\/fr\/producto\/micro-solar-panel-200mw-2v-r\/#breadcrumb\",\"itemListElement\":[{\"@type\":\"ListItem\",\"position\":1,\"name\":\"Portada\",\"item\":\"https:\/\/www.xunzel.com\/store\/fr\/\"},{\"@type\":\"ListItem\",\"position\":2,\"name\":\"Magasin\",\"item\":\"https:\/\/www.xunzel.com\/store\/tienda\/\"},{\"@type\":\"ListItem\",\"position\":3,\"name\":\"MICRO SOLAR PANEL 200mW 2V\"}]},{\"@type\":\"WebSite\",\"@id\":\"https:\/\/www.xunzel.com\/store\/fr\/#website\",\"url\":\"https:\/\/www.xunzel.com\/store\/fr\/\",\"name\":\"Xunzel\",\"description\":\"Energy in a box - The Electric Revolution\",\"publisher\":{\"@id\":\"https:\/\/www.xunzel.com\/store\/fr\/#organization\"},\"potentialAction\":[{\"@type\":\"SearchAction\",\"target\":{\"@type\":\"EntryPoint\",\"urlTemplate\":\"https:\/\/www.xunzel.com\/store\/fr\/?s={search_term_string}\"},\"query-input\":{\"@type\":\"PropertyValueSpecification\",\"valueRequired\":true,\"valueName\":\"search_term_string\"}}],\"inLanguage\":\"fr-FR\"},{\"@type\":\"Organization\",\"@id\":\"https:\/\/www.xunzel.com\/store\/fr\/#organization\",\"name\":\"Xunzel\",\"url\":\"https:\/\/www.xunzel.com\/store\/fr\/\",\"logo\":{\"@type\":\"ImageObject\",\"inLanguage\":\"fr-FR\",\"@id\":\"https:\/\/www.xunzel.com\/store\/fr\/#\/schema\/logo\/image\/\",\"url\":\"https:\/\/www.xunzel.com\/store\/wp-content\/uploads\/2021\/01\/logo-xunzel-footer.png\",\"contentUrl\":\"https:\/\/www.xunzel.com\/store\/wp-content\/uploads\/2021\/01\/logo-xunzel-footer.png\",\"width\":280,\"height\":52,\"caption\":\"Xunzel\"},\"image\":{\"@id\":\"https:\/\/www.xunzel.com\/store\/fr\/#\/schema\/logo\/image\/\"}}]}<\/script>\n<!-- \/ Yoast SEO plugin. -->","yoast_head_json":{"title":"MICRO SOLAR PANEL 200mW 2V &#8211; Xunzel","robots":{"index":"index","follow":"follow","max-snippet":"max-snippet:-1","max-image-preview":"max-image-preview:large","max-video-preview":"max-video-preview:-1"},"canonical":"https:\/\/www.xunzel.com\/store\/fr\/producto\/micro-solar-panel-200mw-2v-r\/","og_locale":"fr_FR","og_type":"article","og_title":"MICRO SOLAR PANEL 200mW 2V &#8211; Xunzel","og_description":"Panneau solaire photovolta\u00efque MICROSOLAR 200mW 2V pour l'\u00e9lectronique et le chargement de batteries.  Voc = 2.70V | Isc = 110mA | Vmp = 2.25V | Imp = 90mA  Technologie \u00e0 haut rendement et r\u00e9ponse spectrale pour une utilisation en ext\u00e9rieur, dans des environnements peu \u00e9clair\u00e9s et en int\u00e9rieur.  Mat\u00e9riaux de haute qualit\u00e9 et \u00e9tanch\u00e9it\u00e9, IP67, r\u00e9sistant aux produits chimiques, \u00e0 la poussi\u00e8re et aux UV. M\u00e9caniquement robuste, con\u00e7u pour les environnements extr\u00eames. Longue dur\u00e9e de vie.  Con\u00e7u pour les applications n\u00e9cessitant la production d'\u00e9nergie solaire dans un espace limit\u00e9.  Avec c\u00e2ble [en option] pr\u00e9install\u00e9.","og_url":"https:\/\/www.xunzel.com\/store\/fr\/producto\/micro-solar-panel-200mw-2v-r\/","og_site_name":"Xunzel","article_modified_time":"2026-02-16T09:52:22+00:00","og_image":[{"width":2000,"height":2000,"url":"https:\/\/www.xunzel.com\/store\/wp-content\/uploads\/2026\/02\/MICROSOLAR-MS2V50R.jpg","type":"image\/jpeg"}],"twitter_card":"summary_large_image","twitter_misc":{"Dur\u00e9e de lecture estim\u00e9e":"1 minute"},"schema":{"@context":"https:\/\/schema.org","@graph":[{"@type":"WebPage","@id":"https:\/\/www.xunzel.com\/store\/fr\/producto\/micro-solar-panel-200mw-2v-r\/","url":"https:\/\/www.xunzel.com\/store\/fr\/producto\/micro-solar-panel-200mw-2v-r\/","name":"MICRO SOLAR PANEL 200mW 2V &#8211; Xunzel","isPartOf":{"@id":"https:\/\/www.xunzel.com\/store\/fr\/#website"},"primaryImageOfPage":{"@id":"https:\/\/www.xunzel.com\/store\/fr\/producto\/micro-solar-panel-200mw-2v-r\/#primaryimage"},"image":{"@id":"https:\/\/www.xunzel.com\/store\/fr\/producto\/micro-solar-panel-200mw-2v-r\/#primaryimage"},"thumbnailUrl":"https:\/\/www.xunzel.com\/store\/wp-content\/uploads\/2026\/02\/MICROSOLAR-MS2V50R.jpg","datePublished":"2026-02-09T15:42:09+00:00","dateModified":"2026-02-16T09:52:22+00:00","breadcrumb":{"@id":"https:\/\/www.xunzel.com\/store\/fr\/producto\/micro-solar-panel-200mw-2v-r\/#breadcrumb"},"inLanguage":"fr-FR","potentialAction":[{"@type":"ReadAction","target":["https:\/\/www.xunzel.com\/store\/fr\/producto\/micro-solar-panel-200mw-2v-r\/"]}]},{"@type":"ImageObject","inLanguage":"fr-FR","@id":"https:\/\/www.xunzel.com\/store\/fr\/producto\/micro-solar-panel-200mw-2v-r\/#primaryimage","url":"https:\/\/www.xunzel.com\/store\/wp-content\/uploads\/2026\/02\/MICROSOLAR-MS2V50R.jpg","contentUrl":"https:\/\/www.xunzel.com\/store\/wp-content\/uploads\/2026\/02\/MICROSOLAR-MS2V50R.jpg","width":2000,"height":2000},{"@type":"BreadcrumbList","@id":"https:\/\/www.xunzel.com\/store\/fr\/producto\/micro-solar-panel-200mw-2v-r\/#breadcrumb","itemListElement":[{"@type":"ListItem","position":1,"name":"Portada","item":"https:\/\/www.xunzel.com\/store\/fr\/"},{"@type":"ListItem","position":2,"name":"Magasin","item":"https:\/\/www.xunzel.com\/store\/tienda\/"},{"@type":"ListItem","position":3,"name":"MICRO SOLAR PANEL 200mW 2V"}]},{"@type":"WebSite","@id":"https:\/\/www.xunzel.com\/store\/fr\/#website","url":"https:\/\/www.xunzel.com\/store\/fr\/","name":"Xunzel","description":"Energy in a box - The Electric Revolution","publisher":{"@id":"https:\/\/www.xunzel.com\/store\/fr\/#organization"},"potentialAction":[{"@type":"SearchAction","target":{"@type":"EntryPoint","urlTemplate":"https:\/\/www.xunzel.com\/store\/fr\/?s={search_term_string}"},"query-input":{"@type":"PropertyValueSpecification","valueRequired":true,"valueName":"search_term_string"}}],"inLanguage":"fr-FR"},{"@type":"Organization","@id":"https:\/\/www.xunzel.com\/store\/fr\/#organization","name":"Xunzel","url":"https:\/\/www.xunzel.com\/store\/fr\/","logo":{"@type":"ImageObject","inLanguage":"fr-FR","@id":"https:\/\/www.xunzel.com\/store\/fr\/#\/schema\/logo\/image\/","url":"https:\/\/www.xunzel.com\/store\/wp-content\/uploads\/2021\/01\/logo-xunzel-footer.png","contentUrl":"https:\/\/www.xunzel.com\/store\/wp-content\/uploads\/2021\/01\/logo-xunzel-footer.png","width":280,"height":52,"caption":"Xunzel"},"image":{"@id":"https:\/\/www.xunzel.com\/store\/fr\/#\/schema\/logo\/image\/"}}]}},"_links":{"self":[{"href":"https:\/\/www.xunzel.com\/store\/fr\/wp-json\/wp\/v2\/product\/25749","targetHints":{"allow":["GET"]}}],"collection":[{"href":"https:\/\/www.xunzel.com\/store\/fr\/wp-json\/wp\/v2\/product"}],"about":[{"href":"https:\/\/www.xunzel.com\/store\/fr\/wp-json\/wp\/v2\/types\/product"}],"wp:featuredmedia":[{"embeddable":true,"href":"https:\/\/www.xunzel.com\/store\/fr\/wp-json\/wp\/v2\/media\/25577"}],"wp:attachment":[{"href":"https:\/\/www.xunzel.com\/store\/fr\/wp-json\/wp\/v2\/media?parent=25749"}],"wp:term":[{"taxonomy":"product_brand","embeddable":true,"href":"https:\/\/www.xunzel.com\/store\/fr\/wp-json\/wp\/v2\/product_brand?post=25749"},{"taxonomy":"product_cat","embeddable":true,"href":"https:\/\/www.xunzel.com\/store\/fr\/wp-json\/wp\/v2\/product_cat?post=25749"},{"taxonomy":"product_tag","embeddable":true,"href":"https:\/\/www.xunzel.com\/store\/fr\/wp-json\/wp\/v2\/product_tag?post=25749"}],"curies":[{"name":"wp","href":"https:\/\/api.w.org\/{rel}","templated":true}]}}