{"id":23944,"date":"2025-06-18T13:00:02","date_gmt":"2025-06-23T08:06:01","guid":{"rendered":"https:\/\/www.xunzel.com\/store\/?post_type=product&#038;p=23944"},"modified":"2025-08-18T09:58:59","modified_gmt":"2025-08-18T07:58:59","slug":"xj-din-150w-24v","status":"publish","type":"product","link":"https:\/\/www.xunzel.com\/store\/fr\/producto\/xj-din-150w-24v\/","title":{"rendered":"XJ-DIN-150W-24V"},"content":{"rendered":"","protected":false},"excerpt":{"rendered":"<p>Onduleur XJ\u2122 Pure Sinewave sur rail DIN, connexion \u00e0 vis, entr\u00e9e 24VDC batterie seule, 7.0ADC, sortie 150W AC monophas\u00e9, 230VAC, 50Hz, 0.65A.<\/p>\n<p>Avec un &lt;stand-by mode&gt; s\u00e9lectionnable pour une faible consommation et une fonction int\u00e9gr\u00e9e de &lt;automatic-start&gt;. L&#8217;onduleur red\u00e9marre lorsque la batterie r\u00e9cup\u00e8re sa charge.<\/p>\n<p>Convertit la tension de la batterie 24VDC en une alimentation \u00e9lectrique de tr\u00e8s haute qualit\u00e9 et fiable 230VAC-50Hz. Pr\u00eat \u00e0 \u00eatre connect\u00e9 et utilis\u00e9. Prot\u00e8ge et assure une meilleure performance de l&#8217;\u00e9quipement connect\u00e9.<br \/>\nFournit une alimentation permanente lorsqu&#8217;il n&#8217;y a pas de connexion au r\u00e9seau. Rendement \u00e9lev\u00e9, tr\u00e8s faible autoconsommation. L\u00e9ger, robuste, s\u00fbr et fiable. Technologie avanc\u00e9e. Tirez le meilleur parti de votre batterie.<\/p>\n<p>L&#8217;\u00e9tat est indiqu\u00e9 par des diodes \u00e9lectroluminescentes.<\/p>\n<p>Rail DIN non inclus.<\/p>\n<p><span class=\"shared-files-shortcode-admin-list shared-files-shortcode-admin-list-file shared-files-shortcode-24841\" title=\"[shared_files file_id=24841]\">[shared_files file_id=24841]<\/span><\/p>\n","protected":false},"featured_media":23932,"template":"","meta":{"_acf_changed":false},"product_brand":[],"product_cat":[462],"product_tag":[],"class_list":{"0":"post-23944","1":"product","2":"type-product","3":"status-publish","4":"has-post-thumbnail","6":"product_cat-xj-series-onduleurs","8":"first","9":"instock","10":"taxable","11":"shipping-taxable","12":"purchasable","13":"product-type-simple"},"acf":[],"yoast_head":"<!-- This site is optimized with the Yoast SEO plugin v25.4 - https:\/\/yoast.com\/wordpress\/plugins\/seo\/ -->\n<title>XJ-DIN-150W-24V &#8211; Xunzel<\/title>\n<meta name=\"robots\" content=\"index, follow, max-snippet:-1, max-image-preview:large, max-video-preview:-1\" \/>\n<link rel=\"canonical\" href=\"https:\/\/www.xunzel.com\/store\/fr\/producto\/xj-din-150w-24v\/\" \/>\n<meta property=\"og:locale\" content=\"fr_FR\" \/>\n<meta property=\"og:type\" content=\"article\" \/>\n<meta property=\"og:title\" content=\"XJ-DIN-150W-24V &#8211; Xunzel\" \/>\n<meta property=\"og:description\" content=\"Onduleur XJ\u2122 Pure Sinewave sur rail DIN, connexion \u00e0 vis, entr\u00e9e 24VDC batterie seule, 7.0ADC, sortie 150W AC monophas\u00e9, 230VAC, 50Hz, 0.65A.  Avec un &lt;stand-by mode&gt; s\u00e9lectionnable pour une faible consommation et une fonction int\u00e9gr\u00e9e de &lt;automatic-start&gt;. L&#039;onduleur red\u00e9marre lorsque la batterie r\u00e9cup\u00e8re sa charge.  Convertit la tension de la batterie 24VDC en une alimentation \u00e9lectrique de tr\u00e8s haute qualit\u00e9 et fiable 230VAC-50Hz. Pr\u00eat \u00e0 \u00eatre connect\u00e9 et utilis\u00e9. Prot\u00e8ge et assure une meilleure performance de l&#039;\u00e9quipement connect\u00e9. Fournit une alimentation permanente lorsqu&#039;il n&#039;y a pas de connexion au r\u00e9seau. Rendement \u00e9lev\u00e9, tr\u00e8s faible autoconsommation. L\u00e9ger, robuste, s\u00fbr et fiable. Technologie avanc\u00e9e. Tirez le meilleur parti de votre batterie.  L&#039;\u00e9tat est indiqu\u00e9 par des diodes \u00e9lectroluminescentes.  Rail DIN non inclus.\" \/>\n<meta property=\"og:url\" content=\"https:\/\/www.xunzel.com\/store\/fr\/producto\/xj-din-150w-24v\/\" \/>\n<meta property=\"og:site_name\" content=\"Xunzel\" \/>\n<meta property=\"article:modified_time\" content=\"2025-08-18T07:58:59+00:00\" \/>\n<meta property=\"og:image\" content=\"https:\/\/www.xunzel.com\/store\/wp-content\/uploads\/2025\/03\/XJDIN150242_iso.jpg\" \/>\n\t<meta property=\"og:image:width\" content=\"2250\" \/>\n\t<meta property=\"og:image:height\" content=\"2250\" \/>\n\t<meta property=\"og:image:type\" content=\"image\/jpeg\" \/>\n<meta name=\"twitter:card\" content=\"summary_large_image\" \/>\n<meta name=\"twitter:label1\" content=\"Dur\u00e9e de lecture estim\u00e9e\" \/>\n\t<meta name=\"twitter:data1\" content=\"1 minute\" \/>\n<script type=\"application\/ld+json\" class=\"yoast-schema-graph\">{\"@context\":\"https:\/\/schema.org\",\"@graph\":[{\"@type\":\"WebPage\",\"@id\":\"https:\/\/www.xunzel.com\/store\/fr\/producto\/xj-din-150w-24v\/\",\"url\":\"https:\/\/www.xunzel.com\/store\/fr\/producto\/xj-din-150w-24v\/\",\"name\":\"XJ-DIN-150W-24V &#8211; Xunzel\",\"isPartOf\":{\"@id\":\"https:\/\/www.xunzel.com\/store\/fr\/#website\"},\"primaryImageOfPage\":{\"@id\":\"https:\/\/www.xunzel.com\/store\/fr\/producto\/xj-din-150w-24v\/#primaryimage\"},\"image\":{\"@id\":\"https:\/\/www.xunzel.com\/store\/fr\/producto\/xj-din-150w-24v\/#primaryimage\"},\"thumbnailUrl\":\"https:\/\/www.xunzel.com\/store\/wp-content\/uploads\/2025\/03\/XJDIN150242_iso.jpg\",\"datePublished\":\"2025-06-23T08:06:01+00:00\",\"dateModified\":\"2025-08-18T07:58:59+00:00\",\"breadcrumb\":{\"@id\":\"https:\/\/www.xunzel.com\/store\/fr\/producto\/xj-din-150w-24v\/#breadcrumb\"},\"inLanguage\":\"fr-FR\",\"potentialAction\":[{\"@type\":\"ReadAction\",\"target\":[\"https:\/\/www.xunzel.com\/store\/fr\/producto\/xj-din-150w-24v\/\"]}]},{\"@type\":\"ImageObject\",\"inLanguage\":\"fr-FR\",\"@id\":\"https:\/\/www.xunzel.com\/store\/fr\/producto\/xj-din-150w-24v\/#primaryimage\",\"url\":\"https:\/\/www.xunzel.com\/store\/wp-content\/uploads\/2025\/03\/XJDIN150242_iso.jpg\",\"contentUrl\":\"https:\/\/www.xunzel.com\/store\/wp-content\/uploads\/2025\/03\/XJDIN150242_iso.jpg\",\"width\":2250,\"height\":2250},{\"@type\":\"BreadcrumbList\",\"@id\":\"https:\/\/www.xunzel.com\/store\/fr\/producto\/xj-din-150w-24v\/#breadcrumb\",\"itemListElement\":[{\"@type\":\"ListItem\",\"position\":1,\"name\":\"Portada\",\"item\":\"https:\/\/www.xunzel.com\/store\/fr\/\"},{\"@type\":\"ListItem\",\"position\":2,\"name\":\"Magasin\",\"item\":\"https:\/\/www.xunzel.com\/store\/tienda\/\"},{\"@type\":\"ListItem\",\"position\":3,\"name\":\"XJ-DIN-150W-24V\"}]},{\"@type\":\"WebSite\",\"@id\":\"https:\/\/www.xunzel.com\/store\/fr\/#website\",\"url\":\"https:\/\/www.xunzel.com\/store\/fr\/\",\"name\":\"Xunzel\",\"description\":\"Energy in a box - The Electric Revolution\",\"publisher\":{\"@id\":\"https:\/\/www.xunzel.com\/store\/fr\/#organization\"},\"potentialAction\":[{\"@type\":\"SearchAction\",\"target\":{\"@type\":\"EntryPoint\",\"urlTemplate\":\"https:\/\/www.xunzel.com\/store\/fr\/?s={search_term_string}\"},\"query-input\":{\"@type\":\"PropertyValueSpecification\",\"valueRequired\":true,\"valueName\":\"search_term_string\"}}],\"inLanguage\":\"fr-FR\"},{\"@type\":\"Organization\",\"@id\":\"https:\/\/www.xunzel.com\/store\/fr\/#organization\",\"name\":\"Xunzel\",\"url\":\"https:\/\/www.xunzel.com\/store\/fr\/\",\"logo\":{\"@type\":\"ImageObject\",\"inLanguage\":\"fr-FR\",\"@id\":\"https:\/\/www.xunzel.com\/store\/fr\/#\/schema\/logo\/image\/\",\"url\":\"https:\/\/www.xunzel.com\/store\/wp-content\/uploads\/2021\/01\/logo-xunzel-footer.png\",\"contentUrl\":\"https:\/\/www.xunzel.com\/store\/wp-content\/uploads\/2021\/01\/logo-xunzel-footer.png\",\"width\":280,\"height\":52,\"caption\":\"Xunzel\"},\"image\":{\"@id\":\"https:\/\/www.xunzel.com\/store\/fr\/#\/schema\/logo\/image\/\"}}]}<\/script>\n<!-- \/ Yoast SEO plugin. -->","yoast_head_json":{"title":"XJ-DIN-150W-24V &#8211; Xunzel","robots":{"index":"index","follow":"follow","max-snippet":"max-snippet:-1","max-image-preview":"max-image-preview:large","max-video-preview":"max-video-preview:-1"},"canonical":"https:\/\/www.xunzel.com\/store\/fr\/producto\/xj-din-150w-24v\/","og_locale":"fr_FR","og_type":"article","og_title":"XJ-DIN-150W-24V &#8211; Xunzel","og_description":"Onduleur XJ\u2122 Pure Sinewave sur rail DIN, connexion \u00e0 vis, entr\u00e9e 24VDC batterie seule, 7.0ADC, sortie 150W AC monophas\u00e9, 230VAC, 50Hz, 0.65A.  Avec un &lt;stand-by mode&gt; s\u00e9lectionnable pour une faible consommation et une fonction int\u00e9gr\u00e9e de &lt;automatic-start&gt;. L'onduleur red\u00e9marre lorsque la batterie r\u00e9cup\u00e8re sa charge.  Convertit la tension de la batterie 24VDC en une alimentation \u00e9lectrique de tr\u00e8s haute qualit\u00e9 et fiable 230VAC-50Hz. Pr\u00eat \u00e0 \u00eatre connect\u00e9 et utilis\u00e9. Prot\u00e8ge et assure une meilleure performance de l'\u00e9quipement connect\u00e9. Fournit une alimentation permanente lorsqu'il n'y a pas de connexion au r\u00e9seau. Rendement \u00e9lev\u00e9, tr\u00e8s faible autoconsommation. L\u00e9ger, robuste, s\u00fbr et fiable. Technologie avanc\u00e9e. Tirez le meilleur parti de votre batterie.  L'\u00e9tat est indiqu\u00e9 par des diodes \u00e9lectroluminescentes.  Rail DIN non inclus.","og_url":"https:\/\/www.xunzel.com\/store\/fr\/producto\/xj-din-150w-24v\/","og_site_name":"Xunzel","article_modified_time":"2025-08-18T07:58:59+00:00","og_image":[{"width":2250,"height":2250,"url":"https:\/\/www.xunzel.com\/store\/wp-content\/uploads\/2025\/03\/XJDIN150242_iso.jpg","type":"image\/jpeg"}],"twitter_card":"summary_large_image","twitter_misc":{"Dur\u00e9e de lecture estim\u00e9e":"1 minute"},"schema":{"@context":"https:\/\/schema.org","@graph":[{"@type":"WebPage","@id":"https:\/\/www.xunzel.com\/store\/fr\/producto\/xj-din-150w-24v\/","url":"https:\/\/www.xunzel.com\/store\/fr\/producto\/xj-din-150w-24v\/","name":"XJ-DIN-150W-24V &#8211; Xunzel","isPartOf":{"@id":"https:\/\/www.xunzel.com\/store\/fr\/#website"},"primaryImageOfPage":{"@id":"https:\/\/www.xunzel.com\/store\/fr\/producto\/xj-din-150w-24v\/#primaryimage"},"image":{"@id":"https:\/\/www.xunzel.com\/store\/fr\/producto\/xj-din-150w-24v\/#primaryimage"},"thumbnailUrl":"https:\/\/www.xunzel.com\/store\/wp-content\/uploads\/2025\/03\/XJDIN150242_iso.jpg","datePublished":"2025-06-23T08:06:01+00:00","dateModified":"2025-08-18T07:58:59+00:00","breadcrumb":{"@id":"https:\/\/www.xunzel.com\/store\/fr\/producto\/xj-din-150w-24v\/#breadcrumb"},"inLanguage":"fr-FR","potentialAction":[{"@type":"ReadAction","target":["https:\/\/www.xunzel.com\/store\/fr\/producto\/xj-din-150w-24v\/"]}]},{"@type":"ImageObject","inLanguage":"fr-FR","@id":"https:\/\/www.xunzel.com\/store\/fr\/producto\/xj-din-150w-24v\/#primaryimage","url":"https:\/\/www.xunzel.com\/store\/wp-content\/uploads\/2025\/03\/XJDIN150242_iso.jpg","contentUrl":"https:\/\/www.xunzel.com\/store\/wp-content\/uploads\/2025\/03\/XJDIN150242_iso.jpg","width":2250,"height":2250},{"@type":"BreadcrumbList","@id":"https:\/\/www.xunzel.com\/store\/fr\/producto\/xj-din-150w-24v\/#breadcrumb","itemListElement":[{"@type":"ListItem","position":1,"name":"Portada","item":"https:\/\/www.xunzel.com\/store\/fr\/"},{"@type":"ListItem","position":2,"name":"Magasin","item":"https:\/\/www.xunzel.com\/store\/tienda\/"},{"@type":"ListItem","position":3,"name":"XJ-DIN-150W-24V"}]},{"@type":"WebSite","@id":"https:\/\/www.xunzel.com\/store\/fr\/#website","url":"https:\/\/www.xunzel.com\/store\/fr\/","name":"Xunzel","description":"Energy in a box - The Electric Revolution","publisher":{"@id":"https:\/\/www.xunzel.com\/store\/fr\/#organization"},"potentialAction":[{"@type":"SearchAction","target":{"@type":"EntryPoint","urlTemplate":"https:\/\/www.xunzel.com\/store\/fr\/?s={search_term_string}"},"query-input":{"@type":"PropertyValueSpecification","valueRequired":true,"valueName":"search_term_string"}}],"inLanguage":"fr-FR"},{"@type":"Organization","@id":"https:\/\/www.xunzel.com\/store\/fr\/#organization","name":"Xunzel","url":"https:\/\/www.xunzel.com\/store\/fr\/","logo":{"@type":"ImageObject","inLanguage":"fr-FR","@id":"https:\/\/www.xunzel.com\/store\/fr\/#\/schema\/logo\/image\/","url":"https:\/\/www.xunzel.com\/store\/wp-content\/uploads\/2021\/01\/logo-xunzel-footer.png","contentUrl":"https:\/\/www.xunzel.com\/store\/wp-content\/uploads\/2021\/01\/logo-xunzel-footer.png","width":280,"height":52,"caption":"Xunzel"},"image":{"@id":"https:\/\/www.xunzel.com\/store\/fr\/#\/schema\/logo\/image\/"}}]}},"_links":{"self":[{"href":"https:\/\/www.xunzel.com\/store\/fr\/wp-json\/wp\/v2\/product\/23944","targetHints":{"allow":["GET"]}}],"collection":[{"href":"https:\/\/www.xunzel.com\/store\/fr\/wp-json\/wp\/v2\/product"}],"about":[{"href":"https:\/\/www.xunzel.com\/store\/fr\/wp-json\/wp\/v2\/types\/product"}],"wp:featuredmedia":[{"embeddable":true,"href":"https:\/\/www.xunzel.com\/store\/fr\/wp-json\/wp\/v2\/media\/23932"}],"wp:attachment":[{"href":"https:\/\/www.xunzel.com\/store\/fr\/wp-json\/wp\/v2\/media?parent=23944"}],"wp:term":[{"taxonomy":"product_brand","embeddable":true,"href":"https:\/\/www.xunzel.com\/store\/fr\/wp-json\/wp\/v2\/product_brand?post=23944"},{"taxonomy":"product_cat","embeddable":true,"href":"https:\/\/www.xunzel.com\/store\/fr\/wp-json\/wp\/v2\/product_cat?post=23944"},{"taxonomy":"product_tag","embeddable":true,"href":"https:\/\/www.xunzel.com\/store\/fr\/wp-json\/wp\/v2\/product_tag?post=23944"}],"curies":[{"name":"wp","href":"https:\/\/api.w.org\/{rel}","templated":true}]}}