{"id":23927,"date":"2025-06-18T12:58:51","date_gmt":"2025-06-23T08:06:01","guid":{"rendered":"https:\/\/www.xunzel.com\/store\/?post_type=product&#038;p=23927"},"modified":"2025-06-23T10:06:01","modified_gmt":"2025-06-23T08:06:01","slug":"dbc-12406-lfpb-din","status":"publish","type":"product","link":"https:\/\/www.xunzel.com\/store\/fr\/producto\/dbc-12406-lfpb-din\/","title":{"rendered":"DBC-12406-LFPB-DIN"},"content":{"rendered":"","protected":false},"excerpt":{"rendered":"<p>DBC\u2122 Chargeur de batterie et Power Supply, montage sur rail DIN, connexion \u00e0 vis, entr\u00e9e : AC monophas\u00e9, sortie 12\/24V DC \/ 6A.<\/p>\n<p>Chargeur ACDC de qualit\u00e9 industrielle pour batteries rechargeables au plomb (AGM, GEL) 12V 6A et 24V 4A et au lithium (LFP) 12,8V et 25,6V. Entr\u00e9e large VAC 100-240VAC, 50\/60Hz 1.3A max.<\/p>\n<p>Le processus de charge optimis\u00e9 en fonction de la temp\u00e9rature augmente la dur\u00e9e de vie du module de batterie, tandis que le courant de charge plus \u00e9lev\u00e9 r\u00e9duit le temps de charge. Mode d&#8217;alimentation (12 et 24V DC). L&#8217;\u00e9tat est indiqu\u00e9 par des diodes \u00e9lectroluminescentes.<\/p>\n<p>Rail DIN non inclus.<\/p>\n<p><span class=\"shared-files-shortcode-admin-list shared-files-shortcode-admin-list-file shared-files-shortcode-24129\" title=\"[shared_files file_id=24129]\">[shared_files file_id=24129]<\/span><\/p>\n","protected":false},"featured_media":23717,"template":"","meta":{"_acf_changed":false},"product_brand":[],"product_cat":[455],"product_tag":[],"class_list":{"0":"post-23927","1":"product","2":"type-product","3":"status-publish","4":"has-post-thumbnail","6":"product_cat-dbc-series-chargeurs","8":"first","9":"instock","10":"taxable","11":"shipping-taxable","12":"purchasable","13":"product-type-simple"},"acf":[],"yoast_head":"<!-- This site is optimized with the Yoast SEO plugin v25.4 - https:\/\/yoast.com\/wordpress\/plugins\/seo\/ -->\n<title>DBC-12406-LFPB-DIN &#8211; Xunzel<\/title>\n<meta name=\"robots\" content=\"index, follow, max-snippet:-1, max-image-preview:large, max-video-preview:-1\" \/>\n<link rel=\"canonical\" href=\"https:\/\/www.xunzel.com\/store\/fr\/producto\/dbc-12406-lfpb-din\/\" \/>\n<meta property=\"og:locale\" content=\"fr_FR\" \/>\n<meta property=\"og:type\" content=\"article\" \/>\n<meta property=\"og:title\" content=\"DBC-12406-LFPB-DIN &#8211; Xunzel\" \/>\n<meta property=\"og:description\" content=\"DBC\u2122 Chargeur de batterie et Power Supply, montage sur rail DIN, connexion \u00e0 vis, entr\u00e9e : AC monophas\u00e9, sortie 12\/24V DC \/ 6A.  Chargeur ACDC de qualit\u00e9 industrielle pour batteries rechargeables au plomb (AGM, GEL) 12V 6A et 24V 4A et au lithium (LFP) 12,8V et 25,6V. Entr\u00e9e large VAC 100-240VAC, 50\/60Hz 1.3A max.  Le processus de charge optimis\u00e9 en fonction de la temp\u00e9rature augmente la dur\u00e9e de vie du module de batterie, tandis que le courant de charge plus \u00e9lev\u00e9 r\u00e9duit le temps de charge. Mode d&#039;alimentation (12 et 24V DC). L&#039;\u00e9tat est indiqu\u00e9 par des diodes \u00e9lectroluminescentes.  Rail DIN non inclus.\" \/>\n<meta property=\"og:url\" content=\"https:\/\/www.xunzel.com\/store\/fr\/producto\/dbc-12406-lfpb-din\/\" \/>\n<meta property=\"og:site_name\" content=\"Xunzel\" \/>\n<meta property=\"og:image\" content=\"https:\/\/www.xunzel.com\/store\/wp-content\/uploads\/2025\/03\/DBC12406LFPBD_iso.jpg\" \/>\n\t<meta property=\"og:image:width\" content=\"2250\" \/>\n\t<meta property=\"og:image:height\" content=\"2250\" \/>\n\t<meta property=\"og:image:type\" content=\"image\/jpeg\" \/>\n<meta name=\"twitter:card\" content=\"summary_large_image\" \/>\n<meta name=\"twitter:label1\" content=\"Dur\u00e9e de lecture estim\u00e9e\" \/>\n\t<meta name=\"twitter:data1\" content=\"1 minute\" \/>\n<script type=\"application\/ld+json\" class=\"yoast-schema-graph\">{\"@context\":\"https:\/\/schema.org\",\"@graph\":[{\"@type\":\"WebPage\",\"@id\":\"https:\/\/www.xunzel.com\/store\/fr\/producto\/dbc-12406-lfpb-din\/\",\"url\":\"https:\/\/www.xunzel.com\/store\/fr\/producto\/dbc-12406-lfpb-din\/\",\"name\":\"DBC-12406-LFPB-DIN &#8211; Xunzel\",\"isPartOf\":{\"@id\":\"https:\/\/www.xunzel.com\/store\/fr\/#website\"},\"primaryImageOfPage\":{\"@id\":\"https:\/\/www.xunzel.com\/store\/fr\/producto\/dbc-12406-lfpb-din\/#primaryimage\"},\"image\":{\"@id\":\"https:\/\/www.xunzel.com\/store\/fr\/producto\/dbc-12406-lfpb-din\/#primaryimage\"},\"thumbnailUrl\":\"https:\/\/www.xunzel.com\/store\/wp-content\/uploads\/2025\/03\/DBC12406LFPBD_iso.jpg\",\"datePublished\":\"2025-06-23T08:06:01+00:00\",\"breadcrumb\":{\"@id\":\"https:\/\/www.xunzel.com\/store\/fr\/producto\/dbc-12406-lfpb-din\/#breadcrumb\"},\"inLanguage\":\"fr-FR\",\"potentialAction\":[{\"@type\":\"ReadAction\",\"target\":[\"https:\/\/www.xunzel.com\/store\/fr\/producto\/dbc-12406-lfpb-din\/\"]}]},{\"@type\":\"ImageObject\",\"inLanguage\":\"fr-FR\",\"@id\":\"https:\/\/www.xunzel.com\/store\/fr\/producto\/dbc-12406-lfpb-din\/#primaryimage\",\"url\":\"https:\/\/www.xunzel.com\/store\/wp-content\/uploads\/2025\/03\/DBC12406LFPBD_iso.jpg\",\"contentUrl\":\"https:\/\/www.xunzel.com\/store\/wp-content\/uploads\/2025\/03\/DBC12406LFPBD_iso.jpg\",\"width\":2250,\"height\":2250},{\"@type\":\"BreadcrumbList\",\"@id\":\"https:\/\/www.xunzel.com\/store\/fr\/producto\/dbc-12406-lfpb-din\/#breadcrumb\",\"itemListElement\":[{\"@type\":\"ListItem\",\"position\":1,\"name\":\"Portada\",\"item\":\"https:\/\/www.xunzel.com\/store\/fr\/\"},{\"@type\":\"ListItem\",\"position\":2,\"name\":\"Magasin\",\"item\":\"https:\/\/www.xunzel.com\/store\/tienda\/\"},{\"@type\":\"ListItem\",\"position\":3,\"name\":\"DBC-12406-LFPB-DIN\"}]},{\"@type\":\"WebSite\",\"@id\":\"https:\/\/www.xunzel.com\/store\/fr\/#website\",\"url\":\"https:\/\/www.xunzel.com\/store\/fr\/\",\"name\":\"Xunzel\",\"description\":\"Energy in a box - The Electric Revolution\",\"publisher\":{\"@id\":\"https:\/\/www.xunzel.com\/store\/fr\/#organization\"},\"potentialAction\":[{\"@type\":\"SearchAction\",\"target\":{\"@type\":\"EntryPoint\",\"urlTemplate\":\"https:\/\/www.xunzel.com\/store\/fr\/?s={search_term_string}\"},\"query-input\":{\"@type\":\"PropertyValueSpecification\",\"valueRequired\":true,\"valueName\":\"search_term_string\"}}],\"inLanguage\":\"fr-FR\"},{\"@type\":\"Organization\",\"@id\":\"https:\/\/www.xunzel.com\/store\/fr\/#organization\",\"name\":\"Xunzel\",\"url\":\"https:\/\/www.xunzel.com\/store\/fr\/\",\"logo\":{\"@type\":\"ImageObject\",\"inLanguage\":\"fr-FR\",\"@id\":\"https:\/\/www.xunzel.com\/store\/fr\/#\/schema\/logo\/image\/\",\"url\":\"https:\/\/www.xunzel.com\/store\/wp-content\/uploads\/2021\/01\/logo-xunzel-footer.png\",\"contentUrl\":\"https:\/\/www.xunzel.com\/store\/wp-content\/uploads\/2021\/01\/logo-xunzel-footer.png\",\"width\":280,\"height\":52,\"caption\":\"Xunzel\"},\"image\":{\"@id\":\"https:\/\/www.xunzel.com\/store\/fr\/#\/schema\/logo\/image\/\"}}]}<\/script>\n<!-- \/ Yoast SEO plugin. -->","yoast_head_json":{"title":"DBC-12406-LFPB-DIN &#8211; Xunzel","robots":{"index":"index","follow":"follow","max-snippet":"max-snippet:-1","max-image-preview":"max-image-preview:large","max-video-preview":"max-video-preview:-1"},"canonical":"https:\/\/www.xunzel.com\/store\/fr\/producto\/dbc-12406-lfpb-din\/","og_locale":"fr_FR","og_type":"article","og_title":"DBC-12406-LFPB-DIN &#8211; Xunzel","og_description":"DBC\u2122 Chargeur de batterie et Power Supply, montage sur rail DIN, connexion \u00e0 vis, entr\u00e9e : AC monophas\u00e9, sortie 12\/24V DC \/ 6A.  Chargeur ACDC de qualit\u00e9 industrielle pour batteries rechargeables au plomb (AGM, GEL) 12V 6A et 24V 4A et au lithium (LFP) 12,8V et 25,6V. Entr\u00e9e large VAC 100-240VAC, 50\/60Hz 1.3A max.  Le processus de charge optimis\u00e9 en fonction de la temp\u00e9rature augmente la dur\u00e9e de vie du module de batterie, tandis que le courant de charge plus \u00e9lev\u00e9 r\u00e9duit le temps de charge. Mode d'alimentation (12 et 24V DC). L'\u00e9tat est indiqu\u00e9 par des diodes \u00e9lectroluminescentes.  Rail DIN non inclus.","og_url":"https:\/\/www.xunzel.com\/store\/fr\/producto\/dbc-12406-lfpb-din\/","og_site_name":"Xunzel","og_image":[{"width":2250,"height":2250,"url":"https:\/\/www.xunzel.com\/store\/wp-content\/uploads\/2025\/03\/DBC12406LFPBD_iso.jpg","type":"image\/jpeg"}],"twitter_card":"summary_large_image","twitter_misc":{"Dur\u00e9e de lecture estim\u00e9e":"1 minute"},"schema":{"@context":"https:\/\/schema.org","@graph":[{"@type":"WebPage","@id":"https:\/\/www.xunzel.com\/store\/fr\/producto\/dbc-12406-lfpb-din\/","url":"https:\/\/www.xunzel.com\/store\/fr\/producto\/dbc-12406-lfpb-din\/","name":"DBC-12406-LFPB-DIN &#8211; Xunzel","isPartOf":{"@id":"https:\/\/www.xunzel.com\/store\/fr\/#website"},"primaryImageOfPage":{"@id":"https:\/\/www.xunzel.com\/store\/fr\/producto\/dbc-12406-lfpb-din\/#primaryimage"},"image":{"@id":"https:\/\/www.xunzel.com\/store\/fr\/producto\/dbc-12406-lfpb-din\/#primaryimage"},"thumbnailUrl":"https:\/\/www.xunzel.com\/store\/wp-content\/uploads\/2025\/03\/DBC12406LFPBD_iso.jpg","datePublished":"2025-06-23T08:06:01+00:00","breadcrumb":{"@id":"https:\/\/www.xunzel.com\/store\/fr\/producto\/dbc-12406-lfpb-din\/#breadcrumb"},"inLanguage":"fr-FR","potentialAction":[{"@type":"ReadAction","target":["https:\/\/www.xunzel.com\/store\/fr\/producto\/dbc-12406-lfpb-din\/"]}]},{"@type":"ImageObject","inLanguage":"fr-FR","@id":"https:\/\/www.xunzel.com\/store\/fr\/producto\/dbc-12406-lfpb-din\/#primaryimage","url":"https:\/\/www.xunzel.com\/store\/wp-content\/uploads\/2025\/03\/DBC12406LFPBD_iso.jpg","contentUrl":"https:\/\/www.xunzel.com\/store\/wp-content\/uploads\/2025\/03\/DBC12406LFPBD_iso.jpg","width":2250,"height":2250},{"@type":"BreadcrumbList","@id":"https:\/\/www.xunzel.com\/store\/fr\/producto\/dbc-12406-lfpb-din\/#breadcrumb","itemListElement":[{"@type":"ListItem","position":1,"name":"Portada","item":"https:\/\/www.xunzel.com\/store\/fr\/"},{"@type":"ListItem","position":2,"name":"Magasin","item":"https:\/\/www.xunzel.com\/store\/tienda\/"},{"@type":"ListItem","position":3,"name":"DBC-12406-LFPB-DIN"}]},{"@type":"WebSite","@id":"https:\/\/www.xunzel.com\/store\/fr\/#website","url":"https:\/\/www.xunzel.com\/store\/fr\/","name":"Xunzel","description":"Energy in a box - The Electric Revolution","publisher":{"@id":"https:\/\/www.xunzel.com\/store\/fr\/#organization"},"potentialAction":[{"@type":"SearchAction","target":{"@type":"EntryPoint","urlTemplate":"https:\/\/www.xunzel.com\/store\/fr\/?s={search_term_string}"},"query-input":{"@type":"PropertyValueSpecification","valueRequired":true,"valueName":"search_term_string"}}],"inLanguage":"fr-FR"},{"@type":"Organization","@id":"https:\/\/www.xunzel.com\/store\/fr\/#organization","name":"Xunzel","url":"https:\/\/www.xunzel.com\/store\/fr\/","logo":{"@type":"ImageObject","inLanguage":"fr-FR","@id":"https:\/\/www.xunzel.com\/store\/fr\/#\/schema\/logo\/image\/","url":"https:\/\/www.xunzel.com\/store\/wp-content\/uploads\/2021\/01\/logo-xunzel-footer.png","contentUrl":"https:\/\/www.xunzel.com\/store\/wp-content\/uploads\/2021\/01\/logo-xunzel-footer.png","width":280,"height":52,"caption":"Xunzel"},"image":{"@id":"https:\/\/www.xunzel.com\/store\/fr\/#\/schema\/logo\/image\/"}}]}},"_links":{"self":[{"href":"https:\/\/www.xunzel.com\/store\/fr\/wp-json\/wp\/v2\/product\/23927","targetHints":{"allow":["GET"]}}],"collection":[{"href":"https:\/\/www.xunzel.com\/store\/fr\/wp-json\/wp\/v2\/product"}],"about":[{"href":"https:\/\/www.xunzel.com\/store\/fr\/wp-json\/wp\/v2\/types\/product"}],"wp:featuredmedia":[{"embeddable":true,"href":"https:\/\/www.xunzel.com\/store\/fr\/wp-json\/wp\/v2\/media\/23717"}],"wp:attachment":[{"href":"https:\/\/www.xunzel.com\/store\/fr\/wp-json\/wp\/v2\/media?parent=23927"}],"wp:term":[{"taxonomy":"product_brand","embeddable":true,"href":"https:\/\/www.xunzel.com\/store\/fr\/wp-json\/wp\/v2\/product_brand?post=23927"},{"taxonomy":"product_cat","embeddable":true,"href":"https:\/\/www.xunzel.com\/store\/fr\/wp-json\/wp\/v2\/product_cat?post=23927"},{"taxonomy":"product_tag","embeddable":true,"href":"https:\/\/www.xunzel.com\/store\/fr\/wp-json\/wp\/v2\/product_tag?post=23927"}],"curies":[{"name":"wp","href":"https:\/\/api.w.org\/{rel}","templated":true}]}}