{"id":22906,"date":"2024-10-22T10:11:36","date_gmt":"2024-10-22T08:11:57","guid":{"rendered":"https:\/\/www.xunzel.com\/store\/?post_type=product&#038;p=22906"},"modified":"2025-03-28T14:07:45","modified_gmt":"2025-03-28T13:07:45","slug":"telecommande-rcxj","status":"publish","type":"product","link":"https:\/\/www.xunzel.com\/store\/fr\/producto\/telecommande-rcxj\/","title":{"rendered":"T\u00e9l\u00e9commande RCXJ"},"content":{"rendered":"","protected":false},"excerpt":{"rendered":"<p>T\u00e9l\u00e9commande ON\/OFF RCXJ avec c\u00e2ble de 6,1 m\u00e8tres compatible avec les onduleurs <a href=\"https:\/\/www.xunzel.com\/store\/fr\/categorie-produit\/onduleurs-chargeurs\/xj-series-onduleurs\/\" target=\"_blank\" rel=\"noopener\"><strong>XJ\u2122 Series, XJTS<\/strong><strong>\u2122 Series <\/strong><\/a>et les onduleurs + chargeurs <a href=\"https:\/\/www.xunzel.com\/store\/fr\/categorie-produit\/onduleurs-chargeurs\/xjc-series-onduleurs-chargeurs\/\" target=\"_blank\" rel=\"noopener\"><strong>XJC\u2122 Series<\/strong><\/a>.<\/p>\n<p>Permet d&#8217;allumer, d&#8217;\u00e9teindre et de programmer les onduleurs \u00e0 distance. Facile \u00e0 installer et \u00e0 utiliser.<\/p>\n<p>REMARQUE IMPORTANTE : Pour une utilisation avec XJC Series onduleurs-chargeurs et XJTS-3000W onduleurs, l&#8217;accessoire ISXJCTS (non inclus) est n\u00e9cessaire.<\/p>\n<p>&nbsp;<\/p>\n","protected":false},"featured_media":22874,"template":"","meta":{"_acf_changed":false},"product_brand":[],"product_cat":[460,462],"product_tag":[],"class_list":{"0":"post-22906","1":"product","2":"type-product","3":"status-publish","4":"has-post-thumbnail","6":"product_cat-xjc-series-onduleurs-chargeurs","7":"product_cat-xj-series-onduleurs","9":"first","10":"instock","11":"taxable","12":"shipping-taxable","13":"purchasable","14":"product-type-simple"},"acf":[],"yoast_head":"<!-- This site is optimized with the Yoast SEO plugin v25.4 - https:\/\/yoast.com\/wordpress\/plugins\/seo\/ -->\n<title>T\u00e9l\u00e9commande RCXJ &#8211; Xunzel<\/title>\n<meta name=\"robots\" content=\"index, follow, max-snippet:-1, max-image-preview:large, max-video-preview:-1\" \/>\n<link rel=\"canonical\" href=\"https:\/\/www.xunzel.com\/store\/fr\/producto\/telecommande-rcxj\/\" \/>\n<meta property=\"og:locale\" content=\"fr_FR\" \/>\n<meta property=\"og:type\" content=\"article\" \/>\n<meta property=\"og:title\" content=\"T\u00e9l\u00e9commande RCXJ &#8211; Xunzel\" \/>\n<meta property=\"og:description\" content=\"T\u00e9l\u00e9commande ON\/OFF RCXJ avec c\u00e2ble de 6,1 m\u00e8tres compatible avec les onduleurs XJ\u2122 Series, XJTS\u2122 Series et les onduleurs + chargeurs XJC\u2122 Series.  Permet d&#039;allumer, d&#039;\u00e9teindre et de programmer les onduleurs \u00e0 distance. Facile \u00e0 installer et \u00e0 utiliser.  REMARQUE IMPORTANTE : Pour une utilisation avec XJC Series onduleurs-chargeurs et XJTS-3000W onduleurs, l&#039;accessoire ISXJCTS (non inclus) est n\u00e9cessaire.  &nbsp;\" \/>\n<meta property=\"og:url\" content=\"https:\/\/www.xunzel.com\/store\/fr\/producto\/telecommande-rcxj\/\" \/>\n<meta property=\"og:site_name\" content=\"Xunzel\" \/>\n<meta property=\"article:modified_time\" content=\"2025-03-28T13:07:45+00:00\" \/>\n<meta property=\"og:image\" content=\"https:\/\/www.xunzel.com\/store\/wp-content\/uploads\/2024\/10\/RCXJ-XUNZEL-100-scaled.jpg\" \/>\n\t<meta property=\"og:image:width\" content=\"2560\" \/>\n\t<meta property=\"og:image:height\" content=\"2560\" \/>\n\t<meta property=\"og:image:type\" content=\"image\/jpeg\" \/>\n<meta name=\"twitter:card\" content=\"summary_large_image\" \/>\n<meta name=\"twitter:label1\" content=\"Dur\u00e9e de lecture estim\u00e9e\" \/>\n\t<meta name=\"twitter:data1\" content=\"1 minute\" \/>\n<script type=\"application\/ld+json\" class=\"yoast-schema-graph\">{\"@context\":\"https:\/\/schema.org\",\"@graph\":[{\"@type\":\"WebPage\",\"@id\":\"https:\/\/www.xunzel.com\/store\/fr\/producto\/telecommande-rcxj\/\",\"url\":\"https:\/\/www.xunzel.com\/store\/fr\/producto\/telecommande-rcxj\/\",\"name\":\"T\u00e9l\u00e9commande RCXJ &#8211; Xunzel\",\"isPartOf\":{\"@id\":\"https:\/\/www.xunzel.com\/store\/fr\/#website\"},\"primaryImageOfPage\":{\"@id\":\"https:\/\/www.xunzel.com\/store\/fr\/producto\/telecommande-rcxj\/#primaryimage\"},\"image\":{\"@id\":\"https:\/\/www.xunzel.com\/store\/fr\/producto\/telecommande-rcxj\/#primaryimage\"},\"thumbnailUrl\":\"https:\/\/www.xunzel.com\/store\/wp-content\/uploads\/2024\/10\/RCXJ-XUNZEL-100-scaled.jpg\",\"datePublished\":\"2024-10-22T08:11:57+00:00\",\"dateModified\":\"2025-03-28T13:07:45+00:00\",\"breadcrumb\":{\"@id\":\"https:\/\/www.xunzel.com\/store\/fr\/producto\/telecommande-rcxj\/#breadcrumb\"},\"inLanguage\":\"fr-FR\",\"potentialAction\":[{\"@type\":\"ReadAction\",\"target\":[\"https:\/\/www.xunzel.com\/store\/fr\/producto\/telecommande-rcxj\/\"]}]},{\"@type\":\"ImageObject\",\"inLanguage\":\"fr-FR\",\"@id\":\"https:\/\/www.xunzel.com\/store\/fr\/producto\/telecommande-rcxj\/#primaryimage\",\"url\":\"https:\/\/www.xunzel.com\/store\/wp-content\/uploads\/2024\/10\/RCXJ-XUNZEL-100-scaled.jpg\",\"contentUrl\":\"https:\/\/www.xunzel.com\/store\/wp-content\/uploads\/2024\/10\/RCXJ-XUNZEL-100-scaled.jpg\",\"width\":2560,\"height\":2560},{\"@type\":\"BreadcrumbList\",\"@id\":\"https:\/\/www.xunzel.com\/store\/fr\/producto\/telecommande-rcxj\/#breadcrumb\",\"itemListElement\":[{\"@type\":\"ListItem\",\"position\":1,\"name\":\"Portada\",\"item\":\"https:\/\/www.xunzel.com\/store\/fr\/\"},{\"@type\":\"ListItem\",\"position\":2,\"name\":\"Magasin\",\"item\":\"https:\/\/www.xunzel.com\/store\/tienda\/\"},{\"@type\":\"ListItem\",\"position\":3,\"name\":\"T\u00e9l\u00e9commande RCXJ\"}]},{\"@type\":\"WebSite\",\"@id\":\"https:\/\/www.xunzel.com\/store\/fr\/#website\",\"url\":\"https:\/\/www.xunzel.com\/store\/fr\/\",\"name\":\"Xunzel\",\"description\":\"Energy in a box - The Electric Revolution\",\"publisher\":{\"@id\":\"https:\/\/www.xunzel.com\/store\/fr\/#organization\"},\"potentialAction\":[{\"@type\":\"SearchAction\",\"target\":{\"@type\":\"EntryPoint\",\"urlTemplate\":\"https:\/\/www.xunzel.com\/store\/fr\/?s={search_term_string}\"},\"query-input\":{\"@type\":\"PropertyValueSpecification\",\"valueRequired\":true,\"valueName\":\"search_term_string\"}}],\"inLanguage\":\"fr-FR\"},{\"@type\":\"Organization\",\"@id\":\"https:\/\/www.xunzel.com\/store\/fr\/#organization\",\"name\":\"Xunzel\",\"url\":\"https:\/\/www.xunzel.com\/store\/fr\/\",\"logo\":{\"@type\":\"ImageObject\",\"inLanguage\":\"fr-FR\",\"@id\":\"https:\/\/www.xunzel.com\/store\/fr\/#\/schema\/logo\/image\/\",\"url\":\"https:\/\/www.xunzel.com\/store\/wp-content\/uploads\/2021\/01\/logo-xunzel-footer.png\",\"contentUrl\":\"https:\/\/www.xunzel.com\/store\/wp-content\/uploads\/2021\/01\/logo-xunzel-footer.png\",\"width\":280,\"height\":52,\"caption\":\"Xunzel\"},\"image\":{\"@id\":\"https:\/\/www.xunzel.com\/store\/fr\/#\/schema\/logo\/image\/\"}}]}<\/script>\n<!-- \/ Yoast SEO plugin. -->","yoast_head_json":{"title":"T\u00e9l\u00e9commande RCXJ &#8211; Xunzel","robots":{"index":"index","follow":"follow","max-snippet":"max-snippet:-1","max-image-preview":"max-image-preview:large","max-video-preview":"max-video-preview:-1"},"canonical":"https:\/\/www.xunzel.com\/store\/fr\/producto\/telecommande-rcxj\/","og_locale":"fr_FR","og_type":"article","og_title":"T\u00e9l\u00e9commande RCXJ &#8211; Xunzel","og_description":"T\u00e9l\u00e9commande ON\/OFF RCXJ avec c\u00e2ble de 6,1 m\u00e8tres compatible avec les onduleurs XJ\u2122 Series, XJTS\u2122 Series et les onduleurs + chargeurs XJC\u2122 Series.  Permet d'allumer, d'\u00e9teindre et de programmer les onduleurs \u00e0 distance. Facile \u00e0 installer et \u00e0 utiliser.  REMARQUE IMPORTANTE : Pour une utilisation avec XJC Series onduleurs-chargeurs et XJTS-3000W onduleurs, l'accessoire ISXJCTS (non inclus) est n\u00e9cessaire.  &nbsp;","og_url":"https:\/\/www.xunzel.com\/store\/fr\/producto\/telecommande-rcxj\/","og_site_name":"Xunzel","article_modified_time":"2025-03-28T13:07:45+00:00","og_image":[{"width":2560,"height":2560,"url":"https:\/\/www.xunzel.com\/store\/wp-content\/uploads\/2024\/10\/RCXJ-XUNZEL-100-scaled.jpg","type":"image\/jpeg"}],"twitter_card":"summary_large_image","twitter_misc":{"Dur\u00e9e de lecture estim\u00e9e":"1 minute"},"schema":{"@context":"https:\/\/schema.org","@graph":[{"@type":"WebPage","@id":"https:\/\/www.xunzel.com\/store\/fr\/producto\/telecommande-rcxj\/","url":"https:\/\/www.xunzel.com\/store\/fr\/producto\/telecommande-rcxj\/","name":"T\u00e9l\u00e9commande RCXJ &#8211; Xunzel","isPartOf":{"@id":"https:\/\/www.xunzel.com\/store\/fr\/#website"},"primaryImageOfPage":{"@id":"https:\/\/www.xunzel.com\/store\/fr\/producto\/telecommande-rcxj\/#primaryimage"},"image":{"@id":"https:\/\/www.xunzel.com\/store\/fr\/producto\/telecommande-rcxj\/#primaryimage"},"thumbnailUrl":"https:\/\/www.xunzel.com\/store\/wp-content\/uploads\/2024\/10\/RCXJ-XUNZEL-100-scaled.jpg","datePublished":"2024-10-22T08:11:57+00:00","dateModified":"2025-03-28T13:07:45+00:00","breadcrumb":{"@id":"https:\/\/www.xunzel.com\/store\/fr\/producto\/telecommande-rcxj\/#breadcrumb"},"inLanguage":"fr-FR","potentialAction":[{"@type":"ReadAction","target":["https:\/\/www.xunzel.com\/store\/fr\/producto\/telecommande-rcxj\/"]}]},{"@type":"ImageObject","inLanguage":"fr-FR","@id":"https:\/\/www.xunzel.com\/store\/fr\/producto\/telecommande-rcxj\/#primaryimage","url":"https:\/\/www.xunzel.com\/store\/wp-content\/uploads\/2024\/10\/RCXJ-XUNZEL-100-scaled.jpg","contentUrl":"https:\/\/www.xunzel.com\/store\/wp-content\/uploads\/2024\/10\/RCXJ-XUNZEL-100-scaled.jpg","width":2560,"height":2560},{"@type":"BreadcrumbList","@id":"https:\/\/www.xunzel.com\/store\/fr\/producto\/telecommande-rcxj\/#breadcrumb","itemListElement":[{"@type":"ListItem","position":1,"name":"Portada","item":"https:\/\/www.xunzel.com\/store\/fr\/"},{"@type":"ListItem","position":2,"name":"Magasin","item":"https:\/\/www.xunzel.com\/store\/tienda\/"},{"@type":"ListItem","position":3,"name":"T\u00e9l\u00e9commande RCXJ"}]},{"@type":"WebSite","@id":"https:\/\/www.xunzel.com\/store\/fr\/#website","url":"https:\/\/www.xunzel.com\/store\/fr\/","name":"Xunzel","description":"Energy in a box - The Electric Revolution","publisher":{"@id":"https:\/\/www.xunzel.com\/store\/fr\/#organization"},"potentialAction":[{"@type":"SearchAction","target":{"@type":"EntryPoint","urlTemplate":"https:\/\/www.xunzel.com\/store\/fr\/?s={search_term_string}"},"query-input":{"@type":"PropertyValueSpecification","valueRequired":true,"valueName":"search_term_string"}}],"inLanguage":"fr-FR"},{"@type":"Organization","@id":"https:\/\/www.xunzel.com\/store\/fr\/#organization","name":"Xunzel","url":"https:\/\/www.xunzel.com\/store\/fr\/","logo":{"@type":"ImageObject","inLanguage":"fr-FR","@id":"https:\/\/www.xunzel.com\/store\/fr\/#\/schema\/logo\/image\/","url":"https:\/\/www.xunzel.com\/store\/wp-content\/uploads\/2021\/01\/logo-xunzel-footer.png","contentUrl":"https:\/\/www.xunzel.com\/store\/wp-content\/uploads\/2021\/01\/logo-xunzel-footer.png","width":280,"height":52,"caption":"Xunzel"},"image":{"@id":"https:\/\/www.xunzel.com\/store\/fr\/#\/schema\/logo\/image\/"}}]}},"_links":{"self":[{"href":"https:\/\/www.xunzel.com\/store\/fr\/wp-json\/wp\/v2\/product\/22906","targetHints":{"allow":["GET"]}}],"collection":[{"href":"https:\/\/www.xunzel.com\/store\/fr\/wp-json\/wp\/v2\/product"}],"about":[{"href":"https:\/\/www.xunzel.com\/store\/fr\/wp-json\/wp\/v2\/types\/product"}],"wp:featuredmedia":[{"embeddable":true,"href":"https:\/\/www.xunzel.com\/store\/fr\/wp-json\/wp\/v2\/media\/22874"}],"wp:attachment":[{"href":"https:\/\/www.xunzel.com\/store\/fr\/wp-json\/wp\/v2\/media?parent=22906"}],"wp:term":[{"taxonomy":"product_brand","embeddable":true,"href":"https:\/\/www.xunzel.com\/store\/fr\/wp-json\/wp\/v2\/product_brand?post=22906"},{"taxonomy":"product_cat","embeddable":true,"href":"https:\/\/www.xunzel.com\/store\/fr\/wp-json\/wp\/v2\/product_cat?post=22906"},{"taxonomy":"product_tag","embeddable":true,"href":"https:\/\/www.xunzel.com\/store\/fr\/wp-json\/wp\/v2\/product_tag?post=22906"}],"curies":[{"name":"wp","href":"https:\/\/api.w.org\/{rel}","templated":true}]}}