{"id":21828,"date":"2024-06-17T13:46:36","date_gmt":"2024-06-17T11:46:36","guid":{"rendered":"https:\/\/www.xunzel.com\/store\/?post_type=product&#038;p=21828"},"modified":"2025-03-28T14:09:28","modified_gmt":"2025-03-28T13:09:28","slug":"commutateur-transfert-automatique","status":"publish","type":"product","link":"https:\/\/www.xunzel.com\/store\/fr\/producto\/commutateur-transfert-automatique\/","title":{"rendered":"Commutateur Transfert Automatique"},"content":{"rendered":"<p>Le <strong>Commutateur de Transfert Automatique<\/strong> TSXJ-10 (2300W &#8211; 10A) commute automatiquement et en toute s\u00e9curit\u00e9 l&#8217;alimentation \u00e9lectrique entre deux sources, du r\u00e9seau \u00e9lectrique principal ou d&#8217;un g\u00e9n\u00e9rateur \u00e0 une source d&#8217;alimentation de secours, assurant ainsi une transition transparente entre les sources d&#8217;alimentation.<\/p>\n<p>Il veille \u00e0 ce que l&#8217;alimentation ne provienne que d&#8217;une seule source \u00e0 la fois afin d&#8217;\u00e9viter d&#8217;endommager les \u00e9quipements \u00e9lectriques ou de cr\u00e9er des situations dangereuses.<\/p>\n<p>Le TSXJ-10 est universel et peut \u00eatre utilis\u00e9 avec tous les types d&#8217;onduleurs \u00e0 onde sinuso\u00efdale pure jusqu&#8217;\u00e0 2000W, y compris les onduleurs \u00e0 onde sinuso\u00efdale pure <a href=\"https:\/\/www.xunzel.com\/store\/fr\/categoria-producto\/onduleurs-chargeurs\/xj-series-onduleurs\/\" target=\"_blank\" rel=\"noopener\"><strong>XJ\u2122 Series<\/strong><\/a> (400W, 500W, 600W, 1000W et 2000W).<\/p>\n<p>Plug&amp;Play, avec synchronisation de la tension, permet de transf\u00e9rer la charge vers une autre source de courant alternatif instantan\u00e9ment avec un temps de commutation minimal, de sorte que les ordinateurs et autres \u00e9quipements \u00e9lectroniques continueront \u00e0 fonctionner sans interruption.<\/p>\n<p>Id\u00e9al pour acc\u00e9der \u00e0 des sites aliment\u00e9s par le secteur.<\/p>\n<p>Facile \u00e0 utiliser, le commutateur de transfert TSXJ-10 dispose d&#8217;une entr\u00e9e et d&#8217;une sortie, transf\u00e9rant automatiquement le courant alternatif disponible vers la sortie.<\/p>\n<p>Monophas\u00e9, 2300W, 10A, 200-250Vac.<\/p>\n","protected":false},"excerpt":{"rendered":"<p>Le Commutateur de Transfert Automatique TSXJ-10 (10A &#8211; 2300W) commute automatiquement et en toute s\u00e9curit\u00e9 l&#8217;alimentation \u00e9lectrique entre deux sources, du secteur ou du g\u00e9n\u00e9rateur \u00e0 une source d&#8217;alimentation de secours.<\/p>\n<p>Gr\u00e2ce \u00e0 la synchronisation de la tension, il garantit que l&#8217;alimentation n&#8217;est fournie que par une seule source \u00e0 la fois afin d&#8217;\u00e9viter d&#8217;endommager les \u00e9quipements \u00e9lectriques ou de cr\u00e9er des situations dangereuses.<\/p>\n<p>Plug&amp;Play et universel, con\u00e7u et valable pour tous les types d&#8217;onduleurs \u00e0 onde sinuso\u00efdale pure jusqu&#8217;\u00e0 2000 W, y compris les onduleurs \u00e0 onde sinuso\u00efdale pure de <a href=\"https:\/\/www.xunzel.com\/store\/fr\/categoria-producto\/onduleurs-chargeurs\/xj-series-onduleurs\/\" target=\"_blank\" rel=\"noopener\"><strong>XJ\u2122 Series<\/strong><\/a>.<\/p>\n<p>&nbsp;<\/p>\n","protected":false},"featured_media":21820,"template":"","meta":{"_acf_changed":false},"product_brand":[],"product_cat":[462],"product_tag":[],"class_list":{"0":"post-21828","1":"product","2":"type-product","3":"status-publish","4":"has-post-thumbnail","6":"product_cat-xj-series-onduleurs","8":"first","9":"instock","10":"taxable","11":"shipping-taxable","12":"purchasable","13":"product-type-simple"},"acf":[],"yoast_head":"<!-- This site is optimized with the Yoast SEO plugin v25.4 - https:\/\/yoast.com\/wordpress\/plugins\/seo\/ -->\n<title>Commutateur Transfert Automatique &#8211; Xunzel<\/title>\n<meta name=\"robots\" content=\"index, follow, max-snippet:-1, max-image-preview:large, max-video-preview:-1\" \/>\n<link rel=\"canonical\" href=\"https:\/\/www.xunzel.com\/store\/fr\/producto\/commutateur-transfert-automatique\/\" \/>\n<meta property=\"og:locale\" content=\"fr_FR\" \/>\n<meta property=\"og:type\" content=\"article\" \/>\n<meta property=\"og:title\" content=\"Commutateur Transfert Automatique &#8211; Xunzel\" \/>\n<meta property=\"og:description\" content=\"Le Commutateur de Transfert Automatique TSXJ-10 (10A - 2300W) commute automatiquement et en toute s\u00e9curit\u00e9 l&#039;alimentation \u00e9lectrique entre deux sources, du secteur ou du g\u00e9n\u00e9rateur \u00e0 une source d&#039;alimentation de secours.  Gr\u00e2ce \u00e0 la synchronisation de la tension, il garantit que l&#039;alimentation n&#039;est fournie que par une seule source \u00e0 la fois afin d&#039;\u00e9viter d&#039;endommager les \u00e9quipements \u00e9lectriques ou de cr\u00e9er des situations dangereuses.  Plug&amp;Play et universel, con\u00e7u et valable pour tous les types d&#039;onduleurs \u00e0 onde sinuso\u00efdale pure jusqu&#039;\u00e0 2000 W, y compris les onduleurs \u00e0 onde sinuso\u00efdale pure de XJ\u2122 Series.  &nbsp;\" \/>\n<meta property=\"og:url\" content=\"https:\/\/www.xunzel.com\/store\/fr\/producto\/commutateur-transfert-automatique\/\" \/>\n<meta property=\"og:site_name\" content=\"Xunzel\" \/>\n<meta property=\"article:modified_time\" content=\"2025-03-28T13:09:28+00:00\" \/>\n<meta property=\"og:image\" content=\"https:\/\/www.xunzel.com\/store\/wp-content\/uploads\/2024\/06\/TSXJ-10_w.jpg\" \/>\n\t<meta property=\"og:image:width\" content=\"2068\" \/>\n\t<meta property=\"og:image:height\" content=\"2068\" \/>\n\t<meta property=\"og:image:type\" content=\"image\/jpeg\" \/>\n<meta name=\"twitter:card\" content=\"summary_large_image\" \/>\n<meta name=\"twitter:label1\" content=\"Dur\u00e9e de lecture estim\u00e9e\" \/>\n\t<meta name=\"twitter:data1\" content=\"2 minutes\" \/>\n<script type=\"application\/ld+json\" class=\"yoast-schema-graph\">{\"@context\":\"https:\/\/schema.org\",\"@graph\":[{\"@type\":\"WebPage\",\"@id\":\"https:\/\/www.xunzel.com\/store\/fr\/producto\/commutateur-transfert-automatique\/\",\"url\":\"https:\/\/www.xunzel.com\/store\/fr\/producto\/commutateur-transfert-automatique\/\",\"name\":\"Commutateur Transfert Automatique &#8211; Xunzel\",\"isPartOf\":{\"@id\":\"https:\/\/www.xunzel.com\/store\/fr\/#website\"},\"primaryImageOfPage\":{\"@id\":\"https:\/\/www.xunzel.com\/store\/fr\/producto\/commutateur-transfert-automatique\/#primaryimage\"},\"image\":{\"@id\":\"https:\/\/www.xunzel.com\/store\/fr\/producto\/commutateur-transfert-automatique\/#primaryimage\"},\"thumbnailUrl\":\"https:\/\/www.xunzel.com\/store\/wp-content\/uploads\/2024\/06\/TSXJ-10_w.jpg\",\"datePublished\":\"2024-06-17T11:46:36+00:00\",\"dateModified\":\"2025-03-28T13:09:28+00:00\",\"breadcrumb\":{\"@id\":\"https:\/\/www.xunzel.com\/store\/fr\/producto\/commutateur-transfert-automatique\/#breadcrumb\"},\"inLanguage\":\"fr-FR\",\"potentialAction\":[{\"@type\":\"ReadAction\",\"target\":[\"https:\/\/www.xunzel.com\/store\/fr\/producto\/commutateur-transfert-automatique\/\"]}]},{\"@type\":\"ImageObject\",\"inLanguage\":\"fr-FR\",\"@id\":\"https:\/\/www.xunzel.com\/store\/fr\/producto\/commutateur-transfert-automatique\/#primaryimage\",\"url\":\"https:\/\/www.xunzel.com\/store\/wp-content\/uploads\/2024\/06\/TSXJ-10_w.jpg\",\"contentUrl\":\"https:\/\/www.xunzel.com\/store\/wp-content\/uploads\/2024\/06\/TSXJ-10_w.jpg\",\"width\":2068,\"height\":2068},{\"@type\":\"BreadcrumbList\",\"@id\":\"https:\/\/www.xunzel.com\/store\/fr\/producto\/commutateur-transfert-automatique\/#breadcrumb\",\"itemListElement\":[{\"@type\":\"ListItem\",\"position\":1,\"name\":\"Portada\",\"item\":\"https:\/\/www.xunzel.com\/store\/fr\/\"},{\"@type\":\"ListItem\",\"position\":2,\"name\":\"Magasin\",\"item\":\"https:\/\/www.xunzel.com\/store\/tienda\/\"},{\"@type\":\"ListItem\",\"position\":3,\"name\":\"Commutateur Transfert Automatique\"}]},{\"@type\":\"WebSite\",\"@id\":\"https:\/\/www.xunzel.com\/store\/fr\/#website\",\"url\":\"https:\/\/www.xunzel.com\/store\/fr\/\",\"name\":\"Xunzel\",\"description\":\"Energy in a box - The Electric Revolution\",\"publisher\":{\"@id\":\"https:\/\/www.xunzel.com\/store\/fr\/#organization\"},\"potentialAction\":[{\"@type\":\"SearchAction\",\"target\":{\"@type\":\"EntryPoint\",\"urlTemplate\":\"https:\/\/www.xunzel.com\/store\/fr\/?s={search_term_string}\"},\"query-input\":{\"@type\":\"PropertyValueSpecification\",\"valueRequired\":true,\"valueName\":\"search_term_string\"}}],\"inLanguage\":\"fr-FR\"},{\"@type\":\"Organization\",\"@id\":\"https:\/\/www.xunzel.com\/store\/fr\/#organization\",\"name\":\"Xunzel\",\"url\":\"https:\/\/www.xunzel.com\/store\/fr\/\",\"logo\":{\"@type\":\"ImageObject\",\"inLanguage\":\"fr-FR\",\"@id\":\"https:\/\/www.xunzel.com\/store\/fr\/#\/schema\/logo\/image\/\",\"url\":\"https:\/\/www.xunzel.com\/store\/wp-content\/uploads\/2021\/01\/logo-xunzel-footer.png\",\"contentUrl\":\"https:\/\/www.xunzel.com\/store\/wp-content\/uploads\/2021\/01\/logo-xunzel-footer.png\",\"width\":280,\"height\":52,\"caption\":\"Xunzel\"},\"image\":{\"@id\":\"https:\/\/www.xunzel.com\/store\/fr\/#\/schema\/logo\/image\/\"}}]}<\/script>\n<!-- \/ Yoast SEO plugin. -->","yoast_head_json":{"title":"Commutateur Transfert Automatique &#8211; Xunzel","robots":{"index":"index","follow":"follow","max-snippet":"max-snippet:-1","max-image-preview":"max-image-preview:large","max-video-preview":"max-video-preview:-1"},"canonical":"https:\/\/www.xunzel.com\/store\/fr\/producto\/commutateur-transfert-automatique\/","og_locale":"fr_FR","og_type":"article","og_title":"Commutateur Transfert Automatique &#8211; Xunzel","og_description":"Le Commutateur de Transfert Automatique TSXJ-10 (10A - 2300W) commute automatiquement et en toute s\u00e9curit\u00e9 l'alimentation \u00e9lectrique entre deux sources, du secteur ou du g\u00e9n\u00e9rateur \u00e0 une source d'alimentation de secours.  Gr\u00e2ce \u00e0 la synchronisation de la tension, il garantit que l'alimentation n'est fournie que par une seule source \u00e0 la fois afin d'\u00e9viter d'endommager les \u00e9quipements \u00e9lectriques ou de cr\u00e9er des situations dangereuses.  Plug&amp;Play et universel, con\u00e7u et valable pour tous les types d'onduleurs \u00e0 onde sinuso\u00efdale pure jusqu'\u00e0 2000 W, y compris les onduleurs \u00e0 onde sinuso\u00efdale pure de XJ\u2122 Series.  &nbsp;","og_url":"https:\/\/www.xunzel.com\/store\/fr\/producto\/commutateur-transfert-automatique\/","og_site_name":"Xunzel","article_modified_time":"2025-03-28T13:09:28+00:00","og_image":[{"width":2068,"height":2068,"url":"https:\/\/www.xunzel.com\/store\/wp-content\/uploads\/2024\/06\/TSXJ-10_w.jpg","type":"image\/jpeg"}],"twitter_card":"summary_large_image","twitter_misc":{"Dur\u00e9e de lecture estim\u00e9e":"2 minutes"},"schema":{"@context":"https:\/\/schema.org","@graph":[{"@type":"WebPage","@id":"https:\/\/www.xunzel.com\/store\/fr\/producto\/commutateur-transfert-automatique\/","url":"https:\/\/www.xunzel.com\/store\/fr\/producto\/commutateur-transfert-automatique\/","name":"Commutateur Transfert Automatique &#8211; Xunzel","isPartOf":{"@id":"https:\/\/www.xunzel.com\/store\/fr\/#website"},"primaryImageOfPage":{"@id":"https:\/\/www.xunzel.com\/store\/fr\/producto\/commutateur-transfert-automatique\/#primaryimage"},"image":{"@id":"https:\/\/www.xunzel.com\/store\/fr\/producto\/commutateur-transfert-automatique\/#primaryimage"},"thumbnailUrl":"https:\/\/www.xunzel.com\/store\/wp-content\/uploads\/2024\/06\/TSXJ-10_w.jpg","datePublished":"2024-06-17T11:46:36+00:00","dateModified":"2025-03-28T13:09:28+00:00","breadcrumb":{"@id":"https:\/\/www.xunzel.com\/store\/fr\/producto\/commutateur-transfert-automatique\/#breadcrumb"},"inLanguage":"fr-FR","potentialAction":[{"@type":"ReadAction","target":["https:\/\/www.xunzel.com\/store\/fr\/producto\/commutateur-transfert-automatique\/"]}]},{"@type":"ImageObject","inLanguage":"fr-FR","@id":"https:\/\/www.xunzel.com\/store\/fr\/producto\/commutateur-transfert-automatique\/#primaryimage","url":"https:\/\/www.xunzel.com\/store\/wp-content\/uploads\/2024\/06\/TSXJ-10_w.jpg","contentUrl":"https:\/\/www.xunzel.com\/store\/wp-content\/uploads\/2024\/06\/TSXJ-10_w.jpg","width":2068,"height":2068},{"@type":"BreadcrumbList","@id":"https:\/\/www.xunzel.com\/store\/fr\/producto\/commutateur-transfert-automatique\/#breadcrumb","itemListElement":[{"@type":"ListItem","position":1,"name":"Portada","item":"https:\/\/www.xunzel.com\/store\/fr\/"},{"@type":"ListItem","position":2,"name":"Magasin","item":"https:\/\/www.xunzel.com\/store\/tienda\/"},{"@type":"ListItem","position":3,"name":"Commutateur Transfert Automatique"}]},{"@type":"WebSite","@id":"https:\/\/www.xunzel.com\/store\/fr\/#website","url":"https:\/\/www.xunzel.com\/store\/fr\/","name":"Xunzel","description":"Energy in a box - The Electric Revolution","publisher":{"@id":"https:\/\/www.xunzel.com\/store\/fr\/#organization"},"potentialAction":[{"@type":"SearchAction","target":{"@type":"EntryPoint","urlTemplate":"https:\/\/www.xunzel.com\/store\/fr\/?s={search_term_string}"},"query-input":{"@type":"PropertyValueSpecification","valueRequired":true,"valueName":"search_term_string"}}],"inLanguage":"fr-FR"},{"@type":"Organization","@id":"https:\/\/www.xunzel.com\/store\/fr\/#organization","name":"Xunzel","url":"https:\/\/www.xunzel.com\/store\/fr\/","logo":{"@type":"ImageObject","inLanguage":"fr-FR","@id":"https:\/\/www.xunzel.com\/store\/fr\/#\/schema\/logo\/image\/","url":"https:\/\/www.xunzel.com\/store\/wp-content\/uploads\/2021\/01\/logo-xunzel-footer.png","contentUrl":"https:\/\/www.xunzel.com\/store\/wp-content\/uploads\/2021\/01\/logo-xunzel-footer.png","width":280,"height":52,"caption":"Xunzel"},"image":{"@id":"https:\/\/www.xunzel.com\/store\/fr\/#\/schema\/logo\/image\/"}}]}},"_links":{"self":[{"href":"https:\/\/www.xunzel.com\/store\/fr\/wp-json\/wp\/v2\/product\/21828","targetHints":{"allow":["GET"]}}],"collection":[{"href":"https:\/\/www.xunzel.com\/store\/fr\/wp-json\/wp\/v2\/product"}],"about":[{"href":"https:\/\/www.xunzel.com\/store\/fr\/wp-json\/wp\/v2\/types\/product"}],"wp:featuredmedia":[{"embeddable":true,"href":"https:\/\/www.xunzel.com\/store\/fr\/wp-json\/wp\/v2\/media\/21820"}],"wp:attachment":[{"href":"https:\/\/www.xunzel.com\/store\/fr\/wp-json\/wp\/v2\/media?parent=21828"}],"wp:term":[{"taxonomy":"product_brand","embeddable":true,"href":"https:\/\/www.xunzel.com\/store\/fr\/wp-json\/wp\/v2\/product_brand?post=21828"},{"taxonomy":"product_cat","embeddable":true,"href":"https:\/\/www.xunzel.com\/store\/fr\/wp-json\/wp\/v2\/product_cat?post=21828"},{"taxonomy":"product_tag","embeddable":true,"href":"https:\/\/www.xunzel.com\/store\/fr\/wp-json\/wp\/v2\/product_tag?post=21828"}],"curies":[{"name":"wp","href":"https:\/\/api.w.org\/{rel}","templated":true}]}}