{"id":19930,"date":"2024-01-22T13:26:32","date_gmt":"2024-01-22T12:26:32","guid":{"rendered":"https:\/\/www.xunzel.com\/store\/producto\/interruptor-bateria-switchguard\/"},"modified":"2024-04-04T13:52:39","modified_gmt":"2024-04-04T11:52:39","slug":"interrupteur-batterie-switchguard","status":"publish","type":"product","link":"https:\/\/www.xunzel.com\/store\/fr\/producto\/interrupteur-batterie-switchguard\/","title":{"rendered":"Interrupteur batterie SWITCHGUARD"},"content":{"rendered":"<p>Interrupteur de batterie universel SWITCHGUARD (ON\/OFF) robuste et s\u00fbr. Avec des couvercles lat\u00e9raux amovibles permettant l&#8217;acc\u00e8s aux c\u00e2bles. Interrupteur de s\u00e9curit\u00e9 de qualit\u00e9 marine (MRBF).<\/p>\n<p>Grande capacit\u00e9:<\/p>\n<ul>\n<li>Courant continu: 275Adc<\/li>\n<li>Courant intermittent: 455Adc<\/li>\n<li>Courant de d\u00e9marrage: 1250Adc<\/li>\n<\/ul>\n<p>Goujons et \u00e9crous inclus.<\/p>\n","protected":false},"excerpt":{"rendered":"<p>Interrupteur de batterie universel SWITCHGUARD (ON\/OFF) robuste et s\u00fbr pour une commande et un fonctionnement s\u00fbrs.<br \/>\nAvec protection contre l&#8217;allumage. Bornes prot\u00e9g\u00e9es contre les courts-circuits. Interrupteur s\u00fbr de qualit\u00e9 marine (MRBF).<br \/>\nCapacit\u00e9: Continu: 275Adc | Intermittent: 455Adc | D\u00e9marrant: 1250Adc.<br \/>\nM\u00e9trique M10. Goujons et \u00e9crous inclus. Tout est inclus pour le montage.<\/p>\n<p><span class=\"shared-files-shortcode-admin-list shared-files-shortcode-admin-list-file shared-files-shortcode-19059\" title=\"[shared_files file_id=19059]\"><span class=\"shared-files-shortcode-admin-list shared-files-shortcode-admin-list-file shared-files-shortcode-20351\" title=\"[shared_files file_id=20351]\">[shared_files file_id=20351]<\/span><\/span><\/p>\n","protected":false},"featured_media":19097,"template":"","meta":{"_acf_changed":false},"product_brand":[],"product_cat":[449],"product_tag":[],"class_list":{"0":"post-19930","1":"product","2":"type-product","3":"status-publish","4":"has-post-thumbnail","6":"product_cat-controle-protections","8":"first","9":"instock","10":"taxable","11":"shipping-taxable","12":"purchasable","13":"product-type-simple"},"acf":[],"yoast_head":"<!-- This site is optimized with the Yoast SEO plugin v25.4 - https:\/\/yoast.com\/wordpress\/plugins\/seo\/ -->\n<title>Interrupteur batterie SWITCHGUARD &#8211; Xunzel<\/title>\n<meta name=\"robots\" content=\"index, follow, max-snippet:-1, max-image-preview:large, max-video-preview:-1\" \/>\n<link rel=\"canonical\" href=\"https:\/\/www.xunzel.com\/store\/fr\/producto\/interrupteur-batterie-switchguard\/\" \/>\n<meta property=\"og:locale\" content=\"fr_FR\" \/>\n<meta property=\"og:type\" content=\"article\" \/>\n<meta property=\"og:title\" content=\"Interrupteur batterie SWITCHGUARD &#8211; Xunzel\" \/>\n<meta property=\"og:description\" content=\"Interrupteur de batterie universel SWITCHGUARD (ON\/OFF) robuste et s\u00fbr pour une commande et un fonctionnement s\u00fbrs. Avec protection contre l&#039;allumage. Bornes prot\u00e9g\u00e9es contre les courts-circuits. Interrupteur s\u00fbr de qualit\u00e9 marine (MRBF). Capacit\u00e9: Continu: 275Adc | Intermittent: 455Adc | D\u00e9marrant: 1250Adc. M\u00e9trique M10. Goujons et \u00e9crous inclus. Tout est inclus pour le montage.\" \/>\n<meta property=\"og:url\" content=\"https:\/\/www.xunzel.com\/store\/fr\/producto\/interrupteur-batterie-switchguard\/\" \/>\n<meta property=\"og:site_name\" content=\"Xunzel\" \/>\n<meta property=\"article:modified_time\" content=\"2024-04-04T11:52:39+00:00\" \/>\n<meta property=\"og:image\" content=\"https:\/\/www.xunzel.com\/store\/wp-content\/uploads\/2024\/01\/SWBGUARD1_ISO_w.jpg\" \/>\n\t<meta property=\"og:image:width\" content=\"2500\" \/>\n\t<meta property=\"og:image:height\" content=\"2500\" \/>\n\t<meta property=\"og:image:type\" content=\"image\/jpeg\" \/>\n<meta name=\"twitter:card\" content=\"summary_large_image\" \/>\n<meta name=\"twitter:label1\" content=\"Dur\u00e9e de lecture estim\u00e9e\" \/>\n\t<meta name=\"twitter:data1\" content=\"1 minute\" \/>\n<script type=\"application\/ld+json\" class=\"yoast-schema-graph\">{\"@context\":\"https:\/\/schema.org\",\"@graph\":[{\"@type\":\"WebPage\",\"@id\":\"https:\/\/www.xunzel.com\/store\/fr\/producto\/interrupteur-batterie-switchguard\/\",\"url\":\"https:\/\/www.xunzel.com\/store\/fr\/producto\/interrupteur-batterie-switchguard\/\",\"name\":\"Interrupteur batterie SWITCHGUARD &#8211; Xunzel\",\"isPartOf\":{\"@id\":\"https:\/\/www.xunzel.com\/store\/fr\/#website\"},\"primaryImageOfPage\":{\"@id\":\"https:\/\/www.xunzel.com\/store\/fr\/producto\/interrupteur-batterie-switchguard\/#primaryimage\"},\"image\":{\"@id\":\"https:\/\/www.xunzel.com\/store\/fr\/producto\/interrupteur-batterie-switchguard\/#primaryimage\"},\"thumbnailUrl\":\"https:\/\/www.xunzel.com\/store\/wp-content\/uploads\/2024\/01\/SWBGUARD1_ISO_w.jpg\",\"datePublished\":\"2024-01-22T12:26:32+00:00\",\"dateModified\":\"2024-04-04T11:52:39+00:00\",\"breadcrumb\":{\"@id\":\"https:\/\/www.xunzel.com\/store\/fr\/producto\/interrupteur-batterie-switchguard\/#breadcrumb\"},\"inLanguage\":\"fr-FR\",\"potentialAction\":[{\"@type\":\"ReadAction\",\"target\":[\"https:\/\/www.xunzel.com\/store\/fr\/producto\/interrupteur-batterie-switchguard\/\"]}]},{\"@type\":\"ImageObject\",\"inLanguage\":\"fr-FR\",\"@id\":\"https:\/\/www.xunzel.com\/store\/fr\/producto\/interrupteur-batterie-switchguard\/#primaryimage\",\"url\":\"https:\/\/www.xunzel.com\/store\/wp-content\/uploads\/2024\/01\/SWBGUARD1_ISO_w.jpg\",\"contentUrl\":\"https:\/\/www.xunzel.com\/store\/wp-content\/uploads\/2024\/01\/SWBGUARD1_ISO_w.jpg\",\"width\":2500,\"height\":2500},{\"@type\":\"BreadcrumbList\",\"@id\":\"https:\/\/www.xunzel.com\/store\/fr\/producto\/interrupteur-batterie-switchguard\/#breadcrumb\",\"itemListElement\":[{\"@type\":\"ListItem\",\"position\":1,\"name\":\"Portada\",\"item\":\"https:\/\/www.xunzel.com\/store\/fr\/\"},{\"@type\":\"ListItem\",\"position\":2,\"name\":\"Magasin\",\"item\":\"https:\/\/www.xunzel.com\/store\/tienda\/\"},{\"@type\":\"ListItem\",\"position\":3,\"name\":\"Interrupteur batterie SWITCHGUARD\"}]},{\"@type\":\"WebSite\",\"@id\":\"https:\/\/www.xunzel.com\/store\/fr\/#website\",\"url\":\"https:\/\/www.xunzel.com\/store\/fr\/\",\"name\":\"Xunzel\",\"description\":\"Energy in a box - The Electric Revolution\",\"publisher\":{\"@id\":\"https:\/\/www.xunzel.com\/store\/fr\/#organization\"},\"potentialAction\":[{\"@type\":\"SearchAction\",\"target\":{\"@type\":\"EntryPoint\",\"urlTemplate\":\"https:\/\/www.xunzel.com\/store\/fr\/?s={search_term_string}\"},\"query-input\":{\"@type\":\"PropertyValueSpecification\",\"valueRequired\":true,\"valueName\":\"search_term_string\"}}],\"inLanguage\":\"fr-FR\"},{\"@type\":\"Organization\",\"@id\":\"https:\/\/www.xunzel.com\/store\/fr\/#organization\",\"name\":\"Xunzel\",\"url\":\"https:\/\/www.xunzel.com\/store\/fr\/\",\"logo\":{\"@type\":\"ImageObject\",\"inLanguage\":\"fr-FR\",\"@id\":\"https:\/\/www.xunzel.com\/store\/fr\/#\/schema\/logo\/image\/\",\"url\":\"https:\/\/www.xunzel.com\/store\/wp-content\/uploads\/2021\/01\/logo-xunzel-footer.png\",\"contentUrl\":\"https:\/\/www.xunzel.com\/store\/wp-content\/uploads\/2021\/01\/logo-xunzel-footer.png\",\"width\":280,\"height\":52,\"caption\":\"Xunzel\"},\"image\":{\"@id\":\"https:\/\/www.xunzel.com\/store\/fr\/#\/schema\/logo\/image\/\"}}]}<\/script>\n<!-- \/ Yoast SEO plugin. -->","yoast_head_json":{"title":"Interrupteur batterie SWITCHGUARD &#8211; Xunzel","robots":{"index":"index","follow":"follow","max-snippet":"max-snippet:-1","max-image-preview":"max-image-preview:large","max-video-preview":"max-video-preview:-1"},"canonical":"https:\/\/www.xunzel.com\/store\/fr\/producto\/interrupteur-batterie-switchguard\/","og_locale":"fr_FR","og_type":"article","og_title":"Interrupteur batterie SWITCHGUARD &#8211; Xunzel","og_description":"Interrupteur de batterie universel SWITCHGUARD (ON\/OFF) robuste et s\u00fbr pour une commande et un fonctionnement s\u00fbrs. Avec protection contre l'allumage. Bornes prot\u00e9g\u00e9es contre les courts-circuits. Interrupteur s\u00fbr de qualit\u00e9 marine (MRBF). Capacit\u00e9: Continu: 275Adc | Intermittent: 455Adc | D\u00e9marrant: 1250Adc. M\u00e9trique M10. Goujons et \u00e9crous inclus. Tout est inclus pour le montage.","og_url":"https:\/\/www.xunzel.com\/store\/fr\/producto\/interrupteur-batterie-switchguard\/","og_site_name":"Xunzel","article_modified_time":"2024-04-04T11:52:39+00:00","og_image":[{"width":2500,"height":2500,"url":"https:\/\/www.xunzel.com\/store\/wp-content\/uploads\/2024\/01\/SWBGUARD1_ISO_w.jpg","type":"image\/jpeg"}],"twitter_card":"summary_large_image","twitter_misc":{"Dur\u00e9e de lecture estim\u00e9e":"1 minute"},"schema":{"@context":"https:\/\/schema.org","@graph":[{"@type":"WebPage","@id":"https:\/\/www.xunzel.com\/store\/fr\/producto\/interrupteur-batterie-switchguard\/","url":"https:\/\/www.xunzel.com\/store\/fr\/producto\/interrupteur-batterie-switchguard\/","name":"Interrupteur batterie SWITCHGUARD &#8211; Xunzel","isPartOf":{"@id":"https:\/\/www.xunzel.com\/store\/fr\/#website"},"primaryImageOfPage":{"@id":"https:\/\/www.xunzel.com\/store\/fr\/producto\/interrupteur-batterie-switchguard\/#primaryimage"},"image":{"@id":"https:\/\/www.xunzel.com\/store\/fr\/producto\/interrupteur-batterie-switchguard\/#primaryimage"},"thumbnailUrl":"https:\/\/www.xunzel.com\/store\/wp-content\/uploads\/2024\/01\/SWBGUARD1_ISO_w.jpg","datePublished":"2024-01-22T12:26:32+00:00","dateModified":"2024-04-04T11:52:39+00:00","breadcrumb":{"@id":"https:\/\/www.xunzel.com\/store\/fr\/producto\/interrupteur-batterie-switchguard\/#breadcrumb"},"inLanguage":"fr-FR","potentialAction":[{"@type":"ReadAction","target":["https:\/\/www.xunzel.com\/store\/fr\/producto\/interrupteur-batterie-switchguard\/"]}]},{"@type":"ImageObject","inLanguage":"fr-FR","@id":"https:\/\/www.xunzel.com\/store\/fr\/producto\/interrupteur-batterie-switchguard\/#primaryimage","url":"https:\/\/www.xunzel.com\/store\/wp-content\/uploads\/2024\/01\/SWBGUARD1_ISO_w.jpg","contentUrl":"https:\/\/www.xunzel.com\/store\/wp-content\/uploads\/2024\/01\/SWBGUARD1_ISO_w.jpg","width":2500,"height":2500},{"@type":"BreadcrumbList","@id":"https:\/\/www.xunzel.com\/store\/fr\/producto\/interrupteur-batterie-switchguard\/#breadcrumb","itemListElement":[{"@type":"ListItem","position":1,"name":"Portada","item":"https:\/\/www.xunzel.com\/store\/fr\/"},{"@type":"ListItem","position":2,"name":"Magasin","item":"https:\/\/www.xunzel.com\/store\/tienda\/"},{"@type":"ListItem","position":3,"name":"Interrupteur batterie SWITCHGUARD"}]},{"@type":"WebSite","@id":"https:\/\/www.xunzel.com\/store\/fr\/#website","url":"https:\/\/www.xunzel.com\/store\/fr\/","name":"Xunzel","description":"Energy in a box - The Electric Revolution","publisher":{"@id":"https:\/\/www.xunzel.com\/store\/fr\/#organization"},"potentialAction":[{"@type":"SearchAction","target":{"@type":"EntryPoint","urlTemplate":"https:\/\/www.xunzel.com\/store\/fr\/?s={search_term_string}"},"query-input":{"@type":"PropertyValueSpecification","valueRequired":true,"valueName":"search_term_string"}}],"inLanguage":"fr-FR"},{"@type":"Organization","@id":"https:\/\/www.xunzel.com\/store\/fr\/#organization","name":"Xunzel","url":"https:\/\/www.xunzel.com\/store\/fr\/","logo":{"@type":"ImageObject","inLanguage":"fr-FR","@id":"https:\/\/www.xunzel.com\/store\/fr\/#\/schema\/logo\/image\/","url":"https:\/\/www.xunzel.com\/store\/wp-content\/uploads\/2021\/01\/logo-xunzel-footer.png","contentUrl":"https:\/\/www.xunzel.com\/store\/wp-content\/uploads\/2021\/01\/logo-xunzel-footer.png","width":280,"height":52,"caption":"Xunzel"},"image":{"@id":"https:\/\/www.xunzel.com\/store\/fr\/#\/schema\/logo\/image\/"}}]}},"_links":{"self":[{"href":"https:\/\/www.xunzel.com\/store\/fr\/wp-json\/wp\/v2\/product\/19930","targetHints":{"allow":["GET"]}}],"collection":[{"href":"https:\/\/www.xunzel.com\/store\/fr\/wp-json\/wp\/v2\/product"}],"about":[{"href":"https:\/\/www.xunzel.com\/store\/fr\/wp-json\/wp\/v2\/types\/product"}],"wp:featuredmedia":[{"embeddable":true,"href":"https:\/\/www.xunzel.com\/store\/fr\/wp-json\/wp\/v2\/media\/19097"}],"wp:attachment":[{"href":"https:\/\/www.xunzel.com\/store\/fr\/wp-json\/wp\/v2\/media?parent=19930"}],"wp:term":[{"taxonomy":"product_brand","embeddable":true,"href":"https:\/\/www.xunzel.com\/store\/fr\/wp-json\/wp\/v2\/product_brand?post=19930"},{"taxonomy":"product_cat","embeddable":true,"href":"https:\/\/www.xunzel.com\/store\/fr\/wp-json\/wp\/v2\/product_cat?post=19930"},{"taxonomy":"product_tag","embeddable":true,"href":"https:\/\/www.xunzel.com\/store\/fr\/wp-json\/wp\/v2\/product_tag?post=19930"}],"curies":[{"name":"wp","href":"https:\/\/api.w.org\/{rel}","templated":true}]}}