{"id":19437,"date":"2024-02-26T13:43:00","date_gmt":"2024-02-26T12:43:00","guid":{"rendered":"https:\/\/www.xunzel.com\/store\/producto\/pack-zero-pz275\/"},"modified":"2025-06-23T09:37:18","modified_gmt":"2025-06-23T07:37:18","slug":"pack-zero-pz275","status":"publish","type":"product","link":"https:\/\/www.xunzel.com\/store\/fr\/producto\/pack-zero-pz275\/","title":{"rendered":"PACK ZERO+ PZ275"},"content":{"rendered":"<p>PACK ZERO+ PZ275 XUNZEL. Syst\u00e8me solaire complet pr\u00eat-\u00e0-porter et \u00e0 cr\u00e9er votre \u00e9nergie. Supports de montage inclus.<br \/>\nDe l\u2019\u00e9clairage et de l\u2019\u00e9lectricit\u00e9 o\u00f9 vous voulez. Tout est inclus. Pr\u00eat \u00e0 \u00eatre install\u00e9 et utilis\u00e9. Plug &amp; Play.<br \/>\nCon\u00e7u pour une \u00e9lectrification totale jusqu\u2019\u00e0 5000W.<\/p>\n<p>Capacit\u00e9 de production moyenne jusqu\u2019\u00e0 25kWh\/jour (10x panneau <a href=\"https:\/\/www.xunzel.com\/store\/fr\/producto\/solarpower-on-perc-425w-n30\/\" target=\"_blank\" rel=\"noopener\"><strong>SOLARPOWER-ON-425W<\/strong><\/a>).<br \/>\nCapacit\u00e9 de production mensuelle jusqu\u2019\u00e0 750kWh.<br \/>\nR\u00e9duction annuelle moyenne des \u00e9missions de CO2 jusqu\u2019\u00e0 3.400kg.<br \/>\nPanneau Solaire \u00e0 haut rendement. Dimensions r\u00e9duites et optimis\u00e9es. 1754x1096x30mm.<\/p>\n<p>Capacit\u00e9 de la batterie 4x <a href=\"https:\/\/www.xunzel.com\/store\/fr\/producto\/solarx-290\/\" target=\"_blank\" rel=\"noopener\"><strong>SOLARX-290<\/strong> <\/a>jusqu\u2019\u00e0 14000Wh.<br \/>\nBatterie Solaire \u00e0 cycle profond, longue dur\u00e9e de vie, sans entretien, scell\u00e9e et 100% s\u00e9curis\u00e9e.<br \/>\nAvec onduleur\/chargeur MPPT <a href=\"https:\/\/www.xunzel.com\/store\/wp-content\/uploads\/shared-files\/IXS-ON-XUNZEL-Series-ENG1.pdf\" target=\"_blank\" rel=\"noopener\"><strong>IXS-ON-5000W<\/strong> <\/a>(10kW en cr\u00eate) sortie 230V\/50Hz.<br \/>\nAvec WIFI int\u00e9gr\u00e9 pour surveiller votre syst\u00e8me depuis n\u2019importe o\u00f9.<br \/>\nEntr\u00e9e suppl\u00e9mentaire pour g\u00e9n\u00e9rateur et\/ou r\u00e9seau \u00e9lectrique avec d\u00e9marrage automatique.<\/p>\n<p>Comprend le syst\u00e8me de montage coplanaire <a href=\"https:\/\/www.xunzel.com\/store\/fr\/categorie-produit\/solarpower\/supports-panneaux-solaires\/\" target=\"_blank\" rel=\"noopener\"><strong>SOLTILE<\/strong><\/a>, c\u00e2bles, connecteurs universels <a href=\"https:\/\/www.xunzel.com\/store\/fr\/categorie-produit\/solarpower\/cables-connecteurs\/\" target=\"_blank\" rel=\"noopener\"><strong>XUNKLIK<\/strong><\/a>, protections photovolta\u00efques <strong>PVGUARD<\/strong> et protections de batterie <a href=\"https:\/\/www.xunzel.com\/store\/fr\/categorie-produit\/batteries\/controle-protections\/\" target=\"_blank\" rel=\"noopener\"><strong>BATTGUARD + SWGUARD<\/strong><\/a>.<\/p>\n<p><span data-sheets-formula-bar-text-style=\"font-size:15px;color:#000000;font-weight:normal;text-decoration:none;font-family:''Arial'';font-style:normal;text-decoration-skip-ink:none;\">Accessoires XUNZEL optionnels non inclus:<\/span><\/p>\n<ul>\n<li><span data-sheets-formula-bar-text-style=\"font-size:15px;color:#ff0000;font-weight:normal;text-decoration:none;font-family:''Arial'';font-style:normal;text-decoration-skip-ink:none;\">4x <\/span><a href=\"https:\/\/www.xunzel.com\/store\/fr\/producto\/tr1v120025x2\/\" target=\"_blank\" rel=\"noopener\"><strong>TR1V120025X2 <\/strong><\/a><span data-sheets-formula-bar-text-style=\"font-size:15px;color:#000000;font-weight:normal;text-decoration:none;font-family:''Arial'';font-style:normal;text-decoration-skip-ink:none;\">&#8211; Jeu de triangles pour sol\/toit plat<br \/>\n<\/span><\/li>\n<li><span data-sheets-formula-bar-text-style=\"font-size:15px;color:#ff0000;font-weight:normal;text-decoration:none;font-family:''Arial'';font-style:normal;text-decoration-skip-ink:none;\">5x <\/span><a href=\"https:\/\/www.xunzel.com\/store\/fr\/producto\/soltilefixm10\/\" target=\"_blank\" rel=\"noopener\"><strong>SOLTILEFIXM10 <\/strong><\/a><span data-sheets-formula-bar-text-style=\"font-size:15px;color:#000000;font-weight:normal;text-decoration:none;font-family:''Arial'';font-style:normal;text-decoration-skip-ink:none;\">&#8211; Syst\u00e8me de fixation pour toits inclin\u00e9s<\/span><\/li>\n<\/ul>\n<p>Homologu\u00e9. \u00c9volutif.<br \/>\nZERO probl\u00e8me. S\u00fbr, Fiable et sans entretien.<\/p>\n","protected":false},"excerpt":{"rendered":"<p>PACK ZERO+ PZ275 XUNZEL. Syst\u00e8me Solaire Complet avec Supports de Fixation inclus. Con\u00e7u pour une \u00c9lectrification Totale jusqu\u2019\u00e0 3000W. Pr\u00eat \u00e0 Energiser. S\u00fbr, Fiable et sans entretien. Avec onduleur\/chargeur MPPT <a href=\"https:\/\/www.xunzel.com\/store\/wp-content\/uploads\/shared-files\/IXS-ON-XUNZEL-Series-ENG1.pdf\" target=\"_blank\" rel=\"noopener\"><strong>IXS-ON-5000W<\/strong> <\/a>(10kW en cr\u00eate). Capacit\u00e9 de production moyenne jusqu\u2019\u00e0 25kWh\/jour, 10x <a href=\"https:\/\/www.xunzel.com\/store\/fr\/producto\/solarpower-on-perc-425w-n30\/\" target=\"_blank\" rel=\"noopener\"><strong>SOLARPOWER-ON-425W<\/strong><\/a> panneau solaire, avec des dimensions optimis\u00e9es. Capacit\u00e9 de la batterie jusqu\u2019\u00e0 14000Wh. Batterie Solaire 4x <a href=\"https:\/\/www.xunzel.com\/store\/fr\/producto\/solarx-290\/\" target=\"_blank\" rel=\"noopener\"><strong>SOLARX-290<\/strong> <\/a>\u00e0 cycle profond, longue dur\u00e9e de vie, sans entretien, scell\u00e9e et 100% s\u00e9curis\u00e9e. Syst\u00e8me de montage coplanaire <a href=\"https:\/\/www.xunzel.com\/store\/fr\/categorie-produit\/solarpower\/supports-panneaux-solaires\/\" target=\"_blank\" rel=\"noopener\"><strong>SOLTILE<\/strong><\/a>, c\u00e2bles solaires, connecteurs universels <a href=\"https:\/\/www.xunzel.com\/store\/fr\/categorie-produit\/solarpower\/cables-connecteurs\/\" target=\"_blank\" rel=\"noopener\"><strong>XUNKLIK<\/strong><\/a>, protections photovolta\u00efques <strong>PVGUARD<\/strong> et protections de batterie <a href=\"https:\/\/www.xunzel.com\/store\/fr\/categorie-produit\/batteries\/controle-protections\/\" target=\"_blank\" rel=\"noopener\"><strong>BATTGUARD + SWGUARD<\/strong><\/a> incluses. Avec WIFI int\u00e9gr\u00e9 pour surveiller votre syst\u00e8me depuis n\u2019importe o\u00f9. Entr\u00e9e suppl\u00e9mentaire pour g\u00e9n\u00e9rateur et\/ou r\u00e9seau avec d\u00e9marrage automatique. \u00c9quipement homologu\u00e9. \u00c9volutif.<\/p>\n<p><span class=\"shared-files-shortcode-admin-list shared-files-shortcode-admin-list-file shared-files-shortcode-19381\" title=\"[shared_files file_id=19381]\">[shared_files file_id=19381]<\/span><\/p>\n","protected":false},"featured_media":19529,"template":"","meta":{"_acf_changed":false},"product_brand":[],"product_cat":[486],"product_tag":[],"class_list":{"0":"post-19437","1":"product","2":"type-product","3":"status-publish","4":"has-post-thumbnail","6":"product_cat-pack-zero","8":"first","9":"onbackorder","10":"taxable","11":"shipping-taxable","12":"purchasable","13":"product-type-simple"},"acf":[],"yoast_head":"<!-- This site is optimized with the Yoast SEO plugin v25.4 - https:\/\/yoast.com\/wordpress\/plugins\/seo\/ -->\n<title>PACK ZERO+ PZ275 &#8211; Xunzel<\/title>\n<meta name=\"robots\" content=\"index, follow, max-snippet:-1, max-image-preview:large, max-video-preview:-1\" \/>\n<link rel=\"canonical\" href=\"https:\/\/www.xunzel.com\/store\/fr\/producto\/pack-zero-pz275\/\" \/>\n<meta property=\"og:locale\" content=\"fr_FR\" \/>\n<meta property=\"og:type\" content=\"article\" \/>\n<meta property=\"og:title\" content=\"PACK ZERO+ PZ275 &#8211; Xunzel\" \/>\n<meta property=\"og:description\" content=\"PACK ZERO+ PZ275 XUNZEL. Syst\u00e8me Solaire Complet avec Supports de Fixation inclus. Con\u00e7u pour une \u00c9lectrification Totale jusqu\u2019\u00e0 3000W. Pr\u00eat \u00e0 Energiser. S\u00fbr, Fiable et sans entretien. Avec onduleur\/chargeur MPPT IXS-ON-5000W (10kW en cr\u00eate). Capacit\u00e9 de production moyenne jusqu\u2019\u00e0 25kWh\/jour, 10x SOLARPOWER-ON-425W panneau solaire, avec des dimensions optimis\u00e9es. Capacit\u00e9 de la batterie jusqu\u2019\u00e0 14000Wh. Batterie Solaire 4x SOLARX-290 \u00e0 cycle profond, longue dur\u00e9e de vie, sans entretien, scell\u00e9e et 100% s\u00e9curis\u00e9e. Syst\u00e8me de montage coplanaire SOLTILE, c\u00e2bles solaires, connecteurs universels XUNKLIK, protections photovolta\u00efques PVGUARD et protections de batterie BATTGUARD + SWGUARD incluses. Avec WIFI int\u00e9gr\u00e9 pour surveiller votre syst\u00e8me depuis n\u2019importe o\u00f9. Entr\u00e9e suppl\u00e9mentaire pour g\u00e9n\u00e9rateur et\/ou r\u00e9seau avec d\u00e9marrage automatique. \u00c9quipement homologu\u00e9. \u00c9volutif.\" \/>\n<meta property=\"og:url\" content=\"https:\/\/www.xunzel.com\/store\/fr\/producto\/pack-zero-pz275\/\" \/>\n<meta property=\"og:site_name\" content=\"Xunzel\" \/>\n<meta property=\"article:modified_time\" content=\"2025-06-23T07:37:18+00:00\" \/>\n<meta property=\"og:image\" content=\"https:\/\/www.xunzel.com\/store\/wp-content\/uploads\/2024\/02\/PACK-ZERO-PZ275.jpg\" \/>\n\t<meta property=\"og:image:width\" content=\"2250\" \/>\n\t<meta property=\"og:image:height\" content=\"2250\" \/>\n\t<meta property=\"og:image:type\" content=\"image\/jpeg\" \/>\n<meta name=\"twitter:card\" content=\"summary_large_image\" \/>\n<meta name=\"twitter:label1\" content=\"Dur\u00e9e de lecture estim\u00e9e\" \/>\n\t<meta name=\"twitter:data1\" content=\"2 minutes\" \/>\n<script type=\"application\/ld+json\" class=\"yoast-schema-graph\">{\"@context\":\"https:\/\/schema.org\",\"@graph\":[{\"@type\":\"WebPage\",\"@id\":\"https:\/\/www.xunzel.com\/store\/fr\/producto\/pack-zero-pz275\/\",\"url\":\"https:\/\/www.xunzel.com\/store\/fr\/producto\/pack-zero-pz275\/\",\"name\":\"PACK ZERO+ PZ275 &#8211; Xunzel\",\"isPartOf\":{\"@id\":\"https:\/\/www.xunzel.com\/store\/fr\/#website\"},\"primaryImageOfPage\":{\"@id\":\"https:\/\/www.xunzel.com\/store\/fr\/producto\/pack-zero-pz275\/#primaryimage\"},\"image\":{\"@id\":\"https:\/\/www.xunzel.com\/store\/fr\/producto\/pack-zero-pz275\/#primaryimage\"},\"thumbnailUrl\":\"https:\/\/www.xunzel.com\/store\/wp-content\/uploads\/2024\/02\/PACK-ZERO-PZ275.jpg\",\"datePublished\":\"2024-02-26T12:43:00+00:00\",\"dateModified\":\"2025-06-23T07:37:18+00:00\",\"breadcrumb\":{\"@id\":\"https:\/\/www.xunzel.com\/store\/fr\/producto\/pack-zero-pz275\/#breadcrumb\"},\"inLanguage\":\"fr-FR\",\"potentialAction\":[{\"@type\":\"ReadAction\",\"target\":[\"https:\/\/www.xunzel.com\/store\/fr\/producto\/pack-zero-pz275\/\"]}]},{\"@type\":\"ImageObject\",\"inLanguage\":\"fr-FR\",\"@id\":\"https:\/\/www.xunzel.com\/store\/fr\/producto\/pack-zero-pz275\/#primaryimage\",\"url\":\"https:\/\/www.xunzel.com\/store\/wp-content\/uploads\/2024\/02\/PACK-ZERO-PZ275.jpg\",\"contentUrl\":\"https:\/\/www.xunzel.com\/store\/wp-content\/uploads\/2024\/02\/PACK-ZERO-PZ275.jpg\",\"width\":2250,\"height\":2250},{\"@type\":\"BreadcrumbList\",\"@id\":\"https:\/\/www.xunzel.com\/store\/fr\/producto\/pack-zero-pz275\/#breadcrumb\",\"itemListElement\":[{\"@type\":\"ListItem\",\"position\":1,\"name\":\"Portada\",\"item\":\"https:\/\/www.xunzel.com\/store\/fr\/\"},{\"@type\":\"ListItem\",\"position\":2,\"name\":\"Magasin\",\"item\":\"https:\/\/www.xunzel.com\/store\/tienda\/\"},{\"@type\":\"ListItem\",\"position\":3,\"name\":\"PACK ZERO+ PZ275\"}]},{\"@type\":\"WebSite\",\"@id\":\"https:\/\/www.xunzel.com\/store\/fr\/#website\",\"url\":\"https:\/\/www.xunzel.com\/store\/fr\/\",\"name\":\"Xunzel\",\"description\":\"Energy in a box - The Electric Revolution\",\"publisher\":{\"@id\":\"https:\/\/www.xunzel.com\/store\/fr\/#organization\"},\"potentialAction\":[{\"@type\":\"SearchAction\",\"target\":{\"@type\":\"EntryPoint\",\"urlTemplate\":\"https:\/\/www.xunzel.com\/store\/fr\/?s={search_term_string}\"},\"query-input\":{\"@type\":\"PropertyValueSpecification\",\"valueRequired\":true,\"valueName\":\"search_term_string\"}}],\"inLanguage\":\"fr-FR\"},{\"@type\":\"Organization\",\"@id\":\"https:\/\/www.xunzel.com\/store\/fr\/#organization\",\"name\":\"Xunzel\",\"url\":\"https:\/\/www.xunzel.com\/store\/fr\/\",\"logo\":{\"@type\":\"ImageObject\",\"inLanguage\":\"fr-FR\",\"@id\":\"https:\/\/www.xunzel.com\/store\/fr\/#\/schema\/logo\/image\/\",\"url\":\"https:\/\/www.xunzel.com\/store\/wp-content\/uploads\/2021\/01\/logo-xunzel-footer.png\",\"contentUrl\":\"https:\/\/www.xunzel.com\/store\/wp-content\/uploads\/2021\/01\/logo-xunzel-footer.png\",\"width\":280,\"height\":52,\"caption\":\"Xunzel\"},\"image\":{\"@id\":\"https:\/\/www.xunzel.com\/store\/fr\/#\/schema\/logo\/image\/\"}}]}<\/script>\n<!-- \/ Yoast SEO plugin. -->","yoast_head_json":{"title":"PACK ZERO+ PZ275 &#8211; Xunzel","robots":{"index":"index","follow":"follow","max-snippet":"max-snippet:-1","max-image-preview":"max-image-preview:large","max-video-preview":"max-video-preview:-1"},"canonical":"https:\/\/www.xunzel.com\/store\/fr\/producto\/pack-zero-pz275\/","og_locale":"fr_FR","og_type":"article","og_title":"PACK ZERO+ PZ275 &#8211; Xunzel","og_description":"PACK ZERO+ PZ275 XUNZEL. Syst\u00e8me Solaire Complet avec Supports de Fixation inclus. Con\u00e7u pour une \u00c9lectrification Totale jusqu\u2019\u00e0 3000W. Pr\u00eat \u00e0 Energiser. S\u00fbr, Fiable et sans entretien. Avec onduleur\/chargeur MPPT IXS-ON-5000W (10kW en cr\u00eate). Capacit\u00e9 de production moyenne jusqu\u2019\u00e0 25kWh\/jour, 10x SOLARPOWER-ON-425W panneau solaire, avec des dimensions optimis\u00e9es. Capacit\u00e9 de la batterie jusqu\u2019\u00e0 14000Wh. Batterie Solaire 4x SOLARX-290 \u00e0 cycle profond, longue dur\u00e9e de vie, sans entretien, scell\u00e9e et 100% s\u00e9curis\u00e9e. Syst\u00e8me de montage coplanaire SOLTILE, c\u00e2bles solaires, connecteurs universels XUNKLIK, protections photovolta\u00efques PVGUARD et protections de batterie BATTGUARD + SWGUARD incluses. Avec WIFI int\u00e9gr\u00e9 pour surveiller votre syst\u00e8me depuis n\u2019importe o\u00f9. Entr\u00e9e suppl\u00e9mentaire pour g\u00e9n\u00e9rateur et\/ou r\u00e9seau avec d\u00e9marrage automatique. \u00c9quipement homologu\u00e9. \u00c9volutif.","og_url":"https:\/\/www.xunzel.com\/store\/fr\/producto\/pack-zero-pz275\/","og_site_name":"Xunzel","article_modified_time":"2025-06-23T07:37:18+00:00","og_image":[{"width":2250,"height":2250,"url":"https:\/\/www.xunzel.com\/store\/wp-content\/uploads\/2024\/02\/PACK-ZERO-PZ275.jpg","type":"image\/jpeg"}],"twitter_card":"summary_large_image","twitter_misc":{"Dur\u00e9e de lecture estim\u00e9e":"2 minutes"},"schema":{"@context":"https:\/\/schema.org","@graph":[{"@type":"WebPage","@id":"https:\/\/www.xunzel.com\/store\/fr\/producto\/pack-zero-pz275\/","url":"https:\/\/www.xunzel.com\/store\/fr\/producto\/pack-zero-pz275\/","name":"PACK ZERO+ PZ275 &#8211; Xunzel","isPartOf":{"@id":"https:\/\/www.xunzel.com\/store\/fr\/#website"},"primaryImageOfPage":{"@id":"https:\/\/www.xunzel.com\/store\/fr\/producto\/pack-zero-pz275\/#primaryimage"},"image":{"@id":"https:\/\/www.xunzel.com\/store\/fr\/producto\/pack-zero-pz275\/#primaryimage"},"thumbnailUrl":"https:\/\/www.xunzel.com\/store\/wp-content\/uploads\/2024\/02\/PACK-ZERO-PZ275.jpg","datePublished":"2024-02-26T12:43:00+00:00","dateModified":"2025-06-23T07:37:18+00:00","breadcrumb":{"@id":"https:\/\/www.xunzel.com\/store\/fr\/producto\/pack-zero-pz275\/#breadcrumb"},"inLanguage":"fr-FR","potentialAction":[{"@type":"ReadAction","target":["https:\/\/www.xunzel.com\/store\/fr\/producto\/pack-zero-pz275\/"]}]},{"@type":"ImageObject","inLanguage":"fr-FR","@id":"https:\/\/www.xunzel.com\/store\/fr\/producto\/pack-zero-pz275\/#primaryimage","url":"https:\/\/www.xunzel.com\/store\/wp-content\/uploads\/2024\/02\/PACK-ZERO-PZ275.jpg","contentUrl":"https:\/\/www.xunzel.com\/store\/wp-content\/uploads\/2024\/02\/PACK-ZERO-PZ275.jpg","width":2250,"height":2250},{"@type":"BreadcrumbList","@id":"https:\/\/www.xunzel.com\/store\/fr\/producto\/pack-zero-pz275\/#breadcrumb","itemListElement":[{"@type":"ListItem","position":1,"name":"Portada","item":"https:\/\/www.xunzel.com\/store\/fr\/"},{"@type":"ListItem","position":2,"name":"Magasin","item":"https:\/\/www.xunzel.com\/store\/tienda\/"},{"@type":"ListItem","position":3,"name":"PACK ZERO+ PZ275"}]},{"@type":"WebSite","@id":"https:\/\/www.xunzel.com\/store\/fr\/#website","url":"https:\/\/www.xunzel.com\/store\/fr\/","name":"Xunzel","description":"Energy in a box - The Electric Revolution","publisher":{"@id":"https:\/\/www.xunzel.com\/store\/fr\/#organization"},"potentialAction":[{"@type":"SearchAction","target":{"@type":"EntryPoint","urlTemplate":"https:\/\/www.xunzel.com\/store\/fr\/?s={search_term_string}"},"query-input":{"@type":"PropertyValueSpecification","valueRequired":true,"valueName":"search_term_string"}}],"inLanguage":"fr-FR"},{"@type":"Organization","@id":"https:\/\/www.xunzel.com\/store\/fr\/#organization","name":"Xunzel","url":"https:\/\/www.xunzel.com\/store\/fr\/","logo":{"@type":"ImageObject","inLanguage":"fr-FR","@id":"https:\/\/www.xunzel.com\/store\/fr\/#\/schema\/logo\/image\/","url":"https:\/\/www.xunzel.com\/store\/wp-content\/uploads\/2021\/01\/logo-xunzel-footer.png","contentUrl":"https:\/\/www.xunzel.com\/store\/wp-content\/uploads\/2021\/01\/logo-xunzel-footer.png","width":280,"height":52,"caption":"Xunzel"},"image":{"@id":"https:\/\/www.xunzel.com\/store\/fr\/#\/schema\/logo\/image\/"}}]}},"_links":{"self":[{"href":"https:\/\/www.xunzel.com\/store\/fr\/wp-json\/wp\/v2\/product\/19437","targetHints":{"allow":["GET"]}}],"collection":[{"href":"https:\/\/www.xunzel.com\/store\/fr\/wp-json\/wp\/v2\/product"}],"about":[{"href":"https:\/\/www.xunzel.com\/store\/fr\/wp-json\/wp\/v2\/types\/product"}],"wp:featuredmedia":[{"embeddable":true,"href":"https:\/\/www.xunzel.com\/store\/fr\/wp-json\/wp\/v2\/media\/19529"}],"wp:attachment":[{"href":"https:\/\/www.xunzel.com\/store\/fr\/wp-json\/wp\/v2\/media?parent=19437"}],"wp:term":[{"taxonomy":"product_brand","embeddable":true,"href":"https:\/\/www.xunzel.com\/store\/fr\/wp-json\/wp\/v2\/product_brand?post=19437"},{"taxonomy":"product_cat","embeddable":true,"href":"https:\/\/www.xunzel.com\/store\/fr\/wp-json\/wp\/v2\/product_cat?post=19437"},{"taxonomy":"product_tag","embeddable":true,"href":"https:\/\/www.xunzel.com\/store\/fr\/wp-json\/wp\/v2\/product_tag?post=19437"}],"curies":[{"name":"wp","href":"https:\/\/api.w.org\/{rel}","templated":true}]}}