{"id":19403,"date":"2024-02-23T11:06:19","date_gmt":"2024-02-23T10:06:19","guid":{"rendered":"https:\/\/www.xunzel.com\/store\/producto\/pack-zero-pz035\/"},"modified":"2025-06-23T09:44:54","modified_gmt":"2025-06-23T07:44:54","slug":"pack-zero-pz035","status":"publish","type":"product","link":"https:\/\/www.xunzel.com\/store\/fr\/producto\/pack-zero-pz035\/","title":{"rendered":"PACK ZERO+ PZ035"},"content":{"rendered":"<p>PACK ZERO+ PZ035 XUNZEL. Syst\u00e8me solaire complet pr\u00eat-\u00e0-porter et \u00e0 cr\u00e9er votre \u00e9nergie. Supports de montage inclus.<br \/>\nDe l\u2019\u00e9clairage et de l\u2019\u00e9lectricit\u00e9 o\u00f9 vous voulez. Tout est inclus. Pr\u00eat \u00e0 installer et \u00e0 utiliser. Plug &amp; Play.<br \/>\nCon\u00e7u pour l\u2019\u00e9clairage LED et l\u2019electricit\u00e9 d\u2019appoint jusqu\u2019\u00e0 1000W.<\/p>\n<p>Capacit\u00e9 de production moyenne jusqu\u2019\u00e0 4800Wh\/jour (2x panneau <a href=\"https:\/\/www.xunzel.com\/store\/fr\/producto\/solarpower-on-perc-425w-n30\/\" target=\"_blank\" rel=\"noopener\"><strong>SOLARPOWER-<\/strong><strong>ON-425W<\/strong><\/a>).<br \/>\nCapacit\u00e9 de production mensuelle jusqu\u2019\u00e0 145kWh.<br \/>\nR\u00e9duction annuelle moyenne des \u00e9missions de CO2 jusqu\u2019\u00e0 700kg.<br \/>\nPanneau Solaire \u00e0 haut rendement. Dimensions r\u00e9duites et optimis\u00e9es. 1754x1096x30mm.<\/p>\n<p>Capacit\u00e9 de la batterie <strong><a href=\"https:\/\/www.xunzel.com\/store\/fr\/producto\/solarx-240\/\" target=\"_blank\" rel=\"noopener\">SOLARX-240<\/a> <\/strong>jusqu\u2019\u00e0 2800Wh.<br \/>\nBatterie Solaire \u00e0 cycle profond, longue dur\u00e9e de vie, sans entretien, scell\u00e9e et 100% s\u00fbre.<br \/>\nAvec onduleur \u00e0 onde pure <strong><a href=\"https:\/\/www.xunzel.com\/store\/fr\/producto\/xj-1000w-12v\/\" target=\"_blank\" rel=\"noopener\">XJ-1000W<\/a> <\/strong>(2000W en cr\u00eate) sortie 230V\/50Hz.<br \/>\nAvec Sortie USB pour charge 2.1A.<\/p>\n<p>Chargeur solaire \u00e0 haute efficacit\u00e9. Le syst\u00e8me de montage coplanaire <a href=\"https:\/\/www.xunzel.com\/store\/fr\/categorie-produit\/solarpower\/supports-panneaux-solaires\/\" target=\"_blank\" rel=\"noopener\"><strong>SOLTILE<\/strong><\/a>, c\u00e2bles, connecteurs universels <a href=\"https:\/\/www.xunzel.com\/store\/fr\/categorie-produit\/solarpower\/cables-connecteurs\/\" target=\"_blank\" rel=\"noopener\"><strong>XUNKLIK<\/strong><\/a>, et protections de batterie <a href=\"https:\/\/www.xunzel.com\/store\/fr\/categorie-produit\/batteries\/controle-protections\/\" target=\"_blank\" rel=\"noopener\"><strong>BATTGUARD + SWGUARD<\/strong> <\/a>incluses.<\/p>\n<p><span data-sheets-formula-bar-text-style=\"font-size:15px;color:#000000;font-weight:normal;text-decoration:none;font-family:''Arial'';font-style:normal;text-decoration-skip-ink:none;\">Accessoires XUNZEL optionnels non inclus:<\/span><\/p>\n<ul>\n<li><span data-sheets-formula-bar-text-style=\"font-size:15px;color:#ff0000;font-weight:normal;text-decoration:none;font-family:''Arial'';font-style:normal;text-decoration-skip-ink:none;\">1x <\/span><a href=\"https:\/\/www.xunzel.com\/store\/fr\/producto\/tr1v120025x2\/\" target=\"_blank\" rel=\"noopener\"><strong>TR1V120025X2 <\/strong><\/a><span data-sheets-formula-bar-text-style=\"font-size:15px;color:#000000;font-weight:normal;text-decoration:none;font-family:''Arial'';font-style:normal;text-decoration-skip-ink:none;\">&#8211; Jeu de triangles pour sol\/toit plat<br \/>\n<\/span><\/li>\n<li><span data-sheets-formula-bar-text-style=\"font-size:15px;color:#ff0000;font-weight:normal;text-decoration:none;font-family:''Arial'';font-style:normal;text-decoration-skip-ink:none;\">1x <\/span><a href=\"https:\/\/www.xunzel.com\/store\/fr\/producto\/soltilefixm10\/\" target=\"_blank\" rel=\"noopener\"><strong>SOLTILEFIXM10 <\/strong><\/a><span data-sheets-formula-bar-text-style=\"font-size:15px;color:#000000;font-weight:normal;text-decoration:none;font-family:''Arial'';font-style:normal;text-decoration-skip-ink:none;\">&#8211; Syst\u00e8me de fixation pour toits inclin\u00e9s<\/span><\/li>\n<\/ul>\n<p>Homologu\u00e9. \u00c9volutive.<br \/>\nZERO probl\u00e8me. S\u00fbr, Fiable et sans entretien.<\/p>\n","protected":false},"excerpt":{"rendered":"<p>PACK ZERO+ PZ035 XUNZEL. Syst\u00e8me Solaire Complet avec Supports de Fixation inclus. Con\u00e7u pour l\u2019\u00e9clairage LED et electricit\u00e9 d&#8217;appoint jusqu\u2019\u00e0 1000W. Pr\u00eat \u00e0 Energiser. S\u00fbr, Fiable et sans entretien. Sortie USB pour charge 2.1A. Avec onduleur \u00e0 onde pure <strong><a href=\"https:\/\/www.xunzel.com\/store\/fr\/producto\/xj-1000w-12v\/\" target=\"_blank\" rel=\"noopener\">XJ-1000W<\/a> <\/strong>(2000W en cr\u00eate). Capacit\u00e9 de production moyenne jusqu\u2019\u00e0 2100Wh\/jour, 2x <a href=\"https:\/\/www.xunzel.com\/store\/fr\/producto\/solarpower-on-perc-425w-n30\/\" target=\"_blank\" rel=\"noopener\"><strong>SOLARPOWER-<\/strong><strong>ON-425W<\/strong><\/a> panneau solaire. Capacit\u00e9 de la batterie jusqu\u2019\u00e0 2800Wh. Batterie Solaire <strong><a href=\"https:\/\/www.xunzel.com\/store\/fr\/producto\/solarx-240\/\" target=\"_blank\" rel=\"noopener\">SOLARX-240<\/a> <\/strong>cycle profond, longue dur\u00e9e de vie, sans entretien, scell\u00e9e et 100% s\u00e9curis\u00e9e. Chargeur solaire <a href=\"https:\/\/www.xunzel.com\/store\/fr\/categorie-produit\/solarpower\/iscc-series-controleurs\/\" target=\"_blank\" rel=\"noopener\"><strong>ISCC-LXM<\/strong> <\/a>\u00e0 haut rendement et ultra-rapid. Syst\u00e8me de montage coplanaire <a href=\"https:\/\/www.xunzel.com\/store\/fr\/categorie-produit\/solarpower\/supports-panneaux-solaires\/\" target=\"_blank\" rel=\"noopener\"><strong>SOLTILE<\/strong><\/a>, c\u00e2bles solaires, connecteurs universels <a href=\"https:\/\/www.xunzel.com\/store\/fr\/categorie-produit\/solarpower\/cables-connecteurs\/\" target=\"_blank\" rel=\"noopener\"><strong>XUNKLIK<\/strong><\/a>, et protections de batterie <a href=\"https:\/\/www.xunzel.com\/store\/fr\/categorie-produit\/batteries\/controle-protections\/\" target=\"_blank\" rel=\"noopener\"><strong>BATTGUARD + SWGUARD <\/strong><\/a>incluses. \u00c9quipement homologu\u00e9. \u00c9volutif.<\/p>\n<p><span class=\"shared-files-shortcode-admin-list shared-files-shortcode-admin-list-file shared-files-shortcode-19348\" title=\"[shared_files file_id=19348]\"><span class=\"shared-files-shortcode-admin-list shared-files-shortcode-admin-list-file shared-files-shortcode-19374\" title=\"[shared_files file_id=19374]\"><span class=\"shared-files-shortcode-admin-list shared-files-shortcode-admin-list-file shared-files-shortcode-19375\" title=\"[shared_files file_id=19375]\"><span class=\"shared-files-shortcode-admin-list shared-files-shortcode-admin-list-file shared-files-shortcode-19377\" title=\"[shared_files file_id=19377]\">[shared_files file_id=19377]<\/span><\/span><\/span><\/span><\/p>\n","protected":false},"featured_media":19525,"template":"","meta":{"_acf_changed":false},"product_brand":[],"product_cat":[486],"product_tag":[],"class_list":{"0":"post-19403","1":"product","2":"type-product","3":"status-publish","4":"has-post-thumbnail","6":"product_cat-pack-zero","8":"first","9":"onbackorder","10":"taxable","11":"shipping-taxable","12":"purchasable","13":"product-type-simple"},"acf":[],"yoast_head":"<!-- This site is optimized with the Yoast SEO plugin v25.4 - https:\/\/yoast.com\/wordpress\/plugins\/seo\/ -->\n<title>PACK ZERO+ PZ035 &#8211; Xunzel<\/title>\n<meta name=\"robots\" content=\"index, follow, max-snippet:-1, max-image-preview:large, max-video-preview:-1\" \/>\n<link rel=\"canonical\" href=\"https:\/\/www.xunzel.com\/store\/fr\/producto\/pack-zero-pz035\/\" \/>\n<meta property=\"og:locale\" content=\"fr_FR\" \/>\n<meta property=\"og:type\" content=\"article\" \/>\n<meta property=\"og:title\" content=\"PACK ZERO+ PZ035 &#8211; Xunzel\" \/>\n<meta property=\"og:description\" content=\"PACK ZERO+ PZ035 XUNZEL. Syst\u00e8me Solaire Complet avec Supports de Fixation inclus. Con\u00e7u pour l\u2019\u00e9clairage LED et electricit\u00e9 d&#039;appoint jusqu\u2019\u00e0 1000W. Pr\u00eat \u00e0 Energiser. S\u00fbr, Fiable et sans entretien. Sortie USB pour charge 2.1A. Avec onduleur \u00e0 onde pure XJ-1000W (2000W en cr\u00eate). Capacit\u00e9 de production moyenne jusqu\u2019\u00e0 2100Wh\/jour, 2x SOLARPOWER-ON-425W panneau solaire. Capacit\u00e9 de la batterie jusqu\u2019\u00e0 2800Wh. Batterie Solaire SOLARX-240 cycle profond, longue dur\u00e9e de vie, sans entretien, scell\u00e9e et 100% s\u00e9curis\u00e9e. Chargeur solaire ISCC-LXM \u00e0 haut rendement et ultra-rapid. Syst\u00e8me de montage coplanaire SOLTILE, c\u00e2bles solaires, connecteurs universels XUNKLIK, et protections de batterie BATTGUARD + SWGUARD incluses. \u00c9quipement homologu\u00e9. \u00c9volutif.\" \/>\n<meta property=\"og:url\" content=\"https:\/\/www.xunzel.com\/store\/fr\/producto\/pack-zero-pz035\/\" \/>\n<meta property=\"og:site_name\" content=\"Xunzel\" \/>\n<meta property=\"article:modified_time\" content=\"2025-06-23T07:44:54+00:00\" \/>\n<meta property=\"og:image\" content=\"https:\/\/www.xunzel.com\/store\/wp-content\/uploads\/2024\/02\/PACK-ZERO-PZ035.jpg\" \/>\n\t<meta property=\"og:image:width\" content=\"2500\" \/>\n\t<meta property=\"og:image:height\" content=\"2500\" \/>\n\t<meta property=\"og:image:type\" content=\"image\/jpeg\" \/>\n<meta name=\"twitter:card\" content=\"summary_large_image\" \/>\n<meta name=\"twitter:label1\" content=\"Dur\u00e9e de lecture estim\u00e9e\" \/>\n\t<meta name=\"twitter:data1\" content=\"1 minute\" \/>\n<script type=\"application\/ld+json\" class=\"yoast-schema-graph\">{\"@context\":\"https:\/\/schema.org\",\"@graph\":[{\"@type\":\"WebPage\",\"@id\":\"https:\/\/www.xunzel.com\/store\/fr\/producto\/pack-zero-pz035\/\",\"url\":\"https:\/\/www.xunzel.com\/store\/fr\/producto\/pack-zero-pz035\/\",\"name\":\"PACK ZERO+ PZ035 &#8211; Xunzel\",\"isPartOf\":{\"@id\":\"https:\/\/www.xunzel.com\/store\/fr\/#website\"},\"primaryImageOfPage\":{\"@id\":\"https:\/\/www.xunzel.com\/store\/fr\/producto\/pack-zero-pz035\/#primaryimage\"},\"image\":{\"@id\":\"https:\/\/www.xunzel.com\/store\/fr\/producto\/pack-zero-pz035\/#primaryimage\"},\"thumbnailUrl\":\"https:\/\/www.xunzel.com\/store\/wp-content\/uploads\/2024\/02\/PACK-ZERO-PZ035.jpg\",\"datePublished\":\"2024-02-23T10:06:19+00:00\",\"dateModified\":\"2025-06-23T07:44:54+00:00\",\"breadcrumb\":{\"@id\":\"https:\/\/www.xunzel.com\/store\/fr\/producto\/pack-zero-pz035\/#breadcrumb\"},\"inLanguage\":\"fr-FR\",\"potentialAction\":[{\"@type\":\"ReadAction\",\"target\":[\"https:\/\/www.xunzel.com\/store\/fr\/producto\/pack-zero-pz035\/\"]}]},{\"@type\":\"ImageObject\",\"inLanguage\":\"fr-FR\",\"@id\":\"https:\/\/www.xunzel.com\/store\/fr\/producto\/pack-zero-pz035\/#primaryimage\",\"url\":\"https:\/\/www.xunzel.com\/store\/wp-content\/uploads\/2024\/02\/PACK-ZERO-PZ035.jpg\",\"contentUrl\":\"https:\/\/www.xunzel.com\/store\/wp-content\/uploads\/2024\/02\/PACK-ZERO-PZ035.jpg\",\"width\":2500,\"height\":2500},{\"@type\":\"BreadcrumbList\",\"@id\":\"https:\/\/www.xunzel.com\/store\/fr\/producto\/pack-zero-pz035\/#breadcrumb\",\"itemListElement\":[{\"@type\":\"ListItem\",\"position\":1,\"name\":\"Portada\",\"item\":\"https:\/\/www.xunzel.com\/store\/fr\/\"},{\"@type\":\"ListItem\",\"position\":2,\"name\":\"Magasin\",\"item\":\"https:\/\/www.xunzel.com\/store\/tienda\/\"},{\"@type\":\"ListItem\",\"position\":3,\"name\":\"PACK ZERO+ PZ035\"}]},{\"@type\":\"WebSite\",\"@id\":\"https:\/\/www.xunzel.com\/store\/fr\/#website\",\"url\":\"https:\/\/www.xunzel.com\/store\/fr\/\",\"name\":\"Xunzel\",\"description\":\"Energy in a box - The Electric Revolution\",\"publisher\":{\"@id\":\"https:\/\/www.xunzel.com\/store\/fr\/#organization\"},\"potentialAction\":[{\"@type\":\"SearchAction\",\"target\":{\"@type\":\"EntryPoint\",\"urlTemplate\":\"https:\/\/www.xunzel.com\/store\/fr\/?s={search_term_string}\"},\"query-input\":{\"@type\":\"PropertyValueSpecification\",\"valueRequired\":true,\"valueName\":\"search_term_string\"}}],\"inLanguage\":\"fr-FR\"},{\"@type\":\"Organization\",\"@id\":\"https:\/\/www.xunzel.com\/store\/fr\/#organization\",\"name\":\"Xunzel\",\"url\":\"https:\/\/www.xunzel.com\/store\/fr\/\",\"logo\":{\"@type\":\"ImageObject\",\"inLanguage\":\"fr-FR\",\"@id\":\"https:\/\/www.xunzel.com\/store\/fr\/#\/schema\/logo\/image\/\",\"url\":\"https:\/\/www.xunzel.com\/store\/wp-content\/uploads\/2021\/01\/logo-xunzel-footer.png\",\"contentUrl\":\"https:\/\/www.xunzel.com\/store\/wp-content\/uploads\/2021\/01\/logo-xunzel-footer.png\",\"width\":280,\"height\":52,\"caption\":\"Xunzel\"},\"image\":{\"@id\":\"https:\/\/www.xunzel.com\/store\/fr\/#\/schema\/logo\/image\/\"}}]}<\/script>\n<!-- \/ Yoast SEO plugin. -->","yoast_head_json":{"title":"PACK ZERO+ PZ035 &#8211; Xunzel","robots":{"index":"index","follow":"follow","max-snippet":"max-snippet:-1","max-image-preview":"max-image-preview:large","max-video-preview":"max-video-preview:-1"},"canonical":"https:\/\/www.xunzel.com\/store\/fr\/producto\/pack-zero-pz035\/","og_locale":"fr_FR","og_type":"article","og_title":"PACK ZERO+ PZ035 &#8211; Xunzel","og_description":"PACK ZERO+ PZ035 XUNZEL. Syst\u00e8me Solaire Complet avec Supports de Fixation inclus. Con\u00e7u pour l\u2019\u00e9clairage LED et electricit\u00e9 d'appoint jusqu\u2019\u00e0 1000W. Pr\u00eat \u00e0 Energiser. S\u00fbr, Fiable et sans entretien. Sortie USB pour charge 2.1A. Avec onduleur \u00e0 onde pure XJ-1000W (2000W en cr\u00eate). Capacit\u00e9 de production moyenne jusqu\u2019\u00e0 2100Wh\/jour, 2x SOLARPOWER-ON-425W panneau solaire. Capacit\u00e9 de la batterie jusqu\u2019\u00e0 2800Wh. Batterie Solaire SOLARX-240 cycle profond, longue dur\u00e9e de vie, sans entretien, scell\u00e9e et 100% s\u00e9curis\u00e9e. Chargeur solaire ISCC-LXM \u00e0 haut rendement et ultra-rapid. Syst\u00e8me de montage coplanaire SOLTILE, c\u00e2bles solaires, connecteurs universels XUNKLIK, et protections de batterie BATTGUARD + SWGUARD incluses. \u00c9quipement homologu\u00e9. \u00c9volutif.","og_url":"https:\/\/www.xunzel.com\/store\/fr\/producto\/pack-zero-pz035\/","og_site_name":"Xunzel","article_modified_time":"2025-06-23T07:44:54+00:00","og_image":[{"width":2500,"height":2500,"url":"https:\/\/www.xunzel.com\/store\/wp-content\/uploads\/2024\/02\/PACK-ZERO-PZ035.jpg","type":"image\/jpeg"}],"twitter_card":"summary_large_image","twitter_misc":{"Dur\u00e9e de lecture estim\u00e9e":"1 minute"},"schema":{"@context":"https:\/\/schema.org","@graph":[{"@type":"WebPage","@id":"https:\/\/www.xunzel.com\/store\/fr\/producto\/pack-zero-pz035\/","url":"https:\/\/www.xunzel.com\/store\/fr\/producto\/pack-zero-pz035\/","name":"PACK ZERO+ PZ035 &#8211; Xunzel","isPartOf":{"@id":"https:\/\/www.xunzel.com\/store\/fr\/#website"},"primaryImageOfPage":{"@id":"https:\/\/www.xunzel.com\/store\/fr\/producto\/pack-zero-pz035\/#primaryimage"},"image":{"@id":"https:\/\/www.xunzel.com\/store\/fr\/producto\/pack-zero-pz035\/#primaryimage"},"thumbnailUrl":"https:\/\/www.xunzel.com\/store\/wp-content\/uploads\/2024\/02\/PACK-ZERO-PZ035.jpg","datePublished":"2024-02-23T10:06:19+00:00","dateModified":"2025-06-23T07:44:54+00:00","breadcrumb":{"@id":"https:\/\/www.xunzel.com\/store\/fr\/producto\/pack-zero-pz035\/#breadcrumb"},"inLanguage":"fr-FR","potentialAction":[{"@type":"ReadAction","target":["https:\/\/www.xunzel.com\/store\/fr\/producto\/pack-zero-pz035\/"]}]},{"@type":"ImageObject","inLanguage":"fr-FR","@id":"https:\/\/www.xunzel.com\/store\/fr\/producto\/pack-zero-pz035\/#primaryimage","url":"https:\/\/www.xunzel.com\/store\/wp-content\/uploads\/2024\/02\/PACK-ZERO-PZ035.jpg","contentUrl":"https:\/\/www.xunzel.com\/store\/wp-content\/uploads\/2024\/02\/PACK-ZERO-PZ035.jpg","width":2500,"height":2500},{"@type":"BreadcrumbList","@id":"https:\/\/www.xunzel.com\/store\/fr\/producto\/pack-zero-pz035\/#breadcrumb","itemListElement":[{"@type":"ListItem","position":1,"name":"Portada","item":"https:\/\/www.xunzel.com\/store\/fr\/"},{"@type":"ListItem","position":2,"name":"Magasin","item":"https:\/\/www.xunzel.com\/store\/tienda\/"},{"@type":"ListItem","position":3,"name":"PACK ZERO+ PZ035"}]},{"@type":"WebSite","@id":"https:\/\/www.xunzel.com\/store\/fr\/#website","url":"https:\/\/www.xunzel.com\/store\/fr\/","name":"Xunzel","description":"Energy in a box - The Electric Revolution","publisher":{"@id":"https:\/\/www.xunzel.com\/store\/fr\/#organization"},"potentialAction":[{"@type":"SearchAction","target":{"@type":"EntryPoint","urlTemplate":"https:\/\/www.xunzel.com\/store\/fr\/?s={search_term_string}"},"query-input":{"@type":"PropertyValueSpecification","valueRequired":true,"valueName":"search_term_string"}}],"inLanguage":"fr-FR"},{"@type":"Organization","@id":"https:\/\/www.xunzel.com\/store\/fr\/#organization","name":"Xunzel","url":"https:\/\/www.xunzel.com\/store\/fr\/","logo":{"@type":"ImageObject","inLanguage":"fr-FR","@id":"https:\/\/www.xunzel.com\/store\/fr\/#\/schema\/logo\/image\/","url":"https:\/\/www.xunzel.com\/store\/wp-content\/uploads\/2021\/01\/logo-xunzel-footer.png","contentUrl":"https:\/\/www.xunzel.com\/store\/wp-content\/uploads\/2021\/01\/logo-xunzel-footer.png","width":280,"height":52,"caption":"Xunzel"},"image":{"@id":"https:\/\/www.xunzel.com\/store\/fr\/#\/schema\/logo\/image\/"}}]}},"_links":{"self":[{"href":"https:\/\/www.xunzel.com\/store\/fr\/wp-json\/wp\/v2\/product\/19403","targetHints":{"allow":["GET"]}}],"collection":[{"href":"https:\/\/www.xunzel.com\/store\/fr\/wp-json\/wp\/v2\/product"}],"about":[{"href":"https:\/\/www.xunzel.com\/store\/fr\/wp-json\/wp\/v2\/types\/product"}],"wp:featuredmedia":[{"embeddable":true,"href":"https:\/\/www.xunzel.com\/store\/fr\/wp-json\/wp\/v2\/media\/19525"}],"wp:attachment":[{"href":"https:\/\/www.xunzel.com\/store\/fr\/wp-json\/wp\/v2\/media?parent=19403"}],"wp:term":[{"taxonomy":"product_brand","embeddable":true,"href":"https:\/\/www.xunzel.com\/store\/fr\/wp-json\/wp\/v2\/product_brand?post=19403"},{"taxonomy":"product_cat","embeddable":true,"href":"https:\/\/www.xunzel.com\/store\/fr\/wp-json\/wp\/v2\/product_cat?post=19403"},{"taxonomy":"product_tag","embeddable":true,"href":"https:\/\/www.xunzel.com\/store\/fr\/wp-json\/wp\/v2\/product_tag?post=19403"}],"curies":[{"name":"wp","href":"https:\/\/api.w.org\/{rel}","templated":true}]}}