{"id":19006,"date":"2023-12-20T10:26:56","date_gmt":"2023-12-20T09:26:56","guid":{"rendered":"https:\/\/www.xunzel.com\/store\/product\/solpolewall-g\/"},"modified":"2024-03-27T16:16:34","modified_gmt":"2024-03-27T15:16:34","slug":"solpolewall-g","status":"publish","type":"product","link":"https:\/\/www.xunzel.com\/store\/fr\/producto\/solpolewall-g\/","title":{"rendered":"SOLPOLEWALL-G"},"content":{"rendered":"<p>Syst\u00e8me de montage de panneau solaire photovolta\u00efque pour poteau et\/ou mur, tout en un. Inclinaison r\u00e9glable (35-45-50\u00b0). Universel. Pr\u00e9mont\u00e9. Facile et rapide \u00e0 assembler. Optimisation a\u00e9rodynamique et mat\u00e9riaux robustes de haute qualit\u00e9. Con\u00e7u pour des installations s\u00fbres, avec une grande stabilit\u00e9 m\u00e9canique et une grande fiabilit\u00e9. Tous les syst\u00e8mes de fixation sont calcul\u00e9s et approuv\u00e9s pour la r\u00e9sistance structurelle et les performances m\u00e9caniques. Fabriqu\u00e9 en aluminium form\u00e9 \u00e0 froid de haute qualit\u00e9 et d&#8217;excellente rigidit\u00e9 (EN AW-6063 T66) et en t\u00f4le avec des vis en acier inoxydable (1.4301) A2-70.<\/p>\n","protected":false},"excerpt":{"rendered":"<p>Syst\u00e8me de montage de panneau solaire photovolta\u00efque pour poteau et\/ou mur, tout en un. Inclinaison r\u00e9glable (35-45-50\u00b0). Universel. Pr\u00e9mont\u00e9. Facile et rapide \u00e0 assembler. Optimisation a\u00e9rodynamique et mat\u00e9riaux robustes de haute qualit\u00e9. Con\u00e7u pour des installations s\u00fbres, avec une grande stabilit\u00e9 m\u00e9canique et une grande fiabilit\u00e9. Valable pour 1 panneau x <a href=\"https:\/\/www.xunzel.com\/store\/fr\/categorie-produit\/solarpower\/solarpower-series\/\" target=\"_blank\" rel=\"noopener\"><strong>SOLARPOWER-185\/190W<\/strong><\/a>. Panneau solaire non inclus.<\/p>\n<p><span class=\"shared-files-shortcode-admin-list shared-files-shortcode-admin-list-file shared-files-shortcode-10157\" title=\"[shared_files file_id=10157]\"><span class=\"shared-files-shortcode-admin-list shared-files-shortcode-admin-list-file shared-files-shortcode-11213\" title=\"[shared_files file_id=11213]\"><span class=\"shared-files-shortcode-admin-list shared-files-shortcode-admin-list-file shared-files-shortcode-16905\" title=\"[shared_files file_id=16905]\">[shared_files file_id=16905]<\/span><\/span><\/span><\/p>\n","protected":false},"featured_media":20325,"template":"","meta":{"_acf_changed":false},"product_brand":[],"product_cat":[480],"product_tag":[],"class_list":{"0":"post-19006","1":"product","2":"type-product","3":"status-publish","4":"has-post-thumbnail","6":"product_cat-supports-panneaux-solaires","8":"first","9":"instock","10":"taxable","11":"shipping-taxable","12":"purchasable","13":"product-type-simple"},"acf":[],"yoast_head":"<!-- This site is optimized with the Yoast SEO plugin v25.4 - https:\/\/yoast.com\/wordpress\/plugins\/seo\/ -->\n<title>SOLPOLEWALL-G &#8211; Xunzel<\/title>\n<meta name=\"robots\" content=\"index, follow, max-snippet:-1, max-image-preview:large, max-video-preview:-1\" \/>\n<link rel=\"canonical\" href=\"https:\/\/www.xunzel.com\/store\/fr\/producto\/solpolewall-g\/\" \/>\n<meta property=\"og:locale\" content=\"fr_FR\" \/>\n<meta property=\"og:type\" content=\"article\" \/>\n<meta property=\"og:title\" content=\"SOLPOLEWALL-G &#8211; Xunzel\" \/>\n<meta property=\"og:description\" content=\"Syst\u00e8me de montage de panneau solaire photovolta\u00efque pour poteau et\/ou mur, tout en un. Inclinaison r\u00e9glable (35-45-50\u00b0). Universel. Pr\u00e9mont\u00e9. Facile et rapide \u00e0 assembler. Optimisation a\u00e9rodynamique et mat\u00e9riaux robustes de haute qualit\u00e9. Con\u00e7u pour des installations s\u00fbres, avec une grande stabilit\u00e9 m\u00e9canique et une grande fiabilit\u00e9. Valable pour 1 panneau x SOLARPOWER-185\/190W. Panneau solaire non inclus.\" \/>\n<meta property=\"og:url\" content=\"https:\/\/www.xunzel.com\/store\/fr\/producto\/solpolewall-g\/\" \/>\n<meta property=\"og:site_name\" content=\"Xunzel\" \/>\n<meta property=\"article:modified_time\" content=\"2024-03-27T15:16:34+00:00\" \/>\n<meta property=\"og:image\" content=\"https:\/\/www.xunzel.com\/store\/wp-content\/uploads\/2023\/12\/SOLPOLEWALL-G_POSTESOPORTE.jpg\" \/>\n\t<meta property=\"og:image:width\" content=\"2500\" \/>\n\t<meta property=\"og:image:height\" content=\"2500\" \/>\n\t<meta property=\"og:image:type\" content=\"image\/jpeg\" \/>\n<meta name=\"twitter:card\" content=\"summary_large_image\" \/>\n<meta name=\"twitter:label1\" content=\"Dur\u00e9e de lecture estim\u00e9e\" \/>\n\t<meta name=\"twitter:data1\" content=\"1 minute\" \/>\n<script type=\"application\/ld+json\" class=\"yoast-schema-graph\">{\"@context\":\"https:\/\/schema.org\",\"@graph\":[{\"@type\":\"WebPage\",\"@id\":\"https:\/\/www.xunzel.com\/store\/fr\/producto\/solpolewall-g\/\",\"url\":\"https:\/\/www.xunzel.com\/store\/fr\/producto\/solpolewall-g\/\",\"name\":\"SOLPOLEWALL-G &#8211; Xunzel\",\"isPartOf\":{\"@id\":\"https:\/\/www.xunzel.com\/store\/fr\/#website\"},\"primaryImageOfPage\":{\"@id\":\"https:\/\/www.xunzel.com\/store\/fr\/producto\/solpolewall-g\/#primaryimage\"},\"image\":{\"@id\":\"https:\/\/www.xunzel.com\/store\/fr\/producto\/solpolewall-g\/#primaryimage\"},\"thumbnailUrl\":\"https:\/\/www.xunzel.com\/store\/wp-content\/uploads\/2023\/12\/SOLPOLEWALL-G_POSTESOPORTE.jpg\",\"datePublished\":\"2023-12-20T09:26:56+00:00\",\"dateModified\":\"2024-03-27T15:16:34+00:00\",\"breadcrumb\":{\"@id\":\"https:\/\/www.xunzel.com\/store\/fr\/producto\/solpolewall-g\/#breadcrumb\"},\"inLanguage\":\"fr-FR\",\"potentialAction\":[{\"@type\":\"ReadAction\",\"target\":[\"https:\/\/www.xunzel.com\/store\/fr\/producto\/solpolewall-g\/\"]}]},{\"@type\":\"ImageObject\",\"inLanguage\":\"fr-FR\",\"@id\":\"https:\/\/www.xunzel.com\/store\/fr\/producto\/solpolewall-g\/#primaryimage\",\"url\":\"https:\/\/www.xunzel.com\/store\/wp-content\/uploads\/2023\/12\/SOLPOLEWALL-G_POSTESOPORTE.jpg\",\"contentUrl\":\"https:\/\/www.xunzel.com\/store\/wp-content\/uploads\/2023\/12\/SOLPOLEWALL-G_POSTESOPORTE.jpg\",\"width\":2500,\"height\":2500},{\"@type\":\"BreadcrumbList\",\"@id\":\"https:\/\/www.xunzel.com\/store\/fr\/producto\/solpolewall-g\/#breadcrumb\",\"itemListElement\":[{\"@type\":\"ListItem\",\"position\":1,\"name\":\"Portada\",\"item\":\"https:\/\/www.xunzel.com\/store\/fr\/\"},{\"@type\":\"ListItem\",\"position\":2,\"name\":\"Magasin\",\"item\":\"https:\/\/www.xunzel.com\/store\/tienda\/\"},{\"@type\":\"ListItem\",\"position\":3,\"name\":\"SOLPOLEWALL-G\"}]},{\"@type\":\"WebSite\",\"@id\":\"https:\/\/www.xunzel.com\/store\/fr\/#website\",\"url\":\"https:\/\/www.xunzel.com\/store\/fr\/\",\"name\":\"Xunzel\",\"description\":\"Energy in a box - The Electric Revolution\",\"publisher\":{\"@id\":\"https:\/\/www.xunzel.com\/store\/fr\/#organization\"},\"potentialAction\":[{\"@type\":\"SearchAction\",\"target\":{\"@type\":\"EntryPoint\",\"urlTemplate\":\"https:\/\/www.xunzel.com\/store\/fr\/?s={search_term_string}\"},\"query-input\":{\"@type\":\"PropertyValueSpecification\",\"valueRequired\":true,\"valueName\":\"search_term_string\"}}],\"inLanguage\":\"fr-FR\"},{\"@type\":\"Organization\",\"@id\":\"https:\/\/www.xunzel.com\/store\/fr\/#organization\",\"name\":\"Xunzel\",\"url\":\"https:\/\/www.xunzel.com\/store\/fr\/\",\"logo\":{\"@type\":\"ImageObject\",\"inLanguage\":\"fr-FR\",\"@id\":\"https:\/\/www.xunzel.com\/store\/fr\/#\/schema\/logo\/image\/\",\"url\":\"https:\/\/www.xunzel.com\/store\/wp-content\/uploads\/2021\/01\/logo-xunzel-footer.png\",\"contentUrl\":\"https:\/\/www.xunzel.com\/store\/wp-content\/uploads\/2021\/01\/logo-xunzel-footer.png\",\"width\":280,\"height\":52,\"caption\":\"Xunzel\"},\"image\":{\"@id\":\"https:\/\/www.xunzel.com\/store\/fr\/#\/schema\/logo\/image\/\"}}]}<\/script>\n<!-- \/ Yoast SEO plugin. -->","yoast_head_json":{"title":"SOLPOLEWALL-G &#8211; Xunzel","robots":{"index":"index","follow":"follow","max-snippet":"max-snippet:-1","max-image-preview":"max-image-preview:large","max-video-preview":"max-video-preview:-1"},"canonical":"https:\/\/www.xunzel.com\/store\/fr\/producto\/solpolewall-g\/","og_locale":"fr_FR","og_type":"article","og_title":"SOLPOLEWALL-G &#8211; Xunzel","og_description":"Syst\u00e8me de montage de panneau solaire photovolta\u00efque pour poteau et\/ou mur, tout en un. Inclinaison r\u00e9glable (35-45-50\u00b0). Universel. Pr\u00e9mont\u00e9. Facile et rapide \u00e0 assembler. Optimisation a\u00e9rodynamique et mat\u00e9riaux robustes de haute qualit\u00e9. Con\u00e7u pour des installations s\u00fbres, avec une grande stabilit\u00e9 m\u00e9canique et une grande fiabilit\u00e9. Valable pour 1 panneau x SOLARPOWER-185\/190W. Panneau solaire non inclus.","og_url":"https:\/\/www.xunzel.com\/store\/fr\/producto\/solpolewall-g\/","og_site_name":"Xunzel","article_modified_time":"2024-03-27T15:16:34+00:00","og_image":[{"width":2500,"height":2500,"url":"https:\/\/www.xunzel.com\/store\/wp-content\/uploads\/2023\/12\/SOLPOLEWALL-G_POSTESOPORTE.jpg","type":"image\/jpeg"}],"twitter_card":"summary_large_image","twitter_misc":{"Dur\u00e9e de lecture estim\u00e9e":"1 minute"},"schema":{"@context":"https:\/\/schema.org","@graph":[{"@type":"WebPage","@id":"https:\/\/www.xunzel.com\/store\/fr\/producto\/solpolewall-g\/","url":"https:\/\/www.xunzel.com\/store\/fr\/producto\/solpolewall-g\/","name":"SOLPOLEWALL-G &#8211; Xunzel","isPartOf":{"@id":"https:\/\/www.xunzel.com\/store\/fr\/#website"},"primaryImageOfPage":{"@id":"https:\/\/www.xunzel.com\/store\/fr\/producto\/solpolewall-g\/#primaryimage"},"image":{"@id":"https:\/\/www.xunzel.com\/store\/fr\/producto\/solpolewall-g\/#primaryimage"},"thumbnailUrl":"https:\/\/www.xunzel.com\/store\/wp-content\/uploads\/2023\/12\/SOLPOLEWALL-G_POSTESOPORTE.jpg","datePublished":"2023-12-20T09:26:56+00:00","dateModified":"2024-03-27T15:16:34+00:00","breadcrumb":{"@id":"https:\/\/www.xunzel.com\/store\/fr\/producto\/solpolewall-g\/#breadcrumb"},"inLanguage":"fr-FR","potentialAction":[{"@type":"ReadAction","target":["https:\/\/www.xunzel.com\/store\/fr\/producto\/solpolewall-g\/"]}]},{"@type":"ImageObject","inLanguage":"fr-FR","@id":"https:\/\/www.xunzel.com\/store\/fr\/producto\/solpolewall-g\/#primaryimage","url":"https:\/\/www.xunzel.com\/store\/wp-content\/uploads\/2023\/12\/SOLPOLEWALL-G_POSTESOPORTE.jpg","contentUrl":"https:\/\/www.xunzel.com\/store\/wp-content\/uploads\/2023\/12\/SOLPOLEWALL-G_POSTESOPORTE.jpg","width":2500,"height":2500},{"@type":"BreadcrumbList","@id":"https:\/\/www.xunzel.com\/store\/fr\/producto\/solpolewall-g\/#breadcrumb","itemListElement":[{"@type":"ListItem","position":1,"name":"Portada","item":"https:\/\/www.xunzel.com\/store\/fr\/"},{"@type":"ListItem","position":2,"name":"Magasin","item":"https:\/\/www.xunzel.com\/store\/tienda\/"},{"@type":"ListItem","position":3,"name":"SOLPOLEWALL-G"}]},{"@type":"WebSite","@id":"https:\/\/www.xunzel.com\/store\/fr\/#website","url":"https:\/\/www.xunzel.com\/store\/fr\/","name":"Xunzel","description":"Energy in a box - The Electric Revolution","publisher":{"@id":"https:\/\/www.xunzel.com\/store\/fr\/#organization"},"potentialAction":[{"@type":"SearchAction","target":{"@type":"EntryPoint","urlTemplate":"https:\/\/www.xunzel.com\/store\/fr\/?s={search_term_string}"},"query-input":{"@type":"PropertyValueSpecification","valueRequired":true,"valueName":"search_term_string"}}],"inLanguage":"fr-FR"},{"@type":"Organization","@id":"https:\/\/www.xunzel.com\/store\/fr\/#organization","name":"Xunzel","url":"https:\/\/www.xunzel.com\/store\/fr\/","logo":{"@type":"ImageObject","inLanguage":"fr-FR","@id":"https:\/\/www.xunzel.com\/store\/fr\/#\/schema\/logo\/image\/","url":"https:\/\/www.xunzel.com\/store\/wp-content\/uploads\/2021\/01\/logo-xunzel-footer.png","contentUrl":"https:\/\/www.xunzel.com\/store\/wp-content\/uploads\/2021\/01\/logo-xunzel-footer.png","width":280,"height":52,"caption":"Xunzel"},"image":{"@id":"https:\/\/www.xunzel.com\/store\/fr\/#\/schema\/logo\/image\/"}}]}},"_links":{"self":[{"href":"https:\/\/www.xunzel.com\/store\/fr\/wp-json\/wp\/v2\/product\/19006","targetHints":{"allow":["GET"]}}],"collection":[{"href":"https:\/\/www.xunzel.com\/store\/fr\/wp-json\/wp\/v2\/product"}],"about":[{"href":"https:\/\/www.xunzel.com\/store\/fr\/wp-json\/wp\/v2\/types\/product"}],"wp:featuredmedia":[{"embeddable":true,"href":"https:\/\/www.xunzel.com\/store\/fr\/wp-json\/wp\/v2\/media\/20325"}],"wp:attachment":[{"href":"https:\/\/www.xunzel.com\/store\/fr\/wp-json\/wp\/v2\/media?parent=19006"}],"wp:term":[{"taxonomy":"product_brand","embeddable":true,"href":"https:\/\/www.xunzel.com\/store\/fr\/wp-json\/wp\/v2\/product_brand?post=19006"},{"taxonomy":"product_cat","embeddable":true,"href":"https:\/\/www.xunzel.com\/store\/fr\/wp-json\/wp\/v2\/product_cat?post=19006"},{"taxonomy":"product_tag","embeddable":true,"href":"https:\/\/www.xunzel.com\/store\/fr\/wp-json\/wp\/v2\/product_tag?post=19006"}],"curies":[{"name":"wp","href":"https:\/\/api.w.org\/{rel}","templated":true}]}}