{"id":18717,"date":"2023-09-26T10:48:41","date_gmt":"2023-09-26T08:48:41","guid":{"rendered":"https:\/\/www.xunzel.com\/store\/product\/conjunto-conector-solar-doble-xunklik4y\/"},"modified":"2024-07-08T13:57:37","modified_gmt":"2024-07-08T11:57:37","slug":"connecteur-solaire-xunklik4y","status":"publish","type":"product","link":"https:\/\/www.xunzel.com\/store\/fr\/producto\/connecteur-solaire-xunklik4y\/","title":{"rendered":"Connecteur Solaire XUNKLIK4Y"},"content":{"rendered":"<ul>\n<li>Connexion rapide et facile des conducteurs sur le site.<\/li>\n<li>C\u00e2blage simple: les connecteurs solaires peuvent \u00eatre assembl\u00e9s sans outils sp\u00e9ciaux.<\/li>\n<li>Connexion durablement fiable gr\u00e2ce \u00e0 l&#8217;utilisation de composants approuv\u00e9s par le T\u00dcV.<\/li>\n<li>Large gamme de solutions de connexion. Flexibilit\u00e9 d&#8217;installation.<\/li>\n<li>Compatible avec tous les connecteurs universels.<\/li>\n<li>R\u00e9sistance \u00e0 l&#8217;ozone, aux UV et aux tr\u00e8s hautes temp\u00e9ratures.<\/li>\n<li>Plage de temp\u00e9rature \u00e9lev\u00e9e: -40\u00b0C \u00e0 +90\u00b0C.<\/li>\n<li>S\u00e9curit\u00e9 maximale. Double isolation et protection de classe II.<\/li>\n<li>Sans halog\u00e8ne (EN50267, IEC 60754).<\/li>\n<li>R\u00e9sistant \u00e0 la flamme avec retardateur de flamme (UL-94V-0).<\/li>\n<li>Conforme \u00e0 la Directive Europ\u00e9enne.<\/li>\n<\/ul>\n<p><strong>Accessoire recommand\u00e9 :<\/strong> outil d&#8217;assemblage des connecteurs solaires <a href=\"https:\/\/www.xunzel.com\/store\/fr\/producto\/outil-de-connecteurs-toolkit\/\" target=\"_blank\" rel=\"noopener\"><strong>TOOLKIT<\/strong><\/a>.<\/p>\n","protected":false},"excerpt":{"rendered":"<p>Jeu de connecteurs solaires double universel (connecteur 2 \u00e0 1) type 4 M\u00e2le+Femelle XUNKLIK-4-Y XUNZEL. Grade de protection IP68. 60A. Certifi\u00e9 et s\u00fbr. Compatible type 4.<\/p>\n<p>Les connecteurs solaires photovolta\u00efques universels XUNKLIK XUNZEL sont id\u00e9aux pour le c\u00e2blage et la s\u00e9curit\u00e9 des installations photovolta\u00efques. Assemblage rapide et s\u00fbr [1500Vdc]. Adapt\u00e9s aux installations externes et internes. Robustes et con\u00e7us pour r\u00e9sister aux conditions d&#8217;installation les plus extr\u00eames, avec une r\u00e9sistance m\u00e9canique \u00e9lev\u00e9e, ils r\u00e9sistent aux conditions environnementales extr\u00eames.<\/p>\n<p><span class=\"shared-files-shortcode-admin-list shared-files-shortcode-admin-list-file shared-files-shortcode-17151\" title=\"[shared_files file_id=17151]\"><span class=\"shared-files-shortcode-admin-list shared-files-shortcode-admin-list-file shared-files-shortcode-17026\" title=\"[shared_files file_id=17026]\"><span class=\"shared-files-shortcode-admin-list shared-files-shortcode-admin-list-file shared-files-shortcode-17273\" title=\"[shared_files file_id=17273]\"><span class=\"shared-files-shortcode-admin-list shared-files-shortcode-admin-list-file shared-files-shortcode-17938\" title=\"[shared_files file_id=17938]\">[shared_files file_id=17938]<\/span><\/span><\/span><\/span><\/p>\n","protected":false},"featured_media":17174,"template":"","meta":{"_acf_changed":false},"product_brand":[],"product_cat":[478],"product_tag":[],"class_list":{"0":"post-18717","1":"product","2":"type-product","3":"status-publish","4":"has-post-thumbnail","6":"product_cat-cables-connecteurs","8":"first","9":"instock","10":"taxable","11":"shipping-taxable","12":"purchasable","13":"product-type-simple"},"acf":[],"yoast_head":"<!-- This site is optimized with the Yoast SEO plugin v25.4 - https:\/\/yoast.com\/wordpress\/plugins\/seo\/ -->\n<title>Connecteur Solaire XUNKLIK4Y &#8211; Xunzel<\/title>\n<meta name=\"robots\" content=\"index, follow, max-snippet:-1, max-image-preview:large, max-video-preview:-1\" \/>\n<link rel=\"canonical\" href=\"https:\/\/www.xunzel.com\/store\/fr\/producto\/connecteur-solaire-xunklik4y\/\" \/>\n<meta property=\"og:locale\" content=\"fr_FR\" \/>\n<meta property=\"og:type\" content=\"article\" \/>\n<meta property=\"og:title\" content=\"Connecteur Solaire XUNKLIK4Y &#8211; Xunzel\" \/>\n<meta property=\"og:description\" content=\"Jeu de connecteurs solaires double universel (connecteur 2 \u00e0 1) type 4 M\u00e2le+Femelle XUNKLIK-4-Y XUNZEL. Grade de protection IP68. 60A. Certifi\u00e9 et s\u00fbr. Compatible type 4.  Les connecteurs solaires photovolta\u00efques universels XUNKLIK XUNZEL sont id\u00e9aux pour le c\u00e2blage et la s\u00e9curit\u00e9 des installations photovolta\u00efques. Assemblage rapide et s\u00fbr [1500Vdc]. Adapt\u00e9s aux installations externes et internes. Robustes et con\u00e7us pour r\u00e9sister aux conditions d&#039;installation les plus extr\u00eames, avec une r\u00e9sistance m\u00e9canique \u00e9lev\u00e9e, ils r\u00e9sistent aux conditions environnementales extr\u00eames.\" \/>\n<meta property=\"og:url\" content=\"https:\/\/www.xunzel.com\/store\/fr\/producto\/connecteur-solaire-xunklik4y\/\" \/>\n<meta property=\"og:site_name\" content=\"Xunzel\" \/>\n<meta property=\"article:modified_time\" content=\"2024-07-08T11:57:37+00:00\" \/>\n<meta property=\"og:image\" content=\"https:\/\/www.xunzel.com\/store\/wp-content\/uploads\/2023\/09\/XUNKLIK-4Ynew.jpg\" \/>\n\t<meta property=\"og:image:width\" content=\"2500\" \/>\n\t<meta property=\"og:image:height\" content=\"2500\" \/>\n\t<meta property=\"og:image:type\" content=\"image\/jpeg\" \/>\n<meta name=\"twitter:card\" content=\"summary_large_image\" \/>\n<meta name=\"twitter:label1\" content=\"Dur\u00e9e de lecture estim\u00e9e\" \/>\n\t<meta name=\"twitter:data1\" content=\"1 minute\" \/>\n<script type=\"application\/ld+json\" class=\"yoast-schema-graph\">{\"@context\":\"https:\/\/schema.org\",\"@graph\":[{\"@type\":\"WebPage\",\"@id\":\"https:\/\/www.xunzel.com\/store\/fr\/producto\/connecteur-solaire-xunklik4y\/\",\"url\":\"https:\/\/www.xunzel.com\/store\/fr\/producto\/connecteur-solaire-xunklik4y\/\",\"name\":\"Connecteur Solaire XUNKLIK4Y &#8211; Xunzel\",\"isPartOf\":{\"@id\":\"https:\/\/www.xunzel.com\/store\/fr\/#website\"},\"primaryImageOfPage\":{\"@id\":\"https:\/\/www.xunzel.com\/store\/fr\/producto\/connecteur-solaire-xunklik4y\/#primaryimage\"},\"image\":{\"@id\":\"https:\/\/www.xunzel.com\/store\/fr\/producto\/connecteur-solaire-xunklik4y\/#primaryimage\"},\"thumbnailUrl\":\"https:\/\/www.xunzel.com\/store\/wp-content\/uploads\/2023\/09\/XUNKLIK-4Ynew.jpg\",\"datePublished\":\"2023-09-26T08:48:41+00:00\",\"dateModified\":\"2024-07-08T11:57:37+00:00\",\"breadcrumb\":{\"@id\":\"https:\/\/www.xunzel.com\/store\/fr\/producto\/connecteur-solaire-xunklik4y\/#breadcrumb\"},\"inLanguage\":\"fr-FR\",\"potentialAction\":[{\"@type\":\"ReadAction\",\"target\":[\"https:\/\/www.xunzel.com\/store\/fr\/producto\/connecteur-solaire-xunklik4y\/\"]}]},{\"@type\":\"ImageObject\",\"inLanguage\":\"fr-FR\",\"@id\":\"https:\/\/www.xunzel.com\/store\/fr\/producto\/connecteur-solaire-xunklik4y\/#primaryimage\",\"url\":\"https:\/\/www.xunzel.com\/store\/wp-content\/uploads\/2023\/09\/XUNKLIK-4Ynew.jpg\",\"contentUrl\":\"https:\/\/www.xunzel.com\/store\/wp-content\/uploads\/2023\/09\/XUNKLIK-4Ynew.jpg\",\"width\":2500,\"height\":2500},{\"@type\":\"BreadcrumbList\",\"@id\":\"https:\/\/www.xunzel.com\/store\/fr\/producto\/connecteur-solaire-xunklik4y\/#breadcrumb\",\"itemListElement\":[{\"@type\":\"ListItem\",\"position\":1,\"name\":\"Portada\",\"item\":\"https:\/\/www.xunzel.com\/store\/fr\/\"},{\"@type\":\"ListItem\",\"position\":2,\"name\":\"Magasin\",\"item\":\"https:\/\/www.xunzel.com\/store\/tienda\/\"},{\"@type\":\"ListItem\",\"position\":3,\"name\":\"Connecteur Solaire XUNKLIK4Y\"}]},{\"@type\":\"WebSite\",\"@id\":\"https:\/\/www.xunzel.com\/store\/fr\/#website\",\"url\":\"https:\/\/www.xunzel.com\/store\/fr\/\",\"name\":\"Xunzel\",\"description\":\"Energy in a box - The Electric Revolution\",\"publisher\":{\"@id\":\"https:\/\/www.xunzel.com\/store\/fr\/#organization\"},\"potentialAction\":[{\"@type\":\"SearchAction\",\"target\":{\"@type\":\"EntryPoint\",\"urlTemplate\":\"https:\/\/www.xunzel.com\/store\/fr\/?s={search_term_string}\"},\"query-input\":{\"@type\":\"PropertyValueSpecification\",\"valueRequired\":true,\"valueName\":\"search_term_string\"}}],\"inLanguage\":\"fr-FR\"},{\"@type\":\"Organization\",\"@id\":\"https:\/\/www.xunzel.com\/store\/fr\/#organization\",\"name\":\"Xunzel\",\"url\":\"https:\/\/www.xunzel.com\/store\/fr\/\",\"logo\":{\"@type\":\"ImageObject\",\"inLanguage\":\"fr-FR\",\"@id\":\"https:\/\/www.xunzel.com\/store\/fr\/#\/schema\/logo\/image\/\",\"url\":\"https:\/\/www.xunzel.com\/store\/wp-content\/uploads\/2021\/01\/logo-xunzel-footer.png\",\"contentUrl\":\"https:\/\/www.xunzel.com\/store\/wp-content\/uploads\/2021\/01\/logo-xunzel-footer.png\",\"width\":280,\"height\":52,\"caption\":\"Xunzel\"},\"image\":{\"@id\":\"https:\/\/www.xunzel.com\/store\/fr\/#\/schema\/logo\/image\/\"}}]}<\/script>\n<!-- \/ Yoast SEO plugin. -->","yoast_head_json":{"title":"Connecteur Solaire XUNKLIK4Y &#8211; Xunzel","robots":{"index":"index","follow":"follow","max-snippet":"max-snippet:-1","max-image-preview":"max-image-preview:large","max-video-preview":"max-video-preview:-1"},"canonical":"https:\/\/www.xunzel.com\/store\/fr\/producto\/connecteur-solaire-xunklik4y\/","og_locale":"fr_FR","og_type":"article","og_title":"Connecteur Solaire XUNKLIK4Y &#8211; Xunzel","og_description":"Jeu de connecteurs solaires double universel (connecteur 2 \u00e0 1) type 4 M\u00e2le+Femelle XUNKLIK-4-Y XUNZEL. Grade de protection IP68. 60A. Certifi\u00e9 et s\u00fbr. Compatible type 4.  Les connecteurs solaires photovolta\u00efques universels XUNKLIK XUNZEL sont id\u00e9aux pour le c\u00e2blage et la s\u00e9curit\u00e9 des installations photovolta\u00efques. Assemblage rapide et s\u00fbr [1500Vdc]. Adapt\u00e9s aux installations externes et internes. Robustes et con\u00e7us pour r\u00e9sister aux conditions d'installation les plus extr\u00eames, avec une r\u00e9sistance m\u00e9canique \u00e9lev\u00e9e, ils r\u00e9sistent aux conditions environnementales extr\u00eames.","og_url":"https:\/\/www.xunzel.com\/store\/fr\/producto\/connecteur-solaire-xunklik4y\/","og_site_name":"Xunzel","article_modified_time":"2024-07-08T11:57:37+00:00","og_image":[{"width":2500,"height":2500,"url":"https:\/\/www.xunzel.com\/store\/wp-content\/uploads\/2023\/09\/XUNKLIK-4Ynew.jpg","type":"image\/jpeg"}],"twitter_card":"summary_large_image","twitter_misc":{"Dur\u00e9e de lecture estim\u00e9e":"1 minute"},"schema":{"@context":"https:\/\/schema.org","@graph":[{"@type":"WebPage","@id":"https:\/\/www.xunzel.com\/store\/fr\/producto\/connecteur-solaire-xunklik4y\/","url":"https:\/\/www.xunzel.com\/store\/fr\/producto\/connecteur-solaire-xunklik4y\/","name":"Connecteur Solaire XUNKLIK4Y &#8211; Xunzel","isPartOf":{"@id":"https:\/\/www.xunzel.com\/store\/fr\/#website"},"primaryImageOfPage":{"@id":"https:\/\/www.xunzel.com\/store\/fr\/producto\/connecteur-solaire-xunklik4y\/#primaryimage"},"image":{"@id":"https:\/\/www.xunzel.com\/store\/fr\/producto\/connecteur-solaire-xunklik4y\/#primaryimage"},"thumbnailUrl":"https:\/\/www.xunzel.com\/store\/wp-content\/uploads\/2023\/09\/XUNKLIK-4Ynew.jpg","datePublished":"2023-09-26T08:48:41+00:00","dateModified":"2024-07-08T11:57:37+00:00","breadcrumb":{"@id":"https:\/\/www.xunzel.com\/store\/fr\/producto\/connecteur-solaire-xunklik4y\/#breadcrumb"},"inLanguage":"fr-FR","potentialAction":[{"@type":"ReadAction","target":["https:\/\/www.xunzel.com\/store\/fr\/producto\/connecteur-solaire-xunklik4y\/"]}]},{"@type":"ImageObject","inLanguage":"fr-FR","@id":"https:\/\/www.xunzel.com\/store\/fr\/producto\/connecteur-solaire-xunklik4y\/#primaryimage","url":"https:\/\/www.xunzel.com\/store\/wp-content\/uploads\/2023\/09\/XUNKLIK-4Ynew.jpg","contentUrl":"https:\/\/www.xunzel.com\/store\/wp-content\/uploads\/2023\/09\/XUNKLIK-4Ynew.jpg","width":2500,"height":2500},{"@type":"BreadcrumbList","@id":"https:\/\/www.xunzel.com\/store\/fr\/producto\/connecteur-solaire-xunklik4y\/#breadcrumb","itemListElement":[{"@type":"ListItem","position":1,"name":"Portada","item":"https:\/\/www.xunzel.com\/store\/fr\/"},{"@type":"ListItem","position":2,"name":"Magasin","item":"https:\/\/www.xunzel.com\/store\/tienda\/"},{"@type":"ListItem","position":3,"name":"Connecteur Solaire XUNKLIK4Y"}]},{"@type":"WebSite","@id":"https:\/\/www.xunzel.com\/store\/fr\/#website","url":"https:\/\/www.xunzel.com\/store\/fr\/","name":"Xunzel","description":"Energy in a box - The Electric Revolution","publisher":{"@id":"https:\/\/www.xunzel.com\/store\/fr\/#organization"},"potentialAction":[{"@type":"SearchAction","target":{"@type":"EntryPoint","urlTemplate":"https:\/\/www.xunzel.com\/store\/fr\/?s={search_term_string}"},"query-input":{"@type":"PropertyValueSpecification","valueRequired":true,"valueName":"search_term_string"}}],"inLanguage":"fr-FR"},{"@type":"Organization","@id":"https:\/\/www.xunzel.com\/store\/fr\/#organization","name":"Xunzel","url":"https:\/\/www.xunzel.com\/store\/fr\/","logo":{"@type":"ImageObject","inLanguage":"fr-FR","@id":"https:\/\/www.xunzel.com\/store\/fr\/#\/schema\/logo\/image\/","url":"https:\/\/www.xunzel.com\/store\/wp-content\/uploads\/2021\/01\/logo-xunzel-footer.png","contentUrl":"https:\/\/www.xunzel.com\/store\/wp-content\/uploads\/2021\/01\/logo-xunzel-footer.png","width":280,"height":52,"caption":"Xunzel"},"image":{"@id":"https:\/\/www.xunzel.com\/store\/fr\/#\/schema\/logo\/image\/"}}]}},"_links":{"self":[{"href":"https:\/\/www.xunzel.com\/store\/fr\/wp-json\/wp\/v2\/product\/18717","targetHints":{"allow":["GET"]}}],"collection":[{"href":"https:\/\/www.xunzel.com\/store\/fr\/wp-json\/wp\/v2\/product"}],"about":[{"href":"https:\/\/www.xunzel.com\/store\/fr\/wp-json\/wp\/v2\/types\/product"}],"wp:featuredmedia":[{"embeddable":true,"href":"https:\/\/www.xunzel.com\/store\/fr\/wp-json\/wp\/v2\/media\/17174"}],"wp:attachment":[{"href":"https:\/\/www.xunzel.com\/store\/fr\/wp-json\/wp\/v2\/media?parent=18717"}],"wp:term":[{"taxonomy":"product_brand","embeddable":true,"href":"https:\/\/www.xunzel.com\/store\/fr\/wp-json\/wp\/v2\/product_brand?post=18717"},{"taxonomy":"product_cat","embeddable":true,"href":"https:\/\/www.xunzel.com\/store\/fr\/wp-json\/wp\/v2\/product_cat?post=18717"},{"taxonomy":"product_tag","embeddable":true,"href":"https:\/\/www.xunzel.com\/store\/fr\/wp-json\/wp\/v2\/product_tag?post=18717"}],"curies":[{"name":"wp","href":"https:\/\/api.w.org\/{rel}","templated":true}]}}