{"id":16474,"date":"2023-04-21T14:20:55","date_gmt":"2023-04-21T12:20:55","guid":{"rendered":"https:\/\/www.xunzel.com\/store\/inicio\/microsolar-pro-7w-6v\/"},"modified":"2024-03-20T09:00:52","modified_gmt":"2024-03-20T08:00:52","slug":"microsolar-pro-7w-6v","status":"publish","type":"product","link":"https:\/\/www.xunzel.com\/store\/fr\/producto\/microsolar-pro-7w-6v\/","title":{"rendered":"MICROSOLAR-PRO 7W 6V"},"content":{"rendered":"<p>Petit panneau solaire flexible XUNZEL con\u00e7u avec des mat\u00e9riaux de la plus haute qualit\u00e9 pour une performance fiable et durable.<br \/>\nLe panneau solaire photovolta\u00efque MICROSOLAR est fabriqu\u00e9 avec des cellules \u00e0 haut rendement. Robuste et pr\u00eat \u00e0 \u00eatre utilis\u00e9 dans toutes sortes d&#8217;applications, pour charger les batteries et alimenter vos appareils \u00e9lectroniques.<\/p>\n<ul>\n<li>Flexible, sans cadre, l\u00e9ger et compact. Facile \u00e0 int\u00e9grer dans votre application. C\u00e2ble extra-plat (3 mm) de 1,5 m de long pr\u00e9-install\u00e9.<\/li>\n<li>Sp\u00e9cialement con\u00e7u pour charger les batteries 6V avec une efficacit\u00e9 maximale et des performances optimales.<\/li>\n<li>Mat\u00e9riaux de haute qualit\u00e9. R\u00e9sistant aux UV et \u00e9tanche IPX7. Pour toutes les conditions m\u00e9t\u00e9orologiques.<\/li>\n<li>Convient aux batteries rechargeables plomb-acide Pb, Ca, NiCd, NiMH et lithium.<\/li>\n<li>Facile \u00e0 installer. Avec \u0153illets (\u00d85 mm).<\/li>\n<li>Test\u00e9 \u00e0 100%.<\/li>\n<li>Fabriqu\u00e9 \u00e0 partir de mat\u00e9riaux extr\u00eamement durables.<\/li>\n<li>Cellules solaires photovolta\u00efques en silicium monocristallin \u00e0 tr\u00e8s haut rendement.<\/li>\n<li>Id\u00e9al pour IoT, IIoT, OoT, l&#8217;int\u00e9gration, les moteurs, les robots, les mobiles, etc.<\/li>\n<\/ul>\n","protected":false},"excerpt":{"rendered":"<p>Panneau solaire photovolta\u00efque flexible MICROSOLAR 7W \u00e0 tr\u00e8s haut rendement et performance optimale.<br \/>\nExtra plat (3mm), flexible, compact, l\u00e9ger et sans cadre. Facile \u00e0 int\u00e9grer dans votre installation.<br \/>\nSp\u00e9cialement con\u00e7u pour une charge efficace, stable et r\u00e9guli\u00e8re des batteries 6V dans les syst\u00e8mes autonomes et de secours.<br \/>\nComprend 1,5 m\u00e8tre de c\u00e2ble solaire plat pr\u00e9install\u00e9, pr\u00eat \u00e0 \u00eatre connect\u00e9 directement au r\u00e9gulateur de charge.<br \/>\nFabriqu\u00e9 avec des mat\u00e9riaux de tr\u00e8s haute qualit\u00e9 pour des performances fiables et durables. R\u00e9sistant aux rayons UV et aux conditions extr\u00eames. IP67. Cellules solaires en silicium monocristallin \u00e0 tr\u00e8s haut rendement.<br \/>\nDimensions optimis\u00e9es. 300x129x3mm<\/p>\n<p><span class=\"shared-files-shortcode-admin-list shared-files-shortcode-admin-list-file shared-files-shortcode-16418\" title=\"[shared_files file_id=16418]\">[shared_files file_id=16418]<\/span><\/p>\n","protected":false},"featured_media":19022,"template":"","meta":{"_acf_changed":false},"product_brand":[],"product_cat":[467],"product_tag":[],"class_list":{"0":"post-16474","1":"product","2":"type-product","3":"status-publish","4":"has-post-thumbnail","6":"product_cat-microsolar-panneau-series","8":"first","9":"instock","10":"taxable","11":"shipping-taxable","12":"purchasable","13":"product-type-simple"},"acf":[],"yoast_head":"<!-- This site is optimized with the Yoast SEO plugin v25.4 - https:\/\/yoast.com\/wordpress\/plugins\/seo\/ -->\n<title>MICROSOLAR-PRO 7W 6V &#8211; Xunzel<\/title>\n<meta name=\"robots\" content=\"index, follow, max-snippet:-1, max-image-preview:large, max-video-preview:-1\" \/>\n<link rel=\"canonical\" href=\"https:\/\/www.xunzel.com\/store\/fr\/producto\/microsolar-pro-7w-6v\/\" \/>\n<meta property=\"og:locale\" content=\"fr_FR\" \/>\n<meta property=\"og:type\" content=\"article\" \/>\n<meta property=\"og:title\" content=\"MICROSOLAR-PRO 7W 6V &#8211; Xunzel\" \/>\n<meta property=\"og:description\" content=\"Panneau solaire photovolta\u00efque flexible MICROSOLAR 7W \u00e0 tr\u00e8s haut rendement et performance optimale. Extra plat (3mm), flexible, compact, l\u00e9ger et sans cadre. Facile \u00e0 int\u00e9grer dans votre installation. Sp\u00e9cialement con\u00e7u pour une charge efficace, stable et r\u00e9guli\u00e8re des batteries 6V dans les syst\u00e8mes autonomes et de secours. Comprend 1,5 m\u00e8tre de c\u00e2ble solaire plat pr\u00e9install\u00e9, pr\u00eat \u00e0 \u00eatre connect\u00e9 directement au r\u00e9gulateur de charge. Fabriqu\u00e9 avec des mat\u00e9riaux de tr\u00e8s haute qualit\u00e9 pour des performances fiables et durables. R\u00e9sistant aux rayons UV et aux conditions extr\u00eames. IP67. Cellules solaires en silicium monocristallin \u00e0 tr\u00e8s haut rendement. Dimensions optimis\u00e9es. 300x129x3mm\" \/>\n<meta property=\"og:url\" content=\"https:\/\/www.xunzel.com\/store\/fr\/producto\/microsolar-pro-7w-6v\/\" \/>\n<meta property=\"og:site_name\" content=\"Xunzel\" \/>\n<meta property=\"article:modified_time\" content=\"2024-03-20T08:00:52+00:00\" \/>\n<meta property=\"og:image\" content=\"https:\/\/www.xunzel.com\/store\/wp-content\/uploads\/2024\/01\/MICROSOLAR-7W-2.jpg\" \/>\n\t<meta property=\"og:image:width\" content=\"2200\" \/>\n\t<meta property=\"og:image:height\" content=\"2200\" \/>\n\t<meta property=\"og:image:type\" content=\"image\/jpeg\" \/>\n<meta name=\"twitter:card\" content=\"summary_large_image\" \/>\n<meta name=\"twitter:label1\" content=\"Dur\u00e9e de lecture estim\u00e9e\" \/>\n\t<meta name=\"twitter:data1\" content=\"1 minute\" \/>\n<script type=\"application\/ld+json\" class=\"yoast-schema-graph\">{\"@context\":\"https:\/\/schema.org\",\"@graph\":[{\"@type\":\"WebPage\",\"@id\":\"https:\/\/www.xunzel.com\/store\/fr\/producto\/microsolar-pro-7w-6v\/\",\"url\":\"https:\/\/www.xunzel.com\/store\/fr\/producto\/microsolar-pro-7w-6v\/\",\"name\":\"MICROSOLAR-PRO 7W 6V &#8211; Xunzel\",\"isPartOf\":{\"@id\":\"https:\/\/www.xunzel.com\/store\/fr\/#website\"},\"primaryImageOfPage\":{\"@id\":\"https:\/\/www.xunzel.com\/store\/fr\/producto\/microsolar-pro-7w-6v\/#primaryimage\"},\"image\":{\"@id\":\"https:\/\/www.xunzel.com\/store\/fr\/producto\/microsolar-pro-7w-6v\/#primaryimage\"},\"thumbnailUrl\":\"https:\/\/www.xunzel.com\/store\/wp-content\/uploads\/2024\/01\/MICROSOLAR-7W-2.jpg\",\"datePublished\":\"2023-04-21T12:20:55+00:00\",\"dateModified\":\"2024-03-20T08:00:52+00:00\",\"breadcrumb\":{\"@id\":\"https:\/\/www.xunzel.com\/store\/fr\/producto\/microsolar-pro-7w-6v\/#breadcrumb\"},\"inLanguage\":\"fr-FR\",\"potentialAction\":[{\"@type\":\"ReadAction\",\"target\":[\"https:\/\/www.xunzel.com\/store\/fr\/producto\/microsolar-pro-7w-6v\/\"]}]},{\"@type\":\"ImageObject\",\"inLanguage\":\"fr-FR\",\"@id\":\"https:\/\/www.xunzel.com\/store\/fr\/producto\/microsolar-pro-7w-6v\/#primaryimage\",\"url\":\"https:\/\/www.xunzel.com\/store\/wp-content\/uploads\/2024\/01\/MICROSOLAR-7W-2.jpg\",\"contentUrl\":\"https:\/\/www.xunzel.com\/store\/wp-content\/uploads\/2024\/01\/MICROSOLAR-7W-2.jpg\",\"width\":2200,\"height\":2200},{\"@type\":\"BreadcrumbList\",\"@id\":\"https:\/\/www.xunzel.com\/store\/fr\/producto\/microsolar-pro-7w-6v\/#breadcrumb\",\"itemListElement\":[{\"@type\":\"ListItem\",\"position\":1,\"name\":\"Portada\",\"item\":\"https:\/\/www.xunzel.com\/store\/fr\/\"},{\"@type\":\"ListItem\",\"position\":2,\"name\":\"Magasin\",\"item\":\"https:\/\/www.xunzel.com\/store\/tienda\/\"},{\"@type\":\"ListItem\",\"position\":3,\"name\":\"MICROSOLAR-PRO 7W 6V\"}]},{\"@type\":\"WebSite\",\"@id\":\"https:\/\/www.xunzel.com\/store\/fr\/#website\",\"url\":\"https:\/\/www.xunzel.com\/store\/fr\/\",\"name\":\"Xunzel\",\"description\":\"Energy in a box - The Electric Revolution\",\"publisher\":{\"@id\":\"https:\/\/www.xunzel.com\/store\/fr\/#organization\"},\"potentialAction\":[{\"@type\":\"SearchAction\",\"target\":{\"@type\":\"EntryPoint\",\"urlTemplate\":\"https:\/\/www.xunzel.com\/store\/fr\/?s={search_term_string}\"},\"query-input\":{\"@type\":\"PropertyValueSpecification\",\"valueRequired\":true,\"valueName\":\"search_term_string\"}}],\"inLanguage\":\"fr-FR\"},{\"@type\":\"Organization\",\"@id\":\"https:\/\/www.xunzel.com\/store\/fr\/#organization\",\"name\":\"Xunzel\",\"url\":\"https:\/\/www.xunzel.com\/store\/fr\/\",\"logo\":{\"@type\":\"ImageObject\",\"inLanguage\":\"fr-FR\",\"@id\":\"https:\/\/www.xunzel.com\/store\/fr\/#\/schema\/logo\/image\/\",\"url\":\"https:\/\/www.xunzel.com\/store\/wp-content\/uploads\/2021\/01\/logo-xunzel-footer.png\",\"contentUrl\":\"https:\/\/www.xunzel.com\/store\/wp-content\/uploads\/2021\/01\/logo-xunzel-footer.png\",\"width\":280,\"height\":52,\"caption\":\"Xunzel\"},\"image\":{\"@id\":\"https:\/\/www.xunzel.com\/store\/fr\/#\/schema\/logo\/image\/\"}}]}<\/script>\n<!-- \/ Yoast SEO plugin. -->","yoast_head_json":{"title":"MICROSOLAR-PRO 7W 6V &#8211; Xunzel","robots":{"index":"index","follow":"follow","max-snippet":"max-snippet:-1","max-image-preview":"max-image-preview:large","max-video-preview":"max-video-preview:-1"},"canonical":"https:\/\/www.xunzel.com\/store\/fr\/producto\/microsolar-pro-7w-6v\/","og_locale":"fr_FR","og_type":"article","og_title":"MICROSOLAR-PRO 7W 6V &#8211; Xunzel","og_description":"Panneau solaire photovolta\u00efque flexible MICROSOLAR 7W \u00e0 tr\u00e8s haut rendement et performance optimale. Extra plat (3mm), flexible, compact, l\u00e9ger et sans cadre. Facile \u00e0 int\u00e9grer dans votre installation. Sp\u00e9cialement con\u00e7u pour une charge efficace, stable et r\u00e9guli\u00e8re des batteries 6V dans les syst\u00e8mes autonomes et de secours. Comprend 1,5 m\u00e8tre de c\u00e2ble solaire plat pr\u00e9install\u00e9, pr\u00eat \u00e0 \u00eatre connect\u00e9 directement au r\u00e9gulateur de charge. Fabriqu\u00e9 avec des mat\u00e9riaux de tr\u00e8s haute qualit\u00e9 pour des performances fiables et durables. R\u00e9sistant aux rayons UV et aux conditions extr\u00eames. IP67. Cellules solaires en silicium monocristallin \u00e0 tr\u00e8s haut rendement. Dimensions optimis\u00e9es. 300x129x3mm","og_url":"https:\/\/www.xunzel.com\/store\/fr\/producto\/microsolar-pro-7w-6v\/","og_site_name":"Xunzel","article_modified_time":"2024-03-20T08:00:52+00:00","og_image":[{"width":2200,"height":2200,"url":"https:\/\/www.xunzel.com\/store\/wp-content\/uploads\/2024\/01\/MICROSOLAR-7W-2.jpg","type":"image\/jpeg"}],"twitter_card":"summary_large_image","twitter_misc":{"Dur\u00e9e de lecture estim\u00e9e":"1 minute"},"schema":{"@context":"https:\/\/schema.org","@graph":[{"@type":"WebPage","@id":"https:\/\/www.xunzel.com\/store\/fr\/producto\/microsolar-pro-7w-6v\/","url":"https:\/\/www.xunzel.com\/store\/fr\/producto\/microsolar-pro-7w-6v\/","name":"MICROSOLAR-PRO 7W 6V &#8211; Xunzel","isPartOf":{"@id":"https:\/\/www.xunzel.com\/store\/fr\/#website"},"primaryImageOfPage":{"@id":"https:\/\/www.xunzel.com\/store\/fr\/producto\/microsolar-pro-7w-6v\/#primaryimage"},"image":{"@id":"https:\/\/www.xunzel.com\/store\/fr\/producto\/microsolar-pro-7w-6v\/#primaryimage"},"thumbnailUrl":"https:\/\/www.xunzel.com\/store\/wp-content\/uploads\/2024\/01\/MICROSOLAR-7W-2.jpg","datePublished":"2023-04-21T12:20:55+00:00","dateModified":"2024-03-20T08:00:52+00:00","breadcrumb":{"@id":"https:\/\/www.xunzel.com\/store\/fr\/producto\/microsolar-pro-7w-6v\/#breadcrumb"},"inLanguage":"fr-FR","potentialAction":[{"@type":"ReadAction","target":["https:\/\/www.xunzel.com\/store\/fr\/producto\/microsolar-pro-7w-6v\/"]}]},{"@type":"ImageObject","inLanguage":"fr-FR","@id":"https:\/\/www.xunzel.com\/store\/fr\/producto\/microsolar-pro-7w-6v\/#primaryimage","url":"https:\/\/www.xunzel.com\/store\/wp-content\/uploads\/2024\/01\/MICROSOLAR-7W-2.jpg","contentUrl":"https:\/\/www.xunzel.com\/store\/wp-content\/uploads\/2024\/01\/MICROSOLAR-7W-2.jpg","width":2200,"height":2200},{"@type":"BreadcrumbList","@id":"https:\/\/www.xunzel.com\/store\/fr\/producto\/microsolar-pro-7w-6v\/#breadcrumb","itemListElement":[{"@type":"ListItem","position":1,"name":"Portada","item":"https:\/\/www.xunzel.com\/store\/fr\/"},{"@type":"ListItem","position":2,"name":"Magasin","item":"https:\/\/www.xunzel.com\/store\/tienda\/"},{"@type":"ListItem","position":3,"name":"MICROSOLAR-PRO 7W 6V"}]},{"@type":"WebSite","@id":"https:\/\/www.xunzel.com\/store\/fr\/#website","url":"https:\/\/www.xunzel.com\/store\/fr\/","name":"Xunzel","description":"Energy in a box - The Electric Revolution","publisher":{"@id":"https:\/\/www.xunzel.com\/store\/fr\/#organization"},"potentialAction":[{"@type":"SearchAction","target":{"@type":"EntryPoint","urlTemplate":"https:\/\/www.xunzel.com\/store\/fr\/?s={search_term_string}"},"query-input":{"@type":"PropertyValueSpecification","valueRequired":true,"valueName":"search_term_string"}}],"inLanguage":"fr-FR"},{"@type":"Organization","@id":"https:\/\/www.xunzel.com\/store\/fr\/#organization","name":"Xunzel","url":"https:\/\/www.xunzel.com\/store\/fr\/","logo":{"@type":"ImageObject","inLanguage":"fr-FR","@id":"https:\/\/www.xunzel.com\/store\/fr\/#\/schema\/logo\/image\/","url":"https:\/\/www.xunzel.com\/store\/wp-content\/uploads\/2021\/01\/logo-xunzel-footer.png","contentUrl":"https:\/\/www.xunzel.com\/store\/wp-content\/uploads\/2021\/01\/logo-xunzel-footer.png","width":280,"height":52,"caption":"Xunzel"},"image":{"@id":"https:\/\/www.xunzel.com\/store\/fr\/#\/schema\/logo\/image\/"}}]}},"_links":{"self":[{"href":"https:\/\/www.xunzel.com\/store\/fr\/wp-json\/wp\/v2\/product\/16474","targetHints":{"allow":["GET"]}}],"collection":[{"href":"https:\/\/www.xunzel.com\/store\/fr\/wp-json\/wp\/v2\/product"}],"about":[{"href":"https:\/\/www.xunzel.com\/store\/fr\/wp-json\/wp\/v2\/types\/product"}],"wp:featuredmedia":[{"embeddable":true,"href":"https:\/\/www.xunzel.com\/store\/fr\/wp-json\/wp\/v2\/media\/19022"}],"wp:attachment":[{"href":"https:\/\/www.xunzel.com\/store\/fr\/wp-json\/wp\/v2\/media?parent=16474"}],"wp:term":[{"taxonomy":"product_brand","embeddable":true,"href":"https:\/\/www.xunzel.com\/store\/fr\/wp-json\/wp\/v2\/product_brand?post=16474"},{"taxonomy":"product_cat","embeddable":true,"href":"https:\/\/www.xunzel.com\/store\/fr\/wp-json\/wp\/v2\/product_cat?post=16474"},{"taxonomy":"product_tag","embeddable":true,"href":"https:\/\/www.xunzel.com\/store\/fr\/wp-json\/wp\/v2\/product_tag?post=16474"}],"curies":[{"name":"wp","href":"https:\/\/api.w.org\/{rel}","templated":true}]}}