{"id":16455,"date":"2020-09-14T20:14:32","date_gmt":"2020-09-14T18:14:32","guid":{"rendered":"https:\/\/www.xunzel.com\/store\/inicio\/solarlife-pro-aut-3024\/"},"modified":"2024-04-25T09:14:39","modified_gmt":"2024-04-25T07:14:39","slug":"solarlife-pro-aut-3024","status":"publish","type":"product","link":"https:\/\/www.xunzel.com\/store\/fr\/producto\/solarlife-pro-aut-3024\/","title":{"rendered":"SOLARLIFE-PRO AUT 3024"},"content":{"rendered":"<p>Solution universel pour les automatismes 24VDC (mod\u00e8les 12VDC, 36VDC, 48VDC et 230VAC disponibles).<br \/>\nPour toutes les fr\u00e9quences d&#8217;utilisation, continues ou occasionnelles.<br \/>\nId\u00e9al \u00e9galement pour les syst\u00e8mes de backup (UPS\/Back-Up).<br \/>\nTotalement s\u00fbr. Tr\u00e8s basse tension.<br \/>\nConception haute performance. Efficacit\u00e9 maximale et facteur de forme r\u00e9duit.<br \/>\nSans entretien. Robuste et con\u00e7u pour fonctionner dans les conditions les plus extr\u00eames : \u00c9tanch\u00e9it\u00e9 IP66. R\u00e9sistance aux chocs IK10. Supporte une large gamme de temp\u00e9ratures -20\u00b0C +60 \u00b0C. Isolation de classe II. R\u00e9sistant au feu et aux UV.<br \/>\nSyst\u00e8me assembl\u00e9, augmentant la s\u00e9curit\u00e9 et la rapidit\u00e9 d&#8217;installation.<br \/>\nArchitecture modulaire. Permet l&#8217;int\u00e9gration d&#8217;une multitude d&#8217;\u00e9quipements \u00e9lectroniques suppl\u00e9mentaires.<br \/>\nFlexible, facilement extensible.<br \/>\nConception s\u00e9curis\u00e9e contre la vuln\u00e9rabilit\u00e9 informatique.<br \/>\nProtection totale : Fusible. Contre les surcharges et les d\u00e9charges excessives. Contre l&#8217;inversion de polarit\u00e9, court-circuit, surcharge, surtension, tr\u00e8s basse tension et surchauffe.<br \/>\nLivr\u00e9 avec serrure et cl\u00e9.<br \/>\nPeut \u00eatre install\u00e9 sur un mur, un poteau, un sol. A l&#8217;ext\u00e9rieur et \u00e0 l&#8217;int\u00e9rieur.<br \/>\nCertifi\u00e9 et approuv\u00e9 pour le transport a\u00e9rien, ferroviaire, maritime ou routier. Approuv\u00e9 ADR\/RID, IMDG, FAA et IATA.<\/p>\n","protected":false},"excerpt":{"rendered":"<p>Syst\u00e8me universel d&#8217;alimentation solaire autonome complet pour l&#8217;automatisation et l&#8217;acc\u00e8s en 24VDC.<br \/>\nCon\u00e7u pour fournir une alimentation s\u00fbre et efficace.<br \/>\nUniversel. Compatible avec la plupart des automatismes et des marques. Pour tous les types d&#8217;automatismes et moteur de portail: coulissants, battants, bornes, sectionnels, serrures, portes automatiques, vid\u00e9o\/porte, \u00e9clairage auxiliaire, etc.<br \/>\nGrand nombre de man\u0153uvres. Jusqu&#8217;\u00e0 15~40 man\u0153uvres par jour et autonomie jusqu&#8217;\u00e0 60 jours. En fonction du mod\u00e8le, des accessoires utilis\u00e9s et du poids de la porte.<br \/>\nPlug&amp;Play. S\u00fbr. Sans entretien. Enti\u00e8rement homologu\u00e9 et dot\u00e9 de protections.<br \/>\nAvec <a href=\"https:\/\/www.xunzel.com\/store\/fr\/product\/solarpower-30w-24v\/\" target=\"_blank\" rel=\"noopener\"><strong>SOLARPOWER-30W<\/strong><\/a> panneau solaire photovolta\u00efque \u00e0 haut rendement avec support inclinable, XUNBOX complet avec 2 batteries solaires <a href=\"https:\/\/www.xunzel.com\/store\/fr\/product\/solarx-14\/\" target=\"_blank\" rel=\"noopener\"><strong>SOLARX-14<\/strong><\/a> \u00e0 longue dur\u00e9e de vie, \u00e9lectronique de contr\u00f4le, c\u00e2blage, connecteurs universels et protections.<br \/>\nMoteur non inclus.<\/p>\n<p><span class=\"shared-files-shortcode-admin-list shared-files-shortcode-admin-list-file shared-files-shortcode-11092\" title=\"[shared_files file_id=11092]\"><span class=\"shared-files-shortcode-admin-list shared-files-shortcode-admin-list-file shared-files-shortcode-20013\" title=\"[shared_files file_id=20013]\">[shared_files file_id=20013]<\/span><\/span><\/p>\n","protected":false},"featured_media":20933,"template":"","meta":{"_acf_changed":false},"product_brand":[],"product_cat":[470],"product_tag":[],"class_list":{"0":"post-16455","1":"product","2":"type-product","3":"status-publish","4":"has-post-thumbnail","6":"product_cat-solarlife-pro-aut-series","8":"first","9":"onbackorder","10":"featured","11":"taxable","12":"shipping-taxable","13":"purchasable","14":"product-type-simple"},"acf":[],"yoast_head":"<!-- This site is optimized with the Yoast SEO plugin v25.4 - https:\/\/yoast.com\/wordpress\/plugins\/seo\/ -->\n<title>SOLARLIFE-PRO AUT 3024 &#8211; Xunzel<\/title>\n<meta name=\"robots\" content=\"index, follow, max-snippet:-1, max-image-preview:large, max-video-preview:-1\" \/>\n<link rel=\"canonical\" href=\"https:\/\/www.xunzel.com\/store\/fr\/producto\/solarlife-pro-aut-3024\/\" \/>\n<meta property=\"og:locale\" content=\"fr_FR\" \/>\n<meta property=\"og:type\" content=\"article\" \/>\n<meta property=\"og:title\" content=\"SOLARLIFE-PRO AUT 3024 &#8211; Xunzel\" \/>\n<meta property=\"og:description\" content=\"Syst\u00e8me universel d&#039;alimentation solaire autonome complet pour l&#039;automatisation et l&#039;acc\u00e8s en 24VDC. Con\u00e7u pour fournir une alimentation s\u00fbre et efficace. Universel. Compatible avec la plupart des automatismes et des marques. Pour tous les types d&#039;automatismes et moteur de portail: coulissants, battants, bornes, sectionnels, serrures, portes automatiques, vid\u00e9o\/porte, \u00e9clairage auxiliaire, etc. Grand nombre de man\u0153uvres. Jusqu&#039;\u00e0 15~40 man\u0153uvres par jour et autonomie jusqu&#039;\u00e0 60 jours. En fonction du mod\u00e8le, des accessoires utilis\u00e9s et du poids de la porte. Plug&amp;Play. S\u00fbr. Sans entretien. Enti\u00e8rement homologu\u00e9 et dot\u00e9 de protections. Avec SOLARPOWER-30W panneau solaire photovolta\u00efque \u00e0 haut rendement avec support inclinable, XUNBOX complet avec 2 batteries solaires SOLARX-14 \u00e0 longue dur\u00e9e de vie, \u00e9lectronique de contr\u00f4le, c\u00e2blage, connecteurs universels et protections. Moteur non inclus.\" \/>\n<meta property=\"og:url\" content=\"https:\/\/www.xunzel.com\/store\/fr\/producto\/solarlife-pro-aut-3024\/\" \/>\n<meta property=\"og:site_name\" content=\"Xunzel\" \/>\n<meta property=\"article:modified_time\" content=\"2024-04-25T07:14:39+00:00\" \/>\n<meta property=\"og:image\" content=\"https:\/\/www.xunzel.com\/store\/wp-content\/uploads\/2020\/09\/SOLARLIFE-pro-AUT-30W24V.jpg\" \/>\n\t<meta property=\"og:image:width\" content=\"2000\" \/>\n\t<meta property=\"og:image:height\" content=\"2000\" \/>\n\t<meta property=\"og:image:type\" content=\"image\/jpeg\" \/>\n<meta name=\"twitter:card\" content=\"summary_large_image\" \/>\n<meta name=\"twitter:label1\" content=\"Dur\u00e9e de lecture estim\u00e9e\" \/>\n\t<meta name=\"twitter:data1\" content=\"1 minute\" \/>\n<script type=\"application\/ld+json\" class=\"yoast-schema-graph\">{\"@context\":\"https:\/\/schema.org\",\"@graph\":[{\"@type\":\"WebPage\",\"@id\":\"https:\/\/www.xunzel.com\/store\/fr\/producto\/solarlife-pro-aut-3024\/\",\"url\":\"https:\/\/www.xunzel.com\/store\/fr\/producto\/solarlife-pro-aut-3024\/\",\"name\":\"SOLARLIFE-PRO AUT 3024 &#8211; Xunzel\",\"isPartOf\":{\"@id\":\"https:\/\/www.xunzel.com\/store\/fr\/#website\"},\"primaryImageOfPage\":{\"@id\":\"https:\/\/www.xunzel.com\/store\/fr\/producto\/solarlife-pro-aut-3024\/#primaryimage\"},\"image\":{\"@id\":\"https:\/\/www.xunzel.com\/store\/fr\/producto\/solarlife-pro-aut-3024\/#primaryimage\"},\"thumbnailUrl\":\"https:\/\/www.xunzel.com\/store\/wp-content\/uploads\/2020\/09\/SOLARLIFE-pro-AUT-30W24V.jpg\",\"datePublished\":\"2020-09-14T18:14:32+00:00\",\"dateModified\":\"2024-04-25T07:14:39+00:00\",\"breadcrumb\":{\"@id\":\"https:\/\/www.xunzel.com\/store\/fr\/producto\/solarlife-pro-aut-3024\/#breadcrumb\"},\"inLanguage\":\"fr-FR\",\"potentialAction\":[{\"@type\":\"ReadAction\",\"target\":[\"https:\/\/www.xunzel.com\/store\/fr\/producto\/solarlife-pro-aut-3024\/\"]}]},{\"@type\":\"ImageObject\",\"inLanguage\":\"fr-FR\",\"@id\":\"https:\/\/www.xunzel.com\/store\/fr\/producto\/solarlife-pro-aut-3024\/#primaryimage\",\"url\":\"https:\/\/www.xunzel.com\/store\/wp-content\/uploads\/2020\/09\/SOLARLIFE-pro-AUT-30W24V.jpg\",\"contentUrl\":\"https:\/\/www.xunzel.com\/store\/wp-content\/uploads\/2020\/09\/SOLARLIFE-pro-AUT-30W24V.jpg\",\"width\":2000,\"height\":2000},{\"@type\":\"BreadcrumbList\",\"@id\":\"https:\/\/www.xunzel.com\/store\/fr\/producto\/solarlife-pro-aut-3024\/#breadcrumb\",\"itemListElement\":[{\"@type\":\"ListItem\",\"position\":1,\"name\":\"Portada\",\"item\":\"https:\/\/www.xunzel.com\/store\/fr\/\"},{\"@type\":\"ListItem\",\"position\":2,\"name\":\"Magasin\",\"item\":\"https:\/\/www.xunzel.com\/store\/tienda\/\"},{\"@type\":\"ListItem\",\"position\":3,\"name\":\"SOLARLIFE-PRO AUT 3024\"}]},{\"@type\":\"WebSite\",\"@id\":\"https:\/\/www.xunzel.com\/store\/fr\/#website\",\"url\":\"https:\/\/www.xunzel.com\/store\/fr\/\",\"name\":\"Xunzel\",\"description\":\"Energy in a box - The Electric Revolution\",\"publisher\":{\"@id\":\"https:\/\/www.xunzel.com\/store\/fr\/#organization\"},\"potentialAction\":[{\"@type\":\"SearchAction\",\"target\":{\"@type\":\"EntryPoint\",\"urlTemplate\":\"https:\/\/www.xunzel.com\/store\/fr\/?s={search_term_string}\"},\"query-input\":{\"@type\":\"PropertyValueSpecification\",\"valueRequired\":true,\"valueName\":\"search_term_string\"}}],\"inLanguage\":\"fr-FR\"},{\"@type\":\"Organization\",\"@id\":\"https:\/\/www.xunzel.com\/store\/fr\/#organization\",\"name\":\"Xunzel\",\"url\":\"https:\/\/www.xunzel.com\/store\/fr\/\",\"logo\":{\"@type\":\"ImageObject\",\"inLanguage\":\"fr-FR\",\"@id\":\"https:\/\/www.xunzel.com\/store\/fr\/#\/schema\/logo\/image\/\",\"url\":\"https:\/\/www.xunzel.com\/store\/wp-content\/uploads\/2021\/01\/logo-xunzel-footer.png\",\"contentUrl\":\"https:\/\/www.xunzel.com\/store\/wp-content\/uploads\/2021\/01\/logo-xunzel-footer.png\",\"width\":280,\"height\":52,\"caption\":\"Xunzel\"},\"image\":{\"@id\":\"https:\/\/www.xunzel.com\/store\/fr\/#\/schema\/logo\/image\/\"}}]}<\/script>\n<!-- \/ Yoast SEO plugin. -->","yoast_head_json":{"title":"SOLARLIFE-PRO AUT 3024 &#8211; Xunzel","robots":{"index":"index","follow":"follow","max-snippet":"max-snippet:-1","max-image-preview":"max-image-preview:large","max-video-preview":"max-video-preview:-1"},"canonical":"https:\/\/www.xunzel.com\/store\/fr\/producto\/solarlife-pro-aut-3024\/","og_locale":"fr_FR","og_type":"article","og_title":"SOLARLIFE-PRO AUT 3024 &#8211; Xunzel","og_description":"Syst\u00e8me universel d'alimentation solaire autonome complet pour l'automatisation et l'acc\u00e8s en 24VDC. Con\u00e7u pour fournir une alimentation s\u00fbre et efficace. Universel. Compatible avec la plupart des automatismes et des marques. Pour tous les types d'automatismes et moteur de portail: coulissants, battants, bornes, sectionnels, serrures, portes automatiques, vid\u00e9o\/porte, \u00e9clairage auxiliaire, etc. Grand nombre de man\u0153uvres. Jusqu'\u00e0 15~40 man\u0153uvres par jour et autonomie jusqu'\u00e0 60 jours. En fonction du mod\u00e8le, des accessoires utilis\u00e9s et du poids de la porte. Plug&amp;Play. S\u00fbr. Sans entretien. Enti\u00e8rement homologu\u00e9 et dot\u00e9 de protections. Avec SOLARPOWER-30W panneau solaire photovolta\u00efque \u00e0 haut rendement avec support inclinable, XUNBOX complet avec 2 batteries solaires SOLARX-14 \u00e0 longue dur\u00e9e de vie, \u00e9lectronique de contr\u00f4le, c\u00e2blage, connecteurs universels et protections. Moteur non inclus.","og_url":"https:\/\/www.xunzel.com\/store\/fr\/producto\/solarlife-pro-aut-3024\/","og_site_name":"Xunzel","article_modified_time":"2024-04-25T07:14:39+00:00","og_image":[{"width":2000,"height":2000,"url":"https:\/\/www.xunzel.com\/store\/wp-content\/uploads\/2020\/09\/SOLARLIFE-pro-AUT-30W24V.jpg","type":"image\/jpeg"}],"twitter_card":"summary_large_image","twitter_misc":{"Dur\u00e9e de lecture estim\u00e9e":"1 minute"},"schema":{"@context":"https:\/\/schema.org","@graph":[{"@type":"WebPage","@id":"https:\/\/www.xunzel.com\/store\/fr\/producto\/solarlife-pro-aut-3024\/","url":"https:\/\/www.xunzel.com\/store\/fr\/producto\/solarlife-pro-aut-3024\/","name":"SOLARLIFE-PRO AUT 3024 &#8211; Xunzel","isPartOf":{"@id":"https:\/\/www.xunzel.com\/store\/fr\/#website"},"primaryImageOfPage":{"@id":"https:\/\/www.xunzel.com\/store\/fr\/producto\/solarlife-pro-aut-3024\/#primaryimage"},"image":{"@id":"https:\/\/www.xunzel.com\/store\/fr\/producto\/solarlife-pro-aut-3024\/#primaryimage"},"thumbnailUrl":"https:\/\/www.xunzel.com\/store\/wp-content\/uploads\/2020\/09\/SOLARLIFE-pro-AUT-30W24V.jpg","datePublished":"2020-09-14T18:14:32+00:00","dateModified":"2024-04-25T07:14:39+00:00","breadcrumb":{"@id":"https:\/\/www.xunzel.com\/store\/fr\/producto\/solarlife-pro-aut-3024\/#breadcrumb"},"inLanguage":"fr-FR","potentialAction":[{"@type":"ReadAction","target":["https:\/\/www.xunzel.com\/store\/fr\/producto\/solarlife-pro-aut-3024\/"]}]},{"@type":"ImageObject","inLanguage":"fr-FR","@id":"https:\/\/www.xunzel.com\/store\/fr\/producto\/solarlife-pro-aut-3024\/#primaryimage","url":"https:\/\/www.xunzel.com\/store\/wp-content\/uploads\/2020\/09\/SOLARLIFE-pro-AUT-30W24V.jpg","contentUrl":"https:\/\/www.xunzel.com\/store\/wp-content\/uploads\/2020\/09\/SOLARLIFE-pro-AUT-30W24V.jpg","width":2000,"height":2000},{"@type":"BreadcrumbList","@id":"https:\/\/www.xunzel.com\/store\/fr\/producto\/solarlife-pro-aut-3024\/#breadcrumb","itemListElement":[{"@type":"ListItem","position":1,"name":"Portada","item":"https:\/\/www.xunzel.com\/store\/fr\/"},{"@type":"ListItem","position":2,"name":"Magasin","item":"https:\/\/www.xunzel.com\/store\/tienda\/"},{"@type":"ListItem","position":3,"name":"SOLARLIFE-PRO AUT 3024"}]},{"@type":"WebSite","@id":"https:\/\/www.xunzel.com\/store\/fr\/#website","url":"https:\/\/www.xunzel.com\/store\/fr\/","name":"Xunzel","description":"Energy in a box - The Electric Revolution","publisher":{"@id":"https:\/\/www.xunzel.com\/store\/fr\/#organization"},"potentialAction":[{"@type":"SearchAction","target":{"@type":"EntryPoint","urlTemplate":"https:\/\/www.xunzel.com\/store\/fr\/?s={search_term_string}"},"query-input":{"@type":"PropertyValueSpecification","valueRequired":true,"valueName":"search_term_string"}}],"inLanguage":"fr-FR"},{"@type":"Organization","@id":"https:\/\/www.xunzel.com\/store\/fr\/#organization","name":"Xunzel","url":"https:\/\/www.xunzel.com\/store\/fr\/","logo":{"@type":"ImageObject","inLanguage":"fr-FR","@id":"https:\/\/www.xunzel.com\/store\/fr\/#\/schema\/logo\/image\/","url":"https:\/\/www.xunzel.com\/store\/wp-content\/uploads\/2021\/01\/logo-xunzel-footer.png","contentUrl":"https:\/\/www.xunzel.com\/store\/wp-content\/uploads\/2021\/01\/logo-xunzel-footer.png","width":280,"height":52,"caption":"Xunzel"},"image":{"@id":"https:\/\/www.xunzel.com\/store\/fr\/#\/schema\/logo\/image\/"}}]}},"_links":{"self":[{"href":"https:\/\/www.xunzel.com\/store\/fr\/wp-json\/wp\/v2\/product\/16455","targetHints":{"allow":["GET"]}}],"collection":[{"href":"https:\/\/www.xunzel.com\/store\/fr\/wp-json\/wp\/v2\/product"}],"about":[{"href":"https:\/\/www.xunzel.com\/store\/fr\/wp-json\/wp\/v2\/types\/product"}],"wp:featuredmedia":[{"embeddable":true,"href":"https:\/\/www.xunzel.com\/store\/fr\/wp-json\/wp\/v2\/media\/20933"}],"wp:attachment":[{"href":"https:\/\/www.xunzel.com\/store\/fr\/wp-json\/wp\/v2\/media?parent=16455"}],"wp:term":[{"taxonomy":"product_brand","embeddable":true,"href":"https:\/\/www.xunzel.com\/store\/fr\/wp-json\/wp\/v2\/product_brand?post=16455"},{"taxonomy":"product_cat","embeddable":true,"href":"https:\/\/www.xunzel.com\/store\/fr\/wp-json\/wp\/v2\/product_cat?post=16455"},{"taxonomy":"product_tag","embeddable":true,"href":"https:\/\/www.xunzel.com\/store\/fr\/wp-json\/wp\/v2\/product_tag?post=16455"}],"curies":[{"name":"wp","href":"https:\/\/api.w.org\/{rel}","templated":true}]}}