{"id":16298,"date":"2021-01-14T14:40:44","date_gmt":"2021-01-14T13:40:44","guid":{"rendered":"https:\/\/www.xunzel.com\/store\/inicio\/solstand-xunzel\/"},"modified":"2024-03-27T16:22:03","modified_gmt":"2024-03-27T15:22:03","slug":"solstand","status":"publish","type":"product","link":"https:\/\/www.xunzel.com\/store\/fr\/producto\/solstand\/","title":{"rendered":"SOLSTAND"},"content":{"rendered":"<p>Syst\u00e8me de montage de panneaux solaires photovolta\u00efques pour sol\/toit plat, 25\u00b0 inclin\u00e9. Universel. Pr\u00e9mont\u00e9. Facile et rapide \u00e0 assembler. Optimisation a\u00e9rodynamique et mat\u00e9riaux robustes de haute qualit\u00e9. Con\u00e7u pour des installations s\u00fbres, avec une grande stabilit\u00e9 m\u00e9canique et une grande fiabilit\u00e9. Tous les syst\u00e8mes de fixation sont calcul\u00e9s et approuv\u00e9s pour la r\u00e9sistance structurelle et les performances m\u00e9caniques. Fabriqu\u00e9 en aluminium form\u00e9 \u00e0 froid de haute qualit\u00e9 et d&#8217;excellente rigidit\u00e9 (EN AW-6063 T66) et en t\u00f4le avec des vis en acier inoxydable (1.4301) A2-70. Facilement extensible avec le KIT SOLUNION12.<\/p>\n","protected":false},"excerpt":{"rendered":"<p>Syst\u00e8me de montage de panneaux solaires photovolta\u00efques pour sol\/toit plat, 25\u00b0 inclin\u00e9. Universel. Pr\u00e9mont\u00e9. Facile et rapide \u00e0 assembler. Optimisation a\u00e9rodynamique et mat\u00e9riaux robustes de haute qualit\u00e9. Con\u00e7u pour des installations s\u00fbres, avec une grande stabilit\u00e9 m\u00e9canique et une grande fiabilit\u00e9. Valable pour les panneaux <a href=\"https:\/\/www.xunzel.com\/store\/fr\/categorie-produit\/solarpower\/solarpower-on-perc-series\/\" target=\"_blank\" rel=\"noopener\"><strong>SOLARPOWER-ON-PERC-425WN30<\/strong> <\/a>(1754 x 1096 x 30mm). Panneau solaire non inclus.<\/p>\n<p><span class=\"shared-files-shortcode-admin-list shared-files-shortcode-admin-list-file shared-files-shortcode-11213\" title=\"[shared_files file_id=11213]\"><span class=\"shared-files-shortcode-admin-list shared-files-shortcode-admin-list-file shared-files-shortcode-10157\" title=\"[shared_files file_id=10157]\"><span class=\"shared-files-shortcode-admin-list shared-files-shortcode-admin-list-file shared-files-shortcode-16905\" title=\"[shared_files file_id=16905]\">[shared_files file_id=16905]<\/span><\/span><\/span><\/p>\n","protected":false},"featured_media":16300,"template":"","meta":{"_acf_changed":false},"product_brand":[],"product_cat":[480],"product_tag":[],"class_list":{"0":"post-16298","1":"product","2":"type-product","3":"status-publish","4":"has-post-thumbnail","6":"product_cat-supports-panneaux-solaires","8":"first","9":"instock","10":"taxable","11":"shipping-taxable","12":"purchasable","13":"product-type-variable"},"acf":[],"yoast_head":"<!-- This site is optimized with the Yoast SEO plugin v25.4 - https:\/\/yoast.com\/wordpress\/plugins\/seo\/ -->\n<title>SOLSTAND &#8211; Xunzel<\/title>\n<meta name=\"robots\" content=\"index, follow, max-snippet:-1, max-image-preview:large, max-video-preview:-1\" \/>\n<link rel=\"canonical\" href=\"https:\/\/www.xunzel.com\/store\/fr\/producto\/solstand\/\" \/>\n<meta property=\"og:locale\" content=\"fr_FR\" \/>\n<meta property=\"og:type\" content=\"article\" \/>\n<meta property=\"og:title\" content=\"SOLSTAND &#8211; Xunzel\" \/>\n<meta property=\"og:description\" content=\"Syst\u00e8me de montage de panneaux solaires photovolta\u00efques pour sol\/toit plat, 25\u00b0 inclin\u00e9. Universel. Pr\u00e9mont\u00e9. Facile et rapide \u00e0 assembler. Optimisation a\u00e9rodynamique et mat\u00e9riaux robustes de haute qualit\u00e9. Con\u00e7u pour des installations s\u00fbres, avec une grande stabilit\u00e9 m\u00e9canique et une grande fiabilit\u00e9. Valable pour les panneaux SOLARPOWER-ON-PERC-425WN30 (1754 x 1096 x 30mm). Panneau solaire non inclus.\" \/>\n<meta property=\"og:url\" content=\"https:\/\/www.xunzel.com\/store\/fr\/producto\/solstand\/\" \/>\n<meta property=\"og:site_name\" content=\"Xunzel\" \/>\n<meta property=\"article:modified_time\" content=\"2024-03-27T15:22:03+00:00\" \/>\n<meta property=\"og:image\" content=\"https:\/\/www.xunzel.com\/store\/wp-content\/uploads\/2021\/01\/2-SOLSTAND_2.jpg\" \/>\n\t<meta property=\"og:image:width\" content=\"1100\" \/>\n\t<meta property=\"og:image:height\" content=\"1110\" \/>\n\t<meta property=\"og:image:type\" content=\"image\/jpeg\" \/>\n<meta name=\"twitter:card\" content=\"summary_large_image\" \/>\n<meta name=\"twitter:label1\" content=\"Dur\u00e9e de lecture estim\u00e9e\" \/>\n\t<meta name=\"twitter:data1\" content=\"1 minute\" \/>\n<script type=\"application\/ld+json\" class=\"yoast-schema-graph\">{\"@context\":\"https:\/\/schema.org\",\"@graph\":[{\"@type\":\"WebPage\",\"@id\":\"https:\/\/www.xunzel.com\/store\/fr\/producto\/solstand\/\",\"url\":\"https:\/\/www.xunzel.com\/store\/fr\/producto\/solstand\/\",\"name\":\"SOLSTAND &#8211; Xunzel\",\"isPartOf\":{\"@id\":\"https:\/\/www.xunzel.com\/store\/fr\/#website\"},\"primaryImageOfPage\":{\"@id\":\"https:\/\/www.xunzel.com\/store\/fr\/producto\/solstand\/#primaryimage\"},\"image\":{\"@id\":\"https:\/\/www.xunzel.com\/store\/fr\/producto\/solstand\/#primaryimage\"},\"thumbnailUrl\":\"https:\/\/www.xunzel.com\/store\/wp-content\/uploads\/2021\/01\/2-SOLSTAND_2.jpg\",\"datePublished\":\"2021-01-14T13:40:44+00:00\",\"dateModified\":\"2024-03-27T15:22:03+00:00\",\"breadcrumb\":{\"@id\":\"https:\/\/www.xunzel.com\/store\/fr\/producto\/solstand\/#breadcrumb\"},\"inLanguage\":\"fr-FR\",\"potentialAction\":[{\"@type\":\"ReadAction\",\"target\":[\"https:\/\/www.xunzel.com\/store\/fr\/producto\/solstand\/\"]}]},{\"@type\":\"ImageObject\",\"inLanguage\":\"fr-FR\",\"@id\":\"https:\/\/www.xunzel.com\/store\/fr\/producto\/solstand\/#primaryimage\",\"url\":\"https:\/\/www.xunzel.com\/store\/wp-content\/uploads\/2021\/01\/2-SOLSTAND_2.jpg\",\"contentUrl\":\"https:\/\/www.xunzel.com\/store\/wp-content\/uploads\/2021\/01\/2-SOLSTAND_2.jpg\",\"width\":1100,\"height\":1110},{\"@type\":\"BreadcrumbList\",\"@id\":\"https:\/\/www.xunzel.com\/store\/fr\/producto\/solstand\/#breadcrumb\",\"itemListElement\":[{\"@type\":\"ListItem\",\"position\":1,\"name\":\"Portada\",\"item\":\"https:\/\/www.xunzel.com\/store\/fr\/\"},{\"@type\":\"ListItem\",\"position\":2,\"name\":\"Magasin\",\"item\":\"https:\/\/www.xunzel.com\/store\/tienda\/\"},{\"@type\":\"ListItem\",\"position\":3,\"name\":\"SOLSTAND\"}]},{\"@type\":\"WebSite\",\"@id\":\"https:\/\/www.xunzel.com\/store\/fr\/#website\",\"url\":\"https:\/\/www.xunzel.com\/store\/fr\/\",\"name\":\"Xunzel\",\"description\":\"Energy in a box - The Electric Revolution\",\"publisher\":{\"@id\":\"https:\/\/www.xunzel.com\/store\/fr\/#organization\"},\"potentialAction\":[{\"@type\":\"SearchAction\",\"target\":{\"@type\":\"EntryPoint\",\"urlTemplate\":\"https:\/\/www.xunzel.com\/store\/fr\/?s={search_term_string}\"},\"query-input\":{\"@type\":\"PropertyValueSpecification\",\"valueRequired\":true,\"valueName\":\"search_term_string\"}}],\"inLanguage\":\"fr-FR\"},{\"@type\":\"Organization\",\"@id\":\"https:\/\/www.xunzel.com\/store\/fr\/#organization\",\"name\":\"Xunzel\",\"url\":\"https:\/\/www.xunzel.com\/store\/fr\/\",\"logo\":{\"@type\":\"ImageObject\",\"inLanguage\":\"fr-FR\",\"@id\":\"https:\/\/www.xunzel.com\/store\/fr\/#\/schema\/logo\/image\/\",\"url\":\"https:\/\/www.xunzel.com\/store\/wp-content\/uploads\/2021\/01\/logo-xunzel-footer.png\",\"contentUrl\":\"https:\/\/www.xunzel.com\/store\/wp-content\/uploads\/2021\/01\/logo-xunzel-footer.png\",\"width\":280,\"height\":52,\"caption\":\"Xunzel\"},\"image\":{\"@id\":\"https:\/\/www.xunzel.com\/store\/fr\/#\/schema\/logo\/image\/\"}}]}<\/script>\n<!-- \/ Yoast SEO plugin. -->","yoast_head_json":{"title":"SOLSTAND &#8211; Xunzel","robots":{"index":"index","follow":"follow","max-snippet":"max-snippet:-1","max-image-preview":"max-image-preview:large","max-video-preview":"max-video-preview:-1"},"canonical":"https:\/\/www.xunzel.com\/store\/fr\/producto\/solstand\/","og_locale":"fr_FR","og_type":"article","og_title":"SOLSTAND &#8211; Xunzel","og_description":"Syst\u00e8me de montage de panneaux solaires photovolta\u00efques pour sol\/toit plat, 25\u00b0 inclin\u00e9. Universel. Pr\u00e9mont\u00e9. Facile et rapide \u00e0 assembler. Optimisation a\u00e9rodynamique et mat\u00e9riaux robustes de haute qualit\u00e9. Con\u00e7u pour des installations s\u00fbres, avec une grande stabilit\u00e9 m\u00e9canique et une grande fiabilit\u00e9. Valable pour les panneaux SOLARPOWER-ON-PERC-425WN30 (1754 x 1096 x 30mm). Panneau solaire non inclus.","og_url":"https:\/\/www.xunzel.com\/store\/fr\/producto\/solstand\/","og_site_name":"Xunzel","article_modified_time":"2024-03-27T15:22:03+00:00","og_image":[{"width":1100,"height":1110,"url":"https:\/\/www.xunzel.com\/store\/wp-content\/uploads\/2021\/01\/2-SOLSTAND_2.jpg","type":"image\/jpeg"}],"twitter_card":"summary_large_image","twitter_misc":{"Dur\u00e9e de lecture estim\u00e9e":"1 minute"},"schema":{"@context":"https:\/\/schema.org","@graph":[{"@type":"WebPage","@id":"https:\/\/www.xunzel.com\/store\/fr\/producto\/solstand\/","url":"https:\/\/www.xunzel.com\/store\/fr\/producto\/solstand\/","name":"SOLSTAND &#8211; Xunzel","isPartOf":{"@id":"https:\/\/www.xunzel.com\/store\/fr\/#website"},"primaryImageOfPage":{"@id":"https:\/\/www.xunzel.com\/store\/fr\/producto\/solstand\/#primaryimage"},"image":{"@id":"https:\/\/www.xunzel.com\/store\/fr\/producto\/solstand\/#primaryimage"},"thumbnailUrl":"https:\/\/www.xunzel.com\/store\/wp-content\/uploads\/2021\/01\/2-SOLSTAND_2.jpg","datePublished":"2021-01-14T13:40:44+00:00","dateModified":"2024-03-27T15:22:03+00:00","breadcrumb":{"@id":"https:\/\/www.xunzel.com\/store\/fr\/producto\/solstand\/#breadcrumb"},"inLanguage":"fr-FR","potentialAction":[{"@type":"ReadAction","target":["https:\/\/www.xunzel.com\/store\/fr\/producto\/solstand\/"]}]},{"@type":"ImageObject","inLanguage":"fr-FR","@id":"https:\/\/www.xunzel.com\/store\/fr\/producto\/solstand\/#primaryimage","url":"https:\/\/www.xunzel.com\/store\/wp-content\/uploads\/2021\/01\/2-SOLSTAND_2.jpg","contentUrl":"https:\/\/www.xunzel.com\/store\/wp-content\/uploads\/2021\/01\/2-SOLSTAND_2.jpg","width":1100,"height":1110},{"@type":"BreadcrumbList","@id":"https:\/\/www.xunzel.com\/store\/fr\/producto\/solstand\/#breadcrumb","itemListElement":[{"@type":"ListItem","position":1,"name":"Portada","item":"https:\/\/www.xunzel.com\/store\/fr\/"},{"@type":"ListItem","position":2,"name":"Magasin","item":"https:\/\/www.xunzel.com\/store\/tienda\/"},{"@type":"ListItem","position":3,"name":"SOLSTAND"}]},{"@type":"WebSite","@id":"https:\/\/www.xunzel.com\/store\/fr\/#website","url":"https:\/\/www.xunzel.com\/store\/fr\/","name":"Xunzel","description":"Energy in a box - The Electric Revolution","publisher":{"@id":"https:\/\/www.xunzel.com\/store\/fr\/#organization"},"potentialAction":[{"@type":"SearchAction","target":{"@type":"EntryPoint","urlTemplate":"https:\/\/www.xunzel.com\/store\/fr\/?s={search_term_string}"},"query-input":{"@type":"PropertyValueSpecification","valueRequired":true,"valueName":"search_term_string"}}],"inLanguage":"fr-FR"},{"@type":"Organization","@id":"https:\/\/www.xunzel.com\/store\/fr\/#organization","name":"Xunzel","url":"https:\/\/www.xunzel.com\/store\/fr\/","logo":{"@type":"ImageObject","inLanguage":"fr-FR","@id":"https:\/\/www.xunzel.com\/store\/fr\/#\/schema\/logo\/image\/","url":"https:\/\/www.xunzel.com\/store\/wp-content\/uploads\/2021\/01\/logo-xunzel-footer.png","contentUrl":"https:\/\/www.xunzel.com\/store\/wp-content\/uploads\/2021\/01\/logo-xunzel-footer.png","width":280,"height":52,"caption":"Xunzel"},"image":{"@id":"https:\/\/www.xunzel.com\/store\/fr\/#\/schema\/logo\/image\/"}}]}},"_links":{"self":[{"href":"https:\/\/www.xunzel.com\/store\/fr\/wp-json\/wp\/v2\/product\/16298","targetHints":{"allow":["GET"]}}],"collection":[{"href":"https:\/\/www.xunzel.com\/store\/fr\/wp-json\/wp\/v2\/product"}],"about":[{"href":"https:\/\/www.xunzel.com\/store\/fr\/wp-json\/wp\/v2\/types\/product"}],"wp:featuredmedia":[{"embeddable":true,"href":"https:\/\/www.xunzel.com\/store\/fr\/wp-json\/wp\/v2\/media\/16300"}],"wp:attachment":[{"href":"https:\/\/www.xunzel.com\/store\/fr\/wp-json\/wp\/v2\/media?parent=16298"}],"wp:term":[{"taxonomy":"product_brand","embeddable":true,"href":"https:\/\/www.xunzel.com\/store\/fr\/wp-json\/wp\/v2\/product_brand?post=16298"},{"taxonomy":"product_cat","embeddable":true,"href":"https:\/\/www.xunzel.com\/store\/fr\/wp-json\/wp\/v2\/product_cat?post=16298"},{"taxonomy":"product_tag","embeddable":true,"href":"https:\/\/www.xunzel.com\/store\/fr\/wp-json\/wp\/v2\/product_tag?post=16298"}],"curies":[{"name":"wp","href":"https:\/\/api.w.org\/{rel}","templated":true}]}}