{"id":16234,"date":"2021-01-14T12:15:17","date_gmt":"2021-01-14T11:15:17","guid":{"rendered":"https:\/\/www.xunzel.com\/store\/inicio\/cable-solar-fotovoltaico-4mm2-rojo-y-negro-xunzel\/"},"modified":"2024-03-26T15:44:08","modified_gmt":"2024-03-26T14:44:08","slug":"cable-solaire-photovoltaique","status":"publish","type":"product","link":"https:\/\/www.xunzel.com\/store\/fr\/producto\/cable-solaire-photovoltaique\/","title":{"rendered":"C\u00e2ble Solaire Photovolta\u00efque"},"content":{"rendered":"","protected":false},"excerpt":{"rendered":"<p>C\u00e2ble Solaire Photovolta\u00efque Rouge et Noir XUNZEL approuv\u00e9 T\u00dcV pour ses hautes performances et sa r\u00e9sistance pour l&#8217;interconnexion de panneaux solaires photovolta\u00efques plus s\u00fbrs et plus efficaces. Convient pour les installations externes et internes. En rouge (+) et noir (-) pour \u00e9viter les erreurs d&#8217;installation. Con\u00e7u pour les installations permanentes. Avec double isolation, robuste et con\u00e7u pour r\u00e9sister aux conditions d&#8217;installation les plus extr\u00eames. C\u00e2ble con\u00e7u et test\u00e9 pour une dur\u00e9e de vie utile de plus de 25 ans. Sections disponibles: 4mm\u00b2, 6mm\u00b2, 10mm\u00b2, 16mm\u00b2. Disponible en diff\u00e9rents formats en bobines et en rouleaux (20, 50 et 100m).<\/p>\n<p><span class=\"shared-files-shortcode-admin-list shared-files-shortcode-admin-list-file shared-files-shortcode-11210\" title=\"[shared_files file_id=11210]\">[shared_files file_id=11210]<\/span><\/p>\n","protected":false},"featured_media":18996,"template":"","meta":{"_acf_changed":false},"product_brand":[],"product_cat":[478],"product_tag":[],"class_list":{"0":"post-16234","1":"product","2":"type-product","3":"status-publish","4":"has-post-thumbnail","6":"product_cat-cables-connecteurs","8":"first","9":"instock","10":"taxable","11":"shipping-taxable","12":"purchasable","13":"product-type-variable"},"acf":[],"yoast_head":"<!-- This site is optimized with the Yoast SEO plugin v25.4 - https:\/\/yoast.com\/wordpress\/plugins\/seo\/ -->\n<title>C\u00e2ble Solaire Photovolta\u00efque &#8211; Xunzel<\/title>\n<meta name=\"robots\" content=\"index, follow, max-snippet:-1, max-image-preview:large, max-video-preview:-1\" \/>\n<link rel=\"canonical\" href=\"https:\/\/www.xunzel.com\/store\/fr\/producto\/cable-solaire-photovoltaique\/\" \/>\n<meta property=\"og:locale\" content=\"fr_FR\" \/>\n<meta property=\"og:type\" content=\"article\" \/>\n<meta property=\"og:title\" content=\"C\u00e2ble Solaire Photovolta\u00efque &#8211; Xunzel\" \/>\n<meta property=\"og:description\" content=\"C\u00e2ble Solaire Photovolta\u00efque Rouge et Noir XUNZEL approuv\u00e9 T\u00dcV pour ses hautes performances et sa r\u00e9sistance pour l&#039;interconnexion de panneaux solaires photovolta\u00efques plus s\u00fbrs et plus efficaces. Convient pour les installations externes et internes. En rouge (+) et noir (-) pour \u00e9viter les erreurs d&#039;installation. Con\u00e7u pour les installations permanentes. Avec double isolation, robuste et con\u00e7u pour r\u00e9sister aux conditions d&#039;installation les plus extr\u00eames. C\u00e2ble con\u00e7u et test\u00e9 pour une dur\u00e9e de vie utile de plus de 25 ans. Sections disponibles: 4mm\u00b2, 6mm\u00b2, 10mm\u00b2, 16mm\u00b2. Disponible en diff\u00e9rents formats en bobines et en rouleaux (20, 50 et 100m).\" \/>\n<meta property=\"og:url\" content=\"https:\/\/www.xunzel.com\/store\/fr\/producto\/cable-solaire-photovoltaique\/\" \/>\n<meta property=\"og:site_name\" content=\"Xunzel\" \/>\n<meta property=\"article:modified_time\" content=\"2024-03-26T14:44:08+00:00\" \/>\n<meta property=\"og:image\" content=\"https:\/\/www.xunzel.com\/store\/wp-content\/uploads\/2021\/01\/2-SOLAR-CABLE-XUNZEL-FAMILIY1.jpg\" \/>\n\t<meta property=\"og:image:width\" content=\"1100\" \/>\n\t<meta property=\"og:image:height\" content=\"1110\" \/>\n\t<meta property=\"og:image:type\" content=\"image\/jpeg\" \/>\n<meta name=\"twitter:card\" content=\"summary_large_image\" \/>\n<meta name=\"twitter:label1\" content=\"Dur\u00e9e de lecture estim\u00e9e\" \/>\n\t<meta name=\"twitter:data1\" content=\"1 minute\" \/>\n<script type=\"application\/ld+json\" class=\"yoast-schema-graph\">{\"@context\":\"https:\/\/schema.org\",\"@graph\":[{\"@type\":\"WebPage\",\"@id\":\"https:\/\/www.xunzel.com\/store\/fr\/producto\/cable-solaire-photovoltaique\/\",\"url\":\"https:\/\/www.xunzel.com\/store\/fr\/producto\/cable-solaire-photovoltaique\/\",\"name\":\"C\u00e2ble Solaire Photovolta\u00efque &#8211; Xunzel\",\"isPartOf\":{\"@id\":\"https:\/\/www.xunzel.com\/store\/fr\/#website\"},\"primaryImageOfPage\":{\"@id\":\"https:\/\/www.xunzel.com\/store\/fr\/producto\/cable-solaire-photovoltaique\/#primaryimage\"},\"image\":{\"@id\":\"https:\/\/www.xunzel.com\/store\/fr\/producto\/cable-solaire-photovoltaique\/#primaryimage\"},\"thumbnailUrl\":\"https:\/\/www.xunzel.com\/store\/wp-content\/uploads\/2021\/01\/2-SOLAR-CABLE-XUNZEL-FAMILIY1.jpg\",\"datePublished\":\"2021-01-14T11:15:17+00:00\",\"dateModified\":\"2024-03-26T14:44:08+00:00\",\"breadcrumb\":{\"@id\":\"https:\/\/www.xunzel.com\/store\/fr\/producto\/cable-solaire-photovoltaique\/#breadcrumb\"},\"inLanguage\":\"fr-FR\",\"potentialAction\":[{\"@type\":\"ReadAction\",\"target\":[\"https:\/\/www.xunzel.com\/store\/fr\/producto\/cable-solaire-photovoltaique\/\"]}]},{\"@type\":\"ImageObject\",\"inLanguage\":\"fr-FR\",\"@id\":\"https:\/\/www.xunzel.com\/store\/fr\/producto\/cable-solaire-photovoltaique\/#primaryimage\",\"url\":\"https:\/\/www.xunzel.com\/store\/wp-content\/uploads\/2021\/01\/2-SOLAR-CABLE-XUNZEL-FAMILIY1.jpg\",\"contentUrl\":\"https:\/\/www.xunzel.com\/store\/wp-content\/uploads\/2021\/01\/2-SOLAR-CABLE-XUNZEL-FAMILIY1.jpg\",\"width\":1100,\"height\":1110},{\"@type\":\"BreadcrumbList\",\"@id\":\"https:\/\/www.xunzel.com\/store\/fr\/producto\/cable-solaire-photovoltaique\/#breadcrumb\",\"itemListElement\":[{\"@type\":\"ListItem\",\"position\":1,\"name\":\"Portada\",\"item\":\"https:\/\/www.xunzel.com\/store\/fr\/\"},{\"@type\":\"ListItem\",\"position\":2,\"name\":\"Magasin\",\"item\":\"https:\/\/www.xunzel.com\/store\/tienda\/\"},{\"@type\":\"ListItem\",\"position\":3,\"name\":\"C\u00e2ble Solaire Photovolta\u00efque\"}]},{\"@type\":\"WebSite\",\"@id\":\"https:\/\/www.xunzel.com\/store\/fr\/#website\",\"url\":\"https:\/\/www.xunzel.com\/store\/fr\/\",\"name\":\"Xunzel\",\"description\":\"Energy in a box - The Electric Revolution\",\"publisher\":{\"@id\":\"https:\/\/www.xunzel.com\/store\/fr\/#organization\"},\"potentialAction\":[{\"@type\":\"SearchAction\",\"target\":{\"@type\":\"EntryPoint\",\"urlTemplate\":\"https:\/\/www.xunzel.com\/store\/fr\/?s={search_term_string}\"},\"query-input\":{\"@type\":\"PropertyValueSpecification\",\"valueRequired\":true,\"valueName\":\"search_term_string\"}}],\"inLanguage\":\"fr-FR\"},{\"@type\":\"Organization\",\"@id\":\"https:\/\/www.xunzel.com\/store\/fr\/#organization\",\"name\":\"Xunzel\",\"url\":\"https:\/\/www.xunzel.com\/store\/fr\/\",\"logo\":{\"@type\":\"ImageObject\",\"inLanguage\":\"fr-FR\",\"@id\":\"https:\/\/www.xunzel.com\/store\/fr\/#\/schema\/logo\/image\/\",\"url\":\"https:\/\/www.xunzel.com\/store\/wp-content\/uploads\/2021\/01\/logo-xunzel-footer.png\",\"contentUrl\":\"https:\/\/www.xunzel.com\/store\/wp-content\/uploads\/2021\/01\/logo-xunzel-footer.png\",\"width\":280,\"height\":52,\"caption\":\"Xunzel\"},\"image\":{\"@id\":\"https:\/\/www.xunzel.com\/store\/fr\/#\/schema\/logo\/image\/\"}}]}<\/script>\n<!-- \/ Yoast SEO plugin. -->","yoast_head_json":{"title":"C\u00e2ble Solaire Photovolta\u00efque &#8211; Xunzel","robots":{"index":"index","follow":"follow","max-snippet":"max-snippet:-1","max-image-preview":"max-image-preview:large","max-video-preview":"max-video-preview:-1"},"canonical":"https:\/\/www.xunzel.com\/store\/fr\/producto\/cable-solaire-photovoltaique\/","og_locale":"fr_FR","og_type":"article","og_title":"C\u00e2ble Solaire Photovolta\u00efque &#8211; Xunzel","og_description":"C\u00e2ble Solaire Photovolta\u00efque Rouge et Noir XUNZEL approuv\u00e9 T\u00dcV pour ses hautes performances et sa r\u00e9sistance pour l'interconnexion de panneaux solaires photovolta\u00efques plus s\u00fbrs et plus efficaces. Convient pour les installations externes et internes. En rouge (+) et noir (-) pour \u00e9viter les erreurs d'installation. Con\u00e7u pour les installations permanentes. Avec double isolation, robuste et con\u00e7u pour r\u00e9sister aux conditions d'installation les plus extr\u00eames. C\u00e2ble con\u00e7u et test\u00e9 pour une dur\u00e9e de vie utile de plus de 25 ans. Sections disponibles: 4mm\u00b2, 6mm\u00b2, 10mm\u00b2, 16mm\u00b2. Disponible en diff\u00e9rents formats en bobines et en rouleaux (20, 50 et 100m).","og_url":"https:\/\/www.xunzel.com\/store\/fr\/producto\/cable-solaire-photovoltaique\/","og_site_name":"Xunzel","article_modified_time":"2024-03-26T14:44:08+00:00","og_image":[{"width":1100,"height":1110,"url":"https:\/\/www.xunzel.com\/store\/wp-content\/uploads\/2021\/01\/2-SOLAR-CABLE-XUNZEL-FAMILIY1.jpg","type":"image\/jpeg"}],"twitter_card":"summary_large_image","twitter_misc":{"Dur\u00e9e de lecture estim\u00e9e":"1 minute"},"schema":{"@context":"https:\/\/schema.org","@graph":[{"@type":"WebPage","@id":"https:\/\/www.xunzel.com\/store\/fr\/producto\/cable-solaire-photovoltaique\/","url":"https:\/\/www.xunzel.com\/store\/fr\/producto\/cable-solaire-photovoltaique\/","name":"C\u00e2ble Solaire Photovolta\u00efque &#8211; Xunzel","isPartOf":{"@id":"https:\/\/www.xunzel.com\/store\/fr\/#website"},"primaryImageOfPage":{"@id":"https:\/\/www.xunzel.com\/store\/fr\/producto\/cable-solaire-photovoltaique\/#primaryimage"},"image":{"@id":"https:\/\/www.xunzel.com\/store\/fr\/producto\/cable-solaire-photovoltaique\/#primaryimage"},"thumbnailUrl":"https:\/\/www.xunzel.com\/store\/wp-content\/uploads\/2021\/01\/2-SOLAR-CABLE-XUNZEL-FAMILIY1.jpg","datePublished":"2021-01-14T11:15:17+00:00","dateModified":"2024-03-26T14:44:08+00:00","breadcrumb":{"@id":"https:\/\/www.xunzel.com\/store\/fr\/producto\/cable-solaire-photovoltaique\/#breadcrumb"},"inLanguage":"fr-FR","potentialAction":[{"@type":"ReadAction","target":["https:\/\/www.xunzel.com\/store\/fr\/producto\/cable-solaire-photovoltaique\/"]}]},{"@type":"ImageObject","inLanguage":"fr-FR","@id":"https:\/\/www.xunzel.com\/store\/fr\/producto\/cable-solaire-photovoltaique\/#primaryimage","url":"https:\/\/www.xunzel.com\/store\/wp-content\/uploads\/2021\/01\/2-SOLAR-CABLE-XUNZEL-FAMILIY1.jpg","contentUrl":"https:\/\/www.xunzel.com\/store\/wp-content\/uploads\/2021\/01\/2-SOLAR-CABLE-XUNZEL-FAMILIY1.jpg","width":1100,"height":1110},{"@type":"BreadcrumbList","@id":"https:\/\/www.xunzel.com\/store\/fr\/producto\/cable-solaire-photovoltaique\/#breadcrumb","itemListElement":[{"@type":"ListItem","position":1,"name":"Portada","item":"https:\/\/www.xunzel.com\/store\/fr\/"},{"@type":"ListItem","position":2,"name":"Magasin","item":"https:\/\/www.xunzel.com\/store\/tienda\/"},{"@type":"ListItem","position":3,"name":"C\u00e2ble Solaire Photovolta\u00efque"}]},{"@type":"WebSite","@id":"https:\/\/www.xunzel.com\/store\/fr\/#website","url":"https:\/\/www.xunzel.com\/store\/fr\/","name":"Xunzel","description":"Energy in a box - The Electric Revolution","publisher":{"@id":"https:\/\/www.xunzel.com\/store\/fr\/#organization"},"potentialAction":[{"@type":"SearchAction","target":{"@type":"EntryPoint","urlTemplate":"https:\/\/www.xunzel.com\/store\/fr\/?s={search_term_string}"},"query-input":{"@type":"PropertyValueSpecification","valueRequired":true,"valueName":"search_term_string"}}],"inLanguage":"fr-FR"},{"@type":"Organization","@id":"https:\/\/www.xunzel.com\/store\/fr\/#organization","name":"Xunzel","url":"https:\/\/www.xunzel.com\/store\/fr\/","logo":{"@type":"ImageObject","inLanguage":"fr-FR","@id":"https:\/\/www.xunzel.com\/store\/fr\/#\/schema\/logo\/image\/","url":"https:\/\/www.xunzel.com\/store\/wp-content\/uploads\/2021\/01\/logo-xunzel-footer.png","contentUrl":"https:\/\/www.xunzel.com\/store\/wp-content\/uploads\/2021\/01\/logo-xunzel-footer.png","width":280,"height":52,"caption":"Xunzel"},"image":{"@id":"https:\/\/www.xunzel.com\/store\/fr\/#\/schema\/logo\/image\/"}}]}},"_links":{"self":[{"href":"https:\/\/www.xunzel.com\/store\/fr\/wp-json\/wp\/v2\/product\/16234","targetHints":{"allow":["GET"]}}],"collection":[{"href":"https:\/\/www.xunzel.com\/store\/fr\/wp-json\/wp\/v2\/product"}],"about":[{"href":"https:\/\/www.xunzel.com\/store\/fr\/wp-json\/wp\/v2\/types\/product"}],"wp:featuredmedia":[{"embeddable":true,"href":"https:\/\/www.xunzel.com\/store\/fr\/wp-json\/wp\/v2\/media\/18996"}],"wp:attachment":[{"href":"https:\/\/www.xunzel.com\/store\/fr\/wp-json\/wp\/v2\/media?parent=16234"}],"wp:term":[{"taxonomy":"product_brand","embeddable":true,"href":"https:\/\/www.xunzel.com\/store\/fr\/wp-json\/wp\/v2\/product_brand?post=16234"},{"taxonomy":"product_cat","embeddable":true,"href":"https:\/\/www.xunzel.com\/store\/fr\/wp-json\/wp\/v2\/product_cat?post=16234"},{"taxonomy":"product_tag","embeddable":true,"href":"https:\/\/www.xunzel.com\/store\/fr\/wp-json\/wp\/v2\/product_tag?post=16234"}],"curies":[{"name":"wp","href":"https:\/\/api.w.org\/{rel}","templated":true}]}}