{"id":16232,"date":"2023-04-04T14:14:19","date_gmt":"2023-04-04T12:14:19","guid":{"rendered":"https:\/\/www.xunzel.com\/store\/inicio\/dbc-lfpb-1201\/"},"modified":"2024-04-03T10:00:42","modified_gmt":"2024-04-03T08:00:42","slug":"dbc-lfpb-1201","status":"publish","type":"product","link":"https:\/\/www.xunzel.com\/store\/fr\/producto\/dbc-lfpb-1201\/","title":{"rendered":"DBC-LFPB 1201"},"content":{"rendered":"<ul>\n<li>Chargeur de batterie universel DBC-LFPB <span id=\"page3R_mcid190\" class=\"markedContent\"><span dir=\"ltr\" role=\"presentation\"><span id=\"page3R_mcid179\" class=\"markedContent\">18W-12V <\/span><\/span><\/span>haute performance.<\/li>\n<li>Con\u00e7u pour charger de mani\u00e8re optimale les batteries plomb-acide Pb (GEL, AGM, Flooded-WET, MF, Calcium) et lithium-ion (4S et 8S- LiFePO4, Li-Fe, Li-iron, LFP).<\/li>\n<li>Algorithme intelligent de charge en plusieurs \u00e9tapes pour une charge optimale et une dur\u00e9e de vie prolong\u00e9e de la batterie avec compensation de la temp\u00e9rature.<\/li>\n<li>Chargeurs \u00e0 haut rendement et \u00e0 tr\u00e8s faible courant de retour (&lt;100A\/&lt;0,9W\/mois).<\/li>\n<li>Conception silencieuse, robuste, compacte et l\u00e9g\u00e8re qui lui permet de s&#8217;int\u00e9grer dans n&#8217;importe quel espace.<\/li>\n<li>Facile et s\u00fbr \u00e0 utiliser avec des pinces de batterie solides et prot\u00e9g\u00e9es.<\/li>\n<li>Rendement \u00e9lev\u00e9. Tr\u00e8s faible autoconsommation. Bas\u00e9 sur un microcontr\u00f4leur, il tire le meilleur parti de vos batteries.<\/li>\n<li>Protections compl\u00e8tes: court-circuit, surintensit\u00e9 et inversion de polarit\u00e9.<\/li>\n<li>Convient aux syst\u00e8mes de 12V.<\/li>\n<li>Affichage LED clair pour une lecture facile et rapide de l&#8217;\u00e9tat de la batterie.<\/li>\n<li>S\u00fbr et fiable. Syst\u00e8me de compensation de temp\u00e9rature int\u00e9gr\u00e9 et protections \u00e9lectroniques automatiques compl\u00e8tes.<\/li>\n<\/ul>\n<p>Recommand\u00e9 pour charger des batteries de 1.2Ah \u00e0 48Ah.<\/p>\n","protected":false},"excerpt":{"rendered":"<p>Chargeur de batterie universel DBC-LFPB <span id=\"page3R_mcid190\" class=\"markedContent\"><span dir=\"ltr\" role=\"presentation\"><span id=\"page3R_mcid179\" class=\"markedContent\">18W<\/span><\/span><\/span>-12V haute performance.<br \/>\nUniversel, con\u00e7u pour charger de mani\u00e8re optimale les batteries plomb-acide Pb (GEL, AGM, Flooded-WET, MF, Calcium) et lithium-ion (4S et 8S- LiFePO4, Li-Fe, Li-iron, LFP) rechargeables.<br \/>\nPour charger les batteries 12V.<br \/>\nComprend un algorithme intelligent de charge en plusieurs \u00e9tapes pour une charge optimale et une dur\u00e9e de vie prolong\u00e9e de la batterie avec compensation de la temp\u00e9rature.<br \/>\nFacile et s\u00fbr \u00e0 utiliser avec des pinces de batterie solides et prot\u00e9g\u00e9es.<br \/>\nAffichage LED pour une lecture facile et rapide de l&#8217;\u00e9tat de la batterie.<\/p>\n<p><span class=\"shared-files-shortcode-admin-list shared-files-shortcode-admin-list-file shared-files-shortcode-15873\" title=\"[shared_files file_id=15873]\">[shared_files file_id=15873]<\/span><\/p>\n","protected":false},"featured_media":16222,"template":"","meta":{"_acf_changed":false},"product_brand":[],"product_cat":[455],"product_tag":[],"class_list":{"0":"post-16232","1":"product","2":"type-product","3":"status-publish","4":"has-post-thumbnail","6":"product_cat-dbc-series-chargeurs","8":"first","9":"instock","10":"taxable","11":"shipping-taxable","12":"purchasable","13":"product-type-simple"},"acf":[],"yoast_head":"<!-- This site is optimized with the Yoast SEO plugin v25.4 - https:\/\/yoast.com\/wordpress\/plugins\/seo\/ -->\n<title>DBC-LFPB 1201 &#8211; Xunzel<\/title>\n<meta name=\"robots\" content=\"index, follow, max-snippet:-1, max-image-preview:large, max-video-preview:-1\" \/>\n<link rel=\"canonical\" href=\"https:\/\/www.xunzel.com\/store\/fr\/producto\/dbc-lfpb-1201\/\" \/>\n<meta property=\"og:locale\" content=\"fr_FR\" \/>\n<meta property=\"og:type\" content=\"article\" \/>\n<meta property=\"og:title\" content=\"DBC-LFPB 1201 &#8211; Xunzel\" \/>\n<meta property=\"og:description\" content=\"Chargeur de batterie universel DBC-LFPB 18W-12V haute performance. Universel, con\u00e7u pour charger de mani\u00e8re optimale les batteries plomb-acide Pb (GEL, AGM, Flooded-WET, MF, Calcium) et lithium-ion (4S et 8S- LiFePO4, Li-Fe, Li-iron, LFP) rechargeables. Pour charger les batteries 12V. Comprend un algorithme intelligent de charge en plusieurs \u00e9tapes pour une charge optimale et une dur\u00e9e de vie prolong\u00e9e de la batterie avec compensation de la temp\u00e9rature. Facile et s\u00fbr \u00e0 utiliser avec des pinces de batterie solides et prot\u00e9g\u00e9es. Affichage LED pour une lecture facile et rapide de l&#039;\u00e9tat de la batterie.\" \/>\n<meta property=\"og:url\" content=\"https:\/\/www.xunzel.com\/store\/fr\/producto\/dbc-lfpb-1201\/\" \/>\n<meta property=\"og:site_name\" content=\"Xunzel\" \/>\n<meta property=\"article:modified_time\" content=\"2024-04-03T08:00:42+00:00\" \/>\n<meta property=\"og:image\" content=\"https:\/\/www.xunzel.com\/store\/wp-content\/uploads\/2023\/04\/DBC1201_intSL.jpg\" \/>\n\t<meta property=\"og:image:width\" content=\"2100\" \/>\n\t<meta property=\"og:image:height\" content=\"2167\" \/>\n\t<meta property=\"og:image:type\" content=\"image\/jpeg\" \/>\n<meta name=\"twitter:card\" content=\"summary_large_image\" \/>\n<meta name=\"twitter:label1\" content=\"Dur\u00e9e de lecture estim\u00e9e\" \/>\n\t<meta name=\"twitter:data1\" content=\"1 minute\" \/>\n<script type=\"application\/ld+json\" class=\"yoast-schema-graph\">{\"@context\":\"https:\/\/schema.org\",\"@graph\":[{\"@type\":\"WebPage\",\"@id\":\"https:\/\/www.xunzel.com\/store\/fr\/producto\/dbc-lfpb-1201\/\",\"url\":\"https:\/\/www.xunzel.com\/store\/fr\/producto\/dbc-lfpb-1201\/\",\"name\":\"DBC-LFPB 1201 &#8211; Xunzel\",\"isPartOf\":{\"@id\":\"https:\/\/www.xunzel.com\/store\/fr\/#website\"},\"primaryImageOfPage\":{\"@id\":\"https:\/\/www.xunzel.com\/store\/fr\/producto\/dbc-lfpb-1201\/#primaryimage\"},\"image\":{\"@id\":\"https:\/\/www.xunzel.com\/store\/fr\/producto\/dbc-lfpb-1201\/#primaryimage\"},\"thumbnailUrl\":\"https:\/\/www.xunzel.com\/store\/wp-content\/uploads\/2023\/04\/DBC1201_intSL.jpg\",\"datePublished\":\"2023-04-04T12:14:19+00:00\",\"dateModified\":\"2024-04-03T08:00:42+00:00\",\"breadcrumb\":{\"@id\":\"https:\/\/www.xunzel.com\/store\/fr\/producto\/dbc-lfpb-1201\/#breadcrumb\"},\"inLanguage\":\"fr-FR\",\"potentialAction\":[{\"@type\":\"ReadAction\",\"target\":[\"https:\/\/www.xunzel.com\/store\/fr\/producto\/dbc-lfpb-1201\/\"]}]},{\"@type\":\"ImageObject\",\"inLanguage\":\"fr-FR\",\"@id\":\"https:\/\/www.xunzel.com\/store\/fr\/producto\/dbc-lfpb-1201\/#primaryimage\",\"url\":\"https:\/\/www.xunzel.com\/store\/wp-content\/uploads\/2023\/04\/DBC1201_intSL.jpg\",\"contentUrl\":\"https:\/\/www.xunzel.com\/store\/wp-content\/uploads\/2023\/04\/DBC1201_intSL.jpg\",\"width\":2100,\"height\":2167},{\"@type\":\"BreadcrumbList\",\"@id\":\"https:\/\/www.xunzel.com\/store\/fr\/producto\/dbc-lfpb-1201\/#breadcrumb\",\"itemListElement\":[{\"@type\":\"ListItem\",\"position\":1,\"name\":\"Portada\",\"item\":\"https:\/\/www.xunzel.com\/store\/fr\/\"},{\"@type\":\"ListItem\",\"position\":2,\"name\":\"Magasin\",\"item\":\"https:\/\/www.xunzel.com\/store\/tienda\/\"},{\"@type\":\"ListItem\",\"position\":3,\"name\":\"DBC-LFPB 1201\"}]},{\"@type\":\"WebSite\",\"@id\":\"https:\/\/www.xunzel.com\/store\/fr\/#website\",\"url\":\"https:\/\/www.xunzel.com\/store\/fr\/\",\"name\":\"Xunzel\",\"description\":\"Energy in a box - The Electric Revolution\",\"publisher\":{\"@id\":\"https:\/\/www.xunzel.com\/store\/fr\/#organization\"},\"potentialAction\":[{\"@type\":\"SearchAction\",\"target\":{\"@type\":\"EntryPoint\",\"urlTemplate\":\"https:\/\/www.xunzel.com\/store\/fr\/?s={search_term_string}\"},\"query-input\":{\"@type\":\"PropertyValueSpecification\",\"valueRequired\":true,\"valueName\":\"search_term_string\"}}],\"inLanguage\":\"fr-FR\"},{\"@type\":\"Organization\",\"@id\":\"https:\/\/www.xunzel.com\/store\/fr\/#organization\",\"name\":\"Xunzel\",\"url\":\"https:\/\/www.xunzel.com\/store\/fr\/\",\"logo\":{\"@type\":\"ImageObject\",\"inLanguage\":\"fr-FR\",\"@id\":\"https:\/\/www.xunzel.com\/store\/fr\/#\/schema\/logo\/image\/\",\"url\":\"https:\/\/www.xunzel.com\/store\/wp-content\/uploads\/2021\/01\/logo-xunzel-footer.png\",\"contentUrl\":\"https:\/\/www.xunzel.com\/store\/wp-content\/uploads\/2021\/01\/logo-xunzel-footer.png\",\"width\":280,\"height\":52,\"caption\":\"Xunzel\"},\"image\":{\"@id\":\"https:\/\/www.xunzel.com\/store\/fr\/#\/schema\/logo\/image\/\"}}]}<\/script>\n<!-- \/ Yoast SEO plugin. -->","yoast_head_json":{"title":"DBC-LFPB 1201 &#8211; Xunzel","robots":{"index":"index","follow":"follow","max-snippet":"max-snippet:-1","max-image-preview":"max-image-preview:large","max-video-preview":"max-video-preview:-1"},"canonical":"https:\/\/www.xunzel.com\/store\/fr\/producto\/dbc-lfpb-1201\/","og_locale":"fr_FR","og_type":"article","og_title":"DBC-LFPB 1201 &#8211; Xunzel","og_description":"Chargeur de batterie universel DBC-LFPB 18W-12V haute performance. Universel, con\u00e7u pour charger de mani\u00e8re optimale les batteries plomb-acide Pb (GEL, AGM, Flooded-WET, MF, Calcium) et lithium-ion (4S et 8S- LiFePO4, Li-Fe, Li-iron, LFP) rechargeables. Pour charger les batteries 12V. Comprend un algorithme intelligent de charge en plusieurs \u00e9tapes pour une charge optimale et une dur\u00e9e de vie prolong\u00e9e de la batterie avec compensation de la temp\u00e9rature. Facile et s\u00fbr \u00e0 utiliser avec des pinces de batterie solides et prot\u00e9g\u00e9es. Affichage LED pour une lecture facile et rapide de l'\u00e9tat de la batterie.","og_url":"https:\/\/www.xunzel.com\/store\/fr\/producto\/dbc-lfpb-1201\/","og_site_name":"Xunzel","article_modified_time":"2024-04-03T08:00:42+00:00","og_image":[{"width":2100,"height":2167,"url":"https:\/\/www.xunzel.com\/store\/wp-content\/uploads\/2023\/04\/DBC1201_intSL.jpg","type":"image\/jpeg"}],"twitter_card":"summary_large_image","twitter_misc":{"Dur\u00e9e de lecture estim\u00e9e":"1 minute"},"schema":{"@context":"https:\/\/schema.org","@graph":[{"@type":"WebPage","@id":"https:\/\/www.xunzel.com\/store\/fr\/producto\/dbc-lfpb-1201\/","url":"https:\/\/www.xunzel.com\/store\/fr\/producto\/dbc-lfpb-1201\/","name":"DBC-LFPB 1201 &#8211; Xunzel","isPartOf":{"@id":"https:\/\/www.xunzel.com\/store\/fr\/#website"},"primaryImageOfPage":{"@id":"https:\/\/www.xunzel.com\/store\/fr\/producto\/dbc-lfpb-1201\/#primaryimage"},"image":{"@id":"https:\/\/www.xunzel.com\/store\/fr\/producto\/dbc-lfpb-1201\/#primaryimage"},"thumbnailUrl":"https:\/\/www.xunzel.com\/store\/wp-content\/uploads\/2023\/04\/DBC1201_intSL.jpg","datePublished":"2023-04-04T12:14:19+00:00","dateModified":"2024-04-03T08:00:42+00:00","breadcrumb":{"@id":"https:\/\/www.xunzel.com\/store\/fr\/producto\/dbc-lfpb-1201\/#breadcrumb"},"inLanguage":"fr-FR","potentialAction":[{"@type":"ReadAction","target":["https:\/\/www.xunzel.com\/store\/fr\/producto\/dbc-lfpb-1201\/"]}]},{"@type":"ImageObject","inLanguage":"fr-FR","@id":"https:\/\/www.xunzel.com\/store\/fr\/producto\/dbc-lfpb-1201\/#primaryimage","url":"https:\/\/www.xunzel.com\/store\/wp-content\/uploads\/2023\/04\/DBC1201_intSL.jpg","contentUrl":"https:\/\/www.xunzel.com\/store\/wp-content\/uploads\/2023\/04\/DBC1201_intSL.jpg","width":2100,"height":2167},{"@type":"BreadcrumbList","@id":"https:\/\/www.xunzel.com\/store\/fr\/producto\/dbc-lfpb-1201\/#breadcrumb","itemListElement":[{"@type":"ListItem","position":1,"name":"Portada","item":"https:\/\/www.xunzel.com\/store\/fr\/"},{"@type":"ListItem","position":2,"name":"Magasin","item":"https:\/\/www.xunzel.com\/store\/tienda\/"},{"@type":"ListItem","position":3,"name":"DBC-LFPB 1201"}]},{"@type":"WebSite","@id":"https:\/\/www.xunzel.com\/store\/fr\/#website","url":"https:\/\/www.xunzel.com\/store\/fr\/","name":"Xunzel","description":"Energy in a box - The Electric Revolution","publisher":{"@id":"https:\/\/www.xunzel.com\/store\/fr\/#organization"},"potentialAction":[{"@type":"SearchAction","target":{"@type":"EntryPoint","urlTemplate":"https:\/\/www.xunzel.com\/store\/fr\/?s={search_term_string}"},"query-input":{"@type":"PropertyValueSpecification","valueRequired":true,"valueName":"search_term_string"}}],"inLanguage":"fr-FR"},{"@type":"Organization","@id":"https:\/\/www.xunzel.com\/store\/fr\/#organization","name":"Xunzel","url":"https:\/\/www.xunzel.com\/store\/fr\/","logo":{"@type":"ImageObject","inLanguage":"fr-FR","@id":"https:\/\/www.xunzel.com\/store\/fr\/#\/schema\/logo\/image\/","url":"https:\/\/www.xunzel.com\/store\/wp-content\/uploads\/2021\/01\/logo-xunzel-footer.png","contentUrl":"https:\/\/www.xunzel.com\/store\/wp-content\/uploads\/2021\/01\/logo-xunzel-footer.png","width":280,"height":52,"caption":"Xunzel"},"image":{"@id":"https:\/\/www.xunzel.com\/store\/fr\/#\/schema\/logo\/image\/"}}]}},"_links":{"self":[{"href":"https:\/\/www.xunzel.com\/store\/fr\/wp-json\/wp\/v2\/product\/16232","targetHints":{"allow":["GET"]}}],"collection":[{"href":"https:\/\/www.xunzel.com\/store\/fr\/wp-json\/wp\/v2\/product"}],"about":[{"href":"https:\/\/www.xunzel.com\/store\/fr\/wp-json\/wp\/v2\/types\/product"}],"wp:featuredmedia":[{"embeddable":true,"href":"https:\/\/www.xunzel.com\/store\/fr\/wp-json\/wp\/v2\/media\/16222"}],"wp:attachment":[{"href":"https:\/\/www.xunzel.com\/store\/fr\/wp-json\/wp\/v2\/media?parent=16232"}],"wp:term":[{"taxonomy":"product_brand","embeddable":true,"href":"https:\/\/www.xunzel.com\/store\/fr\/wp-json\/wp\/v2\/product_brand?post=16232"},{"taxonomy":"product_cat","embeddable":true,"href":"https:\/\/www.xunzel.com\/store\/fr\/wp-json\/wp\/v2\/product_cat?post=16232"},{"taxonomy":"product_tag","embeddable":true,"href":"https:\/\/www.xunzel.com\/store\/fr\/wp-json\/wp\/v2\/product_tag?post=16232"}],"curies":[{"name":"wp","href":"https:\/\/api.w.org\/{rel}","templated":true}]}}