{"id":15000,"date":"2023-02-07T11:21:59","date_gmt":"2023-02-07T10:21:59","guid":{"rendered":"https:\/\/www.xunzel.com\/store\/inicio\/xj-onboard-400w-12v\/"},"modified":"2024-04-25T09:31:55","modified_gmt":"2024-04-25T07:31:55","slug":"xj-onboard-400w-12v","status":"publish","type":"product","link":"https:\/\/www.xunzel.com\/store\/fr\/producto\/xj-onboard-400w-12v\/","title":{"rendered":"XJ-OnBoard 400W 12V"},"content":{"rendered":"<ul>\n<li>Id\u00e9al pour tous les types d&#8217;applications industrielles et r\u00e9cr\u00e9atives mobiles et stationnaires, autonomes ou connect\u00e9es au r\u00e9seau. Pour les v\u00e9hicules professionnels tels que les v\u00e9hicules de t\u00e9l\u00e9communication, d&#8217;\u00e9lectricit\u00e9, de gaz, d&#8217;eau, d&#8217;urgence, les autobus, les v\u00e9hicules de loisirs, les caravanes, les remorques de camping, les bateaux, les plates-formes marines, etc.<\/li>\n<li>Onde sinuso\u00efdale pure (Pure Sine Wave) sortie CA, avec une tr\u00e8s faible distorsion harmonique totale (THD). Garantit le bon fonctionnement des appareils sensibles.<\/li>\n<li>Convertit l&#8217;\u00e9nergie de la batterie en courant CA n&#8217;importe o\u00f9 avec une grande efficacit\u00e9.<span id=\"page3R_mcid219\" class=\"markedContent\"><br role=\"presentation\" \/><\/span><\/li>\n<li>Tr\u00e8s faible autoconsommation. Mode \u00e9conomie d&#8217;\u00e9nergie. Tirez le maximum d&#8217;\u00e9nergie de vos batteries. Con\u00e7u pour une utilisation permanente. Conception de refroidissement \u00e0 haute efficacit\u00e9.<\/li>\n<li><span id=\"page3R_mcid231\" class=\"markedContent\">Fonctionnement silencieux. L\u00e9ger et robuste. Bo\u00eetier en aluminium anodis\u00e9.<\/span><\/li>\n<li><span id=\"page3R_mcid256\" class=\"markedContent\">Avec LED pour une lecture rapide et facile de l&#8217;\u00e9tat et de la programmation.<\/span><\/li>\n<li><span id=\"page3R_mcid279\" class=\"markedContent\">Alarme de batterie faible et protection contre les d\u00e9charges trop profondes. Prolongez la dur\u00e9e de vie de vos batteries.<\/span><\/li>\n<li><span id=\"page3R_mcid304\" class=\"markedContent\">Alarme sonore et codes d&#8217;avertissement pour faciliter le diagnostic. Protections d&#8217;arr\u00eat automatique int\u00e9gr\u00e9es: surchauffe, court-circuit, surcharge et batterie faible\/\u00e9lev\u00e9e.<\/span><\/li>\n<li><span id=\"page3R_mcid317\" class=\"markedContent\">Facile \u00e0 installer et \u00e0 utiliser. Supports de montage pour une installation permanente.<\/span><\/li>\n<li><span id=\"page3R_mcid340\" class=\"markedContent\">S\u00fbre et fiable.<\/span><\/li>\n<li><span id=\"page3R_mcid351\" class=\"markedContent\">Isolation entre l&#8217;entr\u00e9e CC et la sortie CA pour la s\u00e9curit\u00e9.<\/span><\/li>\n<li>Bornes d&#8217;entr\u00e9e CC robustes pour une connexion directe, simple et s\u00fbre \u00e0 la batterie.<\/li>\n<li>Approuv\u00e9 E-mark.<\/li>\n<li>Gamme compl\u00e8te d&#8217;accessoires optionnels est disponible: Kits de connexion du c\u00e2ble de batterie et fusible et support en ligne &#8211; T\u00e9l\u00e9commande ON\/OFF avec c\u00e2ble de 6 m\u00e8tres (code: RCXJ) &#8211; Automatic-Start-XJ (code: ASXJ) &#8211; Smart-Start-XJ: 3 positions ON\/OFF\/Signal \u00e0 distance (code: SM2XJ)<\/li>\n<\/ul>\n<p>Batterie minimum recommand\u00e9e:<a href=\"https:\/\/www.xunzel.com\/store\/fr\/product\/solarx-78\/\" target=\"_blank\" rel=\"noopener\"><strong> 78Ah-12V<\/strong><\/a><\/p>\n","protected":false},"excerpt":{"rendered":"<p>XJ-OnBoard est un syst\u00e8me avanc\u00e9 d&#8217;onduleur \u00e0 onde sinuso\u00efdale pure, pr\u00eat \u00e0 l&#8217;emploi et s\u00fbr.<\/p>\n<p>Onduleur \u00e0 onde sinuso\u00efdale pure 400W (800W cr\u00eate). Convertit la tension de la batterie de 12V en une alimentation \u00e9lectrique de tr\u00e8s haute qualit\u00e9 et fiable de 230V-50Hz. C\u00e2bles et connecteurs inclus. Fournit une alimentation permanente lorsqu&#8217;il n&#8217;y a pas de connexion au r\u00e9seau.<\/p>\n<p>Enti\u00e8rement prot\u00e9g\u00e9. Comprend une protection diff\u00e9rentielle et une protection contre les surintensit\u00e9s (RCBO). Garantit la s\u00e9curit\u00e9 sur le lieu de travail. De conception avanc\u00e9e et faciles \u00e0 utiliser, ils offrent un service fiable pour fournir du une alimentation CA et CC \u00e0 partir de la batterie.<\/p>\n<p><span class=\"shared-files-shortcode-admin-list shared-files-shortcode-admin-list-file shared-files-shortcode-14674\" title=\"[shared_files file_id=14674]\">[shared_files file_id=14674]<\/span><\/p>\n","protected":false},"featured_media":15285,"template":"","meta":{"_acf_changed":false},"product_brand":[],"product_cat":[510],"product_tag":[],"class_list":{"0":"post-15000","1":"product","2":"type-product","3":"status-publish","4":"has-post-thumbnail","6":"product_cat-xj-onboard-series","8":"first","9":"onbackorder","10":"taxable","11":"shipping-taxable","12":"purchasable","13":"product-type-simple"},"acf":[],"yoast_head":"<!-- This site is optimized with the Yoast SEO plugin v25.4 - https:\/\/yoast.com\/wordpress\/plugins\/seo\/ -->\n<title>XJ-OnBoard 400W 12V &#8211; Xunzel<\/title>\n<meta name=\"robots\" content=\"index, follow, max-snippet:-1, max-image-preview:large, max-video-preview:-1\" \/>\n<link rel=\"canonical\" href=\"https:\/\/www.xunzel.com\/store\/fr\/producto\/xj-onboard-400w-12v\/\" \/>\n<meta property=\"og:locale\" content=\"fr_FR\" \/>\n<meta property=\"og:type\" content=\"article\" \/>\n<meta property=\"og:title\" content=\"XJ-OnBoard 400W 12V &#8211; Xunzel\" \/>\n<meta property=\"og:description\" content=\"XJ-OnBoard est un syst\u00e8me avanc\u00e9 d&#039;onduleur \u00e0 onde sinuso\u00efdale pure, pr\u00eat \u00e0 l&#039;emploi et s\u00fbr.  Onduleur \u00e0 onde sinuso\u00efdale pure 400W (800W cr\u00eate). Convertit la tension de la batterie de 12V en une alimentation \u00e9lectrique de tr\u00e8s haute qualit\u00e9 et fiable de 230V-50Hz. C\u00e2bles et connecteurs inclus. Fournit une alimentation permanente lorsqu&#039;il n&#039;y a pas de connexion au r\u00e9seau.  Enti\u00e8rement prot\u00e9g\u00e9. Comprend une protection diff\u00e9rentielle et une protection contre les surintensit\u00e9s (RCBO). Garantit la s\u00e9curit\u00e9 sur le lieu de travail. De conception avanc\u00e9e et faciles \u00e0 utiliser, ils offrent un service fiable pour fournir du une alimentation CA et CC \u00e0 partir de la batterie.\" \/>\n<meta property=\"og:url\" content=\"https:\/\/www.xunzel.com\/store\/fr\/producto\/xj-onboard-400w-12v\/\" \/>\n<meta property=\"og:site_name\" content=\"Xunzel\" \/>\n<meta property=\"article:modified_time\" content=\"2024-04-25T07:31:55+00:00\" \/>\n<meta property=\"og:image\" content=\"https:\/\/www.xunzel.com\/store\/wp-content\/uploads\/2023\/02\/XJ-handy_ISO1.jpg\" \/>\n\t<meta property=\"og:image:width\" content=\"2300\" \/>\n\t<meta property=\"og:image:height\" content=\"2300\" \/>\n\t<meta property=\"og:image:type\" content=\"image\/jpeg\" \/>\n<meta name=\"twitter:card\" content=\"summary_large_image\" \/>\n<meta name=\"twitter:label1\" content=\"Dur\u00e9e de lecture estim\u00e9e\" \/>\n\t<meta name=\"twitter:data1\" content=\"2 minutes\" \/>\n<script type=\"application\/ld+json\" class=\"yoast-schema-graph\">{\"@context\":\"https:\/\/schema.org\",\"@graph\":[{\"@type\":\"WebPage\",\"@id\":\"https:\/\/www.xunzel.com\/store\/fr\/producto\/xj-onboard-400w-12v\/\",\"url\":\"https:\/\/www.xunzel.com\/store\/fr\/producto\/xj-onboard-400w-12v\/\",\"name\":\"XJ-OnBoard 400W 12V &#8211; Xunzel\",\"isPartOf\":{\"@id\":\"https:\/\/www.xunzel.com\/store\/fr\/#website\"},\"primaryImageOfPage\":{\"@id\":\"https:\/\/www.xunzel.com\/store\/fr\/producto\/xj-onboard-400w-12v\/#primaryimage\"},\"image\":{\"@id\":\"https:\/\/www.xunzel.com\/store\/fr\/producto\/xj-onboard-400w-12v\/#primaryimage\"},\"thumbnailUrl\":\"https:\/\/www.xunzel.com\/store\/wp-content\/uploads\/2023\/02\/XJ-handy_ISO1.jpg\",\"datePublished\":\"2023-02-07T10:21:59+00:00\",\"dateModified\":\"2024-04-25T07:31:55+00:00\",\"breadcrumb\":{\"@id\":\"https:\/\/www.xunzel.com\/store\/fr\/producto\/xj-onboard-400w-12v\/#breadcrumb\"},\"inLanguage\":\"fr-FR\",\"potentialAction\":[{\"@type\":\"ReadAction\",\"target\":[\"https:\/\/www.xunzel.com\/store\/fr\/producto\/xj-onboard-400w-12v\/\"]}]},{\"@type\":\"ImageObject\",\"inLanguage\":\"fr-FR\",\"@id\":\"https:\/\/www.xunzel.com\/store\/fr\/producto\/xj-onboard-400w-12v\/#primaryimage\",\"url\":\"https:\/\/www.xunzel.com\/store\/wp-content\/uploads\/2023\/02\/XJ-handy_ISO1.jpg\",\"contentUrl\":\"https:\/\/www.xunzel.com\/store\/wp-content\/uploads\/2023\/02\/XJ-handy_ISO1.jpg\",\"width\":2300,\"height\":2300},{\"@type\":\"BreadcrumbList\",\"@id\":\"https:\/\/www.xunzel.com\/store\/fr\/producto\/xj-onboard-400w-12v\/#breadcrumb\",\"itemListElement\":[{\"@type\":\"ListItem\",\"position\":1,\"name\":\"Portada\",\"item\":\"https:\/\/www.xunzel.com\/store\/fr\/\"},{\"@type\":\"ListItem\",\"position\":2,\"name\":\"Magasin\",\"item\":\"https:\/\/www.xunzel.com\/store\/tienda\/\"},{\"@type\":\"ListItem\",\"position\":3,\"name\":\"XJ-OnBoard 400W 12V\"}]},{\"@type\":\"WebSite\",\"@id\":\"https:\/\/www.xunzel.com\/store\/fr\/#website\",\"url\":\"https:\/\/www.xunzel.com\/store\/fr\/\",\"name\":\"Xunzel\",\"description\":\"Energy in a box - The Electric Revolution\",\"publisher\":{\"@id\":\"https:\/\/www.xunzel.com\/store\/fr\/#organization\"},\"potentialAction\":[{\"@type\":\"SearchAction\",\"target\":{\"@type\":\"EntryPoint\",\"urlTemplate\":\"https:\/\/www.xunzel.com\/store\/fr\/?s={search_term_string}\"},\"query-input\":{\"@type\":\"PropertyValueSpecification\",\"valueRequired\":true,\"valueName\":\"search_term_string\"}}],\"inLanguage\":\"fr-FR\"},{\"@type\":\"Organization\",\"@id\":\"https:\/\/www.xunzel.com\/store\/fr\/#organization\",\"name\":\"Xunzel\",\"url\":\"https:\/\/www.xunzel.com\/store\/fr\/\",\"logo\":{\"@type\":\"ImageObject\",\"inLanguage\":\"fr-FR\",\"@id\":\"https:\/\/www.xunzel.com\/store\/fr\/#\/schema\/logo\/image\/\",\"url\":\"https:\/\/www.xunzel.com\/store\/wp-content\/uploads\/2021\/01\/logo-xunzel-footer.png\",\"contentUrl\":\"https:\/\/www.xunzel.com\/store\/wp-content\/uploads\/2021\/01\/logo-xunzel-footer.png\",\"width\":280,\"height\":52,\"caption\":\"Xunzel\"},\"image\":{\"@id\":\"https:\/\/www.xunzel.com\/store\/fr\/#\/schema\/logo\/image\/\"}}]}<\/script>\n<!-- \/ Yoast SEO plugin. -->","yoast_head_json":{"title":"XJ-OnBoard 400W 12V &#8211; Xunzel","robots":{"index":"index","follow":"follow","max-snippet":"max-snippet:-1","max-image-preview":"max-image-preview:large","max-video-preview":"max-video-preview:-1"},"canonical":"https:\/\/www.xunzel.com\/store\/fr\/producto\/xj-onboard-400w-12v\/","og_locale":"fr_FR","og_type":"article","og_title":"XJ-OnBoard 400W 12V &#8211; Xunzel","og_description":"XJ-OnBoard est un syst\u00e8me avanc\u00e9 d'onduleur \u00e0 onde sinuso\u00efdale pure, pr\u00eat \u00e0 l'emploi et s\u00fbr.  Onduleur \u00e0 onde sinuso\u00efdale pure 400W (800W cr\u00eate). Convertit la tension de la batterie de 12V en une alimentation \u00e9lectrique de tr\u00e8s haute qualit\u00e9 et fiable de 230V-50Hz. C\u00e2bles et connecteurs inclus. Fournit une alimentation permanente lorsqu'il n'y a pas de connexion au r\u00e9seau.  Enti\u00e8rement prot\u00e9g\u00e9. Comprend une protection diff\u00e9rentielle et une protection contre les surintensit\u00e9s (RCBO). Garantit la s\u00e9curit\u00e9 sur le lieu de travail. De conception avanc\u00e9e et faciles \u00e0 utiliser, ils offrent un service fiable pour fournir du une alimentation CA et CC \u00e0 partir de la batterie.","og_url":"https:\/\/www.xunzel.com\/store\/fr\/producto\/xj-onboard-400w-12v\/","og_site_name":"Xunzel","article_modified_time":"2024-04-25T07:31:55+00:00","og_image":[{"width":2300,"height":2300,"url":"https:\/\/www.xunzel.com\/store\/wp-content\/uploads\/2023\/02\/XJ-handy_ISO1.jpg","type":"image\/jpeg"}],"twitter_card":"summary_large_image","twitter_misc":{"Dur\u00e9e de lecture estim\u00e9e":"2 minutes"},"schema":{"@context":"https:\/\/schema.org","@graph":[{"@type":"WebPage","@id":"https:\/\/www.xunzel.com\/store\/fr\/producto\/xj-onboard-400w-12v\/","url":"https:\/\/www.xunzel.com\/store\/fr\/producto\/xj-onboard-400w-12v\/","name":"XJ-OnBoard 400W 12V &#8211; Xunzel","isPartOf":{"@id":"https:\/\/www.xunzel.com\/store\/fr\/#website"},"primaryImageOfPage":{"@id":"https:\/\/www.xunzel.com\/store\/fr\/producto\/xj-onboard-400w-12v\/#primaryimage"},"image":{"@id":"https:\/\/www.xunzel.com\/store\/fr\/producto\/xj-onboard-400w-12v\/#primaryimage"},"thumbnailUrl":"https:\/\/www.xunzel.com\/store\/wp-content\/uploads\/2023\/02\/XJ-handy_ISO1.jpg","datePublished":"2023-02-07T10:21:59+00:00","dateModified":"2024-04-25T07:31:55+00:00","breadcrumb":{"@id":"https:\/\/www.xunzel.com\/store\/fr\/producto\/xj-onboard-400w-12v\/#breadcrumb"},"inLanguage":"fr-FR","potentialAction":[{"@type":"ReadAction","target":["https:\/\/www.xunzel.com\/store\/fr\/producto\/xj-onboard-400w-12v\/"]}]},{"@type":"ImageObject","inLanguage":"fr-FR","@id":"https:\/\/www.xunzel.com\/store\/fr\/producto\/xj-onboard-400w-12v\/#primaryimage","url":"https:\/\/www.xunzel.com\/store\/wp-content\/uploads\/2023\/02\/XJ-handy_ISO1.jpg","contentUrl":"https:\/\/www.xunzel.com\/store\/wp-content\/uploads\/2023\/02\/XJ-handy_ISO1.jpg","width":2300,"height":2300},{"@type":"BreadcrumbList","@id":"https:\/\/www.xunzel.com\/store\/fr\/producto\/xj-onboard-400w-12v\/#breadcrumb","itemListElement":[{"@type":"ListItem","position":1,"name":"Portada","item":"https:\/\/www.xunzel.com\/store\/fr\/"},{"@type":"ListItem","position":2,"name":"Magasin","item":"https:\/\/www.xunzel.com\/store\/tienda\/"},{"@type":"ListItem","position":3,"name":"XJ-OnBoard 400W 12V"}]},{"@type":"WebSite","@id":"https:\/\/www.xunzel.com\/store\/fr\/#website","url":"https:\/\/www.xunzel.com\/store\/fr\/","name":"Xunzel","description":"Energy in a box - The Electric Revolution","publisher":{"@id":"https:\/\/www.xunzel.com\/store\/fr\/#organization"},"potentialAction":[{"@type":"SearchAction","target":{"@type":"EntryPoint","urlTemplate":"https:\/\/www.xunzel.com\/store\/fr\/?s={search_term_string}"},"query-input":{"@type":"PropertyValueSpecification","valueRequired":true,"valueName":"search_term_string"}}],"inLanguage":"fr-FR"},{"@type":"Organization","@id":"https:\/\/www.xunzel.com\/store\/fr\/#organization","name":"Xunzel","url":"https:\/\/www.xunzel.com\/store\/fr\/","logo":{"@type":"ImageObject","inLanguage":"fr-FR","@id":"https:\/\/www.xunzel.com\/store\/fr\/#\/schema\/logo\/image\/","url":"https:\/\/www.xunzel.com\/store\/wp-content\/uploads\/2021\/01\/logo-xunzel-footer.png","contentUrl":"https:\/\/www.xunzel.com\/store\/wp-content\/uploads\/2021\/01\/logo-xunzel-footer.png","width":280,"height":52,"caption":"Xunzel"},"image":{"@id":"https:\/\/www.xunzel.com\/store\/fr\/#\/schema\/logo\/image\/"}}]}},"_links":{"self":[{"href":"https:\/\/www.xunzel.com\/store\/fr\/wp-json\/wp\/v2\/product\/15000","targetHints":{"allow":["GET"]}}],"collection":[{"href":"https:\/\/www.xunzel.com\/store\/fr\/wp-json\/wp\/v2\/product"}],"about":[{"href":"https:\/\/www.xunzel.com\/store\/fr\/wp-json\/wp\/v2\/types\/product"}],"wp:featuredmedia":[{"embeddable":true,"href":"https:\/\/www.xunzel.com\/store\/fr\/wp-json\/wp\/v2\/media\/15285"}],"wp:attachment":[{"href":"https:\/\/www.xunzel.com\/store\/fr\/wp-json\/wp\/v2\/media?parent=15000"}],"wp:term":[{"taxonomy":"product_brand","embeddable":true,"href":"https:\/\/www.xunzel.com\/store\/fr\/wp-json\/wp\/v2\/product_brand?post=15000"},{"taxonomy":"product_cat","embeddable":true,"href":"https:\/\/www.xunzel.com\/store\/fr\/wp-json\/wp\/v2\/product_cat?post=15000"},{"taxonomy":"product_tag","embeddable":true,"href":"https:\/\/www.xunzel.com\/store\/fr\/wp-json\/wp\/v2\/product_tag?post=15000"}],"curies":[{"name":"wp","href":"https:\/\/api.w.org\/{rel}","templated":true}]}}