{"id":14802,"date":"2023-02-02T13:44:45","date_gmt":"2023-02-02T12:44:45","guid":{"rendered":"https:\/\/www.xunzel.com\/store\/inicio\/solarpower-on-perc-425w-n30\/"},"modified":"2025-06-18T14:14:40","modified_gmt":"2025-06-18T12:14:40","slug":"32x-solarpower-on-425w","status":"publish","type":"product","link":"https:\/\/www.xunzel.com\/store\/fr\/producto\/32x-solarpower-on-425w\/","title":{"rendered":"32x SOLARPOWER-ON 425W"},"content":{"rendered":"<p>Panneau solaire photovolta\u00efque 425W de tr\u00e8s haute efficacit\u00e9 et performance.<br \/>\nId\u00e9al pour l&#8217;autoconsommation et les syst\u00e8mes raccord\u00e9s au r\u00e9seau. Elle est aussi sp\u00e9cialement con\u00e7ue pour les installations reli\u00e9es au r\u00e9seau et pour la charge efficace des batteries rechargeables dans les syst\u00e8mes hors r\u00e9seau et de secours.<br \/>\nComprend un c\u00e2ble solaire pr\u00e9-install\u00e9 pr\u00eat \u00e0 \u00eatre connect\u00e9 directement au r\u00e9gulateur de charge. Installation garantie, s\u00fbre et rapide.<br \/>\nFabriqu\u00e9 avec des mat\u00e9riaux de haute qualit\u00e9. Conception durable et r\u00e9sistante \u00e0 la corrosion et aux conditions les plus extr\u00eames. IP67.<br \/>\nCellules solaires SOLARPOWER XUNZEL \u00e0 tr\u00e8s haut rendement (&gt;23,6 %). Cadre en aluminium anodis\u00e9 et form\u00e9 \u00e0 froid, \u00e0 tr\u00e8s haute r\u00e9sistance m\u00e9canique et r\u00e9sistant \u00e0 la corrosion. Verre solaire sp\u00e9cial et verre frontal tremp\u00e9, r\u00e9sistant \u00e0 la gr\u00eale et offrant une s\u00e9curit\u00e9 maximale.<br \/>\nDimensions r\u00e9duites et optimis\u00e9es. Cadre fin de 30 mm.<br \/>\nTension tr\u00e8s faible. En s\u00e9curit\u00e9. Classe II.<br \/>\nPanneau con\u00e7u pour g\u00e9n\u00e9rer plus de 25 ans (performance lin\u00e9aire).<\/p>\n<p>XUNZEL con\u00e7oit et fabrique ses panneaux solaires de mani\u00e8re \u00e0 ce qu&#8217;ils soient.. :<\/p>\n<ul>\n<li>R\u00e9sistant \u00e0 l&#8217;ombrage et au ph\u00e9nom\u00e8ne de &#8220;Hot-Spot&#8221; (gr\u00e2ce \u00e0 leurs diodes de d\u00e9rivation int\u00e9gr\u00e9es) \u00de G\u00e9n\u00e9ration sup\u00e9rieure.<\/li>\n<li>Exempt de &#8220;micro-fissures&#8221;. Panneaux v\u00e9rifi\u00e9s \u00e0 100%.<\/li>\n<li>Sans &#8220;trace d&#8217;escargot&#8221; gr\u00e2ce \u00e0 l&#8217;excellente qualit\u00e9 de l&#8217;encapsulant et \u00e0 un processus de fabrication exempt d&#8217;impuret\u00e9s.<\/li>\n<li>Sans effet PID (Potential Induced Degradation).<\/li>\n<li>Exempt de contamination interne et de d\u00e9lamination \u00e9ventuelle.<\/li>\n<li>R\u00e9sistant \u00e0 la corrosion (en milieu marin, ammonium, sable et poussi\u00e8re).<\/li>\n<\/ul>\n<p>Panneau solaire photovolta\u00efque fabriqu\u00e9 selon les normes IEC 61215:2016 et IEC 61730:2016.<\/p>\n","protected":false},"excerpt":{"rendered":"<p>Pallet 32 unit\u00e9s Panneaux solaires photovolta\u00efques 425W de tr\u00e8s haute efficacit\u00e9 et performance.<br \/>\nCellules solaires SOLARPOWER XUNZEL \u00e0 tr\u00e8s haut rendement (&gt;23,6 %). G\u00e9n\u00e9ration stable et constante.<br \/>\nId\u00e9al pour l&#8217;autoconsommation et les syst\u00e8mes raccord\u00e9s au r\u00e9seau. Elle est aussi sp\u00e9cialement con\u00e7ue pour les installations reli\u00e9es au r\u00e9seau et pour la charge efficace des batteries rechargeables dans les syst\u00e8mes hors r\u00e9seau et de secours.<br \/>\nComprend un c\u00e2ble solaire pr\u00e9install\u00e9 avec des connecteurs universels pr\u00eats \u00e0 \u00eatre connect\u00e9s directement au r\u00e9gulateur de charge. Un gain de temps garanti pour l&#8217;installation.<br \/>\nDimensions r\u00e9duites et optimis\u00e9es. 1754x1096x30mm.<\/p>\n<p><span class=\"shared-files-shortcode-admin-list shared-files-shortcode-admin-list-file shared-files-shortcode-14799\" title=\"[shared_files file_id=14799]\">[shared_files file_id=14799]<\/span><\/p>\n","protected":false},"featured_media":20309,"template":"","meta":{"_acf_changed":false},"product_brand":[],"product_cat":[484],"product_tag":[],"class_list":{"0":"post-14802","1":"product","2":"type-product","3":"status-publish","4":"has-post-thumbnail","6":"product_cat-solarpower-on-series","8":"first","9":"instock","10":"taxable","11":"shipping-taxable","12":"purchasable","13":"product-type-simple"},"acf":[],"yoast_head":"<!-- This site is optimized with the Yoast SEO plugin v25.4 - https:\/\/yoast.com\/wordpress\/plugins\/seo\/ -->\n<title>32x SOLARPOWER-ON 425W &#8211; Xunzel<\/title>\n<meta name=\"robots\" content=\"index, follow, max-snippet:-1, max-image-preview:large, max-video-preview:-1\" \/>\n<link rel=\"canonical\" href=\"https:\/\/www.xunzel.com\/store\/fr\/producto\/32x-solarpower-on-425w\/\" \/>\n<meta property=\"og:locale\" content=\"fr_FR\" \/>\n<meta property=\"og:type\" content=\"article\" \/>\n<meta property=\"og:title\" content=\"32x SOLARPOWER-ON 425W &#8211; Xunzel\" \/>\n<meta property=\"og:description\" content=\"Pallet 32 unit\u00e9s Panneaux solaires photovolta\u00efques 425W de tr\u00e8s haute efficacit\u00e9 et performance. Cellules solaires SOLARPOWER XUNZEL \u00e0 tr\u00e8s haut rendement (&gt;23,6 %). G\u00e9n\u00e9ration stable et constante. Id\u00e9al pour l&#039;autoconsommation et les syst\u00e8mes raccord\u00e9s au r\u00e9seau. Elle est aussi sp\u00e9cialement con\u00e7ue pour les installations reli\u00e9es au r\u00e9seau et pour la charge efficace des batteries rechargeables dans les syst\u00e8mes hors r\u00e9seau et de secours. Comprend un c\u00e2ble solaire pr\u00e9install\u00e9 avec des connecteurs universels pr\u00eats \u00e0 \u00eatre connect\u00e9s directement au r\u00e9gulateur de charge. Un gain de temps garanti pour l&#039;installation. Dimensions r\u00e9duites et optimis\u00e9es. 1754x1096x30mm.\" \/>\n<meta property=\"og:url\" content=\"https:\/\/www.xunzel.com\/store\/fr\/producto\/32x-solarpower-on-425w\/\" \/>\n<meta property=\"og:site_name\" content=\"Xunzel\" \/>\n<meta property=\"article:modified_time\" content=\"2025-06-18T12:14:40+00:00\" \/>\n<meta property=\"og:image\" content=\"https:\/\/www.xunzel.com\/store\/wp-content\/uploads\/2023\/02\/SOLARPOWER-425Wcaja-pallet.jpg\" \/>\n\t<meta property=\"og:image:width\" content=\"2000\" \/>\n\t<meta property=\"og:image:height\" content=\"2000\" \/>\n\t<meta property=\"og:image:type\" content=\"image\/jpeg\" \/>\n<meta name=\"twitter:card\" content=\"summary_large_image\" \/>\n<meta name=\"twitter:label1\" content=\"Dur\u00e9e de lecture estim\u00e9e\" \/>\n\t<meta name=\"twitter:data1\" content=\"2 minutes\" \/>\n<script type=\"application\/ld+json\" class=\"yoast-schema-graph\">{\"@context\":\"https:\/\/schema.org\",\"@graph\":[{\"@type\":\"WebPage\",\"@id\":\"https:\/\/www.xunzel.com\/store\/fr\/producto\/32x-solarpower-on-425w\/\",\"url\":\"https:\/\/www.xunzel.com\/store\/fr\/producto\/32x-solarpower-on-425w\/\",\"name\":\"32x SOLARPOWER-ON 425W &#8211; Xunzel\",\"isPartOf\":{\"@id\":\"https:\/\/www.xunzel.com\/store\/fr\/#website\"},\"primaryImageOfPage\":{\"@id\":\"https:\/\/www.xunzel.com\/store\/fr\/producto\/32x-solarpower-on-425w\/#primaryimage\"},\"image\":{\"@id\":\"https:\/\/www.xunzel.com\/store\/fr\/producto\/32x-solarpower-on-425w\/#primaryimage\"},\"thumbnailUrl\":\"https:\/\/www.xunzel.com\/store\/wp-content\/uploads\/2023\/02\/SOLARPOWER-425Wcaja-pallet.jpg\",\"datePublished\":\"2023-02-02T12:44:45+00:00\",\"dateModified\":\"2025-06-18T12:14:40+00:00\",\"breadcrumb\":{\"@id\":\"https:\/\/www.xunzel.com\/store\/fr\/producto\/32x-solarpower-on-425w\/#breadcrumb\"},\"inLanguage\":\"fr-FR\",\"potentialAction\":[{\"@type\":\"ReadAction\",\"target\":[\"https:\/\/www.xunzel.com\/store\/fr\/producto\/32x-solarpower-on-425w\/\"]}]},{\"@type\":\"ImageObject\",\"inLanguage\":\"fr-FR\",\"@id\":\"https:\/\/www.xunzel.com\/store\/fr\/producto\/32x-solarpower-on-425w\/#primaryimage\",\"url\":\"https:\/\/www.xunzel.com\/store\/wp-content\/uploads\/2023\/02\/SOLARPOWER-425Wcaja-pallet.jpg\",\"contentUrl\":\"https:\/\/www.xunzel.com\/store\/wp-content\/uploads\/2023\/02\/SOLARPOWER-425Wcaja-pallet.jpg\",\"width\":2000,\"height\":2000},{\"@type\":\"BreadcrumbList\",\"@id\":\"https:\/\/www.xunzel.com\/store\/fr\/producto\/32x-solarpower-on-425w\/#breadcrumb\",\"itemListElement\":[{\"@type\":\"ListItem\",\"position\":1,\"name\":\"Portada\",\"item\":\"https:\/\/www.xunzel.com\/store\/fr\/\"},{\"@type\":\"ListItem\",\"position\":2,\"name\":\"Magasin\",\"item\":\"https:\/\/www.xunzel.com\/store\/tienda\/\"},{\"@type\":\"ListItem\",\"position\":3,\"name\":\"32x SOLARPOWER-ON 425W\"}]},{\"@type\":\"WebSite\",\"@id\":\"https:\/\/www.xunzel.com\/store\/fr\/#website\",\"url\":\"https:\/\/www.xunzel.com\/store\/fr\/\",\"name\":\"Xunzel\",\"description\":\"Energy in a box - The Electric Revolution\",\"publisher\":{\"@id\":\"https:\/\/www.xunzel.com\/store\/fr\/#organization\"},\"potentialAction\":[{\"@type\":\"SearchAction\",\"target\":{\"@type\":\"EntryPoint\",\"urlTemplate\":\"https:\/\/www.xunzel.com\/store\/fr\/?s={search_term_string}\"},\"query-input\":{\"@type\":\"PropertyValueSpecification\",\"valueRequired\":true,\"valueName\":\"search_term_string\"}}],\"inLanguage\":\"fr-FR\"},{\"@type\":\"Organization\",\"@id\":\"https:\/\/www.xunzel.com\/store\/fr\/#organization\",\"name\":\"Xunzel\",\"url\":\"https:\/\/www.xunzel.com\/store\/fr\/\",\"logo\":{\"@type\":\"ImageObject\",\"inLanguage\":\"fr-FR\",\"@id\":\"https:\/\/www.xunzel.com\/store\/fr\/#\/schema\/logo\/image\/\",\"url\":\"https:\/\/www.xunzel.com\/store\/wp-content\/uploads\/2021\/01\/logo-xunzel-footer.png\",\"contentUrl\":\"https:\/\/www.xunzel.com\/store\/wp-content\/uploads\/2021\/01\/logo-xunzel-footer.png\",\"width\":280,\"height\":52,\"caption\":\"Xunzel\"},\"image\":{\"@id\":\"https:\/\/www.xunzel.com\/store\/fr\/#\/schema\/logo\/image\/\"}}]}<\/script>\n<!-- \/ Yoast SEO plugin. -->","yoast_head_json":{"title":"32x SOLARPOWER-ON 425W &#8211; Xunzel","robots":{"index":"index","follow":"follow","max-snippet":"max-snippet:-1","max-image-preview":"max-image-preview:large","max-video-preview":"max-video-preview:-1"},"canonical":"https:\/\/www.xunzel.com\/store\/fr\/producto\/32x-solarpower-on-425w\/","og_locale":"fr_FR","og_type":"article","og_title":"32x SOLARPOWER-ON 425W &#8211; Xunzel","og_description":"Pallet 32 unit\u00e9s Panneaux solaires photovolta\u00efques 425W de tr\u00e8s haute efficacit\u00e9 et performance. Cellules solaires SOLARPOWER XUNZEL \u00e0 tr\u00e8s haut rendement (&gt;23,6 %). G\u00e9n\u00e9ration stable et constante. Id\u00e9al pour l'autoconsommation et les syst\u00e8mes raccord\u00e9s au r\u00e9seau. Elle est aussi sp\u00e9cialement con\u00e7ue pour les installations reli\u00e9es au r\u00e9seau et pour la charge efficace des batteries rechargeables dans les syst\u00e8mes hors r\u00e9seau et de secours. Comprend un c\u00e2ble solaire pr\u00e9install\u00e9 avec des connecteurs universels pr\u00eats \u00e0 \u00eatre connect\u00e9s directement au r\u00e9gulateur de charge. Un gain de temps garanti pour l'installation. Dimensions r\u00e9duites et optimis\u00e9es. 1754x1096x30mm.","og_url":"https:\/\/www.xunzel.com\/store\/fr\/producto\/32x-solarpower-on-425w\/","og_site_name":"Xunzel","article_modified_time":"2025-06-18T12:14:40+00:00","og_image":[{"width":2000,"height":2000,"url":"https:\/\/www.xunzel.com\/store\/wp-content\/uploads\/2023\/02\/SOLARPOWER-425Wcaja-pallet.jpg","type":"image\/jpeg"}],"twitter_card":"summary_large_image","twitter_misc":{"Dur\u00e9e de lecture estim\u00e9e":"2 minutes"},"schema":{"@context":"https:\/\/schema.org","@graph":[{"@type":"WebPage","@id":"https:\/\/www.xunzel.com\/store\/fr\/producto\/32x-solarpower-on-425w\/","url":"https:\/\/www.xunzel.com\/store\/fr\/producto\/32x-solarpower-on-425w\/","name":"32x SOLARPOWER-ON 425W &#8211; Xunzel","isPartOf":{"@id":"https:\/\/www.xunzel.com\/store\/fr\/#website"},"primaryImageOfPage":{"@id":"https:\/\/www.xunzel.com\/store\/fr\/producto\/32x-solarpower-on-425w\/#primaryimage"},"image":{"@id":"https:\/\/www.xunzel.com\/store\/fr\/producto\/32x-solarpower-on-425w\/#primaryimage"},"thumbnailUrl":"https:\/\/www.xunzel.com\/store\/wp-content\/uploads\/2023\/02\/SOLARPOWER-425Wcaja-pallet.jpg","datePublished":"2023-02-02T12:44:45+00:00","dateModified":"2025-06-18T12:14:40+00:00","breadcrumb":{"@id":"https:\/\/www.xunzel.com\/store\/fr\/producto\/32x-solarpower-on-425w\/#breadcrumb"},"inLanguage":"fr-FR","potentialAction":[{"@type":"ReadAction","target":["https:\/\/www.xunzel.com\/store\/fr\/producto\/32x-solarpower-on-425w\/"]}]},{"@type":"ImageObject","inLanguage":"fr-FR","@id":"https:\/\/www.xunzel.com\/store\/fr\/producto\/32x-solarpower-on-425w\/#primaryimage","url":"https:\/\/www.xunzel.com\/store\/wp-content\/uploads\/2023\/02\/SOLARPOWER-425Wcaja-pallet.jpg","contentUrl":"https:\/\/www.xunzel.com\/store\/wp-content\/uploads\/2023\/02\/SOLARPOWER-425Wcaja-pallet.jpg","width":2000,"height":2000},{"@type":"BreadcrumbList","@id":"https:\/\/www.xunzel.com\/store\/fr\/producto\/32x-solarpower-on-425w\/#breadcrumb","itemListElement":[{"@type":"ListItem","position":1,"name":"Portada","item":"https:\/\/www.xunzel.com\/store\/fr\/"},{"@type":"ListItem","position":2,"name":"Magasin","item":"https:\/\/www.xunzel.com\/store\/tienda\/"},{"@type":"ListItem","position":3,"name":"32x SOLARPOWER-ON 425W"}]},{"@type":"WebSite","@id":"https:\/\/www.xunzel.com\/store\/fr\/#website","url":"https:\/\/www.xunzel.com\/store\/fr\/","name":"Xunzel","description":"Energy in a box - The Electric Revolution","publisher":{"@id":"https:\/\/www.xunzel.com\/store\/fr\/#organization"},"potentialAction":[{"@type":"SearchAction","target":{"@type":"EntryPoint","urlTemplate":"https:\/\/www.xunzel.com\/store\/fr\/?s={search_term_string}"},"query-input":{"@type":"PropertyValueSpecification","valueRequired":true,"valueName":"search_term_string"}}],"inLanguage":"fr-FR"},{"@type":"Organization","@id":"https:\/\/www.xunzel.com\/store\/fr\/#organization","name":"Xunzel","url":"https:\/\/www.xunzel.com\/store\/fr\/","logo":{"@type":"ImageObject","inLanguage":"fr-FR","@id":"https:\/\/www.xunzel.com\/store\/fr\/#\/schema\/logo\/image\/","url":"https:\/\/www.xunzel.com\/store\/wp-content\/uploads\/2021\/01\/logo-xunzel-footer.png","contentUrl":"https:\/\/www.xunzel.com\/store\/wp-content\/uploads\/2021\/01\/logo-xunzel-footer.png","width":280,"height":52,"caption":"Xunzel"},"image":{"@id":"https:\/\/www.xunzel.com\/store\/fr\/#\/schema\/logo\/image\/"}}]}},"_links":{"self":[{"href":"https:\/\/www.xunzel.com\/store\/fr\/wp-json\/wp\/v2\/product\/14802","targetHints":{"allow":["GET"]}}],"collection":[{"href":"https:\/\/www.xunzel.com\/store\/fr\/wp-json\/wp\/v2\/product"}],"about":[{"href":"https:\/\/www.xunzel.com\/store\/fr\/wp-json\/wp\/v2\/types\/product"}],"wp:featuredmedia":[{"embeddable":true,"href":"https:\/\/www.xunzel.com\/store\/fr\/wp-json\/wp\/v2\/media\/20309"}],"wp:attachment":[{"href":"https:\/\/www.xunzel.com\/store\/fr\/wp-json\/wp\/v2\/media?parent=14802"}],"wp:term":[{"taxonomy":"product_brand","embeddable":true,"href":"https:\/\/www.xunzel.com\/store\/fr\/wp-json\/wp\/v2\/product_brand?post=14802"},{"taxonomy":"product_cat","embeddable":true,"href":"https:\/\/www.xunzel.com\/store\/fr\/wp-json\/wp\/v2\/product_cat?post=14802"},{"taxonomy":"product_tag","embeddable":true,"href":"https:\/\/www.xunzel.com\/store\/fr\/wp-json\/wp\/v2\/product_tag?post=14802"}],"curies":[{"name":"wp","href":"https:\/\/api.w.org\/{rel}","templated":true}]}}