{"id":13700,"date":"2020-09-24T17:22:05","date_gmt":"2021-05-28T08:07:00","guid":{"rendered":"https:\/\/www.xunzel.com\/store\/?post_type=product&#038;p=13700"},"modified":"2025-03-25T09:10:02","modified_gmt":"2025-03-25T08:10:02","slug":"dot-sbc-12v-20a","status":"publish","type":"product","link":"https:\/\/www.xunzel.com\/store\/fr\/producto\/dot-sbc-12v-20a\/","title":{"rendered":"DOT-SBC 12V-20A"},"content":{"rendered":"<p>Chargeur de batterie avanc\u00e9 enti\u00e8rement automatique.<br \/>\nUniversel, pour charger les batteries 12V de tous types : plomb-AGM-acide, gel, ouvertes\/flottantes et lithium.<br \/>\nAvec une fonction suppl\u00e9mentaire d&#8217;alimentation stable programmable de 12V-20A (350W).<br \/>\nPermet de charger jusqu&#8217;\u00e0 3 banques de batteries ind\u00e9pendantes avec des priorit\u00e9s.<br \/>\nConception s\u00fbre des bornes de connexion des batteries.<br \/>\nTaille compacte. Corps en aluminium anodis\u00e9. Ultral\u00e9ger, robuste et compact.<br \/>\nAffichage num\u00e9rique LCD. Facilement extensible et programmable.<br \/>\nDiff\u00e9rents r\u00e9glages du courant de charge : 5 | 10 | 15 | 20 A.<br \/>\nEntr\u00e9e d&#8217;alimentation CA valable pour tous les pays (avec prise IEC).<br \/>\nLarge gamme de tensions et de fr\u00e9quences d&#8217;entr\u00e9e (90-265VAC et 47-63Hz).<br \/>\nC\u00e2ble de chargement (schuko) inclus.<\/p>\n<p>Peut \u00eatre mis en parall\u00e8le avec un autre chargeur pour doubler la capacit\u00e9 de charge. (Une t\u00e9l\u00e9commande suppl\u00e9mentaire <a href=\"https:\/\/www.xunzel.com\/store\/fr\/product\/remote-control-dot-sbc\/\" target=\"_blank\" rel=\"noopener\"><strong>DOT-SBC<\/strong> <\/a>est n\u00e9cessaire &#8211; non incluse).<\/p>\n","protected":false},"excerpt":{"rendered":"<p>Chargeur de batterie avanc\u00e9 enti\u00e8rement automatique. Universel, pour charger les batteries 12V de tous types : plomb-AGM-acide, gel, ouvertes\/flottantes et lithium. Avec une fonction suppl\u00e9mentaire d&#8217;alimentation stable programmable de 12V-20A (350W).<br \/>\nPermet de charger jusqu&#8217;\u00e0 3 banques de batteries ind\u00e9pendantes avec des priorit\u00e9s.<br \/>\nConception s\u00fbre des bornes de connexion des batteries.<br \/>\nCorps en aluminium anodis\u00e9. Ultral\u00e9ger, robuste et compact.<br \/>\nAffichage num\u00e9rique LCD. Facilement extensible et programmable.<br \/>\nDiff\u00e9rents r\u00e9glages du courant de charge : 5 | 10 | 15 | 20 A.<br \/>\nC\u00e2ble de chargement inclus.<\/p>\n<p><span class=\"shared-files-shortcode-admin-list shared-files-shortcode-admin-list-file shared-files-shortcode-11203\" title=\"[shared_files file_id=11203]\">[shared_files file_id=11203]<\/span><\/p>\n","protected":false},"featured_media":14716,"template":"","meta":{"_acf_changed":false},"product_brand":[],"product_cat":[457],"product_tag":[],"class_list":{"0":"post-13700","1":"product","2":"type-product","3":"status-publish","4":"has-post-thumbnail","6":"product_cat-dot-sbc-series-chargeurs","8":"first","9":"instock","10":"taxable","11":"shipping-taxable","12":"purchasable","13":"product-type-simple"},"acf":[],"yoast_head":"<!-- This site is optimized with the Yoast SEO plugin v25.4 - https:\/\/yoast.com\/wordpress\/plugins\/seo\/ -->\n<title>DOT-SBC 12V-20A &#8211; Xunzel<\/title>\n<meta name=\"robots\" content=\"index, follow, max-snippet:-1, max-image-preview:large, max-video-preview:-1\" \/>\n<link rel=\"canonical\" href=\"https:\/\/www.xunzel.com\/store\/fr\/producto\/dot-sbc-12v-20a\/\" \/>\n<meta property=\"og:locale\" content=\"fr_FR\" \/>\n<meta property=\"og:type\" content=\"article\" \/>\n<meta property=\"og:title\" content=\"DOT-SBC 12V-20A &#8211; Xunzel\" \/>\n<meta property=\"og:description\" content=\"Chargeur de batterie avanc\u00e9 enti\u00e8rement automatique. Universel, pour charger les batteries 12V de tous types : plomb-AGM-acide, gel, ouvertes\/flottantes et lithium. Avec une fonction suppl\u00e9mentaire d&#039;alimentation stable programmable de 12V-20A (350W). Permet de charger jusqu&#039;\u00e0 3 banques de batteries ind\u00e9pendantes avec des priorit\u00e9s. Conception s\u00fbre des bornes de connexion des batteries. Corps en aluminium anodis\u00e9. Ultral\u00e9ger, robuste et compact. Affichage num\u00e9rique LCD. Facilement extensible et programmable. Diff\u00e9rents r\u00e9glages du courant de charge : 5 | 10 | 15 | 20 A. C\u00e2ble de chargement inclus.\" \/>\n<meta property=\"og:url\" content=\"https:\/\/www.xunzel.com\/store\/fr\/producto\/dot-sbc-12v-20a\/\" \/>\n<meta property=\"og:site_name\" content=\"Xunzel\" \/>\n<meta property=\"article:modified_time\" content=\"2025-03-25T08:10:02+00:00\" \/>\n<meta property=\"og:image\" content=\"https:\/\/www.xunzel.com\/store\/wp-content\/uploads\/2023\/01\/DOT-SBC-2012_XUNZEL_100_B-scaled.jpg\" \/>\n\t<meta property=\"og:image:width\" content=\"2560\" \/>\n\t<meta property=\"og:image:height\" content=\"2560\" \/>\n\t<meta property=\"og:image:type\" content=\"image\/jpeg\" \/>\n<meta name=\"twitter:card\" content=\"summary_large_image\" \/>\n<meta name=\"twitter:label1\" content=\"Dur\u00e9e de lecture estim\u00e9e\" \/>\n\t<meta name=\"twitter:data1\" content=\"1 minute\" \/>\n<script type=\"application\/ld+json\" class=\"yoast-schema-graph\">{\"@context\":\"https:\/\/schema.org\",\"@graph\":[{\"@type\":\"WebPage\",\"@id\":\"https:\/\/www.xunzel.com\/store\/fr\/producto\/dot-sbc-12v-20a\/\",\"url\":\"https:\/\/www.xunzel.com\/store\/fr\/producto\/dot-sbc-12v-20a\/\",\"name\":\"DOT-SBC 12V-20A &#8211; Xunzel\",\"isPartOf\":{\"@id\":\"https:\/\/www.xunzel.com\/store\/fr\/#website\"},\"primaryImageOfPage\":{\"@id\":\"https:\/\/www.xunzel.com\/store\/fr\/producto\/dot-sbc-12v-20a\/#primaryimage\"},\"image\":{\"@id\":\"https:\/\/www.xunzel.com\/store\/fr\/producto\/dot-sbc-12v-20a\/#primaryimage\"},\"thumbnailUrl\":\"https:\/\/www.xunzel.com\/store\/wp-content\/uploads\/2023\/01\/DOT-SBC-2012_XUNZEL_100_B-scaled.jpg\",\"datePublished\":\"2021-05-28T08:07:00+00:00\",\"dateModified\":\"2025-03-25T08:10:02+00:00\",\"breadcrumb\":{\"@id\":\"https:\/\/www.xunzel.com\/store\/fr\/producto\/dot-sbc-12v-20a\/#breadcrumb\"},\"inLanguage\":\"fr-FR\",\"potentialAction\":[{\"@type\":\"ReadAction\",\"target\":[\"https:\/\/www.xunzel.com\/store\/fr\/producto\/dot-sbc-12v-20a\/\"]}]},{\"@type\":\"ImageObject\",\"inLanguage\":\"fr-FR\",\"@id\":\"https:\/\/www.xunzel.com\/store\/fr\/producto\/dot-sbc-12v-20a\/#primaryimage\",\"url\":\"https:\/\/www.xunzel.com\/store\/wp-content\/uploads\/2023\/01\/DOT-SBC-2012_XUNZEL_100_B-scaled.jpg\",\"contentUrl\":\"https:\/\/www.xunzel.com\/store\/wp-content\/uploads\/2023\/01\/DOT-SBC-2012_XUNZEL_100_B-scaled.jpg\",\"width\":2560,\"height\":2560,\"caption\":\"Cargador Bater\u00edas Avanzado DOT-SBC-XUNZEL-20A-12V para 3 bancos independientes\"},{\"@type\":\"BreadcrumbList\",\"@id\":\"https:\/\/www.xunzel.com\/store\/fr\/producto\/dot-sbc-12v-20a\/#breadcrumb\",\"itemListElement\":[{\"@type\":\"ListItem\",\"position\":1,\"name\":\"Portada\",\"item\":\"https:\/\/www.xunzel.com\/store\/fr\/\"},{\"@type\":\"ListItem\",\"position\":2,\"name\":\"Magasin\",\"item\":\"https:\/\/www.xunzel.com\/store\/tienda\/\"},{\"@type\":\"ListItem\",\"position\":3,\"name\":\"DOT-SBC 12V-20A\"}]},{\"@type\":\"WebSite\",\"@id\":\"https:\/\/www.xunzel.com\/store\/fr\/#website\",\"url\":\"https:\/\/www.xunzel.com\/store\/fr\/\",\"name\":\"Xunzel\",\"description\":\"Energy in a box - The Electric Revolution\",\"publisher\":{\"@id\":\"https:\/\/www.xunzel.com\/store\/fr\/#organization\"},\"potentialAction\":[{\"@type\":\"SearchAction\",\"target\":{\"@type\":\"EntryPoint\",\"urlTemplate\":\"https:\/\/www.xunzel.com\/store\/fr\/?s={search_term_string}\"},\"query-input\":{\"@type\":\"PropertyValueSpecification\",\"valueRequired\":true,\"valueName\":\"search_term_string\"}}],\"inLanguage\":\"fr-FR\"},{\"@type\":\"Organization\",\"@id\":\"https:\/\/www.xunzel.com\/store\/fr\/#organization\",\"name\":\"Xunzel\",\"url\":\"https:\/\/www.xunzel.com\/store\/fr\/\",\"logo\":{\"@type\":\"ImageObject\",\"inLanguage\":\"fr-FR\",\"@id\":\"https:\/\/www.xunzel.com\/store\/fr\/#\/schema\/logo\/image\/\",\"url\":\"https:\/\/www.xunzel.com\/store\/wp-content\/uploads\/2021\/01\/logo-xunzel-footer.png\",\"contentUrl\":\"https:\/\/www.xunzel.com\/store\/wp-content\/uploads\/2021\/01\/logo-xunzel-footer.png\",\"width\":280,\"height\":52,\"caption\":\"Xunzel\"},\"image\":{\"@id\":\"https:\/\/www.xunzel.com\/store\/fr\/#\/schema\/logo\/image\/\"}}]}<\/script>\n<!-- \/ Yoast SEO plugin. -->","yoast_head_json":{"title":"DOT-SBC 12V-20A &#8211; Xunzel","robots":{"index":"index","follow":"follow","max-snippet":"max-snippet:-1","max-image-preview":"max-image-preview:large","max-video-preview":"max-video-preview:-1"},"canonical":"https:\/\/www.xunzel.com\/store\/fr\/producto\/dot-sbc-12v-20a\/","og_locale":"fr_FR","og_type":"article","og_title":"DOT-SBC 12V-20A &#8211; Xunzel","og_description":"Chargeur de batterie avanc\u00e9 enti\u00e8rement automatique. Universel, pour charger les batteries 12V de tous types : plomb-AGM-acide, gel, ouvertes\/flottantes et lithium. Avec une fonction suppl\u00e9mentaire d'alimentation stable programmable de 12V-20A (350W). Permet de charger jusqu'\u00e0 3 banques de batteries ind\u00e9pendantes avec des priorit\u00e9s. Conception s\u00fbre des bornes de connexion des batteries. Corps en aluminium anodis\u00e9. Ultral\u00e9ger, robuste et compact. Affichage num\u00e9rique LCD. Facilement extensible et programmable. Diff\u00e9rents r\u00e9glages du courant de charge : 5 | 10 | 15 | 20 A. C\u00e2ble de chargement inclus.","og_url":"https:\/\/www.xunzel.com\/store\/fr\/producto\/dot-sbc-12v-20a\/","og_site_name":"Xunzel","article_modified_time":"2025-03-25T08:10:02+00:00","og_image":[{"width":2560,"height":2560,"url":"https:\/\/www.xunzel.com\/store\/wp-content\/uploads\/2023\/01\/DOT-SBC-2012_XUNZEL_100_B-scaled.jpg","type":"image\/jpeg"}],"twitter_card":"summary_large_image","twitter_misc":{"Dur\u00e9e de lecture estim\u00e9e":"1 minute"},"schema":{"@context":"https:\/\/schema.org","@graph":[{"@type":"WebPage","@id":"https:\/\/www.xunzel.com\/store\/fr\/producto\/dot-sbc-12v-20a\/","url":"https:\/\/www.xunzel.com\/store\/fr\/producto\/dot-sbc-12v-20a\/","name":"DOT-SBC 12V-20A &#8211; Xunzel","isPartOf":{"@id":"https:\/\/www.xunzel.com\/store\/fr\/#website"},"primaryImageOfPage":{"@id":"https:\/\/www.xunzel.com\/store\/fr\/producto\/dot-sbc-12v-20a\/#primaryimage"},"image":{"@id":"https:\/\/www.xunzel.com\/store\/fr\/producto\/dot-sbc-12v-20a\/#primaryimage"},"thumbnailUrl":"https:\/\/www.xunzel.com\/store\/wp-content\/uploads\/2023\/01\/DOT-SBC-2012_XUNZEL_100_B-scaled.jpg","datePublished":"2021-05-28T08:07:00+00:00","dateModified":"2025-03-25T08:10:02+00:00","breadcrumb":{"@id":"https:\/\/www.xunzel.com\/store\/fr\/producto\/dot-sbc-12v-20a\/#breadcrumb"},"inLanguage":"fr-FR","potentialAction":[{"@type":"ReadAction","target":["https:\/\/www.xunzel.com\/store\/fr\/producto\/dot-sbc-12v-20a\/"]}]},{"@type":"ImageObject","inLanguage":"fr-FR","@id":"https:\/\/www.xunzel.com\/store\/fr\/producto\/dot-sbc-12v-20a\/#primaryimage","url":"https:\/\/www.xunzel.com\/store\/wp-content\/uploads\/2023\/01\/DOT-SBC-2012_XUNZEL_100_B-scaled.jpg","contentUrl":"https:\/\/www.xunzel.com\/store\/wp-content\/uploads\/2023\/01\/DOT-SBC-2012_XUNZEL_100_B-scaled.jpg","width":2560,"height":2560,"caption":"Cargador Bater\u00edas Avanzado DOT-SBC-XUNZEL-20A-12V para 3 bancos independientes"},{"@type":"BreadcrumbList","@id":"https:\/\/www.xunzel.com\/store\/fr\/producto\/dot-sbc-12v-20a\/#breadcrumb","itemListElement":[{"@type":"ListItem","position":1,"name":"Portada","item":"https:\/\/www.xunzel.com\/store\/fr\/"},{"@type":"ListItem","position":2,"name":"Magasin","item":"https:\/\/www.xunzel.com\/store\/tienda\/"},{"@type":"ListItem","position":3,"name":"DOT-SBC 12V-20A"}]},{"@type":"WebSite","@id":"https:\/\/www.xunzel.com\/store\/fr\/#website","url":"https:\/\/www.xunzel.com\/store\/fr\/","name":"Xunzel","description":"Energy in a box - The Electric Revolution","publisher":{"@id":"https:\/\/www.xunzel.com\/store\/fr\/#organization"},"potentialAction":[{"@type":"SearchAction","target":{"@type":"EntryPoint","urlTemplate":"https:\/\/www.xunzel.com\/store\/fr\/?s={search_term_string}"},"query-input":{"@type":"PropertyValueSpecification","valueRequired":true,"valueName":"search_term_string"}}],"inLanguage":"fr-FR"},{"@type":"Organization","@id":"https:\/\/www.xunzel.com\/store\/fr\/#organization","name":"Xunzel","url":"https:\/\/www.xunzel.com\/store\/fr\/","logo":{"@type":"ImageObject","inLanguage":"fr-FR","@id":"https:\/\/www.xunzel.com\/store\/fr\/#\/schema\/logo\/image\/","url":"https:\/\/www.xunzel.com\/store\/wp-content\/uploads\/2021\/01\/logo-xunzel-footer.png","contentUrl":"https:\/\/www.xunzel.com\/store\/wp-content\/uploads\/2021\/01\/logo-xunzel-footer.png","width":280,"height":52,"caption":"Xunzel"},"image":{"@id":"https:\/\/www.xunzel.com\/store\/fr\/#\/schema\/logo\/image\/"}}]}},"_links":{"self":[{"href":"https:\/\/www.xunzel.com\/store\/fr\/wp-json\/wp\/v2\/product\/13700","targetHints":{"allow":["GET"]}}],"collection":[{"href":"https:\/\/www.xunzel.com\/store\/fr\/wp-json\/wp\/v2\/product"}],"about":[{"href":"https:\/\/www.xunzel.com\/store\/fr\/wp-json\/wp\/v2\/types\/product"}],"wp:featuredmedia":[{"embeddable":true,"href":"https:\/\/www.xunzel.com\/store\/fr\/wp-json\/wp\/v2\/media\/14716"}],"wp:attachment":[{"href":"https:\/\/www.xunzel.com\/store\/fr\/wp-json\/wp\/v2\/media?parent=13700"}],"wp:term":[{"taxonomy":"product_brand","embeddable":true,"href":"https:\/\/www.xunzel.com\/store\/fr\/wp-json\/wp\/v2\/product_brand?post=13700"},{"taxonomy":"product_cat","embeddable":true,"href":"https:\/\/www.xunzel.com\/store\/fr\/wp-json\/wp\/v2\/product_cat?post=13700"},{"taxonomy":"product_tag","embeddable":true,"href":"https:\/\/www.xunzel.com\/store\/fr\/wp-json\/wp\/v2\/product_tag?post=13700"}],"curies":[{"name":"wp","href":"https:\/\/api.w.org\/{rel}","templated":true}]}}