{"id":13645,"date":"2020-09-24T17:30:06","date_gmt":"2021-05-28T08:06:11","guid":{"rendered":"https:\/\/www.xunzel.com\/store\/?post_type=product&#038;p=13645"},"modified":"2025-03-24T14:19:49","modified_gmt":"2025-03-24T13:19:49","slug":"xjts-3000w-24v","status":"publish","type":"product","link":"https:\/\/www.xunzel.com\/store\/fr\/producto\/xjts-3000w-24v\/","title":{"rendered":"XJTS -3000W-24V"},"content":{"rendered":"<p>Onduleur \u00e0 onde sinuso\u00efdale pure de 3000W (6000W en pointe) qui convertit la tension de la batterie de 24V en une alimentation \u00e9lectrique de tr\u00e8s haute qualit\u00e9 et fiable \u00e0 230V-50Hz. Fournit une \u00e9lectricit\u00e9 d&#8217;excellente qualit\u00e9 en permanence lorsqu&#8217;il n&#8217;y a pas de connexion au r\u00e9seau. Prot\u00e8ge et assure une meilleure performance des \u00e9quipements connect\u00e9s.<\/p>\n<p>Affichage num\u00e9rique avec contr\u00f4le de la tension, consommation, \u00e9tat et alarmes. \u00c9cran amovible avec c\u00e2ble de 7,6 m inclus.<br \/>\nEnti\u00e8rement configurable. Facile \u00e0 programmer :<\/p>\n<ul>\n<li>Niveaux de d\u00e9clenchement des alarmes et r\u00e9initialisation de la faible tension de la batterie.<\/li>\n<li>Niveaux de d\u00e9clenchement et de r\u00e9initialisation de la tension de la batterie faible.<\/li>\n<li>D\u00e9connexion dynamique : niveau de d\u00e9connexion en fonction de la charge.<\/li>\n<li>Marche\/arr\u00eat et activation du mode d&#8217;\u00e9conomie d&#8217;\u00e9nergie programmable.<\/li>\n<li>Alarme sonore d&#8217;activation\/d\u00e9sactivation<\/li>\n<\/ul>\n<p>Avec un commutateur de transfert automatique int\u00e9gr\u00e9, qui permet de transf\u00e9rer la charge vers une autre source de courant alternatif instantan\u00e9ment avec un temps de commutation minimal, de sorte que les ordinateurs et autres \u00e9quipements \u00e9lectroniques continuent de fonctionner sans interruption. Id\u00e9al pour acc\u00e9der \u00e0 des endroits o\u00f9 il n&#8217;y a pas de courant.<\/p>\n<p>Avec une sortie USB 5V-2.1A pour alimenter les appareils \u00e9lectroniques.<br \/>\nPr\u00eat \u00e0 \u00eatre branch\u00e9 et \u00e0 jouer. Conception s\u00fbre. Avec des protections int\u00e9gr\u00e9es.<br \/>\nCon\u00e7u pour \u00eatre utilis\u00e9 dans les conditions les plus exigeantes, tant professionnelles qu&#8217;industrielles et r\u00e9cr\u00e9atives.<br \/>\nHaute efficacit\u00e9. L\u00e9ger, robuste, s\u00fbr et fiable. Technologie de conversion avanc\u00e9e. Tirez le meilleur parti de votre batterie.<\/p>\n<p>PLUS : Avec entr\u00e9e pour t\u00e9l\u00e9commande (accessoires optionnels &#8211; code : RCXJ, SMART-START,&#8230;.)<\/p>\n<p>Capacit\u00e9 minimale recommand\u00e9e de la batterie : <strong><a href=\"https:\/\/www.xunzel.com\/store\/fr\/product\/solarx-lithium-240-24\/\" target=\"_blank\" rel=\"noopener\">480Ah-24V.<\/a><\/strong><\/p>\n","protected":false},"excerpt":{"rendered":"<p>Onduleur \u00e0 onde sinuso\u00efdale pure de 3000W (6000W en pointe) qui convertit la tension de la batterie de 24V en une alimentation \u00e9lectrique de tr\u00e8s haute qualit\u00e9 et fiable \u00e0 230V-50Hz. Prot\u00e8ge et assure une meilleure performance des \u00e9quipements connect\u00e9s. Fournit une alimentation permanente lorsqu&#8217;il n&#8217;y a pas de connexion au r\u00e9seau.<br \/>\nEnti\u00e8rement configurable. Facile \u00e0 programmer.<br \/>\nAvec un commutateur de transfert automatique int\u00e9gr\u00e9, qui permet de transf\u00e9rer la charge vers une autre source de courant alternatif instantan\u00e9ment avec un temps de commutation minimal, de sorte que les ordinateurs et autres \u00e9quipements \u00e9lectroniques continuent de fonctionner sans interruption. Id\u00e9al pour acc\u00e9der \u00e0 des endroits o\u00f9 il n&#8217;y a pas de courant.<br \/>\nAvec une sortie USB 5V-2.1A pour alimenter les appareils \u00e9lectroniques.<br \/>\nPr\u00eat \u00e0 \u00eatre branch\u00e9 et \u00e0 jouer.<br \/>\nL\u00e9ger, robuste, s\u00fbr et fiable.<br \/>\nHaute efficacit\u00e9. Tr\u00e8s faible autoconsommation. Tirez le meilleur parti de votre batterie.<\/p>\n<p><span class=\"shared-files-shortcode-admin-list shared-files-shortcode-admin-list-file shared-files-shortcode-11206\" title=\"[shared_files file_id=11206]\"><span class=\"shared-files-shortcode-admin-list shared-files-shortcode-admin-list-file shared-files-shortcode-14351\" title=\"[shared_files file_id=14351]\">[shared_files file_id=14351]<\/span><\/span><\/p>\n","protected":false},"featured_media":15217,"template":"","meta":{"_acf_changed":false},"product_brand":[],"product_cat":[462],"product_tag":[],"class_list":{"0":"post-13645","1":"product","2":"type-product","3":"status-publish","4":"has-post-thumbnail","6":"product_cat-xj-series-onduleurs","8":"first","9":"instock","10":"taxable","11":"shipping-taxable","12":"purchasable","13":"product-type-variable"},"acf":[],"yoast_head":"<!-- This site is optimized with the Yoast SEO plugin v25.4 - https:\/\/yoast.com\/wordpress\/plugins\/seo\/ -->\n<title>XJTS -3000W-24V &#8211; Xunzel<\/title>\n<meta name=\"robots\" content=\"index, follow, max-snippet:-1, max-image-preview:large, max-video-preview:-1\" \/>\n<link rel=\"canonical\" href=\"https:\/\/www.xunzel.com\/store\/fr\/producto\/xjts-3000w-24v\/\" \/>\n<meta property=\"og:locale\" content=\"fr_FR\" \/>\n<meta property=\"og:type\" content=\"article\" \/>\n<meta property=\"og:title\" content=\"XJTS -3000W-24V &#8211; Xunzel\" \/>\n<meta property=\"og:description\" content=\"Onduleur \u00e0 onde sinuso\u00efdale pure de 3000W (6000W en pointe) qui convertit la tension de la batterie de 24V en une alimentation \u00e9lectrique de tr\u00e8s haute qualit\u00e9 et fiable \u00e0 230V-50Hz. Prot\u00e8ge et assure une meilleure performance des \u00e9quipements connect\u00e9s. Fournit une alimentation permanente lorsqu&#039;il n&#039;y a pas de connexion au r\u00e9seau. Enti\u00e8rement configurable. Facile \u00e0 programmer. Avec un commutateur de transfert automatique int\u00e9gr\u00e9, qui permet de transf\u00e9rer la charge vers une autre source de courant alternatif instantan\u00e9ment avec un temps de commutation minimal, de sorte que les ordinateurs et autres \u00e9quipements \u00e9lectroniques continuent de fonctionner sans interruption. Id\u00e9al pour acc\u00e9der \u00e0 des endroits o\u00f9 il n&#039;y a pas de courant. Avec une sortie USB 5V-2.1A pour alimenter les appareils \u00e9lectroniques. Pr\u00eat \u00e0 \u00eatre branch\u00e9 et \u00e0 jouer. L\u00e9ger, robuste, s\u00fbr et fiable. Haute efficacit\u00e9. Tr\u00e8s faible autoconsommation. Tirez le meilleur parti de votre batterie.\" \/>\n<meta property=\"og:url\" content=\"https:\/\/www.xunzel.com\/store\/fr\/producto\/xjts-3000w-24v\/\" \/>\n<meta property=\"og:site_name\" content=\"Xunzel\" \/>\n<meta property=\"article:modified_time\" content=\"2025-03-24T13:19:49+00:00\" \/>\n<meta property=\"og:image\" content=\"https:\/\/www.xunzel.com\/store\/wp-content\/uploads\/2023\/02\/XJTS-3000-24-XUNZEL-100-e1676282001679.jpg\" \/>\n\t<meta property=\"og:image:width\" content=\"2001\" \/>\n\t<meta property=\"og:image:height\" content=\"2001\" \/>\n\t<meta property=\"og:image:type\" content=\"image\/jpeg\" \/>\n<meta name=\"twitter:card\" content=\"summary_large_image\" \/>\n<meta name=\"twitter:label1\" content=\"Dur\u00e9e de lecture estim\u00e9e\" \/>\n\t<meta name=\"twitter:data1\" content=\"2 minutes\" \/>\n<script type=\"application\/ld+json\" class=\"yoast-schema-graph\">{\"@context\":\"https:\/\/schema.org\",\"@graph\":[{\"@type\":\"WebPage\",\"@id\":\"https:\/\/www.xunzel.com\/store\/fr\/producto\/xjts-3000w-24v\/\",\"url\":\"https:\/\/www.xunzel.com\/store\/fr\/producto\/xjts-3000w-24v\/\",\"name\":\"XJTS -3000W-24V &#8211; Xunzel\",\"isPartOf\":{\"@id\":\"https:\/\/www.xunzel.com\/store\/fr\/#website\"},\"primaryImageOfPage\":{\"@id\":\"https:\/\/www.xunzel.com\/store\/fr\/producto\/xjts-3000w-24v\/#primaryimage\"},\"image\":{\"@id\":\"https:\/\/www.xunzel.com\/store\/fr\/producto\/xjts-3000w-24v\/#primaryimage\"},\"thumbnailUrl\":\"https:\/\/www.xunzel.com\/store\/wp-content\/uploads\/2023\/02\/XJTS-3000-24-XUNZEL-100-e1676282001679.jpg\",\"datePublished\":\"2021-05-28T08:06:11+00:00\",\"dateModified\":\"2025-03-24T13:19:49+00:00\",\"breadcrumb\":{\"@id\":\"https:\/\/www.xunzel.com\/store\/fr\/producto\/xjts-3000w-24v\/#breadcrumb\"},\"inLanguage\":\"fr-FR\",\"potentialAction\":[{\"@type\":\"ReadAction\",\"target\":[\"https:\/\/www.xunzel.com\/store\/fr\/producto\/xjts-3000w-24v\/\"]}]},{\"@type\":\"ImageObject\",\"inLanguage\":\"fr-FR\",\"@id\":\"https:\/\/www.xunzel.com\/store\/fr\/producto\/xjts-3000w-24v\/#primaryimage\",\"url\":\"https:\/\/www.xunzel.com\/store\/wp-content\/uploads\/2023\/02\/XJTS-3000-24-XUNZEL-100-e1676282001679.jpg\",\"contentUrl\":\"https:\/\/www.xunzel.com\/store\/wp-content\/uploads\/2023\/02\/XJTS-3000-24-XUNZEL-100-e1676282001679.jpg\",\"width\":2001,\"height\":2001,\"caption\":\"Inversor de onda pura XJTS-3000-XUNZEL\"},{\"@type\":\"BreadcrumbList\",\"@id\":\"https:\/\/www.xunzel.com\/store\/fr\/producto\/xjts-3000w-24v\/#breadcrumb\",\"itemListElement\":[{\"@type\":\"ListItem\",\"position\":1,\"name\":\"Portada\",\"item\":\"https:\/\/www.xunzel.com\/store\/fr\/\"},{\"@type\":\"ListItem\",\"position\":2,\"name\":\"Magasin\",\"item\":\"https:\/\/www.xunzel.com\/store\/tienda\/\"},{\"@type\":\"ListItem\",\"position\":3,\"name\":\"XJTS -3000W-24V\"}]},{\"@type\":\"WebSite\",\"@id\":\"https:\/\/www.xunzel.com\/store\/fr\/#website\",\"url\":\"https:\/\/www.xunzel.com\/store\/fr\/\",\"name\":\"Xunzel\",\"description\":\"Energy in a box - The Electric Revolution\",\"publisher\":{\"@id\":\"https:\/\/www.xunzel.com\/store\/fr\/#organization\"},\"potentialAction\":[{\"@type\":\"SearchAction\",\"target\":{\"@type\":\"EntryPoint\",\"urlTemplate\":\"https:\/\/www.xunzel.com\/store\/fr\/?s={search_term_string}\"},\"query-input\":{\"@type\":\"PropertyValueSpecification\",\"valueRequired\":true,\"valueName\":\"search_term_string\"}}],\"inLanguage\":\"fr-FR\"},{\"@type\":\"Organization\",\"@id\":\"https:\/\/www.xunzel.com\/store\/fr\/#organization\",\"name\":\"Xunzel\",\"url\":\"https:\/\/www.xunzel.com\/store\/fr\/\",\"logo\":{\"@type\":\"ImageObject\",\"inLanguage\":\"fr-FR\",\"@id\":\"https:\/\/www.xunzel.com\/store\/fr\/#\/schema\/logo\/image\/\",\"url\":\"https:\/\/www.xunzel.com\/store\/wp-content\/uploads\/2021\/01\/logo-xunzel-footer.png\",\"contentUrl\":\"https:\/\/www.xunzel.com\/store\/wp-content\/uploads\/2021\/01\/logo-xunzel-footer.png\",\"width\":280,\"height\":52,\"caption\":\"Xunzel\"},\"image\":{\"@id\":\"https:\/\/www.xunzel.com\/store\/fr\/#\/schema\/logo\/image\/\"}}]}<\/script>\n<!-- \/ Yoast SEO plugin. -->","yoast_head_json":{"title":"XJTS -3000W-24V &#8211; Xunzel","robots":{"index":"index","follow":"follow","max-snippet":"max-snippet:-1","max-image-preview":"max-image-preview:large","max-video-preview":"max-video-preview:-1"},"canonical":"https:\/\/www.xunzel.com\/store\/fr\/producto\/xjts-3000w-24v\/","og_locale":"fr_FR","og_type":"article","og_title":"XJTS -3000W-24V &#8211; Xunzel","og_description":"Onduleur \u00e0 onde sinuso\u00efdale pure de 3000W (6000W en pointe) qui convertit la tension de la batterie de 24V en une alimentation \u00e9lectrique de tr\u00e8s haute qualit\u00e9 et fiable \u00e0 230V-50Hz. Prot\u00e8ge et assure une meilleure performance des \u00e9quipements connect\u00e9s. Fournit une alimentation permanente lorsqu'il n'y a pas de connexion au r\u00e9seau. Enti\u00e8rement configurable. Facile \u00e0 programmer. Avec un commutateur de transfert automatique int\u00e9gr\u00e9, qui permet de transf\u00e9rer la charge vers une autre source de courant alternatif instantan\u00e9ment avec un temps de commutation minimal, de sorte que les ordinateurs et autres \u00e9quipements \u00e9lectroniques continuent de fonctionner sans interruption. Id\u00e9al pour acc\u00e9der \u00e0 des endroits o\u00f9 il n'y a pas de courant. Avec une sortie USB 5V-2.1A pour alimenter les appareils \u00e9lectroniques. Pr\u00eat \u00e0 \u00eatre branch\u00e9 et \u00e0 jouer. L\u00e9ger, robuste, s\u00fbr et fiable. Haute efficacit\u00e9. Tr\u00e8s faible autoconsommation. Tirez le meilleur parti de votre batterie.","og_url":"https:\/\/www.xunzel.com\/store\/fr\/producto\/xjts-3000w-24v\/","og_site_name":"Xunzel","article_modified_time":"2025-03-24T13:19:49+00:00","og_image":[{"width":2001,"height":2001,"url":"https:\/\/www.xunzel.com\/store\/wp-content\/uploads\/2023\/02\/XJTS-3000-24-XUNZEL-100-e1676282001679.jpg","type":"image\/jpeg"}],"twitter_card":"summary_large_image","twitter_misc":{"Dur\u00e9e de lecture estim\u00e9e":"2 minutes"},"schema":{"@context":"https:\/\/schema.org","@graph":[{"@type":"WebPage","@id":"https:\/\/www.xunzel.com\/store\/fr\/producto\/xjts-3000w-24v\/","url":"https:\/\/www.xunzel.com\/store\/fr\/producto\/xjts-3000w-24v\/","name":"XJTS -3000W-24V &#8211; Xunzel","isPartOf":{"@id":"https:\/\/www.xunzel.com\/store\/fr\/#website"},"primaryImageOfPage":{"@id":"https:\/\/www.xunzel.com\/store\/fr\/producto\/xjts-3000w-24v\/#primaryimage"},"image":{"@id":"https:\/\/www.xunzel.com\/store\/fr\/producto\/xjts-3000w-24v\/#primaryimage"},"thumbnailUrl":"https:\/\/www.xunzel.com\/store\/wp-content\/uploads\/2023\/02\/XJTS-3000-24-XUNZEL-100-e1676282001679.jpg","datePublished":"2021-05-28T08:06:11+00:00","dateModified":"2025-03-24T13:19:49+00:00","breadcrumb":{"@id":"https:\/\/www.xunzel.com\/store\/fr\/producto\/xjts-3000w-24v\/#breadcrumb"},"inLanguage":"fr-FR","potentialAction":[{"@type":"ReadAction","target":["https:\/\/www.xunzel.com\/store\/fr\/producto\/xjts-3000w-24v\/"]}]},{"@type":"ImageObject","inLanguage":"fr-FR","@id":"https:\/\/www.xunzel.com\/store\/fr\/producto\/xjts-3000w-24v\/#primaryimage","url":"https:\/\/www.xunzel.com\/store\/wp-content\/uploads\/2023\/02\/XJTS-3000-24-XUNZEL-100-e1676282001679.jpg","contentUrl":"https:\/\/www.xunzel.com\/store\/wp-content\/uploads\/2023\/02\/XJTS-3000-24-XUNZEL-100-e1676282001679.jpg","width":2001,"height":2001,"caption":"Inversor de onda pura XJTS-3000-XUNZEL"},{"@type":"BreadcrumbList","@id":"https:\/\/www.xunzel.com\/store\/fr\/producto\/xjts-3000w-24v\/#breadcrumb","itemListElement":[{"@type":"ListItem","position":1,"name":"Portada","item":"https:\/\/www.xunzel.com\/store\/fr\/"},{"@type":"ListItem","position":2,"name":"Magasin","item":"https:\/\/www.xunzel.com\/store\/tienda\/"},{"@type":"ListItem","position":3,"name":"XJTS -3000W-24V"}]},{"@type":"WebSite","@id":"https:\/\/www.xunzel.com\/store\/fr\/#website","url":"https:\/\/www.xunzel.com\/store\/fr\/","name":"Xunzel","description":"Energy in a box - The Electric Revolution","publisher":{"@id":"https:\/\/www.xunzel.com\/store\/fr\/#organization"},"potentialAction":[{"@type":"SearchAction","target":{"@type":"EntryPoint","urlTemplate":"https:\/\/www.xunzel.com\/store\/fr\/?s={search_term_string}"},"query-input":{"@type":"PropertyValueSpecification","valueRequired":true,"valueName":"search_term_string"}}],"inLanguage":"fr-FR"},{"@type":"Organization","@id":"https:\/\/www.xunzel.com\/store\/fr\/#organization","name":"Xunzel","url":"https:\/\/www.xunzel.com\/store\/fr\/","logo":{"@type":"ImageObject","inLanguage":"fr-FR","@id":"https:\/\/www.xunzel.com\/store\/fr\/#\/schema\/logo\/image\/","url":"https:\/\/www.xunzel.com\/store\/wp-content\/uploads\/2021\/01\/logo-xunzel-footer.png","contentUrl":"https:\/\/www.xunzel.com\/store\/wp-content\/uploads\/2021\/01\/logo-xunzel-footer.png","width":280,"height":52,"caption":"Xunzel"},"image":{"@id":"https:\/\/www.xunzel.com\/store\/fr\/#\/schema\/logo\/image\/"}}]}},"_links":{"self":[{"href":"https:\/\/www.xunzel.com\/store\/fr\/wp-json\/wp\/v2\/product\/13645","targetHints":{"allow":["GET"]}}],"collection":[{"href":"https:\/\/www.xunzel.com\/store\/fr\/wp-json\/wp\/v2\/product"}],"about":[{"href":"https:\/\/www.xunzel.com\/store\/fr\/wp-json\/wp\/v2\/types\/product"}],"wp:featuredmedia":[{"embeddable":true,"href":"https:\/\/www.xunzel.com\/store\/fr\/wp-json\/wp\/v2\/media\/15217"}],"wp:attachment":[{"href":"https:\/\/www.xunzel.com\/store\/fr\/wp-json\/wp\/v2\/media?parent=13645"}],"wp:term":[{"taxonomy":"product_brand","embeddable":true,"href":"https:\/\/www.xunzel.com\/store\/fr\/wp-json\/wp\/v2\/product_brand?post=13645"},{"taxonomy":"product_cat","embeddable":true,"href":"https:\/\/www.xunzel.com\/store\/fr\/wp-json\/wp\/v2\/product_cat?post=13645"},{"taxonomy":"product_tag","embeddable":true,"href":"https:\/\/www.xunzel.com\/store\/fr\/wp-json\/wp\/v2\/product_tag?post=13645"}],"curies":[{"name":"wp","href":"https:\/\/api.w.org\/{rel}","templated":true}]}}