{"id":13620,"date":"2020-09-24T17:34:37","date_gmt":"2021-05-28T08:06:06","guid":{"rendered":"https:\/\/www.xunzel.com\/store\/?post_type=product&#038;p=13620"},"modified":"2025-03-24T14:09:17","modified_gmt":"2025-03-24T13:09:17","slug":"xj-400w-12v-handy","status":"publish","type":"product","link":"https:\/\/www.xunzel.com\/store\/fr\/producto\/xj-400w-12v-handy\/","title":{"rendered":"XJ -400W-12V-HANDY"},"content":{"rendered":"<p>Onduleur \u00e0 onde sinuso\u00efdale pure de 400W (800W en cr\u00eate) qui convertit la tension de la batterie de 12V en une alimentation \u00e9lectrique de tr\u00e8s haute qualit\u00e9 et fiable de 230V-50Hz. Fournit une \u00e9lectricit\u00e9 d&#8217;excellente qualit\u00e9 en permanence lorsqu&#8217;il n&#8217;y a pas de connexion au r\u00e9seau. Prot\u00e8ge et assure une meilleure performance des \u00e9quipements connect\u00e9s.<\/p>\n<p>Comprend les c\u00e2bles et les connecteurs. Pr\u00eat \u00e0 \u00eatre connect\u00e9 et utilis\u00e9. Conception s\u00fbre. Avec protections incluses.<br \/>\nCon\u00e7u pour \u00eatre utilis\u00e9 dans les conditions les plus exigeantes, qu&#8217;elles soient professionnelles, industrielles ou r\u00e9cr\u00e9atives.<br \/>\nHaute efficacit\u00e9. Tr\u00e8s faible autoconsommation. L\u00e9ger, robuste, s\u00fbr et fiable. Technologie de conversion avanc\u00e9e. Tirez le meilleur parti de votre batterie.<br \/>\nAvec interrupteur ON\/OFF et indicateur d&#8217;\u00e9tat LED.<\/p>\n<p>PLUS: Avec deux entr\u00e9es de commande externes. Une entr\u00e9e pour la commande marche\/arr\u00eat \u00e0 distance (accessoire en option &#8211; code : RCXJ) et avec une entr\u00e9e pour le d\u00e9marrage automatique au d\u00e9marrage du moteur.<\/p>\n<p>RECOMMAND\u00c9 (en option): Compatible avec le commutateur de transfert automatique TSXJ, qui permet de transf\u00e9rer la charge vers une autre source de courant alternatif instantan\u00e9ment avec un temps de commutation minimal, afin que les ordinateurs et autres \u00e9quipements \u00e9lectroniques continuent de fonctionner sans interruption. Id\u00e9al pour acc\u00e9der \u00e0 des endroits o\u00f9 il n&#8217;y a pas de courant.<\/p>\n<p>Capacit\u00e9 minimale recommand\u00e9e de la batterie : <strong><a href=\"https:\/\/www.xunzel.com\/store\/fr\/product\/solarx-78\/\" target=\"_blank\" rel=\"noopener\">78Ah-12V<\/a><\/strong><\/p>\n","protected":false},"excerpt":{"rendered":"<p>Onduleur \u00e0 onde sinuso\u00efdale pure de 400W (800W en cr\u00eate) qui convertit la tension de la batterie de 12V en une alimentation \u00e9lectrique de tr\u00e8s haute qualit\u00e9 et fiable de 230V-50Hz. Avec c\u00e2bles et connecteurs inclus en option. Prot\u00e8ge et assure une meilleure performance des \u00e9quipements connect\u00e9s.<br \/>\nFournit une alimentation \u00e9lectrique permanente de qualit\u00e9. Pr\u00eat \u00e0 \u00eatre connect\u00e9 et utilis\u00e9.<br \/>\nL\u00e9ger, robuste, s\u00fbr et fiable. Haute efficacit\u00e9. Tr\u00e8s faible autoconsommation. Tirez le meilleur parti de votre batterie.<\/p>\n<p><span class=\"shared-files-shortcode-admin-list shared-files-shortcode-admin-list-file shared-files-shortcode-14351\" title=\"[shared_files file_id=14351]\">[shared_files file_id=14351]<\/span><\/p>\n","protected":false},"featured_media":18528,"template":"","meta":{"_acf_changed":false},"product_brand":[],"product_cat":[462],"product_tag":[],"class_list":{"0":"post-13620","1":"product","2":"type-product","3":"status-publish","4":"has-post-thumbnail","6":"product_cat-xj-series-onduleurs","8":"first","9":"instock","10":"taxable","11":"shipping-taxable","12":"purchasable","13":"product-type-simple"},"acf":[],"yoast_head":"<!-- This site is optimized with the Yoast SEO plugin v25.4 - https:\/\/yoast.com\/wordpress\/plugins\/seo\/ -->\n<title>XJ -400W-12V-HANDY &#8211; Xunzel<\/title>\n<meta name=\"robots\" content=\"index, follow, max-snippet:-1, max-image-preview:large, max-video-preview:-1\" \/>\n<link rel=\"canonical\" href=\"https:\/\/www.xunzel.com\/store\/fr\/producto\/xj-400w-12v-handy\/\" \/>\n<meta property=\"og:locale\" content=\"fr_FR\" \/>\n<meta property=\"og:type\" content=\"article\" \/>\n<meta property=\"og:title\" content=\"XJ -400W-12V-HANDY &#8211; Xunzel\" \/>\n<meta property=\"og:description\" content=\"Onduleur \u00e0 onde sinuso\u00efdale pure de 400W (800W en cr\u00eate) qui convertit la tension de la batterie de 12V en une alimentation \u00e9lectrique de tr\u00e8s haute qualit\u00e9 et fiable de 230V-50Hz. Avec c\u00e2bles et connecteurs inclus en option. Prot\u00e8ge et assure une meilleure performance des \u00e9quipements connect\u00e9s. Fournit une alimentation \u00e9lectrique permanente de qualit\u00e9. Pr\u00eat \u00e0 \u00eatre connect\u00e9 et utilis\u00e9. L\u00e9ger, robuste, s\u00fbr et fiable. Haute efficacit\u00e9. Tr\u00e8s faible autoconsommation. Tirez le meilleur parti de votre batterie.\" \/>\n<meta property=\"og:url\" content=\"https:\/\/www.xunzel.com\/store\/fr\/producto\/xj-400w-12v-handy\/\" \/>\n<meta property=\"og:site_name\" content=\"Xunzel\" \/>\n<meta property=\"article:modified_time\" content=\"2025-03-24T13:09:17+00:00\" \/>\n<meta property=\"og:image\" content=\"https:\/\/www.xunzel.com\/store\/wp-content\/uploads\/2023\/12\/XJ-400W_isocable.jpg\" \/>\n\t<meta property=\"og:image:width\" content=\"2500\" \/>\n\t<meta property=\"og:image:height\" content=\"2500\" \/>\n\t<meta property=\"og:image:type\" content=\"image\/jpeg\" \/>\n<meta name=\"twitter:card\" content=\"summary_large_image\" \/>\n<meta name=\"twitter:label1\" content=\"Dur\u00e9e de lecture estim\u00e9e\" \/>\n\t<meta name=\"twitter:data1\" content=\"2 minutes\" \/>\n<script type=\"application\/ld+json\" class=\"yoast-schema-graph\">{\"@context\":\"https:\/\/schema.org\",\"@graph\":[{\"@type\":\"WebPage\",\"@id\":\"https:\/\/www.xunzel.com\/store\/fr\/producto\/xj-400w-12v-handy\/\",\"url\":\"https:\/\/www.xunzel.com\/store\/fr\/producto\/xj-400w-12v-handy\/\",\"name\":\"XJ -400W-12V-HANDY &#8211; Xunzel\",\"isPartOf\":{\"@id\":\"https:\/\/www.xunzel.com\/store\/fr\/#website\"},\"primaryImageOfPage\":{\"@id\":\"https:\/\/www.xunzel.com\/store\/fr\/producto\/xj-400w-12v-handy\/#primaryimage\"},\"image\":{\"@id\":\"https:\/\/www.xunzel.com\/store\/fr\/producto\/xj-400w-12v-handy\/#primaryimage\"},\"thumbnailUrl\":\"https:\/\/www.xunzel.com\/store\/wp-content\/uploads\/2023\/12\/XJ-400W_isocable.jpg\",\"datePublished\":\"2021-05-28T08:06:06+00:00\",\"dateModified\":\"2025-03-24T13:09:17+00:00\",\"breadcrumb\":{\"@id\":\"https:\/\/www.xunzel.com\/store\/fr\/producto\/xj-400w-12v-handy\/#breadcrumb\"},\"inLanguage\":\"fr-FR\",\"potentialAction\":[{\"@type\":\"ReadAction\",\"target\":[\"https:\/\/www.xunzel.com\/store\/fr\/producto\/xj-400w-12v-handy\/\"]}]},{\"@type\":\"ImageObject\",\"inLanguage\":\"fr-FR\",\"@id\":\"https:\/\/www.xunzel.com\/store\/fr\/producto\/xj-400w-12v-handy\/#primaryimage\",\"url\":\"https:\/\/www.xunzel.com\/store\/wp-content\/uploads\/2023\/12\/XJ-400W_isocable.jpg\",\"contentUrl\":\"https:\/\/www.xunzel.com\/store\/wp-content\/uploads\/2023\/12\/XJ-400W_isocable.jpg\",\"width\":2500,\"height\":2500},{\"@type\":\"BreadcrumbList\",\"@id\":\"https:\/\/www.xunzel.com\/store\/fr\/producto\/xj-400w-12v-handy\/#breadcrumb\",\"itemListElement\":[{\"@type\":\"ListItem\",\"position\":1,\"name\":\"Portada\",\"item\":\"https:\/\/www.xunzel.com\/store\/fr\/\"},{\"@type\":\"ListItem\",\"position\":2,\"name\":\"Magasin\",\"item\":\"https:\/\/www.xunzel.com\/store\/tienda\/\"},{\"@type\":\"ListItem\",\"position\":3,\"name\":\"XJ -400W-12V-HANDY\"}]},{\"@type\":\"WebSite\",\"@id\":\"https:\/\/www.xunzel.com\/store\/fr\/#website\",\"url\":\"https:\/\/www.xunzel.com\/store\/fr\/\",\"name\":\"Xunzel\",\"description\":\"Energy in a box - The Electric Revolution\",\"publisher\":{\"@id\":\"https:\/\/www.xunzel.com\/store\/fr\/#organization\"},\"potentialAction\":[{\"@type\":\"SearchAction\",\"target\":{\"@type\":\"EntryPoint\",\"urlTemplate\":\"https:\/\/www.xunzel.com\/store\/fr\/?s={search_term_string}\"},\"query-input\":{\"@type\":\"PropertyValueSpecification\",\"valueRequired\":true,\"valueName\":\"search_term_string\"}}],\"inLanguage\":\"fr-FR\"},{\"@type\":\"Organization\",\"@id\":\"https:\/\/www.xunzel.com\/store\/fr\/#organization\",\"name\":\"Xunzel\",\"url\":\"https:\/\/www.xunzel.com\/store\/fr\/\",\"logo\":{\"@type\":\"ImageObject\",\"inLanguage\":\"fr-FR\",\"@id\":\"https:\/\/www.xunzel.com\/store\/fr\/#\/schema\/logo\/image\/\",\"url\":\"https:\/\/www.xunzel.com\/store\/wp-content\/uploads\/2021\/01\/logo-xunzel-footer.png\",\"contentUrl\":\"https:\/\/www.xunzel.com\/store\/wp-content\/uploads\/2021\/01\/logo-xunzel-footer.png\",\"width\":280,\"height\":52,\"caption\":\"Xunzel\"},\"image\":{\"@id\":\"https:\/\/www.xunzel.com\/store\/fr\/#\/schema\/logo\/image\/\"}}]}<\/script>\n<!-- \/ Yoast SEO plugin. -->","yoast_head_json":{"title":"XJ -400W-12V-HANDY &#8211; Xunzel","robots":{"index":"index","follow":"follow","max-snippet":"max-snippet:-1","max-image-preview":"max-image-preview:large","max-video-preview":"max-video-preview:-1"},"canonical":"https:\/\/www.xunzel.com\/store\/fr\/producto\/xj-400w-12v-handy\/","og_locale":"fr_FR","og_type":"article","og_title":"XJ -400W-12V-HANDY &#8211; Xunzel","og_description":"Onduleur \u00e0 onde sinuso\u00efdale pure de 400W (800W en cr\u00eate) qui convertit la tension de la batterie de 12V en une alimentation \u00e9lectrique de tr\u00e8s haute qualit\u00e9 et fiable de 230V-50Hz. Avec c\u00e2bles et connecteurs inclus en option. Prot\u00e8ge et assure une meilleure performance des \u00e9quipements connect\u00e9s. Fournit une alimentation \u00e9lectrique permanente de qualit\u00e9. Pr\u00eat \u00e0 \u00eatre connect\u00e9 et utilis\u00e9. L\u00e9ger, robuste, s\u00fbr et fiable. Haute efficacit\u00e9. Tr\u00e8s faible autoconsommation. Tirez le meilleur parti de votre batterie.","og_url":"https:\/\/www.xunzel.com\/store\/fr\/producto\/xj-400w-12v-handy\/","og_site_name":"Xunzel","article_modified_time":"2025-03-24T13:09:17+00:00","og_image":[{"width":2500,"height":2500,"url":"https:\/\/www.xunzel.com\/store\/wp-content\/uploads\/2023\/12\/XJ-400W_isocable.jpg","type":"image\/jpeg"}],"twitter_card":"summary_large_image","twitter_misc":{"Dur\u00e9e de lecture estim\u00e9e":"2 minutes"},"schema":{"@context":"https:\/\/schema.org","@graph":[{"@type":"WebPage","@id":"https:\/\/www.xunzel.com\/store\/fr\/producto\/xj-400w-12v-handy\/","url":"https:\/\/www.xunzel.com\/store\/fr\/producto\/xj-400w-12v-handy\/","name":"XJ -400W-12V-HANDY &#8211; Xunzel","isPartOf":{"@id":"https:\/\/www.xunzel.com\/store\/fr\/#website"},"primaryImageOfPage":{"@id":"https:\/\/www.xunzel.com\/store\/fr\/producto\/xj-400w-12v-handy\/#primaryimage"},"image":{"@id":"https:\/\/www.xunzel.com\/store\/fr\/producto\/xj-400w-12v-handy\/#primaryimage"},"thumbnailUrl":"https:\/\/www.xunzel.com\/store\/wp-content\/uploads\/2023\/12\/XJ-400W_isocable.jpg","datePublished":"2021-05-28T08:06:06+00:00","dateModified":"2025-03-24T13:09:17+00:00","breadcrumb":{"@id":"https:\/\/www.xunzel.com\/store\/fr\/producto\/xj-400w-12v-handy\/#breadcrumb"},"inLanguage":"fr-FR","potentialAction":[{"@type":"ReadAction","target":["https:\/\/www.xunzel.com\/store\/fr\/producto\/xj-400w-12v-handy\/"]}]},{"@type":"ImageObject","inLanguage":"fr-FR","@id":"https:\/\/www.xunzel.com\/store\/fr\/producto\/xj-400w-12v-handy\/#primaryimage","url":"https:\/\/www.xunzel.com\/store\/wp-content\/uploads\/2023\/12\/XJ-400W_isocable.jpg","contentUrl":"https:\/\/www.xunzel.com\/store\/wp-content\/uploads\/2023\/12\/XJ-400W_isocable.jpg","width":2500,"height":2500},{"@type":"BreadcrumbList","@id":"https:\/\/www.xunzel.com\/store\/fr\/producto\/xj-400w-12v-handy\/#breadcrumb","itemListElement":[{"@type":"ListItem","position":1,"name":"Portada","item":"https:\/\/www.xunzel.com\/store\/fr\/"},{"@type":"ListItem","position":2,"name":"Magasin","item":"https:\/\/www.xunzel.com\/store\/tienda\/"},{"@type":"ListItem","position":3,"name":"XJ -400W-12V-HANDY"}]},{"@type":"WebSite","@id":"https:\/\/www.xunzel.com\/store\/fr\/#website","url":"https:\/\/www.xunzel.com\/store\/fr\/","name":"Xunzel","description":"Energy in a box - The Electric Revolution","publisher":{"@id":"https:\/\/www.xunzel.com\/store\/fr\/#organization"},"potentialAction":[{"@type":"SearchAction","target":{"@type":"EntryPoint","urlTemplate":"https:\/\/www.xunzel.com\/store\/fr\/?s={search_term_string}"},"query-input":{"@type":"PropertyValueSpecification","valueRequired":true,"valueName":"search_term_string"}}],"inLanguage":"fr-FR"},{"@type":"Organization","@id":"https:\/\/www.xunzel.com\/store\/fr\/#organization","name":"Xunzel","url":"https:\/\/www.xunzel.com\/store\/fr\/","logo":{"@type":"ImageObject","inLanguage":"fr-FR","@id":"https:\/\/www.xunzel.com\/store\/fr\/#\/schema\/logo\/image\/","url":"https:\/\/www.xunzel.com\/store\/wp-content\/uploads\/2021\/01\/logo-xunzel-footer.png","contentUrl":"https:\/\/www.xunzel.com\/store\/wp-content\/uploads\/2021\/01\/logo-xunzel-footer.png","width":280,"height":52,"caption":"Xunzel"},"image":{"@id":"https:\/\/www.xunzel.com\/store\/fr\/#\/schema\/logo\/image\/"}}]}},"_links":{"self":[{"href":"https:\/\/www.xunzel.com\/store\/fr\/wp-json\/wp\/v2\/product\/13620","targetHints":{"allow":["GET"]}}],"collection":[{"href":"https:\/\/www.xunzel.com\/store\/fr\/wp-json\/wp\/v2\/product"}],"about":[{"href":"https:\/\/www.xunzel.com\/store\/fr\/wp-json\/wp\/v2\/types\/product"}],"wp:featuredmedia":[{"embeddable":true,"href":"https:\/\/www.xunzel.com\/store\/fr\/wp-json\/wp\/v2\/media\/18528"}],"wp:attachment":[{"href":"https:\/\/www.xunzel.com\/store\/fr\/wp-json\/wp\/v2\/media?parent=13620"}],"wp:term":[{"taxonomy":"product_brand","embeddable":true,"href":"https:\/\/www.xunzel.com\/store\/fr\/wp-json\/wp\/v2\/product_brand?post=13620"},{"taxonomy":"product_cat","embeddable":true,"href":"https:\/\/www.xunzel.com\/store\/fr\/wp-json\/wp\/v2\/product_cat?post=13620"},{"taxonomy":"product_tag","embeddable":true,"href":"https:\/\/www.xunzel.com\/store\/fr\/wp-json\/wp\/v2\/product_tag?post=13620"}],"curies":[{"name":"wp","href":"https:\/\/api.w.org\/{rel}","templated":true}]}}