{"id":13454,"date":"2020-09-24T16:07:15","date_gmt":"2021-05-28T08:08:18","guid":{"rendered":"https:\/\/www.xunzel.com\/store\/?post_type=product&#038;p=13454"},"modified":"2025-03-24T16:16:14","modified_gmt":"2025-03-24T15:16:14","slug":"solarx-pro-589b12","status":"publish","type":"product","link":"https:\/\/www.xunzel.com\/store\/fr\/producto\/solarx-pro-589b12\/","title":{"rendered":"SOLARX-PRO 589B12"},"content":{"rendered":"<p>SOLARX-PRO-589B12. Banc de batterie solaire 24V complet, avec c\u00e2bles et bornes inclus.<br \/>\nSOLARX-PRO est la solution id\u00e9ale pour les \u00e9nergies renouvelables et les syst\u00e8mes de secours (UPS), tant industriels que domestiques.<br \/>\nConception robuste, batterie en alliage de plomb r\u00e9sistant \u00e0 la corrosion avec plaques positives tubulaires, sp\u00e9cialement con\u00e7ue pour r\u00e9sister aux cycles profonds.<br \/>\nGrande durabilit\u00e9 et longue dur\u00e9e de vie (IEC\/EN 61427). Des performances exceptionnelles, m\u00eame dans des conditions extr\u00eames. Convient pour une installation horizontale.<br \/>\nScell\u00e9, 100% s\u00fbr, sans entretien et avec une tr\u00e8s faible autod\u00e9charge.<br \/>\nLarge plage de temp\u00e9ratures de fonctionnement: De -20\u00b0C \u00e0 45\u00b0C (recommand\u00e9: 10\u00b0C \u00e0 30\u00b0C).<br \/>\nHaute capacit\u00e9: 14kWh-589Ah-24V (C120) &#8211; 12kWh-506Ah-24V (C20)<br \/>\nPoids du banc de batteries: 376.8kg<br \/>\nDimensions de chaque cellule (2V): 126x208x535 mm<br \/>\nDIN40742\/DIN40744: 5 OPzV 350.<\/p>\n","protected":false},"excerpt":{"rendered":"<p>Banc de batterie solaire complet 14KWh \u2013 589Ah \u2013 24V, avec c\u00e2bles et bornes inclus. SOLARX-PRO est la solution id\u00e9ale pour les \u00e9nergies renouvelables et les syst\u00e8mes de secours (UPS), tant industriels que domestiques.<br \/>\nSp\u00e9cialement con\u00e7u pour les cycles profonds. Grande durabilit\u00e9 et longue dur\u00e9e de vie (IEC\/EN 61427). Des performances exceptionnelles, m\u00eame dans des conditions extr\u00eames. Convient pour une installation horizontale.<br \/>\nScell\u00e9, 100% s\u00fbr, sans entretien et avec une tr\u00e8s faible autod\u00e9charge.<\/p>\n<p><span class=\"shared-files-shortcode-admin-list shared-files-shortcode-admin-list-file shared-files-shortcode-16693\" title=\"[shared_files file_id=16693]\"><span class=\"shared-files-shortcode-admin-list shared-files-shortcode-admin-list-file shared-files-shortcode-17957\" title=\"[shared_files file_id=17957]\">[shared_files file_id=17957]<\/span><\/span><\/p>\n","protected":false},"featured_media":16586,"template":"","meta":{"_acf_changed":false},"product_brand":[],"product_cat":[451],"product_tag":[],"class_list":{"0":"post-13454","1":"product","2":"type-product","3":"status-publish","4":"has-post-thumbnail","6":"product_cat-solarx-pro-series","8":"first","9":"instock","10":"taxable","11":"shipping-taxable","12":"purchasable","13":"product-type-simple"},"acf":[],"yoast_head":"<!-- This site is optimized with the Yoast SEO plugin v25.4 - https:\/\/yoast.com\/wordpress\/plugins\/seo\/ -->\n<title>SOLARX-PRO 589B12 &#8211; Xunzel<\/title>\n<meta name=\"robots\" content=\"index, follow, max-snippet:-1, max-image-preview:large, max-video-preview:-1\" \/>\n<link rel=\"canonical\" href=\"https:\/\/www.xunzel.com\/store\/fr\/producto\/solarx-pro-589b12\/\" \/>\n<meta property=\"og:locale\" content=\"fr_FR\" \/>\n<meta property=\"og:type\" content=\"article\" \/>\n<meta property=\"og:title\" content=\"SOLARX-PRO 589B12 &#8211; Xunzel\" \/>\n<meta property=\"og:description\" content=\"Banc de batterie solaire complet 14KWh \u2013 589Ah \u2013 24V, avec c\u00e2bles et bornes inclus. SOLARX-PRO est la solution id\u00e9ale pour les \u00e9nergies renouvelables et les syst\u00e8mes de secours (UPS), tant industriels que domestiques. Sp\u00e9cialement con\u00e7u pour les cycles profonds. Grande durabilit\u00e9 et longue dur\u00e9e de vie (IEC\/EN 61427). Des performances exceptionnelles, m\u00eame dans des conditions extr\u00eames. Convient pour une installation horizontale. Scell\u00e9, 100% s\u00fbr, sans entretien et avec une tr\u00e8s faible autod\u00e9charge.\" \/>\n<meta property=\"og:url\" content=\"https:\/\/www.xunzel.com\/store\/fr\/producto\/solarx-pro-589b12\/\" \/>\n<meta property=\"og:site_name\" content=\"Xunzel\" \/>\n<meta property=\"article:modified_time\" content=\"2025-03-24T15:16:14+00:00\" \/>\n<meta property=\"og:image\" content=\"https:\/\/www.xunzel.com\/store\/wp-content\/uploads\/2023\/05\/SOLARX-PRO_589B12_w-scaled.jpg\" \/>\n\t<meta property=\"og:image:width\" content=\"2560\" \/>\n\t<meta property=\"og:image:height\" content=\"2560\" \/>\n\t<meta property=\"og:image:type\" content=\"image\/jpeg\" \/>\n<meta name=\"twitter:card\" content=\"summary_large_image\" \/>\n<meta name=\"twitter:label1\" content=\"Dur\u00e9e de lecture estim\u00e9e\" \/>\n\t<meta name=\"twitter:data1\" content=\"1 minute\" \/>\n<script type=\"application\/ld+json\" class=\"yoast-schema-graph\">{\"@context\":\"https:\/\/schema.org\",\"@graph\":[{\"@type\":\"WebPage\",\"@id\":\"https:\/\/www.xunzel.com\/store\/fr\/producto\/solarx-pro-589b12\/\",\"url\":\"https:\/\/www.xunzel.com\/store\/fr\/producto\/solarx-pro-589b12\/\",\"name\":\"SOLARX-PRO 589B12 &#8211; Xunzel\",\"isPartOf\":{\"@id\":\"https:\/\/www.xunzel.com\/store\/fr\/#website\"},\"primaryImageOfPage\":{\"@id\":\"https:\/\/www.xunzel.com\/store\/fr\/producto\/solarx-pro-589b12\/#primaryimage\"},\"image\":{\"@id\":\"https:\/\/www.xunzel.com\/store\/fr\/producto\/solarx-pro-589b12\/#primaryimage\"},\"thumbnailUrl\":\"https:\/\/www.xunzel.com\/store\/wp-content\/uploads\/2023\/05\/SOLARX-PRO_589B12_w-scaled.jpg\",\"datePublished\":\"2021-05-28T08:08:18+00:00\",\"dateModified\":\"2025-03-24T15:16:14+00:00\",\"breadcrumb\":{\"@id\":\"https:\/\/www.xunzel.com\/store\/fr\/producto\/solarx-pro-589b12\/#breadcrumb\"},\"inLanguage\":\"fr-FR\",\"potentialAction\":[{\"@type\":\"ReadAction\",\"target\":[\"https:\/\/www.xunzel.com\/store\/fr\/producto\/solarx-pro-589b12\/\"]}]},{\"@type\":\"ImageObject\",\"inLanguage\":\"fr-FR\",\"@id\":\"https:\/\/www.xunzel.com\/store\/fr\/producto\/solarx-pro-589b12\/#primaryimage\",\"url\":\"https:\/\/www.xunzel.com\/store\/wp-content\/uploads\/2023\/05\/SOLARX-PRO_589B12_w-scaled.jpg\",\"contentUrl\":\"https:\/\/www.xunzel.com\/store\/wp-content\/uploads\/2023\/05\/SOLARX-PRO_589B12_w-scaled.jpg\",\"width\":2560,\"height\":2560},{\"@type\":\"BreadcrumbList\",\"@id\":\"https:\/\/www.xunzel.com\/store\/fr\/producto\/solarx-pro-589b12\/#breadcrumb\",\"itemListElement\":[{\"@type\":\"ListItem\",\"position\":1,\"name\":\"Portada\",\"item\":\"https:\/\/www.xunzel.com\/store\/fr\/\"},{\"@type\":\"ListItem\",\"position\":2,\"name\":\"Magasin\",\"item\":\"https:\/\/www.xunzel.com\/store\/tienda\/\"},{\"@type\":\"ListItem\",\"position\":3,\"name\":\"SOLARX-PRO 589B12\"}]},{\"@type\":\"WebSite\",\"@id\":\"https:\/\/www.xunzel.com\/store\/fr\/#website\",\"url\":\"https:\/\/www.xunzel.com\/store\/fr\/\",\"name\":\"Xunzel\",\"description\":\"Energy in a box - The Electric Revolution\",\"publisher\":{\"@id\":\"https:\/\/www.xunzel.com\/store\/fr\/#organization\"},\"potentialAction\":[{\"@type\":\"SearchAction\",\"target\":{\"@type\":\"EntryPoint\",\"urlTemplate\":\"https:\/\/www.xunzel.com\/store\/fr\/?s={search_term_string}\"},\"query-input\":{\"@type\":\"PropertyValueSpecification\",\"valueRequired\":true,\"valueName\":\"search_term_string\"}}],\"inLanguage\":\"fr-FR\"},{\"@type\":\"Organization\",\"@id\":\"https:\/\/www.xunzel.com\/store\/fr\/#organization\",\"name\":\"Xunzel\",\"url\":\"https:\/\/www.xunzel.com\/store\/fr\/\",\"logo\":{\"@type\":\"ImageObject\",\"inLanguage\":\"fr-FR\",\"@id\":\"https:\/\/www.xunzel.com\/store\/fr\/#\/schema\/logo\/image\/\",\"url\":\"https:\/\/www.xunzel.com\/store\/wp-content\/uploads\/2021\/01\/logo-xunzel-footer.png\",\"contentUrl\":\"https:\/\/www.xunzel.com\/store\/wp-content\/uploads\/2021\/01\/logo-xunzel-footer.png\",\"width\":280,\"height\":52,\"caption\":\"Xunzel\"},\"image\":{\"@id\":\"https:\/\/www.xunzel.com\/store\/fr\/#\/schema\/logo\/image\/\"}}]}<\/script>\n<!-- \/ Yoast SEO plugin. -->","yoast_head_json":{"title":"SOLARX-PRO 589B12 &#8211; Xunzel","robots":{"index":"index","follow":"follow","max-snippet":"max-snippet:-1","max-image-preview":"max-image-preview:large","max-video-preview":"max-video-preview:-1"},"canonical":"https:\/\/www.xunzel.com\/store\/fr\/producto\/solarx-pro-589b12\/","og_locale":"fr_FR","og_type":"article","og_title":"SOLARX-PRO 589B12 &#8211; Xunzel","og_description":"Banc de batterie solaire complet 14KWh \u2013 589Ah \u2013 24V, avec c\u00e2bles et bornes inclus. SOLARX-PRO est la solution id\u00e9ale pour les \u00e9nergies renouvelables et les syst\u00e8mes de secours (UPS), tant industriels que domestiques. Sp\u00e9cialement con\u00e7u pour les cycles profonds. Grande durabilit\u00e9 et longue dur\u00e9e de vie (IEC\/EN 61427). Des performances exceptionnelles, m\u00eame dans des conditions extr\u00eames. Convient pour une installation horizontale. Scell\u00e9, 100% s\u00fbr, sans entretien et avec une tr\u00e8s faible autod\u00e9charge.","og_url":"https:\/\/www.xunzel.com\/store\/fr\/producto\/solarx-pro-589b12\/","og_site_name":"Xunzel","article_modified_time":"2025-03-24T15:16:14+00:00","og_image":[{"width":2560,"height":2560,"url":"https:\/\/www.xunzel.com\/store\/wp-content\/uploads\/2023\/05\/SOLARX-PRO_589B12_w-scaled.jpg","type":"image\/jpeg"}],"twitter_card":"summary_large_image","twitter_misc":{"Dur\u00e9e de lecture estim\u00e9e":"1 minute"},"schema":{"@context":"https:\/\/schema.org","@graph":[{"@type":"WebPage","@id":"https:\/\/www.xunzel.com\/store\/fr\/producto\/solarx-pro-589b12\/","url":"https:\/\/www.xunzel.com\/store\/fr\/producto\/solarx-pro-589b12\/","name":"SOLARX-PRO 589B12 &#8211; Xunzel","isPartOf":{"@id":"https:\/\/www.xunzel.com\/store\/fr\/#website"},"primaryImageOfPage":{"@id":"https:\/\/www.xunzel.com\/store\/fr\/producto\/solarx-pro-589b12\/#primaryimage"},"image":{"@id":"https:\/\/www.xunzel.com\/store\/fr\/producto\/solarx-pro-589b12\/#primaryimage"},"thumbnailUrl":"https:\/\/www.xunzel.com\/store\/wp-content\/uploads\/2023\/05\/SOLARX-PRO_589B12_w-scaled.jpg","datePublished":"2021-05-28T08:08:18+00:00","dateModified":"2025-03-24T15:16:14+00:00","breadcrumb":{"@id":"https:\/\/www.xunzel.com\/store\/fr\/producto\/solarx-pro-589b12\/#breadcrumb"},"inLanguage":"fr-FR","potentialAction":[{"@type":"ReadAction","target":["https:\/\/www.xunzel.com\/store\/fr\/producto\/solarx-pro-589b12\/"]}]},{"@type":"ImageObject","inLanguage":"fr-FR","@id":"https:\/\/www.xunzel.com\/store\/fr\/producto\/solarx-pro-589b12\/#primaryimage","url":"https:\/\/www.xunzel.com\/store\/wp-content\/uploads\/2023\/05\/SOLARX-PRO_589B12_w-scaled.jpg","contentUrl":"https:\/\/www.xunzel.com\/store\/wp-content\/uploads\/2023\/05\/SOLARX-PRO_589B12_w-scaled.jpg","width":2560,"height":2560},{"@type":"BreadcrumbList","@id":"https:\/\/www.xunzel.com\/store\/fr\/producto\/solarx-pro-589b12\/#breadcrumb","itemListElement":[{"@type":"ListItem","position":1,"name":"Portada","item":"https:\/\/www.xunzel.com\/store\/fr\/"},{"@type":"ListItem","position":2,"name":"Magasin","item":"https:\/\/www.xunzel.com\/store\/tienda\/"},{"@type":"ListItem","position":3,"name":"SOLARX-PRO 589B12"}]},{"@type":"WebSite","@id":"https:\/\/www.xunzel.com\/store\/fr\/#website","url":"https:\/\/www.xunzel.com\/store\/fr\/","name":"Xunzel","description":"Energy in a box - The Electric Revolution","publisher":{"@id":"https:\/\/www.xunzel.com\/store\/fr\/#organization"},"potentialAction":[{"@type":"SearchAction","target":{"@type":"EntryPoint","urlTemplate":"https:\/\/www.xunzel.com\/store\/fr\/?s={search_term_string}"},"query-input":{"@type":"PropertyValueSpecification","valueRequired":true,"valueName":"search_term_string"}}],"inLanguage":"fr-FR"},{"@type":"Organization","@id":"https:\/\/www.xunzel.com\/store\/fr\/#organization","name":"Xunzel","url":"https:\/\/www.xunzel.com\/store\/fr\/","logo":{"@type":"ImageObject","inLanguage":"fr-FR","@id":"https:\/\/www.xunzel.com\/store\/fr\/#\/schema\/logo\/image\/","url":"https:\/\/www.xunzel.com\/store\/wp-content\/uploads\/2021\/01\/logo-xunzel-footer.png","contentUrl":"https:\/\/www.xunzel.com\/store\/wp-content\/uploads\/2021\/01\/logo-xunzel-footer.png","width":280,"height":52,"caption":"Xunzel"},"image":{"@id":"https:\/\/www.xunzel.com\/store\/fr\/#\/schema\/logo\/image\/"}}]}},"_links":{"self":[{"href":"https:\/\/www.xunzel.com\/store\/fr\/wp-json\/wp\/v2\/product\/13454","targetHints":{"allow":["GET"]}}],"collection":[{"href":"https:\/\/www.xunzel.com\/store\/fr\/wp-json\/wp\/v2\/product"}],"about":[{"href":"https:\/\/www.xunzel.com\/store\/fr\/wp-json\/wp\/v2\/types\/product"}],"wp:featuredmedia":[{"embeddable":true,"href":"https:\/\/www.xunzel.com\/store\/fr\/wp-json\/wp\/v2\/media\/16586"}],"wp:attachment":[{"href":"https:\/\/www.xunzel.com\/store\/fr\/wp-json\/wp\/v2\/media?parent=13454"}],"wp:term":[{"taxonomy":"product_brand","embeddable":true,"href":"https:\/\/www.xunzel.com\/store\/fr\/wp-json\/wp\/v2\/product_brand?post=13454"},{"taxonomy":"product_cat","embeddable":true,"href":"https:\/\/www.xunzel.com\/store\/fr\/wp-json\/wp\/v2\/product_cat?post=13454"},{"taxonomy":"product_tag","embeddable":true,"href":"https:\/\/www.xunzel.com\/store\/fr\/wp-json\/wp\/v2\/product_tag?post=13454"}],"curies":[{"name":"wp","href":"https:\/\/api.w.org\/{rel}","templated":true}]}}