{"id":13443,"date":"2020-09-24T15:50:38","date_gmt":"2021-05-28T08:09:25","guid":{"rendered":"https:\/\/www.xunzel.com\/store\/?post_type=product&#038;p=13443"},"modified":"2025-12-16T12:21:59","modified_gmt":"2025-12-16T11:21:59","slug":"solarx-lithium-240-24","status":"publish","type":"product","link":"https:\/\/www.xunzel.com\/store\/fr\/producto\/solarx-lithium-240-24\/","title":{"rendered":"SOLARX-Lithium -240-24"},"content":{"rendered":"<p>Batteries au lithium rechargeables s\u00fbres (LiFePO4) avec BMS int\u00e9gr\u00e9 de pointe, sp\u00e9cialement con\u00e7ues et fabriqu\u00e9es pour les syst\u00e8mes PV solaires hors r\u00e9seau, les mini-\u00e9oliennes et les syst\u00e8mes de secours (UPS).<br \/>\nSp\u00e9cialement con\u00e7ue pour une charge optimale et rapide dans les syst\u00e8mes solaires hors r\u00e9seau et pour remplacer directement les batteries traditionnelles scell\u00e9es AGM\/GEL.<\/p>\n<p>Performance sup\u00e9rieure:<\/p>\n<ul>\n<li>Plus d&#8217;\u00e9nergie: 2400Wh<\/li>\n<li>Efficacit\u00e9 de 99%.<\/li>\n<li>Plus rapide et plus puissant. Capacit\u00e9 de d\u00e9charge \u00e9lev\u00e9e: jusqu&#8217;\u00e0 100A<\/li>\n<li>Cycles et dur\u00e9e de vie plus longs: &gt; 2000 cycles (1C &#8211; 100%DoD) et &gt; 8000 cycles (1C &#8211; 30%DoD)<\/li>\n<li>Plage de temp\u00e9ratures de fonctionnement plus \u00e9tendue: (-30\u00b0 \u00e0 60\u00b0C)<\/li>\n<li>Autod\u00e9charge tr\u00e8s faible: &lt;2% en 30 jours<\/li>\n<li>Poids tr\u00e8s l\u00e9ger: 20,30 kg<\/li>\n<\/ul>\n<p>S\u00e9curit\u00e9 sup\u00e9rieure:<\/p>\n<ul>\n<li>Pas d&#8217;entretien<\/li>\n<li>Scell\u00e9. IP56. Enceinte s\u00e9curis\u00e9e. Classement au feu: UL-94-V0<\/li>\n<li>Multiposition<\/li>\n<li>BMS- Syst\u00e8me de gestion de la batterie int\u00e9gr\u00e9<\/li>\n<li>Protections int\u00e9gr\u00e9es<\/li>\n<li>Respect de l&#8217;environnement<\/li>\n<\/ul>\n<p>Type de terminal: M8<\/p>\n","protected":false},"excerpt":{"rendered":"<p>Haute capacit\u00e9 2400Wh-25.6V et efficacit\u00e9 de 99%. Sp\u00e9cialement con\u00e7u pour les cycles profonds.<br \/>\nBatterie rechargeable au lithium sp\u00e9cialement con\u00e7ue pour les syst\u00e8mes photovolta\u00efques hors r\u00e9seau, les mini-\u00e9oliennes et les syst\u00e8mes de secours (UPS) avec BMS int\u00e9gr\u00e9.<br \/>\nPermet une installation en parall\u00e8le et en s\u00e9rie pour augmenter la capacit\u00e9 et la tension.<br \/>\nTechnologie totalement s\u00fbre, aucun risque. Scell\u00e9 (IP56), sans entretien et avec une tr\u00e8s faible autod\u00e9charge. Multiposition. Tr\u00e8s l\u00e9ger.<br \/>\nLongue dur\u00e9e de vie. Plus de 8000 cycles de vie utile.<br \/>\nCertifi\u00e9 pour tout type de transport (a\u00e9rien, terrestre et maritime).<\/p>\n<p><span class=\"shared-files-shortcode-admin-list shared-files-shortcode-admin-list-file shared-files-shortcode-14089\" title=\"[shared_files file_id=14089]\">[shared_files file_id=14086]<\/span><\/p>\n","protected":false},"featured_media":13446,"template":"","meta":{"_acf_changed":false},"product_brand":[],"product_cat":[452],"product_tag":[],"class_list":{"0":"post-13443","1":"product","2":"type-product","3":"status-publish","4":"has-post-thumbnail","6":"product_cat-solarx-lithium-series","8":"first","9":"instock","10":"taxable","11":"shipping-taxable","12":"purchasable","13":"product-type-simple"},"acf":[],"yoast_head":"<!-- This site is optimized with the Yoast SEO plugin v25.4 - https:\/\/yoast.com\/wordpress\/plugins\/seo\/ -->\n<title>SOLARX-Lithium -240-24 &#8211; Xunzel<\/title>\n<meta name=\"robots\" content=\"index, follow, max-snippet:-1, max-image-preview:large, max-video-preview:-1\" \/>\n<link rel=\"canonical\" href=\"https:\/\/www.xunzel.com\/store\/fr\/producto\/solarx-lithium-240-24\/\" \/>\n<meta property=\"og:locale\" content=\"fr_FR\" \/>\n<meta property=\"og:type\" content=\"article\" \/>\n<meta property=\"og:title\" content=\"SOLARX-Lithium -240-24 &#8211; Xunzel\" \/>\n<meta property=\"og:description\" content=\"Haute capacit\u00e9 2400Wh-25.6V et efficacit\u00e9 de 99%. Sp\u00e9cialement con\u00e7u pour les cycles profonds. Batterie rechargeable au lithium sp\u00e9cialement con\u00e7ue pour les syst\u00e8mes photovolta\u00efques hors r\u00e9seau, les mini-\u00e9oliennes et les syst\u00e8mes de secours (UPS) avec BMS int\u00e9gr\u00e9. Permet une installation en parall\u00e8le et en s\u00e9rie pour augmenter la capacit\u00e9 et la tension. Technologie totalement s\u00fbre, aucun risque. Scell\u00e9 (IP56), sans entretien et avec une tr\u00e8s faible autod\u00e9charge. Multiposition. Tr\u00e8s l\u00e9ger. Longue dur\u00e9e de vie. Plus de 8000 cycles de vie utile. Certifi\u00e9 pour tout type de transport (a\u00e9rien, terrestre et maritime).\" \/>\n<meta property=\"og:url\" content=\"https:\/\/www.xunzel.com\/store\/fr\/producto\/solarx-lithium-240-24\/\" \/>\n<meta property=\"og:site_name\" content=\"Xunzel\" \/>\n<meta property=\"article:modified_time\" content=\"2025-12-16T11:21:59+00:00\" \/>\n<meta property=\"og:image\" content=\"https:\/\/www.xunzel.com\/store\/wp-content\/uploads\/2020\/09\/1-SOLARX-Lithium-240-24.jpg\" \/>\n\t<meta property=\"og:image:width\" content=\"1100\" \/>\n\t<meta property=\"og:image:height\" content=\"1110\" \/>\n\t<meta property=\"og:image:type\" content=\"image\/jpeg\" \/>\n<meta name=\"twitter:card\" content=\"summary_large_image\" \/>\n<meta name=\"twitter:label1\" content=\"Dur\u00e9e de lecture estim\u00e9e\" \/>\n\t<meta name=\"twitter:data1\" content=\"1 minute\" \/>\n<script type=\"application\/ld+json\" class=\"yoast-schema-graph\">{\"@context\":\"https:\/\/schema.org\",\"@graph\":[{\"@type\":\"WebPage\",\"@id\":\"https:\/\/www.xunzel.com\/store\/fr\/producto\/solarx-lithium-240-24\/\",\"url\":\"https:\/\/www.xunzel.com\/store\/fr\/producto\/solarx-lithium-240-24\/\",\"name\":\"SOLARX-Lithium -240-24 &#8211; Xunzel\",\"isPartOf\":{\"@id\":\"https:\/\/www.xunzel.com\/store\/fr\/#website\"},\"primaryImageOfPage\":{\"@id\":\"https:\/\/www.xunzel.com\/store\/fr\/producto\/solarx-lithium-240-24\/#primaryimage\"},\"image\":{\"@id\":\"https:\/\/www.xunzel.com\/store\/fr\/producto\/solarx-lithium-240-24\/#primaryimage\"},\"thumbnailUrl\":\"https:\/\/www.xunzel.com\/store\/wp-content\/uploads\/2020\/09\/1-SOLARX-Lithium-240-24.jpg\",\"datePublished\":\"2021-05-28T08:09:25+00:00\",\"dateModified\":\"2025-12-16T11:21:59+00:00\",\"breadcrumb\":{\"@id\":\"https:\/\/www.xunzel.com\/store\/fr\/producto\/solarx-lithium-240-24\/#breadcrumb\"},\"inLanguage\":\"fr-FR\",\"potentialAction\":[{\"@type\":\"ReadAction\",\"target\":[\"https:\/\/www.xunzel.com\/store\/fr\/producto\/solarx-lithium-240-24\/\"]}]},{\"@type\":\"ImageObject\",\"inLanguage\":\"fr-FR\",\"@id\":\"https:\/\/www.xunzel.com\/store\/fr\/producto\/solarx-lithium-240-24\/#primaryimage\",\"url\":\"https:\/\/www.xunzel.com\/store\/wp-content\/uploads\/2020\/09\/1-SOLARX-Lithium-240-24.jpg\",\"contentUrl\":\"https:\/\/www.xunzel.com\/store\/wp-content\/uploads\/2020\/09\/1-SOLARX-Lithium-240-24.jpg\",\"width\":1100,\"height\":1110},{\"@type\":\"BreadcrumbList\",\"@id\":\"https:\/\/www.xunzel.com\/store\/fr\/producto\/solarx-lithium-240-24\/#breadcrumb\",\"itemListElement\":[{\"@type\":\"ListItem\",\"position\":1,\"name\":\"Portada\",\"item\":\"https:\/\/www.xunzel.com\/store\/fr\/\"},{\"@type\":\"ListItem\",\"position\":2,\"name\":\"Magasin\",\"item\":\"https:\/\/www.xunzel.com\/store\/tienda\/\"},{\"@type\":\"ListItem\",\"position\":3,\"name\":\"SOLARX-Lithium -240-24\"}]},{\"@type\":\"WebSite\",\"@id\":\"https:\/\/www.xunzel.com\/store\/fr\/#website\",\"url\":\"https:\/\/www.xunzel.com\/store\/fr\/\",\"name\":\"Xunzel\",\"description\":\"Energy in a box - The Electric Revolution\",\"publisher\":{\"@id\":\"https:\/\/www.xunzel.com\/store\/fr\/#organization\"},\"potentialAction\":[{\"@type\":\"SearchAction\",\"target\":{\"@type\":\"EntryPoint\",\"urlTemplate\":\"https:\/\/www.xunzel.com\/store\/fr\/?s={search_term_string}\"},\"query-input\":{\"@type\":\"PropertyValueSpecification\",\"valueRequired\":true,\"valueName\":\"search_term_string\"}}],\"inLanguage\":\"fr-FR\"},{\"@type\":\"Organization\",\"@id\":\"https:\/\/www.xunzel.com\/store\/fr\/#organization\",\"name\":\"Xunzel\",\"url\":\"https:\/\/www.xunzel.com\/store\/fr\/\",\"logo\":{\"@type\":\"ImageObject\",\"inLanguage\":\"fr-FR\",\"@id\":\"https:\/\/www.xunzel.com\/store\/fr\/#\/schema\/logo\/image\/\",\"url\":\"https:\/\/www.xunzel.com\/store\/wp-content\/uploads\/2021\/01\/logo-xunzel-footer.png\",\"contentUrl\":\"https:\/\/www.xunzel.com\/store\/wp-content\/uploads\/2021\/01\/logo-xunzel-footer.png\",\"width\":280,\"height\":52,\"caption\":\"Xunzel\"},\"image\":{\"@id\":\"https:\/\/www.xunzel.com\/store\/fr\/#\/schema\/logo\/image\/\"}}]}<\/script>\n<!-- \/ Yoast SEO plugin. -->","yoast_head_json":{"title":"SOLARX-Lithium -240-24 &#8211; Xunzel","robots":{"index":"index","follow":"follow","max-snippet":"max-snippet:-1","max-image-preview":"max-image-preview:large","max-video-preview":"max-video-preview:-1"},"canonical":"https:\/\/www.xunzel.com\/store\/fr\/producto\/solarx-lithium-240-24\/","og_locale":"fr_FR","og_type":"article","og_title":"SOLARX-Lithium -240-24 &#8211; Xunzel","og_description":"Haute capacit\u00e9 2400Wh-25.6V et efficacit\u00e9 de 99%. Sp\u00e9cialement con\u00e7u pour les cycles profonds. Batterie rechargeable au lithium sp\u00e9cialement con\u00e7ue pour les syst\u00e8mes photovolta\u00efques hors r\u00e9seau, les mini-\u00e9oliennes et les syst\u00e8mes de secours (UPS) avec BMS int\u00e9gr\u00e9. Permet une installation en parall\u00e8le et en s\u00e9rie pour augmenter la capacit\u00e9 et la tension. Technologie totalement s\u00fbre, aucun risque. Scell\u00e9 (IP56), sans entretien et avec une tr\u00e8s faible autod\u00e9charge. Multiposition. Tr\u00e8s l\u00e9ger. Longue dur\u00e9e de vie. Plus de 8000 cycles de vie utile. Certifi\u00e9 pour tout type de transport (a\u00e9rien, terrestre et maritime).","og_url":"https:\/\/www.xunzel.com\/store\/fr\/producto\/solarx-lithium-240-24\/","og_site_name":"Xunzel","article_modified_time":"2025-12-16T11:21:59+00:00","og_image":[{"width":1100,"height":1110,"url":"https:\/\/www.xunzel.com\/store\/wp-content\/uploads\/2020\/09\/1-SOLARX-Lithium-240-24.jpg","type":"image\/jpeg"}],"twitter_card":"summary_large_image","twitter_misc":{"Dur\u00e9e de lecture estim\u00e9e":"1 minute"},"schema":{"@context":"https:\/\/schema.org","@graph":[{"@type":"WebPage","@id":"https:\/\/www.xunzel.com\/store\/fr\/producto\/solarx-lithium-240-24\/","url":"https:\/\/www.xunzel.com\/store\/fr\/producto\/solarx-lithium-240-24\/","name":"SOLARX-Lithium -240-24 &#8211; Xunzel","isPartOf":{"@id":"https:\/\/www.xunzel.com\/store\/fr\/#website"},"primaryImageOfPage":{"@id":"https:\/\/www.xunzel.com\/store\/fr\/producto\/solarx-lithium-240-24\/#primaryimage"},"image":{"@id":"https:\/\/www.xunzel.com\/store\/fr\/producto\/solarx-lithium-240-24\/#primaryimage"},"thumbnailUrl":"https:\/\/www.xunzel.com\/store\/wp-content\/uploads\/2020\/09\/1-SOLARX-Lithium-240-24.jpg","datePublished":"2021-05-28T08:09:25+00:00","dateModified":"2025-12-16T11:21:59+00:00","breadcrumb":{"@id":"https:\/\/www.xunzel.com\/store\/fr\/producto\/solarx-lithium-240-24\/#breadcrumb"},"inLanguage":"fr-FR","potentialAction":[{"@type":"ReadAction","target":["https:\/\/www.xunzel.com\/store\/fr\/producto\/solarx-lithium-240-24\/"]}]},{"@type":"ImageObject","inLanguage":"fr-FR","@id":"https:\/\/www.xunzel.com\/store\/fr\/producto\/solarx-lithium-240-24\/#primaryimage","url":"https:\/\/www.xunzel.com\/store\/wp-content\/uploads\/2020\/09\/1-SOLARX-Lithium-240-24.jpg","contentUrl":"https:\/\/www.xunzel.com\/store\/wp-content\/uploads\/2020\/09\/1-SOLARX-Lithium-240-24.jpg","width":1100,"height":1110},{"@type":"BreadcrumbList","@id":"https:\/\/www.xunzel.com\/store\/fr\/producto\/solarx-lithium-240-24\/#breadcrumb","itemListElement":[{"@type":"ListItem","position":1,"name":"Portada","item":"https:\/\/www.xunzel.com\/store\/fr\/"},{"@type":"ListItem","position":2,"name":"Magasin","item":"https:\/\/www.xunzel.com\/store\/tienda\/"},{"@type":"ListItem","position":3,"name":"SOLARX-Lithium -240-24"}]},{"@type":"WebSite","@id":"https:\/\/www.xunzel.com\/store\/fr\/#website","url":"https:\/\/www.xunzel.com\/store\/fr\/","name":"Xunzel","description":"Energy in a box - The Electric Revolution","publisher":{"@id":"https:\/\/www.xunzel.com\/store\/fr\/#organization"},"potentialAction":[{"@type":"SearchAction","target":{"@type":"EntryPoint","urlTemplate":"https:\/\/www.xunzel.com\/store\/fr\/?s={search_term_string}"},"query-input":{"@type":"PropertyValueSpecification","valueRequired":true,"valueName":"search_term_string"}}],"inLanguage":"fr-FR"},{"@type":"Organization","@id":"https:\/\/www.xunzel.com\/store\/fr\/#organization","name":"Xunzel","url":"https:\/\/www.xunzel.com\/store\/fr\/","logo":{"@type":"ImageObject","inLanguage":"fr-FR","@id":"https:\/\/www.xunzel.com\/store\/fr\/#\/schema\/logo\/image\/","url":"https:\/\/www.xunzel.com\/store\/wp-content\/uploads\/2021\/01\/logo-xunzel-footer.png","contentUrl":"https:\/\/www.xunzel.com\/store\/wp-content\/uploads\/2021\/01\/logo-xunzel-footer.png","width":280,"height":52,"caption":"Xunzel"},"image":{"@id":"https:\/\/www.xunzel.com\/store\/fr\/#\/schema\/logo\/image\/"}}]}},"_links":{"self":[{"href":"https:\/\/www.xunzel.com\/store\/fr\/wp-json\/wp\/v2\/product\/13443","targetHints":{"allow":["GET"]}}],"collection":[{"href":"https:\/\/www.xunzel.com\/store\/fr\/wp-json\/wp\/v2\/product"}],"about":[{"href":"https:\/\/www.xunzel.com\/store\/fr\/wp-json\/wp\/v2\/types\/product"}],"wp:featuredmedia":[{"embeddable":true,"href":"https:\/\/www.xunzel.com\/store\/fr\/wp-json\/wp\/v2\/media\/13446"}],"wp:attachment":[{"href":"https:\/\/www.xunzel.com\/store\/fr\/wp-json\/wp\/v2\/media?parent=13443"}],"wp:term":[{"taxonomy":"product_brand","embeddable":true,"href":"https:\/\/www.xunzel.com\/store\/fr\/wp-json\/wp\/v2\/product_brand?post=13443"},{"taxonomy":"product_cat","embeddable":true,"href":"https:\/\/www.xunzel.com\/store\/fr\/wp-json\/wp\/v2\/product_cat?post=13443"},{"taxonomy":"product_tag","embeddable":true,"href":"https:\/\/www.xunzel.com\/store\/fr\/wp-json\/wp\/v2\/product_tag?post=13443"}],"curies":[{"name":"wp","href":"https:\/\/api.w.org\/{rel}","templated":true}]}}