{"id":13423,"date":"2020-09-24T16:20:49","date_gmt":"2021-05-28T08:08:07","guid":{"rendered":"https:\/\/www.xunzel.com\/store\/?post_type=product&#038;p=13423"},"modified":"2025-03-24T16:07:24","modified_gmt":"2025-03-24T15:07:24","slug":"solarx-120","status":"publish","type":"product","link":"https:\/\/www.xunzel.com\/store\/fr\/producto\/solarx-120\/","title":{"rendered":"SOLARX 120"},"content":{"rendered":"<p>SOLARX-120 (12V &#8211; 120Ah-C120 | 105Ah-C20). Batterie \u00e0 d\u00e9charge profonde robuste et s\u00fbre, sp\u00e9cialement con\u00e7ue et fabriqu\u00e9e pour les applications cycliques de charge et d\u00e9charge profonde r\u00e9p\u00e9t\u00e9es et continues dans des installations isol\u00e9es. Dur\u00e9e de vie bien sup\u00e9rieure \u00e0 celle des batteries con\u00e7ues pour des applications g\u00e9n\u00e9rales, de secours, flottantes ou de d\u00e9marrage. Excellente capacit\u00e9 de r\u00e9cup\u00e9ration des d\u00e9charges profondes. Jusqu&#8217;\u00e0 2000 cycles.<\/p>\n<p>Sans entretien. Scell\u00e9 et sans risque de fuite. Batterie au plomb-acide r\u00e9gul\u00e9e par vanne-VRLA et construction en fibre de verre absorbante-AGM sans fuite et syst\u00e8me de recombinaison des gaz.<\/p>\n<p>Con\u00e7u pour une installation multi-positions. Installation facile.<\/p>\n<p>Longue dur\u00e9e de vie (jusqu&#8217;\u00e0 12 ans) et grande stabilit\u00e9 de la dur\u00e9e du cycle. Qualit\u00e9 stable et fiable. Excellente qualit\u00e9 de plaque, r\u00e9sistant \u00e0 la corrosion pendant toute sa dur\u00e9e de vie.<\/p>\n<p>Autod\u00e9charge tr\u00e8s faible. Capacit\u00e9 initiale \u00e9lev\u00e9e et d\u00e9marrage facile. Un temps de stockage inutilis\u00e9 plus long. Jusqu&#8217;\u00e0 12 mois sans recharge. R\u00e9sistance interne faible et stable. Id\u00e9al pour alimenter les \u00e9quipements critiques et \u00e9lectroniques.<\/p>\n<p>Particuli\u00e8rement adapt\u00e9 aux applications exigeantes telles que l&#8217;\u00e9nergie solaire et \u00e9olienne isol\u00e9e, la sauvegarde, l&#8217;industrie, l&#8217;alimentation des \u00e9quipements \u00e9lectroniques, l&#8217;IoT \/ IIoT, les syst\u00e8mes d&#8217;alimentation sans interruption -SAI\/UPS-, les t\u00e9l\u00e9communications et les applications \u00e0 courant de d\u00e9charge \u00e9lev\u00e9 telles que les onduleurs, les moteurs et l&#8217;automatisation,&#8230;.<\/p>\n<p>Construit avec des mat\u00e9riaux sp\u00e9ciaux pour \u00e9viter la propagation du feu (XUNZEL certifi\u00e9 UL94 V-0).<\/p>\n<p>Excellentes performances dans les temp\u00e9ratures extr\u00eames : De -20\u00b0 \u00e0 +60\u00b0C<\/p>\n<p>Une conception exigeante garantie par le plus haut niveau de certification.<\/p>\n<p>S\u00fbr et conforme \u00e0 la norme UN2800. Valable pour tout transport : a\u00e9rien (IATA et FAA), maritime (IMDG), ferroviaire et terrestre (ADR\/RID).<\/p>\n","protected":false},"excerpt":{"rendered":"<p>Batterie solaire 12V \u00e0 cycle profond d&#8217;une capacit\u00e9 de 120Ah-C120 | 105Ah-C20.<br \/>\nId\u00e9al pour une utilisation dans les syst\u00e8mes photovolta\u00efques et mini-\u00e9oliens, l&#8217;alimentation de secours (UPS\/backup), les applications industrielles, IoT et de s\u00e9curit\u00e9.<br \/>\nTechnologie plomb-acide AGM longue dur\u00e9e. Sp\u00e9cialement con\u00e7u pour les cycles profonds.<br \/>\nScell\u00e9, 100% s\u00fbr, sans entretien et \u00e0 tr\u00e8s faible autod\u00e9charge.<br \/>\nR\u00e9sistance interne tr\u00e8s faible, id\u00e9ale pour les charges \u00e9lectroniques.<br \/>\nMulti-positions. Certifi\u00e9 pour le transport international terrestre, maritime, et a\u00e9rien.<\/p>\n<p><span class=\"shared-files-shortcode-admin-list shared-files-shortcode-admin-list-file shared-files-shortcode-15542\" title=\"[shared_files file_id=15542]\">[shared_files file_id=15542]<\/span><\/p>\n","protected":false},"featured_media":13427,"template":"","meta":{"_acf_changed":false},"product_brand":[],"product_cat":[453],"product_tag":[],"class_list":{"0":"post-13423","1":"product","2":"type-product","3":"status-publish","4":"has-post-thumbnail","6":"product_cat-solarx-series","8":"first","9":"instock","10":"taxable","11":"shipping-taxable","12":"purchasable","13":"product-type-simple"},"acf":[],"yoast_head":"<!-- This site is optimized with the Yoast SEO plugin v25.4 - https:\/\/yoast.com\/wordpress\/plugins\/seo\/ -->\n<title>SOLARX 120 &#8211; Xunzel<\/title>\n<meta name=\"robots\" content=\"index, follow, max-snippet:-1, max-image-preview:large, max-video-preview:-1\" \/>\n<link rel=\"canonical\" href=\"https:\/\/www.xunzel.com\/store\/fr\/producto\/solarx-120\/\" \/>\n<meta property=\"og:locale\" content=\"fr_FR\" \/>\n<meta property=\"og:type\" content=\"article\" \/>\n<meta property=\"og:title\" content=\"SOLARX 120 &#8211; Xunzel\" \/>\n<meta property=\"og:description\" content=\"Batterie solaire 12V \u00e0 cycle profond d&#039;une capacit\u00e9 de 120Ah-C120 | 105Ah-C20. Id\u00e9al pour une utilisation dans les syst\u00e8mes photovolta\u00efques et mini-\u00e9oliens, l&#039;alimentation de secours (UPS\/backup), les applications industrielles, IoT et de s\u00e9curit\u00e9. Technologie plomb-acide AGM longue dur\u00e9e. Sp\u00e9cialement con\u00e7u pour les cycles profonds. Scell\u00e9, 100% s\u00fbr, sans entretien et \u00e0 tr\u00e8s faible autod\u00e9charge. R\u00e9sistance interne tr\u00e8s faible, id\u00e9ale pour les charges \u00e9lectroniques. Multi-positions. Certifi\u00e9 pour le transport international terrestre, maritime, et a\u00e9rien.\" \/>\n<meta property=\"og:url\" content=\"https:\/\/www.xunzel.com\/store\/fr\/producto\/solarx-120\/\" \/>\n<meta property=\"og:site_name\" content=\"Xunzel\" \/>\n<meta property=\"article:modified_time\" content=\"2025-03-24T15:07:24+00:00\" \/>\n<meta property=\"og:image\" content=\"https:\/\/www.xunzel.com\/store\/wp-content\/uploads\/2020\/09\/1-SOLARXcp_120W.jpg\" \/>\n\t<meta property=\"og:image:width\" content=\"1100\" \/>\n\t<meta property=\"og:image:height\" content=\"1110\" \/>\n\t<meta property=\"og:image:type\" content=\"image\/jpeg\" \/>\n<meta name=\"twitter:card\" content=\"summary_large_image\" \/>\n<meta name=\"twitter:label1\" content=\"Dur\u00e9e de lecture estim\u00e9e\" \/>\n\t<meta name=\"twitter:data1\" content=\"2 minutes\" \/>\n<script type=\"application\/ld+json\" class=\"yoast-schema-graph\">{\"@context\":\"https:\/\/schema.org\",\"@graph\":[{\"@type\":\"WebPage\",\"@id\":\"https:\/\/www.xunzel.com\/store\/fr\/producto\/solarx-120\/\",\"url\":\"https:\/\/www.xunzel.com\/store\/fr\/producto\/solarx-120\/\",\"name\":\"SOLARX 120 &#8211; Xunzel\",\"isPartOf\":{\"@id\":\"https:\/\/www.xunzel.com\/store\/fr\/#website\"},\"primaryImageOfPage\":{\"@id\":\"https:\/\/www.xunzel.com\/store\/fr\/producto\/solarx-120\/#primaryimage\"},\"image\":{\"@id\":\"https:\/\/www.xunzel.com\/store\/fr\/producto\/solarx-120\/#primaryimage\"},\"thumbnailUrl\":\"https:\/\/www.xunzel.com\/store\/wp-content\/uploads\/2020\/09\/1-SOLARXcp_120W.jpg\",\"datePublished\":\"2021-05-28T08:08:07+00:00\",\"dateModified\":\"2025-03-24T15:07:24+00:00\",\"breadcrumb\":{\"@id\":\"https:\/\/www.xunzel.com\/store\/fr\/producto\/solarx-120\/#breadcrumb\"},\"inLanguage\":\"fr-FR\",\"potentialAction\":[{\"@type\":\"ReadAction\",\"target\":[\"https:\/\/www.xunzel.com\/store\/fr\/producto\/solarx-120\/\"]}]},{\"@type\":\"ImageObject\",\"inLanguage\":\"fr-FR\",\"@id\":\"https:\/\/www.xunzel.com\/store\/fr\/producto\/solarx-120\/#primaryimage\",\"url\":\"https:\/\/www.xunzel.com\/store\/wp-content\/uploads\/2020\/09\/1-SOLARXcp_120W.jpg\",\"contentUrl\":\"https:\/\/www.xunzel.com\/store\/wp-content\/uploads\/2020\/09\/1-SOLARXcp_120W.jpg\",\"width\":1100,\"height\":1110,\"caption\":\"SOLARX_XUNZEL_120Ah_12V\"},{\"@type\":\"BreadcrumbList\",\"@id\":\"https:\/\/www.xunzel.com\/store\/fr\/producto\/solarx-120\/#breadcrumb\",\"itemListElement\":[{\"@type\":\"ListItem\",\"position\":1,\"name\":\"Portada\",\"item\":\"https:\/\/www.xunzel.com\/store\/fr\/\"},{\"@type\":\"ListItem\",\"position\":2,\"name\":\"Magasin\",\"item\":\"https:\/\/www.xunzel.com\/store\/tienda\/\"},{\"@type\":\"ListItem\",\"position\":3,\"name\":\"SOLARX 120\"}]},{\"@type\":\"WebSite\",\"@id\":\"https:\/\/www.xunzel.com\/store\/fr\/#website\",\"url\":\"https:\/\/www.xunzel.com\/store\/fr\/\",\"name\":\"Xunzel\",\"description\":\"Energy in a box - The Electric Revolution\",\"publisher\":{\"@id\":\"https:\/\/www.xunzel.com\/store\/fr\/#organization\"},\"potentialAction\":[{\"@type\":\"SearchAction\",\"target\":{\"@type\":\"EntryPoint\",\"urlTemplate\":\"https:\/\/www.xunzel.com\/store\/fr\/?s={search_term_string}\"},\"query-input\":{\"@type\":\"PropertyValueSpecification\",\"valueRequired\":true,\"valueName\":\"search_term_string\"}}],\"inLanguage\":\"fr-FR\"},{\"@type\":\"Organization\",\"@id\":\"https:\/\/www.xunzel.com\/store\/fr\/#organization\",\"name\":\"Xunzel\",\"url\":\"https:\/\/www.xunzel.com\/store\/fr\/\",\"logo\":{\"@type\":\"ImageObject\",\"inLanguage\":\"fr-FR\",\"@id\":\"https:\/\/www.xunzel.com\/store\/fr\/#\/schema\/logo\/image\/\",\"url\":\"https:\/\/www.xunzel.com\/store\/wp-content\/uploads\/2021\/01\/logo-xunzel-footer.png\",\"contentUrl\":\"https:\/\/www.xunzel.com\/store\/wp-content\/uploads\/2021\/01\/logo-xunzel-footer.png\",\"width\":280,\"height\":52,\"caption\":\"Xunzel\"},\"image\":{\"@id\":\"https:\/\/www.xunzel.com\/store\/fr\/#\/schema\/logo\/image\/\"}}]}<\/script>\n<!-- \/ Yoast SEO plugin. -->","yoast_head_json":{"title":"SOLARX 120 &#8211; Xunzel","robots":{"index":"index","follow":"follow","max-snippet":"max-snippet:-1","max-image-preview":"max-image-preview:large","max-video-preview":"max-video-preview:-1"},"canonical":"https:\/\/www.xunzel.com\/store\/fr\/producto\/solarx-120\/","og_locale":"fr_FR","og_type":"article","og_title":"SOLARX 120 &#8211; Xunzel","og_description":"Batterie solaire 12V \u00e0 cycle profond d'une capacit\u00e9 de 120Ah-C120 | 105Ah-C20. Id\u00e9al pour une utilisation dans les syst\u00e8mes photovolta\u00efques et mini-\u00e9oliens, l'alimentation de secours (UPS\/backup), les applications industrielles, IoT et de s\u00e9curit\u00e9. Technologie plomb-acide AGM longue dur\u00e9e. Sp\u00e9cialement con\u00e7u pour les cycles profonds. Scell\u00e9, 100% s\u00fbr, sans entretien et \u00e0 tr\u00e8s faible autod\u00e9charge. R\u00e9sistance interne tr\u00e8s faible, id\u00e9ale pour les charges \u00e9lectroniques. Multi-positions. Certifi\u00e9 pour le transport international terrestre, maritime, et a\u00e9rien.","og_url":"https:\/\/www.xunzel.com\/store\/fr\/producto\/solarx-120\/","og_site_name":"Xunzel","article_modified_time":"2025-03-24T15:07:24+00:00","og_image":[{"width":1100,"height":1110,"url":"https:\/\/www.xunzel.com\/store\/wp-content\/uploads\/2020\/09\/1-SOLARXcp_120W.jpg","type":"image\/jpeg"}],"twitter_card":"summary_large_image","twitter_misc":{"Dur\u00e9e de lecture estim\u00e9e":"2 minutes"},"schema":{"@context":"https:\/\/schema.org","@graph":[{"@type":"WebPage","@id":"https:\/\/www.xunzel.com\/store\/fr\/producto\/solarx-120\/","url":"https:\/\/www.xunzel.com\/store\/fr\/producto\/solarx-120\/","name":"SOLARX 120 &#8211; Xunzel","isPartOf":{"@id":"https:\/\/www.xunzel.com\/store\/fr\/#website"},"primaryImageOfPage":{"@id":"https:\/\/www.xunzel.com\/store\/fr\/producto\/solarx-120\/#primaryimage"},"image":{"@id":"https:\/\/www.xunzel.com\/store\/fr\/producto\/solarx-120\/#primaryimage"},"thumbnailUrl":"https:\/\/www.xunzel.com\/store\/wp-content\/uploads\/2020\/09\/1-SOLARXcp_120W.jpg","datePublished":"2021-05-28T08:08:07+00:00","dateModified":"2025-03-24T15:07:24+00:00","breadcrumb":{"@id":"https:\/\/www.xunzel.com\/store\/fr\/producto\/solarx-120\/#breadcrumb"},"inLanguage":"fr-FR","potentialAction":[{"@type":"ReadAction","target":["https:\/\/www.xunzel.com\/store\/fr\/producto\/solarx-120\/"]}]},{"@type":"ImageObject","inLanguage":"fr-FR","@id":"https:\/\/www.xunzel.com\/store\/fr\/producto\/solarx-120\/#primaryimage","url":"https:\/\/www.xunzel.com\/store\/wp-content\/uploads\/2020\/09\/1-SOLARXcp_120W.jpg","contentUrl":"https:\/\/www.xunzel.com\/store\/wp-content\/uploads\/2020\/09\/1-SOLARXcp_120W.jpg","width":1100,"height":1110,"caption":"SOLARX_XUNZEL_120Ah_12V"},{"@type":"BreadcrumbList","@id":"https:\/\/www.xunzel.com\/store\/fr\/producto\/solarx-120\/#breadcrumb","itemListElement":[{"@type":"ListItem","position":1,"name":"Portada","item":"https:\/\/www.xunzel.com\/store\/fr\/"},{"@type":"ListItem","position":2,"name":"Magasin","item":"https:\/\/www.xunzel.com\/store\/tienda\/"},{"@type":"ListItem","position":3,"name":"SOLARX 120"}]},{"@type":"WebSite","@id":"https:\/\/www.xunzel.com\/store\/fr\/#website","url":"https:\/\/www.xunzel.com\/store\/fr\/","name":"Xunzel","description":"Energy in a box - The Electric Revolution","publisher":{"@id":"https:\/\/www.xunzel.com\/store\/fr\/#organization"},"potentialAction":[{"@type":"SearchAction","target":{"@type":"EntryPoint","urlTemplate":"https:\/\/www.xunzel.com\/store\/fr\/?s={search_term_string}"},"query-input":{"@type":"PropertyValueSpecification","valueRequired":true,"valueName":"search_term_string"}}],"inLanguage":"fr-FR"},{"@type":"Organization","@id":"https:\/\/www.xunzel.com\/store\/fr\/#organization","name":"Xunzel","url":"https:\/\/www.xunzel.com\/store\/fr\/","logo":{"@type":"ImageObject","inLanguage":"fr-FR","@id":"https:\/\/www.xunzel.com\/store\/fr\/#\/schema\/logo\/image\/","url":"https:\/\/www.xunzel.com\/store\/wp-content\/uploads\/2021\/01\/logo-xunzel-footer.png","contentUrl":"https:\/\/www.xunzel.com\/store\/wp-content\/uploads\/2021\/01\/logo-xunzel-footer.png","width":280,"height":52,"caption":"Xunzel"},"image":{"@id":"https:\/\/www.xunzel.com\/store\/fr\/#\/schema\/logo\/image\/"}}]}},"_links":{"self":[{"href":"https:\/\/www.xunzel.com\/store\/fr\/wp-json\/wp\/v2\/product\/13423","targetHints":{"allow":["GET"]}}],"collection":[{"href":"https:\/\/www.xunzel.com\/store\/fr\/wp-json\/wp\/v2\/product"}],"about":[{"href":"https:\/\/www.xunzel.com\/store\/fr\/wp-json\/wp\/v2\/types\/product"}],"wp:featuredmedia":[{"embeddable":true,"href":"https:\/\/www.xunzel.com\/store\/fr\/wp-json\/wp\/v2\/media\/13427"}],"wp:attachment":[{"href":"https:\/\/www.xunzel.com\/store\/fr\/wp-json\/wp\/v2\/media?parent=13423"}],"wp:term":[{"taxonomy":"product_brand","embeddable":true,"href":"https:\/\/www.xunzel.com\/store\/fr\/wp-json\/wp\/v2\/product_brand?post=13423"},{"taxonomy":"product_cat","embeddable":true,"href":"https:\/\/www.xunzel.com\/store\/fr\/wp-json\/wp\/v2\/product_cat?post=13423"},{"taxonomy":"product_tag","embeddable":true,"href":"https:\/\/www.xunzel.com\/store\/fr\/wp-json\/wp\/v2\/product_tag?post=13423"}],"curies":[{"name":"wp","href":"https:\/\/api.w.org\/{rel}","templated":true}]}}