{"id":13320,"date":"2020-12-06T12:18:50","date_gmt":"2021-05-28T08:04:50","guid":{"rendered":"https:\/\/www.xunzel.com\/store\/?post_type=product&#038;p=13320"},"modified":"2025-03-24T14:07:47","modified_gmt":"2025-03-24T13:07:47","slug":"iscc-lx-20a-12-24v","status":"publish","type":"product","link":"https:\/\/www.xunzel.com\/store\/fr\/producto\/iscc-lx-20a-12-24v\/","title":{"rendered":"iSCC-LX 20A 12\/24V"},"content":{"rendered":"<p>iSCC-LX-20A-12\/24V XUNZEL. R\u00e9gulateur solaire programmable de charge et de d\u00e9charge \u00e0 haut rendement. Id\u00e9al pour les panneaux solaires photovolta\u00efques jusqu&#8217;\u00e0 360W (12V) ou 720W (24V).<br \/>\nUniversel, pour charger les batteries au plomb (AGM, GEL, ouvertes), au calcium et au lithium (LFP-LiFePO4), 12V ou 24V.<br \/>\nTr\u00e8s faible autoconsommation. Tirez le meilleur parti de votre syst\u00e8me.<br \/>\nProt\u00e8ge la batterie contre la surcharge et la d\u00e9charge profonde. Prolonge la dur\u00e9e de vie de vos piles.<br \/>\nCon\u00e7u pour les syst\u00e8mes photovolta\u00efques 12V ou 24V. S\u00fbr et fiable.<br \/>\nAvec 2 sorties USB 5V-2100mA pour la charge directe des appareils \u00e9lectroniques.<br \/>\nModes de fonctionnement programmables : mode manuel et mode automatique (jour\/nuit &#8211; crespusculaire avec diff\u00e9rentes dur\u00e9es).<br \/>\nL\u00e9ger et de petite taille.<br \/>\nAffichage LCD num\u00e9rique pour une lecture claire de l&#8217;\u00e9tat et une programmation rapide et facile.<br \/>\nId\u00e9al pour les applications PV hors-r\u00e9seau et off-shore, la r\u00e9serve, les UPS, etc.<br \/>\nSyst\u00e8me int\u00e9gr\u00e9 de compensation de la temp\u00e9rature.<br \/>\nProtections \u00e9lectroniques automatiques compl\u00e8tes : contre l&#8217;inversion de polarit\u00e9, les courts-circuits, les surintensit\u00e9s, les courants inverses, les surtensions, les sous-tensions, les surchauffes.<br \/>\nSortie 12V ou 24V pour alimenter directement et efficacement des charges en courant continu car aucun onduleur n&#8217;est n\u00e9cessaire. Par exemple : S\u00e9rie LED NATURE et s\u00e9rie XUNZEL GALAXXI \u00e0 haut rendement.<br \/>\nSection maximale de c\u00e2ble autoris\u00e9e : 16mm\u00b2<\/p>\n","protected":false},"excerpt":{"rendered":"<p>Contr\u00f4leur digital avanc\u00e9 de charge et d\u00e9charge solaire. Universel, pour charger des batteries au plomb (AGM, GEL, ouvertes), au calcium et au lithium (LFP-LiFePO4), 12\/24V. Prot\u00e8ge les batteries contre les surcharges et les d\u00e9charges.<\/p>\n<p>Panneau solaire photovolta\u00efque jusqu&#8217;\u00e0 360W (12V) ou 720W (24V).<br \/>\nExcellente solution pour charger les batteries avec l&#8217;\u00e9nergie solaire. Avec un affichage num\u00e9rique facile \u00e0 interpr\u00e9ter. Programmable, plusieurs modes de fonctionnement: manuel\/automatique (nuit. cr\u00e9puscule avec diff\u00e9rentes dur\u00e9es).<br \/>\nRendement tr\u00e8s \u00e9lev\u00e9 et tr\u00e8s faible autoconsommation. Avec son propre algorithme de compensation de temp\u00e9rature pour une meilleure charge et une plus longue dur\u00e9e de vie de la batterie.<br \/>\nAvec une sortie pour alimenter des charges de 12\/24VDC et deux sorties USB 2.1A-5V suppl\u00e9mentaires.<\/p>\n<p><span class=\"shared-files-shortcode-admin-list shared-files-shortcode-admin-list-file shared-files-shortcode-15722\" title=\"[shared_files file_id=15722]\">[shared_files file_id=15722]<\/span><\/p>\n","protected":false},"featured_media":13333,"template":"","meta":{"_acf_changed":false},"product_brand":[],"product_cat":[482],"product_tag":[],"class_list":{"0":"post-13320","1":"product","2":"type-product","3":"status-publish","4":"has-post-thumbnail","6":"product_cat-iscc-series-controleurs","8":"first","9":"instock","10":"taxable","11":"shipping-taxable","12":"purchasable","13":"product-type-simple"},"acf":[],"yoast_head":"<!-- This site is optimized with the Yoast SEO plugin v25.4 - https:\/\/yoast.com\/wordpress\/plugins\/seo\/ -->\n<title>iSCC-LX 20A 12\/24V &#8211; Xunzel<\/title>\n<meta name=\"robots\" content=\"index, follow, max-snippet:-1, max-image-preview:large, max-video-preview:-1\" \/>\n<link rel=\"canonical\" href=\"https:\/\/www.xunzel.com\/store\/fr\/producto\/iscc-lx-20a-12-24v\/\" \/>\n<meta property=\"og:locale\" content=\"fr_FR\" \/>\n<meta property=\"og:type\" content=\"article\" \/>\n<meta property=\"og:title\" content=\"iSCC-LX 20A 12\/24V &#8211; Xunzel\" \/>\n<meta property=\"og:description\" content=\"Contr\u00f4leur digital avanc\u00e9 de charge et d\u00e9charge solaire. Universel, pour charger des batteries au plomb (AGM, GEL, ouvertes), au calcium et au lithium (LFP-LiFePO4), 12\/24V. Prot\u00e8ge les batteries contre les surcharges et les d\u00e9charges.  Panneau solaire photovolta\u00efque jusqu&#039;\u00e0 360W (12V) ou 720W (24V). Excellente solution pour charger les batteries avec l&#039;\u00e9nergie solaire. Avec un affichage num\u00e9rique facile \u00e0 interpr\u00e9ter. Programmable, plusieurs modes de fonctionnement: manuel\/automatique (nuit. cr\u00e9puscule avec diff\u00e9rentes dur\u00e9es). Rendement tr\u00e8s \u00e9lev\u00e9 et tr\u00e8s faible autoconsommation. Avec son propre algorithme de compensation de temp\u00e9rature pour une meilleure charge et une plus longue dur\u00e9e de vie de la batterie. Avec une sortie pour alimenter des charges de 12\/24VDC et deux sorties USB 2.1A-5V suppl\u00e9mentaires.\" \/>\n<meta property=\"og:url\" content=\"https:\/\/www.xunzel.com\/store\/fr\/producto\/iscc-lx-20a-12-24v\/\" \/>\n<meta property=\"og:site_name\" content=\"Xunzel\" \/>\n<meta property=\"article:modified_time\" content=\"2025-03-24T13:07:47+00:00\" \/>\n<meta property=\"og:image\" content=\"https:\/\/www.xunzel.com\/store\/wp-content\/uploads\/2020\/12\/1-ISCC-LX20-iso.jpg\" \/>\n\t<meta property=\"og:image:width\" content=\"1100\" \/>\n\t<meta property=\"og:image:height\" content=\"1110\" \/>\n\t<meta property=\"og:image:type\" content=\"image\/jpeg\" \/>\n<meta name=\"twitter:card\" content=\"summary_large_image\" \/>\n<meta name=\"twitter:label1\" content=\"Dur\u00e9e de lecture estim\u00e9e\" \/>\n\t<meta name=\"twitter:data1\" content=\"2 minutes\" \/>\n<script type=\"application\/ld+json\" class=\"yoast-schema-graph\">{\"@context\":\"https:\/\/schema.org\",\"@graph\":[{\"@type\":\"WebPage\",\"@id\":\"https:\/\/www.xunzel.com\/store\/fr\/producto\/iscc-lx-20a-12-24v\/\",\"url\":\"https:\/\/www.xunzel.com\/store\/fr\/producto\/iscc-lx-20a-12-24v\/\",\"name\":\"iSCC-LX 20A 12\/24V &#8211; Xunzel\",\"isPartOf\":{\"@id\":\"https:\/\/www.xunzel.com\/store\/fr\/#website\"},\"primaryImageOfPage\":{\"@id\":\"https:\/\/www.xunzel.com\/store\/fr\/producto\/iscc-lx-20a-12-24v\/#primaryimage\"},\"image\":{\"@id\":\"https:\/\/www.xunzel.com\/store\/fr\/producto\/iscc-lx-20a-12-24v\/#primaryimage\"},\"thumbnailUrl\":\"https:\/\/www.xunzel.com\/store\/wp-content\/uploads\/2020\/12\/1-ISCC-LX20-iso.jpg\",\"datePublished\":\"2021-05-28T08:04:50+00:00\",\"dateModified\":\"2025-03-24T13:07:47+00:00\",\"breadcrumb\":{\"@id\":\"https:\/\/www.xunzel.com\/store\/fr\/producto\/iscc-lx-20a-12-24v\/#breadcrumb\"},\"inLanguage\":\"fr-FR\",\"potentialAction\":[{\"@type\":\"ReadAction\",\"target\":[\"https:\/\/www.xunzel.com\/store\/fr\/producto\/iscc-lx-20a-12-24v\/\"]}]},{\"@type\":\"ImageObject\",\"inLanguage\":\"fr-FR\",\"@id\":\"https:\/\/www.xunzel.com\/store\/fr\/producto\/iscc-lx-20a-12-24v\/#primaryimage\",\"url\":\"https:\/\/www.xunzel.com\/store\/wp-content\/uploads\/2020\/12\/1-ISCC-LX20-iso.jpg\",\"contentUrl\":\"https:\/\/www.xunzel.com\/store\/wp-content\/uploads\/2020\/12\/1-ISCC-LX20-iso.jpg\",\"width\":1100,\"height\":1110},{\"@type\":\"BreadcrumbList\",\"@id\":\"https:\/\/www.xunzel.com\/store\/fr\/producto\/iscc-lx-20a-12-24v\/#breadcrumb\",\"itemListElement\":[{\"@type\":\"ListItem\",\"position\":1,\"name\":\"Portada\",\"item\":\"https:\/\/www.xunzel.com\/store\/fr\/\"},{\"@type\":\"ListItem\",\"position\":2,\"name\":\"Magasin\",\"item\":\"https:\/\/www.xunzel.com\/store\/tienda\/\"},{\"@type\":\"ListItem\",\"position\":3,\"name\":\"iSCC-LX 20A 12\/24V\"}]},{\"@type\":\"WebSite\",\"@id\":\"https:\/\/www.xunzel.com\/store\/fr\/#website\",\"url\":\"https:\/\/www.xunzel.com\/store\/fr\/\",\"name\":\"Xunzel\",\"description\":\"Energy in a box - The Electric Revolution\",\"publisher\":{\"@id\":\"https:\/\/www.xunzel.com\/store\/fr\/#organization\"},\"potentialAction\":[{\"@type\":\"SearchAction\",\"target\":{\"@type\":\"EntryPoint\",\"urlTemplate\":\"https:\/\/www.xunzel.com\/store\/fr\/?s={search_term_string}\"},\"query-input\":{\"@type\":\"PropertyValueSpecification\",\"valueRequired\":true,\"valueName\":\"search_term_string\"}}],\"inLanguage\":\"fr-FR\"},{\"@type\":\"Organization\",\"@id\":\"https:\/\/www.xunzel.com\/store\/fr\/#organization\",\"name\":\"Xunzel\",\"url\":\"https:\/\/www.xunzel.com\/store\/fr\/\",\"logo\":{\"@type\":\"ImageObject\",\"inLanguage\":\"fr-FR\",\"@id\":\"https:\/\/www.xunzel.com\/store\/fr\/#\/schema\/logo\/image\/\",\"url\":\"https:\/\/www.xunzel.com\/store\/wp-content\/uploads\/2021\/01\/logo-xunzel-footer.png\",\"contentUrl\":\"https:\/\/www.xunzel.com\/store\/wp-content\/uploads\/2021\/01\/logo-xunzel-footer.png\",\"width\":280,\"height\":52,\"caption\":\"Xunzel\"},\"image\":{\"@id\":\"https:\/\/www.xunzel.com\/store\/fr\/#\/schema\/logo\/image\/\"}}]}<\/script>\n<!-- \/ Yoast SEO plugin. -->","yoast_head_json":{"title":"iSCC-LX 20A 12\/24V &#8211; Xunzel","robots":{"index":"index","follow":"follow","max-snippet":"max-snippet:-1","max-image-preview":"max-image-preview:large","max-video-preview":"max-video-preview:-1"},"canonical":"https:\/\/www.xunzel.com\/store\/fr\/producto\/iscc-lx-20a-12-24v\/","og_locale":"fr_FR","og_type":"article","og_title":"iSCC-LX 20A 12\/24V &#8211; Xunzel","og_description":"Contr\u00f4leur digital avanc\u00e9 de charge et d\u00e9charge solaire. Universel, pour charger des batteries au plomb (AGM, GEL, ouvertes), au calcium et au lithium (LFP-LiFePO4), 12\/24V. Prot\u00e8ge les batteries contre les surcharges et les d\u00e9charges.  Panneau solaire photovolta\u00efque jusqu'\u00e0 360W (12V) ou 720W (24V). Excellente solution pour charger les batteries avec l'\u00e9nergie solaire. Avec un affichage num\u00e9rique facile \u00e0 interpr\u00e9ter. Programmable, plusieurs modes de fonctionnement: manuel\/automatique (nuit. cr\u00e9puscule avec diff\u00e9rentes dur\u00e9es). Rendement tr\u00e8s \u00e9lev\u00e9 et tr\u00e8s faible autoconsommation. Avec son propre algorithme de compensation de temp\u00e9rature pour une meilleure charge et une plus longue dur\u00e9e de vie de la batterie. Avec une sortie pour alimenter des charges de 12\/24VDC et deux sorties USB 2.1A-5V suppl\u00e9mentaires.","og_url":"https:\/\/www.xunzel.com\/store\/fr\/producto\/iscc-lx-20a-12-24v\/","og_site_name":"Xunzel","article_modified_time":"2025-03-24T13:07:47+00:00","og_image":[{"width":1100,"height":1110,"url":"https:\/\/www.xunzel.com\/store\/wp-content\/uploads\/2020\/12\/1-ISCC-LX20-iso.jpg","type":"image\/jpeg"}],"twitter_card":"summary_large_image","twitter_misc":{"Dur\u00e9e de lecture estim\u00e9e":"2 minutes"},"schema":{"@context":"https:\/\/schema.org","@graph":[{"@type":"WebPage","@id":"https:\/\/www.xunzel.com\/store\/fr\/producto\/iscc-lx-20a-12-24v\/","url":"https:\/\/www.xunzel.com\/store\/fr\/producto\/iscc-lx-20a-12-24v\/","name":"iSCC-LX 20A 12\/24V &#8211; Xunzel","isPartOf":{"@id":"https:\/\/www.xunzel.com\/store\/fr\/#website"},"primaryImageOfPage":{"@id":"https:\/\/www.xunzel.com\/store\/fr\/producto\/iscc-lx-20a-12-24v\/#primaryimage"},"image":{"@id":"https:\/\/www.xunzel.com\/store\/fr\/producto\/iscc-lx-20a-12-24v\/#primaryimage"},"thumbnailUrl":"https:\/\/www.xunzel.com\/store\/wp-content\/uploads\/2020\/12\/1-ISCC-LX20-iso.jpg","datePublished":"2021-05-28T08:04:50+00:00","dateModified":"2025-03-24T13:07:47+00:00","breadcrumb":{"@id":"https:\/\/www.xunzel.com\/store\/fr\/producto\/iscc-lx-20a-12-24v\/#breadcrumb"},"inLanguage":"fr-FR","potentialAction":[{"@type":"ReadAction","target":["https:\/\/www.xunzel.com\/store\/fr\/producto\/iscc-lx-20a-12-24v\/"]}]},{"@type":"ImageObject","inLanguage":"fr-FR","@id":"https:\/\/www.xunzel.com\/store\/fr\/producto\/iscc-lx-20a-12-24v\/#primaryimage","url":"https:\/\/www.xunzel.com\/store\/wp-content\/uploads\/2020\/12\/1-ISCC-LX20-iso.jpg","contentUrl":"https:\/\/www.xunzel.com\/store\/wp-content\/uploads\/2020\/12\/1-ISCC-LX20-iso.jpg","width":1100,"height":1110},{"@type":"BreadcrumbList","@id":"https:\/\/www.xunzel.com\/store\/fr\/producto\/iscc-lx-20a-12-24v\/#breadcrumb","itemListElement":[{"@type":"ListItem","position":1,"name":"Portada","item":"https:\/\/www.xunzel.com\/store\/fr\/"},{"@type":"ListItem","position":2,"name":"Magasin","item":"https:\/\/www.xunzel.com\/store\/tienda\/"},{"@type":"ListItem","position":3,"name":"iSCC-LX 20A 12\/24V"}]},{"@type":"WebSite","@id":"https:\/\/www.xunzel.com\/store\/fr\/#website","url":"https:\/\/www.xunzel.com\/store\/fr\/","name":"Xunzel","description":"Energy in a box - The Electric Revolution","publisher":{"@id":"https:\/\/www.xunzel.com\/store\/fr\/#organization"},"potentialAction":[{"@type":"SearchAction","target":{"@type":"EntryPoint","urlTemplate":"https:\/\/www.xunzel.com\/store\/fr\/?s={search_term_string}"},"query-input":{"@type":"PropertyValueSpecification","valueRequired":true,"valueName":"search_term_string"}}],"inLanguage":"fr-FR"},{"@type":"Organization","@id":"https:\/\/www.xunzel.com\/store\/fr\/#organization","name":"Xunzel","url":"https:\/\/www.xunzel.com\/store\/fr\/","logo":{"@type":"ImageObject","inLanguage":"fr-FR","@id":"https:\/\/www.xunzel.com\/store\/fr\/#\/schema\/logo\/image\/","url":"https:\/\/www.xunzel.com\/store\/wp-content\/uploads\/2021\/01\/logo-xunzel-footer.png","contentUrl":"https:\/\/www.xunzel.com\/store\/wp-content\/uploads\/2021\/01\/logo-xunzel-footer.png","width":280,"height":52,"caption":"Xunzel"},"image":{"@id":"https:\/\/www.xunzel.com\/store\/fr\/#\/schema\/logo\/image\/"}}]}},"_links":{"self":[{"href":"https:\/\/www.xunzel.com\/store\/fr\/wp-json\/wp\/v2\/product\/13320","targetHints":{"allow":["GET"]}}],"collection":[{"href":"https:\/\/www.xunzel.com\/store\/fr\/wp-json\/wp\/v2\/product"}],"about":[{"href":"https:\/\/www.xunzel.com\/store\/fr\/wp-json\/wp\/v2\/types\/product"}],"wp:featuredmedia":[{"embeddable":true,"href":"https:\/\/www.xunzel.com\/store\/fr\/wp-json\/wp\/v2\/media\/13333"}],"wp:attachment":[{"href":"https:\/\/www.xunzel.com\/store\/fr\/wp-json\/wp\/v2\/media?parent=13320"}],"wp:term":[{"taxonomy":"product_brand","embeddable":true,"href":"https:\/\/www.xunzel.com\/store\/fr\/wp-json\/wp\/v2\/product_brand?post=13320"},{"taxonomy":"product_cat","embeddable":true,"href":"https:\/\/www.xunzel.com\/store\/fr\/wp-json\/wp\/v2\/product_cat?post=13320"},{"taxonomy":"product_tag","embeddable":true,"href":"https:\/\/www.xunzel.com\/store\/fr\/wp-json\/wp\/v2\/product_tag?post=13320"}],"curies":[{"name":"wp","href":"https:\/\/api.w.org\/{rel}","templated":true}]}}