{"id":13296,"date":"2020-12-06T12:18:50","date_gmt":"2021-05-28T08:03:14","guid":{"rendered":"https:\/\/www.xunzel.com\/store\/?post_type=product&#038;p=13296"},"modified":"2025-03-24T13:59:49","modified_gmt":"2025-03-24T12:59:49","slug":"iscc-au-15a-12-24v","status":"publish","type":"product","link":"https:\/\/www.xunzel.com\/store\/fr\/producto\/iscc-au-15a-12-24v\/","title":{"rendered":"iSCC-AU 15A 12\/24V"},"content":{"rendered":"<p>iSCC-AU 15A-12\/24V XUNZEL. R\u00e9gulateur solaire programmable de charge et de d\u00e9charge \u00e0 haut rendement. Id\u00e9al pour les panneaux solaires photovolta\u00efques jusqu&#8217;\u00e0 240W-12V ou 480W-24V.<br \/>\nTr\u00e8s faible autoconsommation. Tirez le meilleur parti de votre syst\u00e8me.<br \/>\nProt\u00e8ge la batterie contre les surcharges et les d\u00e9charges profondes. Prolonge la dur\u00e9e de vie de vos piles.<br \/>\nCon\u00e7u pour les syst\u00e8mes photovolta\u00efques 12V. S\u00fbr et fiable.<br \/>\nAvec une sortie USB 5V-2100mA pour la charge directe des appareils \u00e9lectroniques.<br \/>\nModes de fonctionnement programmables : mode manuel et mode automatique (jour\/nuit).<br \/>\nConvient \u00e0 diff\u00e9rentes technologies de batteries (plomb-acide, AGM, GEL, ouvertes et au calcium).<br \/>\nL\u00e9ger et de petites dimensions.<br \/>\nLEDs pour une lecture claire de l&#8217;\u00e9tat et une programmation rapide et facile.<br \/>\nId\u00e9al pour les applications PV hors r\u00e9seau et off-shore, les applications de sauvegarde back-up, les UPS, etc.<br \/>\nSyst\u00e8me int\u00e9gr\u00e9 de compensation de la temp\u00e9rature.<br \/>\nProtections \u00e9lectroniques automatiques compl\u00e8tes : contre l&#8217;inversion de polarit\u00e9, les courts-circuits, les surintensit\u00e9s, les courants inverses, les surtensions, les sous-tensions, les surchauffes.<br \/>\nSortie 12V pour alimenter directement et efficacement les charges DC, car aucun onduleur n&#8217;est n\u00e9cessaire. Par exemple : S\u00e9rie LED NATURE \u00e0 haut rendement et s\u00e9rie XUNZEL GALAXXI.<br \/>\nSection maximale de c\u00e2ble : 4 mm\u00b2<\/p>\n","protected":false},"excerpt":{"rendered":"<p>Contr\u00f4leur digital avanc\u00e9 de charge et d\u00e9charge solaire pour charger des batteries 12\/24V des plomb-acide (AGM, gel, liquide) et calcium. Il prot\u00e9gera vos batteries contre les surcharges et les d\u00e9charges.<\/p>\n<p>Panneau solaire photovolta\u00efque jusqu&#8217;\u00e0 240W-12V ou 480W-24V.<\/p>\n<p>Excellente solution pour charger les batteries avec l&#8217;\u00e9nergie solaire. Avec des LED faciles \u00e0 lire. Programmable, deux modes de fonctionnement: manuel ou automatique (nuit. cr\u00e9puscule).<br \/>\nRendement tr\u00e8s \u00e9lev\u00e9 et tr\u00e8s faible autoconsommation. Avec son propre algorithme de compensation de temp\u00e9rature pour une meilleure charge et une plus longue dur\u00e9e de vie de la batterie.<br \/>\nAvec une sortie pour alimenter des charges 12\/24VDC et une sortie USB 2.1A-5V suppl\u00e9mentaire.<\/p>\n<p><span class=\"shared-files-shortcode-admin-list shared-files-shortcode-admin-list-file shared-files-shortcode-15721\" title=\"[shared_files file_id=15721]\">[shared_files file_id=15721]<\/span><\/p>\n","protected":false},"featured_media":13306,"template":"","meta":{"_acf_changed":false},"product_brand":[],"product_cat":[482],"product_tag":[],"class_list":{"0":"post-13296","1":"product","2":"type-product","3":"status-publish","4":"has-post-thumbnail","6":"product_cat-iscc-series-controleurs","8":"first","9":"instock","10":"taxable","11":"shipping-taxable","12":"purchasable","13":"product-type-simple"},"acf":[],"yoast_head":"<!-- This site is optimized with the Yoast SEO plugin v25.4 - https:\/\/yoast.com\/wordpress\/plugins\/seo\/ -->\n<title>iSCC-AU 15A 12\/24V &#8211; Xunzel<\/title>\n<meta name=\"robots\" content=\"index, follow, max-snippet:-1, max-image-preview:large, max-video-preview:-1\" \/>\n<link rel=\"canonical\" href=\"https:\/\/www.xunzel.com\/store\/fr\/producto\/iscc-au-15a-12-24v\/\" \/>\n<meta property=\"og:locale\" content=\"fr_FR\" \/>\n<meta property=\"og:type\" content=\"article\" \/>\n<meta property=\"og:title\" content=\"iSCC-AU 15A 12\/24V &#8211; Xunzel\" \/>\n<meta property=\"og:description\" content=\"Contr\u00f4leur digital avanc\u00e9 de charge et d\u00e9charge solaire pour charger des batteries 12\/24V des plomb-acide (AGM, gel, liquide) et calcium. Il prot\u00e9gera vos batteries contre les surcharges et les d\u00e9charges.  Panneau solaire photovolta\u00efque jusqu&#039;\u00e0 240W-12V ou 480W-24V.  Excellente solution pour charger les batteries avec l&#039;\u00e9nergie solaire. Avec des LED faciles \u00e0 lire. Programmable, deux modes de fonctionnement: manuel ou automatique (nuit. cr\u00e9puscule). Rendement tr\u00e8s \u00e9lev\u00e9 et tr\u00e8s faible autoconsommation. Avec son propre algorithme de compensation de temp\u00e9rature pour une meilleure charge et une plus longue dur\u00e9e de vie de la batterie. Avec une sortie pour alimenter des charges 12\/24VDC et une sortie USB 2.1A-5V suppl\u00e9mentaire.\" \/>\n<meta property=\"og:url\" content=\"https:\/\/www.xunzel.com\/store\/fr\/producto\/iscc-au-15a-12-24v\/\" \/>\n<meta property=\"og:site_name\" content=\"Xunzel\" \/>\n<meta property=\"article:modified_time\" content=\"2025-03-24T12:59:49+00:00\" \/>\n<meta property=\"og:image\" content=\"https:\/\/www.xunzel.com\/store\/wp-content\/uploads\/2020\/12\/1-ISCC-AU_15_iso.jpg\" \/>\n\t<meta property=\"og:image:width\" content=\"1100\" \/>\n\t<meta property=\"og:image:height\" content=\"1110\" \/>\n\t<meta property=\"og:image:type\" content=\"image\/jpeg\" \/>\n<meta name=\"twitter:card\" content=\"summary_large_image\" \/>\n<meta name=\"twitter:label1\" content=\"Dur\u00e9e de lecture estim\u00e9e\" \/>\n\t<meta name=\"twitter:data1\" content=\"2 minutes\" \/>\n<script type=\"application\/ld+json\" class=\"yoast-schema-graph\">{\"@context\":\"https:\/\/schema.org\",\"@graph\":[{\"@type\":\"WebPage\",\"@id\":\"https:\/\/www.xunzel.com\/store\/fr\/producto\/iscc-au-15a-12-24v\/\",\"url\":\"https:\/\/www.xunzel.com\/store\/fr\/producto\/iscc-au-15a-12-24v\/\",\"name\":\"iSCC-AU 15A 12\/24V &#8211; Xunzel\",\"isPartOf\":{\"@id\":\"https:\/\/www.xunzel.com\/store\/fr\/#website\"},\"primaryImageOfPage\":{\"@id\":\"https:\/\/www.xunzel.com\/store\/fr\/producto\/iscc-au-15a-12-24v\/#primaryimage\"},\"image\":{\"@id\":\"https:\/\/www.xunzel.com\/store\/fr\/producto\/iscc-au-15a-12-24v\/#primaryimage\"},\"thumbnailUrl\":\"https:\/\/www.xunzel.com\/store\/wp-content\/uploads\/2020\/12\/1-ISCC-AU_15_iso.jpg\",\"datePublished\":\"2021-05-28T08:03:14+00:00\",\"dateModified\":\"2025-03-24T12:59:49+00:00\",\"breadcrumb\":{\"@id\":\"https:\/\/www.xunzel.com\/store\/fr\/producto\/iscc-au-15a-12-24v\/#breadcrumb\"},\"inLanguage\":\"fr-FR\",\"potentialAction\":[{\"@type\":\"ReadAction\",\"target\":[\"https:\/\/www.xunzel.com\/store\/fr\/producto\/iscc-au-15a-12-24v\/\"]}]},{\"@type\":\"ImageObject\",\"inLanguage\":\"fr-FR\",\"@id\":\"https:\/\/www.xunzel.com\/store\/fr\/producto\/iscc-au-15a-12-24v\/#primaryimage\",\"url\":\"https:\/\/www.xunzel.com\/store\/wp-content\/uploads\/2020\/12\/1-ISCC-AU_15_iso.jpg\",\"contentUrl\":\"https:\/\/www.xunzel.com\/store\/wp-content\/uploads\/2020\/12\/1-ISCC-AU_15_iso.jpg\",\"width\":1100,\"height\":1110},{\"@type\":\"BreadcrumbList\",\"@id\":\"https:\/\/www.xunzel.com\/store\/fr\/producto\/iscc-au-15a-12-24v\/#breadcrumb\",\"itemListElement\":[{\"@type\":\"ListItem\",\"position\":1,\"name\":\"Portada\",\"item\":\"https:\/\/www.xunzel.com\/store\/fr\/\"},{\"@type\":\"ListItem\",\"position\":2,\"name\":\"Magasin\",\"item\":\"https:\/\/www.xunzel.com\/store\/tienda\/\"},{\"@type\":\"ListItem\",\"position\":3,\"name\":\"iSCC-AU 15A 12\/24V\"}]},{\"@type\":\"WebSite\",\"@id\":\"https:\/\/www.xunzel.com\/store\/fr\/#website\",\"url\":\"https:\/\/www.xunzel.com\/store\/fr\/\",\"name\":\"Xunzel\",\"description\":\"Energy in a box - The Electric Revolution\",\"publisher\":{\"@id\":\"https:\/\/www.xunzel.com\/store\/fr\/#organization\"},\"potentialAction\":[{\"@type\":\"SearchAction\",\"target\":{\"@type\":\"EntryPoint\",\"urlTemplate\":\"https:\/\/www.xunzel.com\/store\/fr\/?s={search_term_string}\"},\"query-input\":{\"@type\":\"PropertyValueSpecification\",\"valueRequired\":true,\"valueName\":\"search_term_string\"}}],\"inLanguage\":\"fr-FR\"},{\"@type\":\"Organization\",\"@id\":\"https:\/\/www.xunzel.com\/store\/fr\/#organization\",\"name\":\"Xunzel\",\"url\":\"https:\/\/www.xunzel.com\/store\/fr\/\",\"logo\":{\"@type\":\"ImageObject\",\"inLanguage\":\"fr-FR\",\"@id\":\"https:\/\/www.xunzel.com\/store\/fr\/#\/schema\/logo\/image\/\",\"url\":\"https:\/\/www.xunzel.com\/store\/wp-content\/uploads\/2021\/01\/logo-xunzel-footer.png\",\"contentUrl\":\"https:\/\/www.xunzel.com\/store\/wp-content\/uploads\/2021\/01\/logo-xunzel-footer.png\",\"width\":280,\"height\":52,\"caption\":\"Xunzel\"},\"image\":{\"@id\":\"https:\/\/www.xunzel.com\/store\/fr\/#\/schema\/logo\/image\/\"}}]}<\/script>\n<!-- \/ Yoast SEO plugin. -->","yoast_head_json":{"title":"iSCC-AU 15A 12\/24V &#8211; Xunzel","robots":{"index":"index","follow":"follow","max-snippet":"max-snippet:-1","max-image-preview":"max-image-preview:large","max-video-preview":"max-video-preview:-1"},"canonical":"https:\/\/www.xunzel.com\/store\/fr\/producto\/iscc-au-15a-12-24v\/","og_locale":"fr_FR","og_type":"article","og_title":"iSCC-AU 15A 12\/24V &#8211; Xunzel","og_description":"Contr\u00f4leur digital avanc\u00e9 de charge et d\u00e9charge solaire pour charger des batteries 12\/24V des plomb-acide (AGM, gel, liquide) et calcium. Il prot\u00e9gera vos batteries contre les surcharges et les d\u00e9charges.  Panneau solaire photovolta\u00efque jusqu'\u00e0 240W-12V ou 480W-24V.  Excellente solution pour charger les batteries avec l'\u00e9nergie solaire. Avec des LED faciles \u00e0 lire. Programmable, deux modes de fonctionnement: manuel ou automatique (nuit. cr\u00e9puscule). Rendement tr\u00e8s \u00e9lev\u00e9 et tr\u00e8s faible autoconsommation. Avec son propre algorithme de compensation de temp\u00e9rature pour une meilleure charge et une plus longue dur\u00e9e de vie de la batterie. Avec une sortie pour alimenter des charges 12\/24VDC et une sortie USB 2.1A-5V suppl\u00e9mentaire.","og_url":"https:\/\/www.xunzel.com\/store\/fr\/producto\/iscc-au-15a-12-24v\/","og_site_name":"Xunzel","article_modified_time":"2025-03-24T12:59:49+00:00","og_image":[{"width":1100,"height":1110,"url":"https:\/\/www.xunzel.com\/store\/wp-content\/uploads\/2020\/12\/1-ISCC-AU_15_iso.jpg","type":"image\/jpeg"}],"twitter_card":"summary_large_image","twitter_misc":{"Dur\u00e9e de lecture estim\u00e9e":"2 minutes"},"schema":{"@context":"https:\/\/schema.org","@graph":[{"@type":"WebPage","@id":"https:\/\/www.xunzel.com\/store\/fr\/producto\/iscc-au-15a-12-24v\/","url":"https:\/\/www.xunzel.com\/store\/fr\/producto\/iscc-au-15a-12-24v\/","name":"iSCC-AU 15A 12\/24V &#8211; Xunzel","isPartOf":{"@id":"https:\/\/www.xunzel.com\/store\/fr\/#website"},"primaryImageOfPage":{"@id":"https:\/\/www.xunzel.com\/store\/fr\/producto\/iscc-au-15a-12-24v\/#primaryimage"},"image":{"@id":"https:\/\/www.xunzel.com\/store\/fr\/producto\/iscc-au-15a-12-24v\/#primaryimage"},"thumbnailUrl":"https:\/\/www.xunzel.com\/store\/wp-content\/uploads\/2020\/12\/1-ISCC-AU_15_iso.jpg","datePublished":"2021-05-28T08:03:14+00:00","dateModified":"2025-03-24T12:59:49+00:00","breadcrumb":{"@id":"https:\/\/www.xunzel.com\/store\/fr\/producto\/iscc-au-15a-12-24v\/#breadcrumb"},"inLanguage":"fr-FR","potentialAction":[{"@type":"ReadAction","target":["https:\/\/www.xunzel.com\/store\/fr\/producto\/iscc-au-15a-12-24v\/"]}]},{"@type":"ImageObject","inLanguage":"fr-FR","@id":"https:\/\/www.xunzel.com\/store\/fr\/producto\/iscc-au-15a-12-24v\/#primaryimage","url":"https:\/\/www.xunzel.com\/store\/wp-content\/uploads\/2020\/12\/1-ISCC-AU_15_iso.jpg","contentUrl":"https:\/\/www.xunzel.com\/store\/wp-content\/uploads\/2020\/12\/1-ISCC-AU_15_iso.jpg","width":1100,"height":1110},{"@type":"BreadcrumbList","@id":"https:\/\/www.xunzel.com\/store\/fr\/producto\/iscc-au-15a-12-24v\/#breadcrumb","itemListElement":[{"@type":"ListItem","position":1,"name":"Portada","item":"https:\/\/www.xunzel.com\/store\/fr\/"},{"@type":"ListItem","position":2,"name":"Magasin","item":"https:\/\/www.xunzel.com\/store\/tienda\/"},{"@type":"ListItem","position":3,"name":"iSCC-AU 15A 12\/24V"}]},{"@type":"WebSite","@id":"https:\/\/www.xunzel.com\/store\/fr\/#website","url":"https:\/\/www.xunzel.com\/store\/fr\/","name":"Xunzel","description":"Energy in a box - The Electric Revolution","publisher":{"@id":"https:\/\/www.xunzel.com\/store\/fr\/#organization"},"potentialAction":[{"@type":"SearchAction","target":{"@type":"EntryPoint","urlTemplate":"https:\/\/www.xunzel.com\/store\/fr\/?s={search_term_string}"},"query-input":{"@type":"PropertyValueSpecification","valueRequired":true,"valueName":"search_term_string"}}],"inLanguage":"fr-FR"},{"@type":"Organization","@id":"https:\/\/www.xunzel.com\/store\/fr\/#organization","name":"Xunzel","url":"https:\/\/www.xunzel.com\/store\/fr\/","logo":{"@type":"ImageObject","inLanguage":"fr-FR","@id":"https:\/\/www.xunzel.com\/store\/fr\/#\/schema\/logo\/image\/","url":"https:\/\/www.xunzel.com\/store\/wp-content\/uploads\/2021\/01\/logo-xunzel-footer.png","contentUrl":"https:\/\/www.xunzel.com\/store\/wp-content\/uploads\/2021\/01\/logo-xunzel-footer.png","width":280,"height":52,"caption":"Xunzel"},"image":{"@id":"https:\/\/www.xunzel.com\/store\/fr\/#\/schema\/logo\/image\/"}}]}},"_links":{"self":[{"href":"https:\/\/www.xunzel.com\/store\/fr\/wp-json\/wp\/v2\/product\/13296","targetHints":{"allow":["GET"]}}],"collection":[{"href":"https:\/\/www.xunzel.com\/store\/fr\/wp-json\/wp\/v2\/product"}],"about":[{"href":"https:\/\/www.xunzel.com\/store\/fr\/wp-json\/wp\/v2\/types\/product"}],"wp:featuredmedia":[{"embeddable":true,"href":"https:\/\/www.xunzel.com\/store\/fr\/wp-json\/wp\/v2\/media\/13306"}],"wp:attachment":[{"href":"https:\/\/www.xunzel.com\/store\/fr\/wp-json\/wp\/v2\/media?parent=13296"}],"wp:term":[{"taxonomy":"product_brand","embeddable":true,"href":"https:\/\/www.xunzel.com\/store\/fr\/wp-json\/wp\/v2\/product_brand?post=13296"},{"taxonomy":"product_cat","embeddable":true,"href":"https:\/\/www.xunzel.com\/store\/fr\/wp-json\/wp\/v2\/product_cat?post=13296"},{"taxonomy":"product_tag","embeddable":true,"href":"https:\/\/www.xunzel.com\/store\/fr\/wp-json\/wp\/v2\/product_tag?post=13296"}],"curies":[{"name":"wp","href":"https:\/\/api.w.org\/{rel}","templated":true}]}}