{"id":13271,"date":"2020-09-24T16:46:11","date_gmt":"2021-05-28T08:08:00","guid":{"rendered":"https:\/\/www.xunzel.com\/store\/?post_type=product&#038;p=13271"},"modified":"2025-03-24T14:54:07","modified_gmt":"2025-03-24T13:54:07","slug":"solarpower-hd-50w-12v","status":"publish","type":"product","link":"https:\/\/www.xunzel.com\/store\/fr\/producto\/solarpower-hd-50w-12v\/","title":{"rendered":"SOLARPOWER-HD 50W 12V"},"content":{"rendered":"<p>Panneau solaire photovolta\u00efque de 50W avec une efficacit\u00e9 et une performance tr\u00e8s \u00e9lev\u00e9es. Extra fin (3 mm), l\u00e9ger et flexible.<br \/>\nInstallation facile. Bo\u00eete de connexion frontale et 4 \u0153illets en acier inoxydable.<br \/>\nSp\u00e9cialement con\u00e7u pour une charge efficace, stable et constante des batteries de 12, 24 et 48V dans les syst\u00e8mes isol\u00e9s et de secours.<br \/>\nComprend 3 m\u00e8tres de c\u00e2ble solaire pr\u00e9install\u00e9 pr\u00eat \u00e0 \u00eatre connect\u00e9 directement au r\u00e9gulateur de charge. Un gain de temps garanti pour l&#8217;installation.<br \/>\nFabriqu\u00e9 avec des mat\u00e9riaux de haute qualit\u00e9. Conception durable et r\u00e9sistante \u00e0 la corrosion et aux conditions les plus extr\u00eames. IP67.<br \/>\nDimensions r\u00e9duites et optimis\u00e9es.<br \/>\nTr\u00e8s basse tension. En s\u00e9curit\u00e9.<br \/>\nEmballage de protection individuel.<\/p>\n<p>XUNZEL con\u00e7oit et fabrique ses panneaux solaires de mani\u00e8re \u00e0 ce qu&#8217;ils soient.. :<\/p>\n<ul>\n<li>R\u00e9sistant \u00e0 l&#8217;ombrage et au ph\u00e9nom\u00e8ne de &#8220;Hot-Spot&#8221; (gr\u00e2ce \u00e0 leurs diodes de d\u00e9rivation int\u00e9gr\u00e9es) \u00de G\u00e9n\u00e9ration sup\u00e9rieure.<\/li>\n<li>Exempt de &#8220;micro-fissures&#8221;.<\/li>\n<li>Sans &#8220;trace d&#8217;escargot&#8221; gr\u00e2ce \u00e0 l&#8217;excellente qualit\u00e9 de l&#8217;encapsulant et \u00e0 un processus de fabrication exempt d&#8217;impuret\u00e9s.<\/li>\n<li>Sans effet PID (Potential Induced Degradation).<\/li>\n<li>Exempt de contamination interne et de d\u00e9lamination \u00e9ventuelle.<\/li>\n<li>R\u00e9sistant \u00e0 la corrosion (en milieu marin, ammonium, sable et poussi\u00e8re).<\/li>\n<\/ul>\n","protected":false},"excerpt":{"rendered":"<p>Panneau solaire photovolta\u00efque de 50W avec une efficacit\u00e9 et une performance tr\u00e8s \u00e9lev\u00e9es. Extra fin (3 mm), l\u00e9ger et flexible.<br \/>\nInstallation facile. Bo\u00eete de connexion frontale et 4 \u0153illets en acier inoxydable.<br \/>\nSp\u00e9cialement con\u00e7u pour une charge efficace, stable et constante des batteries de 12, 24 et 48V dans les syst\u00e8mes isol\u00e9s et de secours.<br \/>\nComprend 3 m\u00e8tres de c\u00e2ble solaire pr\u00e9install\u00e9 pr\u00eat \u00e0 \u00eatre connect\u00e9 directement au r\u00e9gulateur de charge. Un gain de temps garanti pour l&#8217;installation.<br \/>\nFabriqu\u00e9 avec des mat\u00e9riaux de haute qualit\u00e9. Conception durable et r\u00e9sistante \u00e0 la corrosion et aux conditions les plus extr\u00eames. IP67.<br \/>\nEn s\u00e9curit\u00e9. Emballage de protection individuel.<\/p>\n<p><span class=\"shared-files-shortcode-admin-list shared-files-shortcode-admin-list-file shared-files-shortcode-15963\" title=\"[shared_files file_id=15963]\">[shared_files file_id=15963]<\/span><\/p>\n","protected":false},"featured_media":20879,"template":"","meta":{"_acf_changed":false},"product_brand":[],"product_cat":[483],"product_tag":[],"class_list":{"0":"post-13271","1":"product","2":"type-product","3":"status-publish","4":"has-post-thumbnail","6":"product_cat-solarpower-hd-series","8":"first","9":"instock","10":"taxable","11":"shipping-taxable","12":"purchasable","13":"product-type-simple"},"acf":[],"yoast_head":"<!-- This site is optimized with the Yoast SEO plugin v25.4 - https:\/\/yoast.com\/wordpress\/plugins\/seo\/ -->\n<title>SOLARPOWER-HD 50W 12V &#8211; Xunzel<\/title>\n<meta name=\"robots\" content=\"index, follow, max-snippet:-1, max-image-preview:large, max-video-preview:-1\" \/>\n<link rel=\"canonical\" href=\"https:\/\/www.xunzel.com\/store\/fr\/producto\/solarpower-hd-50w-12v\/\" \/>\n<meta property=\"og:locale\" content=\"fr_FR\" \/>\n<meta property=\"og:type\" content=\"article\" \/>\n<meta property=\"og:title\" content=\"SOLARPOWER-HD 50W 12V &#8211; Xunzel\" \/>\n<meta property=\"og:description\" content=\"Panneau solaire photovolta\u00efque de 50W avec une efficacit\u00e9 et une performance tr\u00e8s \u00e9lev\u00e9es. Extra fin (3 mm), l\u00e9ger et flexible. Installation facile. Bo\u00eete de connexion frontale et 4 \u0153illets en acier inoxydable. Sp\u00e9cialement con\u00e7u pour une charge efficace, stable et constante des batteries de 12, 24 et 48V dans les syst\u00e8mes isol\u00e9s et de secours. Comprend 3 m\u00e8tres de c\u00e2ble solaire pr\u00e9install\u00e9 pr\u00eat \u00e0 \u00eatre connect\u00e9 directement au r\u00e9gulateur de charge. Un gain de temps garanti pour l&#039;installation. Fabriqu\u00e9 avec des mat\u00e9riaux de haute qualit\u00e9. Conception durable et r\u00e9sistante \u00e0 la corrosion et aux conditions les plus extr\u00eames. IP67. En s\u00e9curit\u00e9. Emballage de protection individuel.\" \/>\n<meta property=\"og:url\" content=\"https:\/\/www.xunzel.com\/store\/fr\/producto\/solarpower-hd-50w-12v\/\" \/>\n<meta property=\"og:site_name\" content=\"Xunzel\" \/>\n<meta property=\"article:modified_time\" content=\"2025-03-24T13:54:07+00:00\" \/>\n<meta property=\"og:image\" content=\"https:\/\/www.xunzel.com\/store\/wp-content\/uploads\/2020\/09\/SOLARPOWER-HD-50W.jpg\" \/>\n\t<meta property=\"og:image:width\" content=\"2000\" \/>\n\t<meta property=\"og:image:height\" content=\"2000\" \/>\n\t<meta property=\"og:image:type\" content=\"image\/jpeg\" \/>\n<meta name=\"twitter:card\" content=\"summary_large_image\" \/>\n<meta name=\"twitter:label1\" content=\"Dur\u00e9e de lecture estim\u00e9e\" \/>\n\t<meta name=\"twitter:data1\" content=\"2 minutes\" \/>\n<script type=\"application\/ld+json\" class=\"yoast-schema-graph\">{\"@context\":\"https:\/\/schema.org\",\"@graph\":[{\"@type\":\"WebPage\",\"@id\":\"https:\/\/www.xunzel.com\/store\/fr\/producto\/solarpower-hd-50w-12v\/\",\"url\":\"https:\/\/www.xunzel.com\/store\/fr\/producto\/solarpower-hd-50w-12v\/\",\"name\":\"SOLARPOWER-HD 50W 12V &#8211; Xunzel\",\"isPartOf\":{\"@id\":\"https:\/\/www.xunzel.com\/store\/fr\/#website\"},\"primaryImageOfPage\":{\"@id\":\"https:\/\/www.xunzel.com\/store\/fr\/producto\/solarpower-hd-50w-12v\/#primaryimage\"},\"image\":{\"@id\":\"https:\/\/www.xunzel.com\/store\/fr\/producto\/solarpower-hd-50w-12v\/#primaryimage\"},\"thumbnailUrl\":\"https:\/\/www.xunzel.com\/store\/wp-content\/uploads\/2020\/09\/SOLARPOWER-HD-50W.jpg\",\"datePublished\":\"2021-05-28T08:08:00+00:00\",\"dateModified\":\"2025-03-24T13:54:07+00:00\",\"breadcrumb\":{\"@id\":\"https:\/\/www.xunzel.com\/store\/fr\/producto\/solarpower-hd-50w-12v\/#breadcrumb\"},\"inLanguage\":\"fr-FR\",\"potentialAction\":[{\"@type\":\"ReadAction\",\"target\":[\"https:\/\/www.xunzel.com\/store\/fr\/producto\/solarpower-hd-50w-12v\/\"]}]},{\"@type\":\"ImageObject\",\"inLanguage\":\"fr-FR\",\"@id\":\"https:\/\/www.xunzel.com\/store\/fr\/producto\/solarpower-hd-50w-12v\/#primaryimage\",\"url\":\"https:\/\/www.xunzel.com\/store\/wp-content\/uploads\/2020\/09\/SOLARPOWER-HD-50W.jpg\",\"contentUrl\":\"https:\/\/www.xunzel.com\/store\/wp-content\/uploads\/2020\/09\/SOLARPOWER-HD-50W.jpg\",\"width\":2000,\"height\":2000},{\"@type\":\"BreadcrumbList\",\"@id\":\"https:\/\/www.xunzel.com\/store\/fr\/producto\/solarpower-hd-50w-12v\/#breadcrumb\",\"itemListElement\":[{\"@type\":\"ListItem\",\"position\":1,\"name\":\"Portada\",\"item\":\"https:\/\/www.xunzel.com\/store\/fr\/\"},{\"@type\":\"ListItem\",\"position\":2,\"name\":\"Magasin\",\"item\":\"https:\/\/www.xunzel.com\/store\/tienda\/\"},{\"@type\":\"ListItem\",\"position\":3,\"name\":\"SOLARPOWER-HD 50W 12V\"}]},{\"@type\":\"WebSite\",\"@id\":\"https:\/\/www.xunzel.com\/store\/fr\/#website\",\"url\":\"https:\/\/www.xunzel.com\/store\/fr\/\",\"name\":\"Xunzel\",\"description\":\"Energy in a box - The Electric Revolution\",\"publisher\":{\"@id\":\"https:\/\/www.xunzel.com\/store\/fr\/#organization\"},\"potentialAction\":[{\"@type\":\"SearchAction\",\"target\":{\"@type\":\"EntryPoint\",\"urlTemplate\":\"https:\/\/www.xunzel.com\/store\/fr\/?s={search_term_string}\"},\"query-input\":{\"@type\":\"PropertyValueSpecification\",\"valueRequired\":true,\"valueName\":\"search_term_string\"}}],\"inLanguage\":\"fr-FR\"},{\"@type\":\"Organization\",\"@id\":\"https:\/\/www.xunzel.com\/store\/fr\/#organization\",\"name\":\"Xunzel\",\"url\":\"https:\/\/www.xunzel.com\/store\/fr\/\",\"logo\":{\"@type\":\"ImageObject\",\"inLanguage\":\"fr-FR\",\"@id\":\"https:\/\/www.xunzel.com\/store\/fr\/#\/schema\/logo\/image\/\",\"url\":\"https:\/\/www.xunzel.com\/store\/wp-content\/uploads\/2021\/01\/logo-xunzel-footer.png\",\"contentUrl\":\"https:\/\/www.xunzel.com\/store\/wp-content\/uploads\/2021\/01\/logo-xunzel-footer.png\",\"width\":280,\"height\":52,\"caption\":\"Xunzel\"},\"image\":{\"@id\":\"https:\/\/www.xunzel.com\/store\/fr\/#\/schema\/logo\/image\/\"}}]}<\/script>\n<!-- \/ Yoast SEO plugin. -->","yoast_head_json":{"title":"SOLARPOWER-HD 50W 12V &#8211; Xunzel","robots":{"index":"index","follow":"follow","max-snippet":"max-snippet:-1","max-image-preview":"max-image-preview:large","max-video-preview":"max-video-preview:-1"},"canonical":"https:\/\/www.xunzel.com\/store\/fr\/producto\/solarpower-hd-50w-12v\/","og_locale":"fr_FR","og_type":"article","og_title":"SOLARPOWER-HD 50W 12V &#8211; Xunzel","og_description":"Panneau solaire photovolta\u00efque de 50W avec une efficacit\u00e9 et une performance tr\u00e8s \u00e9lev\u00e9es. Extra fin (3 mm), l\u00e9ger et flexible. Installation facile. Bo\u00eete de connexion frontale et 4 \u0153illets en acier inoxydable. Sp\u00e9cialement con\u00e7u pour une charge efficace, stable et constante des batteries de 12, 24 et 48V dans les syst\u00e8mes isol\u00e9s et de secours. Comprend 3 m\u00e8tres de c\u00e2ble solaire pr\u00e9install\u00e9 pr\u00eat \u00e0 \u00eatre connect\u00e9 directement au r\u00e9gulateur de charge. Un gain de temps garanti pour l'installation. Fabriqu\u00e9 avec des mat\u00e9riaux de haute qualit\u00e9. Conception durable et r\u00e9sistante \u00e0 la corrosion et aux conditions les plus extr\u00eames. IP67. En s\u00e9curit\u00e9. Emballage de protection individuel.","og_url":"https:\/\/www.xunzel.com\/store\/fr\/producto\/solarpower-hd-50w-12v\/","og_site_name":"Xunzel","article_modified_time":"2025-03-24T13:54:07+00:00","og_image":[{"width":2000,"height":2000,"url":"https:\/\/www.xunzel.com\/store\/wp-content\/uploads\/2020\/09\/SOLARPOWER-HD-50W.jpg","type":"image\/jpeg"}],"twitter_card":"summary_large_image","twitter_misc":{"Dur\u00e9e de lecture estim\u00e9e":"2 minutes"},"schema":{"@context":"https:\/\/schema.org","@graph":[{"@type":"WebPage","@id":"https:\/\/www.xunzel.com\/store\/fr\/producto\/solarpower-hd-50w-12v\/","url":"https:\/\/www.xunzel.com\/store\/fr\/producto\/solarpower-hd-50w-12v\/","name":"SOLARPOWER-HD 50W 12V &#8211; Xunzel","isPartOf":{"@id":"https:\/\/www.xunzel.com\/store\/fr\/#website"},"primaryImageOfPage":{"@id":"https:\/\/www.xunzel.com\/store\/fr\/producto\/solarpower-hd-50w-12v\/#primaryimage"},"image":{"@id":"https:\/\/www.xunzel.com\/store\/fr\/producto\/solarpower-hd-50w-12v\/#primaryimage"},"thumbnailUrl":"https:\/\/www.xunzel.com\/store\/wp-content\/uploads\/2020\/09\/SOLARPOWER-HD-50W.jpg","datePublished":"2021-05-28T08:08:00+00:00","dateModified":"2025-03-24T13:54:07+00:00","breadcrumb":{"@id":"https:\/\/www.xunzel.com\/store\/fr\/producto\/solarpower-hd-50w-12v\/#breadcrumb"},"inLanguage":"fr-FR","potentialAction":[{"@type":"ReadAction","target":["https:\/\/www.xunzel.com\/store\/fr\/producto\/solarpower-hd-50w-12v\/"]}]},{"@type":"ImageObject","inLanguage":"fr-FR","@id":"https:\/\/www.xunzel.com\/store\/fr\/producto\/solarpower-hd-50w-12v\/#primaryimage","url":"https:\/\/www.xunzel.com\/store\/wp-content\/uploads\/2020\/09\/SOLARPOWER-HD-50W.jpg","contentUrl":"https:\/\/www.xunzel.com\/store\/wp-content\/uploads\/2020\/09\/SOLARPOWER-HD-50W.jpg","width":2000,"height":2000},{"@type":"BreadcrumbList","@id":"https:\/\/www.xunzel.com\/store\/fr\/producto\/solarpower-hd-50w-12v\/#breadcrumb","itemListElement":[{"@type":"ListItem","position":1,"name":"Portada","item":"https:\/\/www.xunzel.com\/store\/fr\/"},{"@type":"ListItem","position":2,"name":"Magasin","item":"https:\/\/www.xunzel.com\/store\/tienda\/"},{"@type":"ListItem","position":3,"name":"SOLARPOWER-HD 50W 12V"}]},{"@type":"WebSite","@id":"https:\/\/www.xunzel.com\/store\/fr\/#website","url":"https:\/\/www.xunzel.com\/store\/fr\/","name":"Xunzel","description":"Energy in a box - The Electric Revolution","publisher":{"@id":"https:\/\/www.xunzel.com\/store\/fr\/#organization"},"potentialAction":[{"@type":"SearchAction","target":{"@type":"EntryPoint","urlTemplate":"https:\/\/www.xunzel.com\/store\/fr\/?s={search_term_string}"},"query-input":{"@type":"PropertyValueSpecification","valueRequired":true,"valueName":"search_term_string"}}],"inLanguage":"fr-FR"},{"@type":"Organization","@id":"https:\/\/www.xunzel.com\/store\/fr\/#organization","name":"Xunzel","url":"https:\/\/www.xunzel.com\/store\/fr\/","logo":{"@type":"ImageObject","inLanguage":"fr-FR","@id":"https:\/\/www.xunzel.com\/store\/fr\/#\/schema\/logo\/image\/","url":"https:\/\/www.xunzel.com\/store\/wp-content\/uploads\/2021\/01\/logo-xunzel-footer.png","contentUrl":"https:\/\/www.xunzel.com\/store\/wp-content\/uploads\/2021\/01\/logo-xunzel-footer.png","width":280,"height":52,"caption":"Xunzel"},"image":{"@id":"https:\/\/www.xunzel.com\/store\/fr\/#\/schema\/logo\/image\/"}}]}},"_links":{"self":[{"href":"https:\/\/www.xunzel.com\/store\/fr\/wp-json\/wp\/v2\/product\/13271","targetHints":{"allow":["GET"]}}],"collection":[{"href":"https:\/\/www.xunzel.com\/store\/fr\/wp-json\/wp\/v2\/product"}],"about":[{"href":"https:\/\/www.xunzel.com\/store\/fr\/wp-json\/wp\/v2\/types\/product"}],"wp:featuredmedia":[{"embeddable":true,"href":"https:\/\/www.xunzel.com\/store\/fr\/wp-json\/wp\/v2\/media\/20879"}],"wp:attachment":[{"href":"https:\/\/www.xunzel.com\/store\/fr\/wp-json\/wp\/v2\/media?parent=13271"}],"wp:term":[{"taxonomy":"product_brand","embeddable":true,"href":"https:\/\/www.xunzel.com\/store\/fr\/wp-json\/wp\/v2\/product_brand?post=13271"},{"taxonomy":"product_cat","embeddable":true,"href":"https:\/\/www.xunzel.com\/store\/fr\/wp-json\/wp\/v2\/product_cat?post=13271"},{"taxonomy":"product_tag","embeddable":true,"href":"https:\/\/www.xunzel.com\/store\/fr\/wp-json\/wp\/v2\/product_tag?post=13271"}],"curies":[{"name":"wp","href":"https:\/\/api.w.org\/{rel}","templated":true}]}}