{"id":13231,"date":"2020-09-24T16:56:05","date_gmt":"2021-05-28T08:07:09","guid":{"rendered":"https:\/\/www.xunzel.com\/store\/?post_type=product&#038;p=13231"},"modified":"2025-03-24T14:41:26","modified_gmt":"2025-03-24T13:41:26","slug":"solarpower-30w-12v","status":"publish","type":"product","link":"https:\/\/www.xunzel.com\/store\/fr\/producto\/solarpower-30w-12v\/","title":{"rendered":"SOLARPOWER 30W 12V"},"content":{"rendered":"<p>Panneau solaire photovolta\u00efque 30W de tr\u00e8s haute efficacit\u00e9 et performance.<br \/>\nSp\u00e9cialement con\u00e7u pour une charge efficace, stable et constante des batteries de 12, 24 et 48V dans les syst\u00e8mes isol\u00e9s et de secours.<br \/>\nComprend 2 m\u00e8tres de c\u00e2ble pr\u00e9-install\u00e9 pr\u00eat \u00e0 \u00eatre connect\u00e9 directement au contr\u00f4leur de charge. Installation garantie, s\u00fbre et rapide.<br \/>\nFabriqu\u00e9 avec des mat\u00e9riaux de haute qualit\u00e9. Conception durable et r\u00e9sistante \u00e0 la corrosion et aux conditions les plus extr\u00eames. IP67.<br \/>\nCellules solaires SOLARPOWER XUNZEL. Cadre en aluminium anodis\u00e9 et form\u00e9 \u00e0 froid, \u00e0 tr\u00e8s haute r\u00e9sistance m\u00e9canique et r\u00e9sistant \u00e0 la corrosion. Verre solaire sp\u00e9cial et verre frontal tremp\u00e9, r\u00e9sistant \u00e0 la gr\u00eale et offrant une s\u00e9curit\u00e9 maximale.<br \/>\nDimensions optimis\u00e9es. Cadre fin de 25 mm.<br \/>\nTension tr\u00e8s faible. En s\u00e9curit\u00e9. Classe II.<br \/>\nEmballage de protection individuel.<br \/>\nPanneau con\u00e7u pour g\u00e9n\u00e9rer plus de 25 ans (performance lin\u00e9aire).<\/p>\n<p>XUNZEL con\u00e7oit et fabrique ses panneaux solaires de mani\u00e8re \u00e0 ce que :<\/p>\n<ul>\n<li>Ils sont r\u00e9sistants \u00e0 l&#8217;ombrage et au ph\u00e9nom\u00e8ne de &#8220;Hot-Spot&#8221; (gr\u00e2ce \u00e0 leurs diodes de d\u00e9rivation int\u00e9gr\u00e9es) \u00de G\u00e9n\u00e9ration sup\u00e9rieure.<\/li>\n<li>Ils sont exempts de &#8220;microfissures&#8221;. Les panneaux sont v\u00e9rifi\u00e9s \u00e0 100%.<\/li>\n<li>Sont exempts de traces d&#8217;escargot gr\u00e2ce \u00e0 l&#8217;excellente qualit\u00e9 de l&#8217;encapsulant et au processus de fabrication sans impuret\u00e9.<\/li>\n<li>Sont exempts d&#8217;effet PID (Potential Induced Degradation).<\/li>\n<li>Sont exempts de contamination interne et de d\u00e9lamination \u00e9ventuelle.<\/li>\n<li>Sont r\u00e9sistants \u00e0 la corrosion (dans des environnements marins, d&#8217;ammonium, de sable et de poussi\u00e8re).<\/li>\n<\/ul>\n<p>Panneau solaire photovolta\u00efque fabriqu\u00e9 conform\u00e9ment aux normes IEC 61215 et IEC 61730.<\/p>\n","protected":false},"excerpt":{"rendered":"<p>Panneau solaire photovolta\u00efque 30W de tr\u00e8s haute efficacit\u00e9 et performance.<br \/>\nSp\u00e9cialement con\u00e7u pour une charge efficace, stable et constante des batteries de 12, 24 et 48V dans les syst\u00e8mes isol\u00e9s et de secours.<br \/>\nComprend 2 m\u00e8tres de c\u00e2ble solaire pr\u00e9install\u00e9 pr\u00eat \u00e0 \u00eatre connect\u00e9 directement au r\u00e9gulateur de charge. Un gain de temps garanti pour l&#8217;installation.<br \/>\nFabriqu\u00e9 avec des mat\u00e9riaux de haute qualit\u00e9. Conception durable et r\u00e9sistante \u00e0 la corrosion et aux conditions les plus extr\u00eames. IP67. Cellules solaires SOLARPOWER XUNZEL. Cadre en aluminium anticorrosion anodis\u00e9 et form\u00e9 \u00e0 froid. Verre solaire sp\u00e9cial et verre frontal tremp\u00e9, r\u00e9sistant \u00e0 la gr\u00eale et offrant une s\u00e9curit\u00e9 maximale.<br \/>\nDimensions optimis\u00e9es. 604x340x25mm.<\/p>\n<p><span class=\"shared-files-shortcode-admin-list shared-files-shortcode-admin-list-file shared-files-shortcode-15085\" title=\"[shared_files file_id=15085]\">[shared_files file_id=15085]<\/span><\/p>\n","protected":false},"featured_media":13238,"template":"","meta":{"_acf_changed":false},"product_brand":[],"product_cat":[485],"product_tag":[],"class_list":{"0":"post-13231","1":"product","2":"type-product","3":"status-publish","4":"has-post-thumbnail","6":"product_cat-solarpower-series","8":"first","9":"instock","10":"taxable","11":"shipping-taxable","12":"purchasable","13":"product-type-simple"},"acf":[],"yoast_head":"<!-- This site is optimized with the Yoast SEO plugin v25.4 - https:\/\/yoast.com\/wordpress\/plugins\/seo\/ -->\n<title>SOLARPOWER 30W 12V &#8211; Xunzel<\/title>\n<meta name=\"robots\" content=\"index, follow, max-snippet:-1, max-image-preview:large, max-video-preview:-1\" \/>\n<link rel=\"canonical\" href=\"https:\/\/www.xunzel.com\/store\/fr\/producto\/solarpower-30w-12v\/\" \/>\n<meta property=\"og:locale\" content=\"fr_FR\" \/>\n<meta property=\"og:type\" content=\"article\" \/>\n<meta property=\"og:title\" content=\"SOLARPOWER 30W 12V &#8211; Xunzel\" \/>\n<meta property=\"og:description\" content=\"Panneau solaire photovolta\u00efque 30W de tr\u00e8s haute efficacit\u00e9 et performance. Sp\u00e9cialement con\u00e7u pour une charge efficace, stable et constante des batteries de 12, 24 et 48V dans les syst\u00e8mes isol\u00e9s et de secours. Comprend 2 m\u00e8tres de c\u00e2ble solaire pr\u00e9install\u00e9 pr\u00eat \u00e0 \u00eatre connect\u00e9 directement au r\u00e9gulateur de charge. Un gain de temps garanti pour l&#039;installation. Fabriqu\u00e9 avec des mat\u00e9riaux de haute qualit\u00e9. Conception durable et r\u00e9sistante \u00e0 la corrosion et aux conditions les plus extr\u00eames. IP67. Cellules solaires SOLARPOWER XUNZEL. Cadre en aluminium anticorrosion anodis\u00e9 et form\u00e9 \u00e0 froid. Verre solaire sp\u00e9cial et verre frontal tremp\u00e9, r\u00e9sistant \u00e0 la gr\u00eale et offrant une s\u00e9curit\u00e9 maximale. Dimensions optimis\u00e9es. 604x340x25mm.\" \/>\n<meta property=\"og:url\" content=\"https:\/\/www.xunzel.com\/store\/fr\/producto\/solarpower-30w-12v\/\" \/>\n<meta property=\"og:site_name\" content=\"Xunzel\" \/>\n<meta property=\"article:modified_time\" content=\"2025-03-24T13:41:26+00:00\" \/>\n<meta property=\"og:image\" content=\"https:\/\/www.xunzel.com\/store\/wp-content\/uploads\/2020\/09\/1-SOLARPOWER_ISO-30W.jpg\" \/>\n\t<meta property=\"og:image:width\" content=\"1100\" \/>\n\t<meta property=\"og:image:height\" content=\"1110\" \/>\n\t<meta property=\"og:image:type\" content=\"image\/jpeg\" \/>\n<meta name=\"twitter:card\" content=\"summary_large_image\" \/>\n<meta name=\"twitter:label1\" content=\"Dur\u00e9e de lecture estim\u00e9e\" \/>\n\t<meta name=\"twitter:data1\" content=\"2 minutes\" \/>\n<script type=\"application\/ld+json\" class=\"yoast-schema-graph\">{\"@context\":\"https:\/\/schema.org\",\"@graph\":[{\"@type\":\"WebPage\",\"@id\":\"https:\/\/www.xunzel.com\/store\/fr\/producto\/solarpower-30w-12v\/\",\"url\":\"https:\/\/www.xunzel.com\/store\/fr\/producto\/solarpower-30w-12v\/\",\"name\":\"SOLARPOWER 30W 12V &#8211; Xunzel\",\"isPartOf\":{\"@id\":\"https:\/\/www.xunzel.com\/store\/fr\/#website\"},\"primaryImageOfPage\":{\"@id\":\"https:\/\/www.xunzel.com\/store\/fr\/producto\/solarpower-30w-12v\/#primaryimage\"},\"image\":{\"@id\":\"https:\/\/www.xunzel.com\/store\/fr\/producto\/solarpower-30w-12v\/#primaryimage\"},\"thumbnailUrl\":\"https:\/\/www.xunzel.com\/store\/wp-content\/uploads\/2020\/09\/1-SOLARPOWER_ISO-30W.jpg\",\"datePublished\":\"2021-05-28T08:07:09+00:00\",\"dateModified\":\"2025-03-24T13:41:26+00:00\",\"breadcrumb\":{\"@id\":\"https:\/\/www.xunzel.com\/store\/fr\/producto\/solarpower-30w-12v\/#breadcrumb\"},\"inLanguage\":\"fr-FR\",\"potentialAction\":[{\"@type\":\"ReadAction\",\"target\":[\"https:\/\/www.xunzel.com\/store\/fr\/producto\/solarpower-30w-12v\/\"]}]},{\"@type\":\"ImageObject\",\"inLanguage\":\"fr-FR\",\"@id\":\"https:\/\/www.xunzel.com\/store\/fr\/producto\/solarpower-30w-12v\/#primaryimage\",\"url\":\"https:\/\/www.xunzel.com\/store\/wp-content\/uploads\/2020\/09\/1-SOLARPOWER_ISO-30W.jpg\",\"contentUrl\":\"https:\/\/www.xunzel.com\/store\/wp-content\/uploads\/2020\/09\/1-SOLARPOWER_ISO-30W.jpg\",\"width\":1100,\"height\":1110},{\"@type\":\"BreadcrumbList\",\"@id\":\"https:\/\/www.xunzel.com\/store\/fr\/producto\/solarpower-30w-12v\/#breadcrumb\",\"itemListElement\":[{\"@type\":\"ListItem\",\"position\":1,\"name\":\"Portada\",\"item\":\"https:\/\/www.xunzel.com\/store\/fr\/\"},{\"@type\":\"ListItem\",\"position\":2,\"name\":\"Magasin\",\"item\":\"https:\/\/www.xunzel.com\/store\/tienda\/\"},{\"@type\":\"ListItem\",\"position\":3,\"name\":\"SOLARPOWER 30W 12V\"}]},{\"@type\":\"WebSite\",\"@id\":\"https:\/\/www.xunzel.com\/store\/fr\/#website\",\"url\":\"https:\/\/www.xunzel.com\/store\/fr\/\",\"name\":\"Xunzel\",\"description\":\"Energy in a box - The Electric Revolution\",\"publisher\":{\"@id\":\"https:\/\/www.xunzel.com\/store\/fr\/#organization\"},\"potentialAction\":[{\"@type\":\"SearchAction\",\"target\":{\"@type\":\"EntryPoint\",\"urlTemplate\":\"https:\/\/www.xunzel.com\/store\/fr\/?s={search_term_string}\"},\"query-input\":{\"@type\":\"PropertyValueSpecification\",\"valueRequired\":true,\"valueName\":\"search_term_string\"}}],\"inLanguage\":\"fr-FR\"},{\"@type\":\"Organization\",\"@id\":\"https:\/\/www.xunzel.com\/store\/fr\/#organization\",\"name\":\"Xunzel\",\"url\":\"https:\/\/www.xunzel.com\/store\/fr\/\",\"logo\":{\"@type\":\"ImageObject\",\"inLanguage\":\"fr-FR\",\"@id\":\"https:\/\/www.xunzel.com\/store\/fr\/#\/schema\/logo\/image\/\",\"url\":\"https:\/\/www.xunzel.com\/store\/wp-content\/uploads\/2021\/01\/logo-xunzel-footer.png\",\"contentUrl\":\"https:\/\/www.xunzel.com\/store\/wp-content\/uploads\/2021\/01\/logo-xunzel-footer.png\",\"width\":280,\"height\":52,\"caption\":\"Xunzel\"},\"image\":{\"@id\":\"https:\/\/www.xunzel.com\/store\/fr\/#\/schema\/logo\/image\/\"}}]}<\/script>\n<!-- \/ Yoast SEO plugin. -->","yoast_head_json":{"title":"SOLARPOWER 30W 12V &#8211; Xunzel","robots":{"index":"index","follow":"follow","max-snippet":"max-snippet:-1","max-image-preview":"max-image-preview:large","max-video-preview":"max-video-preview:-1"},"canonical":"https:\/\/www.xunzel.com\/store\/fr\/producto\/solarpower-30w-12v\/","og_locale":"fr_FR","og_type":"article","og_title":"SOLARPOWER 30W 12V &#8211; Xunzel","og_description":"Panneau solaire photovolta\u00efque 30W de tr\u00e8s haute efficacit\u00e9 et performance. Sp\u00e9cialement con\u00e7u pour une charge efficace, stable et constante des batteries de 12, 24 et 48V dans les syst\u00e8mes isol\u00e9s et de secours. Comprend 2 m\u00e8tres de c\u00e2ble solaire pr\u00e9install\u00e9 pr\u00eat \u00e0 \u00eatre connect\u00e9 directement au r\u00e9gulateur de charge. Un gain de temps garanti pour l'installation. Fabriqu\u00e9 avec des mat\u00e9riaux de haute qualit\u00e9. Conception durable et r\u00e9sistante \u00e0 la corrosion et aux conditions les plus extr\u00eames. IP67. Cellules solaires SOLARPOWER XUNZEL. Cadre en aluminium anticorrosion anodis\u00e9 et form\u00e9 \u00e0 froid. Verre solaire sp\u00e9cial et verre frontal tremp\u00e9, r\u00e9sistant \u00e0 la gr\u00eale et offrant une s\u00e9curit\u00e9 maximale. Dimensions optimis\u00e9es. 604x340x25mm.","og_url":"https:\/\/www.xunzel.com\/store\/fr\/producto\/solarpower-30w-12v\/","og_site_name":"Xunzel","article_modified_time":"2025-03-24T13:41:26+00:00","og_image":[{"width":1100,"height":1110,"url":"https:\/\/www.xunzel.com\/store\/wp-content\/uploads\/2020\/09\/1-SOLARPOWER_ISO-30W.jpg","type":"image\/jpeg"}],"twitter_card":"summary_large_image","twitter_misc":{"Dur\u00e9e de lecture estim\u00e9e":"2 minutes"},"schema":{"@context":"https:\/\/schema.org","@graph":[{"@type":"WebPage","@id":"https:\/\/www.xunzel.com\/store\/fr\/producto\/solarpower-30w-12v\/","url":"https:\/\/www.xunzel.com\/store\/fr\/producto\/solarpower-30w-12v\/","name":"SOLARPOWER 30W 12V &#8211; Xunzel","isPartOf":{"@id":"https:\/\/www.xunzel.com\/store\/fr\/#website"},"primaryImageOfPage":{"@id":"https:\/\/www.xunzel.com\/store\/fr\/producto\/solarpower-30w-12v\/#primaryimage"},"image":{"@id":"https:\/\/www.xunzel.com\/store\/fr\/producto\/solarpower-30w-12v\/#primaryimage"},"thumbnailUrl":"https:\/\/www.xunzel.com\/store\/wp-content\/uploads\/2020\/09\/1-SOLARPOWER_ISO-30W.jpg","datePublished":"2021-05-28T08:07:09+00:00","dateModified":"2025-03-24T13:41:26+00:00","breadcrumb":{"@id":"https:\/\/www.xunzel.com\/store\/fr\/producto\/solarpower-30w-12v\/#breadcrumb"},"inLanguage":"fr-FR","potentialAction":[{"@type":"ReadAction","target":["https:\/\/www.xunzel.com\/store\/fr\/producto\/solarpower-30w-12v\/"]}]},{"@type":"ImageObject","inLanguage":"fr-FR","@id":"https:\/\/www.xunzel.com\/store\/fr\/producto\/solarpower-30w-12v\/#primaryimage","url":"https:\/\/www.xunzel.com\/store\/wp-content\/uploads\/2020\/09\/1-SOLARPOWER_ISO-30W.jpg","contentUrl":"https:\/\/www.xunzel.com\/store\/wp-content\/uploads\/2020\/09\/1-SOLARPOWER_ISO-30W.jpg","width":1100,"height":1110},{"@type":"BreadcrumbList","@id":"https:\/\/www.xunzel.com\/store\/fr\/producto\/solarpower-30w-12v\/#breadcrumb","itemListElement":[{"@type":"ListItem","position":1,"name":"Portada","item":"https:\/\/www.xunzel.com\/store\/fr\/"},{"@type":"ListItem","position":2,"name":"Magasin","item":"https:\/\/www.xunzel.com\/store\/tienda\/"},{"@type":"ListItem","position":3,"name":"SOLARPOWER 30W 12V"}]},{"@type":"WebSite","@id":"https:\/\/www.xunzel.com\/store\/fr\/#website","url":"https:\/\/www.xunzel.com\/store\/fr\/","name":"Xunzel","description":"Energy in a box - The Electric Revolution","publisher":{"@id":"https:\/\/www.xunzel.com\/store\/fr\/#organization"},"potentialAction":[{"@type":"SearchAction","target":{"@type":"EntryPoint","urlTemplate":"https:\/\/www.xunzel.com\/store\/fr\/?s={search_term_string}"},"query-input":{"@type":"PropertyValueSpecification","valueRequired":true,"valueName":"search_term_string"}}],"inLanguage":"fr-FR"},{"@type":"Organization","@id":"https:\/\/www.xunzel.com\/store\/fr\/#organization","name":"Xunzel","url":"https:\/\/www.xunzel.com\/store\/fr\/","logo":{"@type":"ImageObject","inLanguage":"fr-FR","@id":"https:\/\/www.xunzel.com\/store\/fr\/#\/schema\/logo\/image\/","url":"https:\/\/www.xunzel.com\/store\/wp-content\/uploads\/2021\/01\/logo-xunzel-footer.png","contentUrl":"https:\/\/www.xunzel.com\/store\/wp-content\/uploads\/2021\/01\/logo-xunzel-footer.png","width":280,"height":52,"caption":"Xunzel"},"image":{"@id":"https:\/\/www.xunzel.com\/store\/fr\/#\/schema\/logo\/image\/"}}]}},"_links":{"self":[{"href":"https:\/\/www.xunzel.com\/store\/fr\/wp-json\/wp\/v2\/product\/13231","targetHints":{"allow":["GET"]}}],"collection":[{"href":"https:\/\/www.xunzel.com\/store\/fr\/wp-json\/wp\/v2\/product"}],"about":[{"href":"https:\/\/www.xunzel.com\/store\/fr\/wp-json\/wp\/v2\/types\/product"}],"wp:featuredmedia":[{"embeddable":true,"href":"https:\/\/www.xunzel.com\/store\/fr\/wp-json\/wp\/v2\/media\/13238"}],"wp:attachment":[{"href":"https:\/\/www.xunzel.com\/store\/fr\/wp-json\/wp\/v2\/media?parent=13231"}],"wp:term":[{"taxonomy":"product_brand","embeddable":true,"href":"https:\/\/www.xunzel.com\/store\/fr\/wp-json\/wp\/v2\/product_brand?post=13231"},{"taxonomy":"product_cat","embeddable":true,"href":"https:\/\/www.xunzel.com\/store\/fr\/wp-json\/wp\/v2\/product_cat?post=13231"},{"taxonomy":"product_tag","embeddable":true,"href":"https:\/\/www.xunzel.com\/store\/fr\/wp-json\/wp\/v2\/product_tag?post=13231"}],"curies":[{"name":"wp","href":"https:\/\/api.w.org\/{rel}","templated":true}]}}