{"id":13201,"date":"2020-09-15T14:27:12","date_gmt":"2021-05-28T08:10:19","guid":{"rendered":"https:\/\/www.xunzel.com\/store\/?post_type=product&#038;p=13201"},"modified":"2025-06-23T10:52:04","modified_gmt":"2025-06-23T08:52:04","slug":"solarlife-s-line-120-32","status":"publish","type":"product","link":"https:\/\/www.xunzel.com\/store\/fr\/producto\/solarlife-s-line-120-32\/","title":{"rendered":"SOLARLIFE S-LINE 120-32"},"content":{"rendered":"<p>SOLARLIFE S-LINE 120-32 COSY. Syst\u00e8me d&#8217;\u00e9clairage LED complet pr\u00eat \u00e0 l&#8217;emploi. Id\u00e9al pour un usage industriel, professionnel, de jardin, HORECA ou r\u00e9cr\u00e9atif.<br \/>\nAvec allumage automatique inclus. Avec fonction cr\u00e9pusculaire (marche\/arr\u00eat automatique) programmable ou allumez et \u00e9teignez-la quand vous le souhaitez.<br \/>\nCompl\u00e8te. Cr\u00e9ez votre propre syst\u00e8me d&#8217;\u00e9clairage o\u00f9 que vous soyez. Faites votre \u00e9clairage solaire, int\u00e9rieur ou ext\u00e9rieur. Ultra-s\u00fbr 12Vdc. Facile \u00e0 d\u00e9velopper et tr\u00e8s polyvalent. . Efficacit\u00e9 et s\u00e9curit\u00e9 maximales.<\/p>\n<ul>\n<li>Avec panneau <a href=\"https:\/\/www.xunzel.com\/store\/fr\/product\/solarpower-120w-12v\/\" target=\"_blank\" rel=\"noopener\"><strong>SOLARPOWER-120W<\/strong><\/a> (avec 4 m\u00e8tres de c\u00e2ble) de haute efficacit\u00e9,<\/li>\n<li>Batterie solaire<a href=\"https:\/\/www.xunzel.com\/store\/fr\/product\/solarx-48\/\" target=\"_blank\" rel=\"noopener\"><strong> SOLARX-48Ah<\/strong> <\/a>longue dur\u00e9e (charge compl\u00e8te en 1 jour environ),<\/li>\n<li>Guirlande de 32 m\u00e8tres avec des crochets pour un placement facile et 32 prises pour l&#8217;ext\u00e9rieur et l&#8217;int\u00e9rieur, avec 32x <a href=\"https:\/\/www.xunzel.com\/store\/fr\/led-nature\/\" target=\"_blank\" rel=\"noopener\"><strong>LED NATURE\u00a0 1W-12V<\/strong><\/a> haute luminosit\u00e9 et efficacit\u00e9\u2502S\u00fbre et incassable : sp\u00e9cial 12V haute r\u00e9sistance aux impacts. (Avec une batterie charg\u00e9e \u00e0 100%, total= 3200lm pendant environ 12 heures).<\/li>\n<li>Contr\u00f4leu digital de charge et de d\u00e9charge<a href=\"https:\/\/www.xunzel.com\/store\/fr\/product\/iscc-au-10a-12v\/\" target=\"_blank\" rel=\"noopener\"><strong> iSCC-AU<\/strong><\/a> avec sortie USB 5V-2.1A. Obtenez des performances et une dur\u00e9e de vie maximales de votre batterie.<\/li>\n<li>C\u00e2bles et connecteurs<\/li>\n<li>Boite XUNBOX, id\u00e9ale pour le rangement de tous les composants.<\/li>\n<\/ul>\n","protected":false},"excerpt":{"rendered":"<p>Syst\u00e8me d&#8217;\u00e9clairage solaire \u00e0 LED avec allumage automatique \u00e0 haute efficacit\u00e9. Cr\u00e9ez votre propre syst\u00e8me d&#8217;\u00e9clairage o\u00f9 que vous soyez. Rendez votre \u00e9clairage solaire. Utilisation int\u00e9rieure ou ext\u00e9rieure. Ultra-s\u00fbr 12Vdc.<br \/>\nAvec fonction cr\u00e9pusculaire programmable (marche\/arr\u00eat automatique).<br \/>\nAvec une sortie USB 5V-2.1A pour charger les appareils \u00e9lectroniques.<br \/>\nGuirlande r\u00e9sistante aux intemp\u00e9ries avec 32x LED NATURE 1W-12V \u00e0 haute luminosit\u00e9 et efficacit\u00e9\u2502S\u00fbre et incassable : sp\u00e9ciale 12V haute r\u00e9sistance aux chocs. Guirlande de 32 m de c\u00e2ble. Avec des crochets qui offrent une grande polyvalence de placement. Fournit jusqu&#8217;\u00e0 12 heures x 3200 lm de lumi\u00e8re (batterie charg\u00e9e \u00e0 100%).<\/p>\n<p><span class=\"shared-files-shortcode-admin-list shared-files-shortcode-admin-list-file shared-files-shortcode-11221\" title=\"[shared_files file_id=11221]\">[shared_files file_id=11221]<\/span><\/p>\n","protected":false},"featured_media":18721,"template":"","meta":{"_acf_changed":false},"product_brand":[],"product_cat":[476],"product_tag":[],"class_list":{"0":"post-13201","1":"product","2":"type-product","3":"status-publish","4":"has-post-thumbnail","6":"product_cat-solarlife-s-line-series","8":"first","9":"instock","10":"featured","11":"taxable","12":"shipping-taxable","13":"purchasable","14":"product-type-variable"},"acf":[],"yoast_head":"<!-- This site is optimized with the Yoast SEO plugin v25.4 - https:\/\/yoast.com\/wordpress\/plugins\/seo\/ -->\n<title>SOLARLIFE S-LINE 120-32 &#8211; Xunzel<\/title>\n<meta name=\"robots\" content=\"index, follow, max-snippet:-1, max-image-preview:large, max-video-preview:-1\" \/>\n<link rel=\"canonical\" href=\"https:\/\/www.xunzel.com\/store\/fr\/producto\/solarlife-s-line-120-32\/\" \/>\n<meta property=\"og:locale\" content=\"fr_FR\" \/>\n<meta property=\"og:type\" content=\"article\" \/>\n<meta property=\"og:title\" content=\"SOLARLIFE S-LINE 120-32 &#8211; Xunzel\" \/>\n<meta property=\"og:description\" content=\"Syst\u00e8me d&#039;\u00e9clairage solaire \u00e0 LED avec allumage automatique \u00e0 haute efficacit\u00e9. Cr\u00e9ez votre propre syst\u00e8me d&#039;\u00e9clairage o\u00f9 que vous soyez. Rendez votre \u00e9clairage solaire. Utilisation int\u00e9rieure ou ext\u00e9rieure. Ultra-s\u00fbr 12Vdc. Avec fonction cr\u00e9pusculaire programmable (marche\/arr\u00eat automatique). Avec une sortie USB 5V-2.1A pour charger les appareils \u00e9lectroniques. Guirlande r\u00e9sistante aux intemp\u00e9ries avec 32x LED NATURE 1W-12V \u00e0 haute luminosit\u00e9 et efficacit\u00e9\u2502S\u00fbre et incassable : sp\u00e9ciale 12V haute r\u00e9sistance aux chocs. Guirlande de 32 m de c\u00e2ble. Avec des crochets qui offrent une grande polyvalence de placement. Fournit jusqu&#039;\u00e0 12 heures x 3200 lm de lumi\u00e8re (batterie charg\u00e9e \u00e0 100%).\" \/>\n<meta property=\"og:url\" content=\"https:\/\/www.xunzel.com\/store\/fr\/producto\/solarlife-s-line-120-32\/\" \/>\n<meta property=\"og:site_name\" content=\"Xunzel\" \/>\n<meta property=\"article:modified_time\" content=\"2025-06-23T08:52:04+00:00\" \/>\n<meta property=\"og:image\" content=\"https:\/\/www.xunzel.com\/store\/wp-content\/uploads\/2023\/12\/S-LINE-120-32caja.jpg\" \/>\n\t<meta property=\"og:image:width\" content=\"2250\" \/>\n\t<meta property=\"og:image:height\" content=\"2250\" \/>\n\t<meta property=\"og:image:type\" content=\"image\/jpeg\" \/>\n<meta name=\"twitter:card\" content=\"summary_large_image\" \/>\n<meta name=\"twitter:label1\" content=\"Dur\u00e9e de lecture estim\u00e9e\" \/>\n\t<meta name=\"twitter:data1\" content=\"2 minutes\" \/>\n<script type=\"application\/ld+json\" class=\"yoast-schema-graph\">{\"@context\":\"https:\/\/schema.org\",\"@graph\":[{\"@type\":\"WebPage\",\"@id\":\"https:\/\/www.xunzel.com\/store\/fr\/producto\/solarlife-s-line-120-32\/\",\"url\":\"https:\/\/www.xunzel.com\/store\/fr\/producto\/solarlife-s-line-120-32\/\",\"name\":\"SOLARLIFE S-LINE 120-32 &#8211; Xunzel\",\"isPartOf\":{\"@id\":\"https:\/\/www.xunzel.com\/store\/fr\/#website\"},\"primaryImageOfPage\":{\"@id\":\"https:\/\/www.xunzel.com\/store\/fr\/producto\/solarlife-s-line-120-32\/#primaryimage\"},\"image\":{\"@id\":\"https:\/\/www.xunzel.com\/store\/fr\/producto\/solarlife-s-line-120-32\/#primaryimage\"},\"thumbnailUrl\":\"https:\/\/www.xunzel.com\/store\/wp-content\/uploads\/2023\/12\/S-LINE-120-32caja.jpg\",\"datePublished\":\"2021-05-28T08:10:19+00:00\",\"dateModified\":\"2025-06-23T08:52:04+00:00\",\"breadcrumb\":{\"@id\":\"https:\/\/www.xunzel.com\/store\/fr\/producto\/solarlife-s-line-120-32\/#breadcrumb\"},\"inLanguage\":\"fr-FR\",\"potentialAction\":[{\"@type\":\"ReadAction\",\"target\":[\"https:\/\/www.xunzel.com\/store\/fr\/producto\/solarlife-s-line-120-32\/\"]}]},{\"@type\":\"ImageObject\",\"inLanguage\":\"fr-FR\",\"@id\":\"https:\/\/www.xunzel.com\/store\/fr\/producto\/solarlife-s-line-120-32\/#primaryimage\",\"url\":\"https:\/\/www.xunzel.com\/store\/wp-content\/uploads\/2023\/12\/S-LINE-120-32caja.jpg\",\"contentUrl\":\"https:\/\/www.xunzel.com\/store\/wp-content\/uploads\/2023\/12\/S-LINE-120-32caja.jpg\",\"width\":2250,\"height\":2250},{\"@type\":\"BreadcrumbList\",\"@id\":\"https:\/\/www.xunzel.com\/store\/fr\/producto\/solarlife-s-line-120-32\/#breadcrumb\",\"itemListElement\":[{\"@type\":\"ListItem\",\"position\":1,\"name\":\"Portada\",\"item\":\"https:\/\/www.xunzel.com\/store\/fr\/\"},{\"@type\":\"ListItem\",\"position\":2,\"name\":\"Magasin\",\"item\":\"https:\/\/www.xunzel.com\/store\/tienda\/\"},{\"@type\":\"ListItem\",\"position\":3,\"name\":\"SOLARLIFE S-LINE 120-32\"}]},{\"@type\":\"WebSite\",\"@id\":\"https:\/\/www.xunzel.com\/store\/fr\/#website\",\"url\":\"https:\/\/www.xunzel.com\/store\/fr\/\",\"name\":\"Xunzel\",\"description\":\"Energy in a box - The Electric Revolution\",\"publisher\":{\"@id\":\"https:\/\/www.xunzel.com\/store\/fr\/#organization\"},\"potentialAction\":[{\"@type\":\"SearchAction\",\"target\":{\"@type\":\"EntryPoint\",\"urlTemplate\":\"https:\/\/www.xunzel.com\/store\/fr\/?s={search_term_string}\"},\"query-input\":{\"@type\":\"PropertyValueSpecification\",\"valueRequired\":true,\"valueName\":\"search_term_string\"}}],\"inLanguage\":\"fr-FR\"},{\"@type\":\"Organization\",\"@id\":\"https:\/\/www.xunzel.com\/store\/fr\/#organization\",\"name\":\"Xunzel\",\"url\":\"https:\/\/www.xunzel.com\/store\/fr\/\",\"logo\":{\"@type\":\"ImageObject\",\"inLanguage\":\"fr-FR\",\"@id\":\"https:\/\/www.xunzel.com\/store\/fr\/#\/schema\/logo\/image\/\",\"url\":\"https:\/\/www.xunzel.com\/store\/wp-content\/uploads\/2021\/01\/logo-xunzel-footer.png\",\"contentUrl\":\"https:\/\/www.xunzel.com\/store\/wp-content\/uploads\/2021\/01\/logo-xunzel-footer.png\",\"width\":280,\"height\":52,\"caption\":\"Xunzel\"},\"image\":{\"@id\":\"https:\/\/www.xunzel.com\/store\/fr\/#\/schema\/logo\/image\/\"}}]}<\/script>\n<!-- \/ Yoast SEO plugin. -->","yoast_head_json":{"title":"SOLARLIFE S-LINE 120-32 &#8211; Xunzel","robots":{"index":"index","follow":"follow","max-snippet":"max-snippet:-1","max-image-preview":"max-image-preview:large","max-video-preview":"max-video-preview:-1"},"canonical":"https:\/\/www.xunzel.com\/store\/fr\/producto\/solarlife-s-line-120-32\/","og_locale":"fr_FR","og_type":"article","og_title":"SOLARLIFE S-LINE 120-32 &#8211; Xunzel","og_description":"Syst\u00e8me d'\u00e9clairage solaire \u00e0 LED avec allumage automatique \u00e0 haute efficacit\u00e9. Cr\u00e9ez votre propre syst\u00e8me d'\u00e9clairage o\u00f9 que vous soyez. Rendez votre \u00e9clairage solaire. Utilisation int\u00e9rieure ou ext\u00e9rieure. Ultra-s\u00fbr 12Vdc. Avec fonction cr\u00e9pusculaire programmable (marche\/arr\u00eat automatique). Avec une sortie USB 5V-2.1A pour charger les appareils \u00e9lectroniques. Guirlande r\u00e9sistante aux intemp\u00e9ries avec 32x LED NATURE 1W-12V \u00e0 haute luminosit\u00e9 et efficacit\u00e9\u2502S\u00fbre et incassable : sp\u00e9ciale 12V haute r\u00e9sistance aux chocs. Guirlande de 32 m de c\u00e2ble. Avec des crochets qui offrent une grande polyvalence de placement. Fournit jusqu'\u00e0 12 heures x 3200 lm de lumi\u00e8re (batterie charg\u00e9e \u00e0 100%).","og_url":"https:\/\/www.xunzel.com\/store\/fr\/producto\/solarlife-s-line-120-32\/","og_site_name":"Xunzel","article_modified_time":"2025-06-23T08:52:04+00:00","og_image":[{"width":2250,"height":2250,"url":"https:\/\/www.xunzel.com\/store\/wp-content\/uploads\/2023\/12\/S-LINE-120-32caja.jpg","type":"image\/jpeg"}],"twitter_card":"summary_large_image","twitter_misc":{"Dur\u00e9e de lecture estim\u00e9e":"2 minutes"},"schema":{"@context":"https:\/\/schema.org","@graph":[{"@type":"WebPage","@id":"https:\/\/www.xunzel.com\/store\/fr\/producto\/solarlife-s-line-120-32\/","url":"https:\/\/www.xunzel.com\/store\/fr\/producto\/solarlife-s-line-120-32\/","name":"SOLARLIFE S-LINE 120-32 &#8211; Xunzel","isPartOf":{"@id":"https:\/\/www.xunzel.com\/store\/fr\/#website"},"primaryImageOfPage":{"@id":"https:\/\/www.xunzel.com\/store\/fr\/producto\/solarlife-s-line-120-32\/#primaryimage"},"image":{"@id":"https:\/\/www.xunzel.com\/store\/fr\/producto\/solarlife-s-line-120-32\/#primaryimage"},"thumbnailUrl":"https:\/\/www.xunzel.com\/store\/wp-content\/uploads\/2023\/12\/S-LINE-120-32caja.jpg","datePublished":"2021-05-28T08:10:19+00:00","dateModified":"2025-06-23T08:52:04+00:00","breadcrumb":{"@id":"https:\/\/www.xunzel.com\/store\/fr\/producto\/solarlife-s-line-120-32\/#breadcrumb"},"inLanguage":"fr-FR","potentialAction":[{"@type":"ReadAction","target":["https:\/\/www.xunzel.com\/store\/fr\/producto\/solarlife-s-line-120-32\/"]}]},{"@type":"ImageObject","inLanguage":"fr-FR","@id":"https:\/\/www.xunzel.com\/store\/fr\/producto\/solarlife-s-line-120-32\/#primaryimage","url":"https:\/\/www.xunzel.com\/store\/wp-content\/uploads\/2023\/12\/S-LINE-120-32caja.jpg","contentUrl":"https:\/\/www.xunzel.com\/store\/wp-content\/uploads\/2023\/12\/S-LINE-120-32caja.jpg","width":2250,"height":2250},{"@type":"BreadcrumbList","@id":"https:\/\/www.xunzel.com\/store\/fr\/producto\/solarlife-s-line-120-32\/#breadcrumb","itemListElement":[{"@type":"ListItem","position":1,"name":"Portada","item":"https:\/\/www.xunzel.com\/store\/fr\/"},{"@type":"ListItem","position":2,"name":"Magasin","item":"https:\/\/www.xunzel.com\/store\/tienda\/"},{"@type":"ListItem","position":3,"name":"SOLARLIFE S-LINE 120-32"}]},{"@type":"WebSite","@id":"https:\/\/www.xunzel.com\/store\/fr\/#website","url":"https:\/\/www.xunzel.com\/store\/fr\/","name":"Xunzel","description":"Energy in a box - The Electric Revolution","publisher":{"@id":"https:\/\/www.xunzel.com\/store\/fr\/#organization"},"potentialAction":[{"@type":"SearchAction","target":{"@type":"EntryPoint","urlTemplate":"https:\/\/www.xunzel.com\/store\/fr\/?s={search_term_string}"},"query-input":{"@type":"PropertyValueSpecification","valueRequired":true,"valueName":"search_term_string"}}],"inLanguage":"fr-FR"},{"@type":"Organization","@id":"https:\/\/www.xunzel.com\/store\/fr\/#organization","name":"Xunzel","url":"https:\/\/www.xunzel.com\/store\/fr\/","logo":{"@type":"ImageObject","inLanguage":"fr-FR","@id":"https:\/\/www.xunzel.com\/store\/fr\/#\/schema\/logo\/image\/","url":"https:\/\/www.xunzel.com\/store\/wp-content\/uploads\/2021\/01\/logo-xunzel-footer.png","contentUrl":"https:\/\/www.xunzel.com\/store\/wp-content\/uploads\/2021\/01\/logo-xunzel-footer.png","width":280,"height":52,"caption":"Xunzel"},"image":{"@id":"https:\/\/www.xunzel.com\/store\/fr\/#\/schema\/logo\/image\/"}}]}},"_links":{"self":[{"href":"https:\/\/www.xunzel.com\/store\/fr\/wp-json\/wp\/v2\/product\/13201","targetHints":{"allow":["GET"]}}],"collection":[{"href":"https:\/\/www.xunzel.com\/store\/fr\/wp-json\/wp\/v2\/product"}],"about":[{"href":"https:\/\/www.xunzel.com\/store\/fr\/wp-json\/wp\/v2\/types\/product"}],"wp:featuredmedia":[{"embeddable":true,"href":"https:\/\/www.xunzel.com\/store\/fr\/wp-json\/wp\/v2\/media\/18721"}],"wp:attachment":[{"href":"https:\/\/www.xunzel.com\/store\/fr\/wp-json\/wp\/v2\/media?parent=13201"}],"wp:term":[{"taxonomy":"product_brand","embeddable":true,"href":"https:\/\/www.xunzel.com\/store\/fr\/wp-json\/wp\/v2\/product_brand?post=13201"},{"taxonomy":"product_cat","embeddable":true,"href":"https:\/\/www.xunzel.com\/store\/fr\/wp-json\/wp\/v2\/product_cat?post=13201"},{"taxonomy":"product_tag","embeddable":true,"href":"https:\/\/www.xunzel.com\/store\/fr\/wp-json\/wp\/v2\/product_tag?post=13201"}],"curies":[{"name":"wp","href":"https:\/\/api.w.org\/{rel}","templated":true}]}}