{"id":21054,"date":"2024-04-10T21:05:30","date_gmt":"2024-04-10T19:05:30","guid":{"rendered":"https:\/\/www.xunzel.com\/store\/?page_id=21054"},"modified":"2024-04-25T08:49:46","modified_gmt":"2024-04-25T06:49:46","slug":"politique-denvoi","status":"publish","type":"page","link":"https:\/\/www.xunzel.com\/store\/fr\/politique-denvoi\/","title":{"rendered":"Politique d\u2019envoi"},"content":{"rendered":"<div class=\"wpb-content-wrapper\"><p>[vc_row][vc_column width=&#8221;1\/4&#8243;][vc_wp_custommenu nav_menu=&#8221;801&#8243;][\/vc_column][vc_column width=&#8221;3\/4&#8243;][vc_column_text]<strong>O\u00f9 livrons-nous ?<\/strong><\/p>\n<p><strong>EUROPE : <\/strong>Espagne et Portugal.<\/p>\n<p><strong>M\u00e9thodes et co\u00fbts de livraison<\/strong><\/p>\n<table width=\"769\">\n<tbody>\n<tr>\n<td style=\"text-align: center;\" width=\"161\"><strong>DESTINATION<\/strong><\/td>\n<td style=\"text-align: center;\" width=\"85\"><strong>M\u00c9THODE DE LIVRAISON<br \/>\n<\/strong><\/td>\n<td style=\"text-align: center;\" width=\"94\"><strong>D\u00c9LAI ESTIM\u00c9E<br \/>\n<\/strong><\/td>\n<td style=\"text-align: center;\" width=\"113\"><strong>LIVRAISON GRATUITE \u00c0 PARTIR DE<br \/>\n<\/strong><\/td>\n<td style=\"text-align: center;\" width=\"113\"><strong>FRAIS D&#8217;ENVOI<br \/>\n<\/strong><\/td>\n<\/tr>\n<tr>\n<td width=\"161\">ESPAGNE P\u00e9ninsulaire<\/td>\n<td style=\"text-align: center;\" width=\"85\">Standard<\/td>\n<td style=\"text-align: center;\" width=\"94\">5 \u2013 7 Jours Ouvrables<\/td>\n<td style=\"text-align: center;\" width=\"113\">200\u20ac<\/td>\n<td style=\"text-align: center;\" width=\"113\">9,99\u20ac<\/td>\n<\/tr>\n<tr>\n<td width=\"161\">ESPAGNE (\u00celes Bal\u00e9ares)<\/td>\n<td style=\"text-align: center;\" width=\"85\">Standard<\/td>\n<td style=\"text-align: center;\" width=\"94\">7 \u2013 10 Jours Ouvrables<\/td>\n<td style=\"text-align: center;\" width=\"113\">200\u20ac<\/td>\n<td style=\"text-align: center;\" width=\"113\">9,99\u20ac<\/td>\n<\/tr>\n<tr>\n<td width=\"161\">PORTUGAL Continental<\/td>\n<td style=\"text-align: center;\" width=\"85\">Standard<\/td>\n<td style=\"text-align: center;\" width=\"94\">5 \u2013 7 Jours Ouvrables<\/td>\n<td style=\"text-align: center;\" width=\"113\">200\u20ac<\/td>\n<td style=\"text-align: center;\" width=\"113\">9,99\u20ac<\/td>\n<\/tr>\n<\/tbody>\n<\/table>\n<p>Pour effectuer des achats dans les \u00eeles Canaries, Ceuta et Melilla, les A\u00e7ores et Mad\u00e8re, envoyez un courriel \u00e0 <a href=\"mailto:online.eu@xunzel.com\">online.eu@xunzel.com<\/a> ou remplissez le <strong><a href=\"https:\/\/www.xunzel.com\/store\/fr\/contact\/\" target=\"_blank\" rel=\"noopener\">formulaire de contact<\/a><\/strong>.<\/p>\n<p>Les de produits volumineux et\/ou lourdes seront livr\u00e9es au niveau de la rue et\/ou du v\u00e9hicule.[\/vc_column_text][\/vc_column][\/vc_row]<\/p>\n<\/div>","protected":false},"excerpt":{"rendered":"<p>[vc_row][vc_column width=&#8221;1\/4&#8243;][vc_wp_custommenu nav_menu=&#8221;801&#8243;][\/vc_column][vc_column width=&#8221;3\/4&#8243;][vc_column_text]O\u00f9 livrons-nous ? EUROPE : Espagne et Portugal. M\u00e9thodes et co\u00fbts de livraison DESTINATION M\u00c9THODE DE LIVRAISON [&hellip;]<\/p>\n","protected":false},"author":1,"featured_media":0,"parent":0,"menu_order":0,"comment_status":"closed","ping_status":"closed","template":"","meta":{"_acf_changed":false,"footnotes":""},"class_list":["post-21054","page","type-page","status-publish","hentry"],"acf":[],"yoast_head":"<!-- This site is optimized with the Yoast SEO plugin v25.4 - https:\/\/yoast.com\/wordpress\/plugins\/seo\/ -->\n<title>Politique d\u2019envoi &#8211; Xunzel<\/title>\n<meta name=\"robots\" content=\"index, follow, max-snippet:-1, max-image-preview:large, max-video-preview:-1\" \/>\n<link rel=\"canonical\" href=\"https:\/\/www.xunzel.com\/store\/fr\/politique-denvoi\/\" \/>\n<meta property=\"og:locale\" content=\"fr_FR\" \/>\n<meta property=\"og:type\" content=\"article\" \/>\n<meta property=\"og:title\" content=\"Politique d\u2019envoi &#8211; Xunzel\" \/>\n<meta property=\"og:description\" content=\"[vc_row][vc_column width=&#8221;1\/4&#8243;][vc_wp_custommenu nav_menu=&#8221;801&#8243;][\/vc_column][vc_column width=&#8221;3\/4&#8243;][vc_column_text]O\u00f9 livrons-nous ? EUROPE : Espagne et Portugal. M\u00e9thodes et co\u00fbts de livraison DESTINATION M\u00c9THODE DE LIVRAISON [&hellip;]\" \/>\n<meta property=\"og:url\" content=\"https:\/\/www.xunzel.com\/store\/fr\/politique-denvoi\/\" \/>\n<meta property=\"og:site_name\" content=\"Xunzel\" \/>\n<meta property=\"article:modified_time\" content=\"2024-04-25T06:49:46+00:00\" \/>\n<meta property=\"og:image\" content=\"https:\/\/www.xunzel.com\/store\/wp-content\/uploads\/2024\/02\/HOME-XUNZEL_W.jpg\" \/>\n\t<meta property=\"og:image:width\" content=\"2000\" \/>\n\t<meta property=\"og:image:height\" content=\"2000\" \/>\n\t<meta property=\"og:image:type\" content=\"image\/jpeg\" \/>\n<meta name=\"twitter:card\" content=\"summary_large_image\" \/>\n<meta name=\"twitter:label1\" content=\"Dur\u00e9e de lecture estim\u00e9e\" \/>\n\t<meta name=\"twitter:data1\" content=\"1 minute\" \/>\n<script type=\"application\/ld+json\" class=\"yoast-schema-graph\">{\"@context\":\"https:\/\/schema.org\",\"@graph\":[{\"@type\":\"WebPage\",\"@id\":\"https:\/\/www.xunzel.com\/store\/fr\/politique-denvoi\/\",\"url\":\"https:\/\/www.xunzel.com\/store\/fr\/politique-denvoi\/\",\"name\":\"Politique d\u2019envoi &#8211; Xunzel\",\"isPartOf\":{\"@id\":\"https:\/\/www.xunzel.com\/store\/fr\/#website\"},\"datePublished\":\"2024-04-10T19:05:30+00:00\",\"dateModified\":\"2024-04-25T06:49:46+00:00\",\"breadcrumb\":{\"@id\":\"https:\/\/www.xunzel.com\/store\/fr\/politique-denvoi\/#breadcrumb\"},\"inLanguage\":\"fr-FR\",\"potentialAction\":[{\"@type\":\"ReadAction\",\"target\":[\"https:\/\/www.xunzel.com\/store\/fr\/politique-denvoi\/\"]}]},{\"@type\":\"BreadcrumbList\",\"@id\":\"https:\/\/www.xunzel.com\/store\/fr\/politique-denvoi\/#breadcrumb\",\"itemListElement\":[{\"@type\":\"ListItem\",\"position\":1,\"name\":\"Portada\",\"item\":\"https:\/\/www.xunzel.com\/store\/fr\/\"},{\"@type\":\"ListItem\",\"position\":2,\"name\":\"Politique d\u2019envoi\"}]},{\"@type\":\"WebSite\",\"@id\":\"https:\/\/www.xunzel.com\/store\/fr\/#website\",\"url\":\"https:\/\/www.xunzel.com\/store\/fr\/\",\"name\":\"Xunzel\",\"description\":\"Energy in a box - The Electric Revolution\",\"publisher\":{\"@id\":\"https:\/\/www.xunzel.com\/store\/fr\/#organization\"},\"potentialAction\":[{\"@type\":\"SearchAction\",\"target\":{\"@type\":\"EntryPoint\",\"urlTemplate\":\"https:\/\/www.xunzel.com\/store\/fr\/?s={search_term_string}\"},\"query-input\":{\"@type\":\"PropertyValueSpecification\",\"valueRequired\":true,\"valueName\":\"search_term_string\"}}],\"inLanguage\":\"fr-FR\"},{\"@type\":\"Organization\",\"@id\":\"https:\/\/www.xunzel.com\/store\/fr\/#organization\",\"name\":\"Xunzel\",\"url\":\"https:\/\/www.xunzel.com\/store\/fr\/\",\"logo\":{\"@type\":\"ImageObject\",\"inLanguage\":\"fr-FR\",\"@id\":\"https:\/\/www.xunzel.com\/store\/fr\/#\/schema\/logo\/image\/\",\"url\":\"https:\/\/www.xunzel.com\/store\/wp-content\/uploads\/2021\/01\/logo-xunzel-footer.png\",\"contentUrl\":\"https:\/\/www.xunzel.com\/store\/wp-content\/uploads\/2021\/01\/logo-xunzel-footer.png\",\"width\":280,\"height\":52,\"caption\":\"Xunzel\"},\"image\":{\"@id\":\"https:\/\/www.xunzel.com\/store\/fr\/#\/schema\/logo\/image\/\"}}]}<\/script>\n<!-- \/ Yoast SEO plugin. -->","yoast_head_json":{"title":"Politique d\u2019envoi &#8211; Xunzel","robots":{"index":"index","follow":"follow","max-snippet":"max-snippet:-1","max-image-preview":"max-image-preview:large","max-video-preview":"max-video-preview:-1"},"canonical":"https:\/\/www.xunzel.com\/store\/fr\/politique-denvoi\/","og_locale":"fr_FR","og_type":"article","og_title":"Politique d\u2019envoi &#8211; Xunzel","og_description":"[vc_row][vc_column width=&#8221;1\/4&#8243;][vc_wp_custommenu nav_menu=&#8221;801&#8243;][\/vc_column][vc_column width=&#8221;3\/4&#8243;][vc_column_text]O\u00f9 livrons-nous ? EUROPE : Espagne et Portugal. M\u00e9thodes et co\u00fbts de livraison DESTINATION M\u00c9THODE DE LIVRAISON [&hellip;]","og_url":"https:\/\/www.xunzel.com\/store\/fr\/politique-denvoi\/","og_site_name":"Xunzel","article_modified_time":"2024-04-25T06:49:46+00:00","og_image":[{"width":2000,"height":2000,"url":"https:\/\/www.xunzel.com\/store\/wp-content\/uploads\/2024\/02\/HOME-XUNZEL_W.jpg","type":"image\/jpeg"}],"twitter_card":"summary_large_image","twitter_misc":{"Dur\u00e9e de lecture estim\u00e9e":"1 minute"},"schema":{"@context":"https:\/\/schema.org","@graph":[{"@type":"WebPage","@id":"https:\/\/www.xunzel.com\/store\/fr\/politique-denvoi\/","url":"https:\/\/www.xunzel.com\/store\/fr\/politique-denvoi\/","name":"Politique d\u2019envoi &#8211; Xunzel","isPartOf":{"@id":"https:\/\/www.xunzel.com\/store\/fr\/#website"},"datePublished":"2024-04-10T19:05:30+00:00","dateModified":"2024-04-25T06:49:46+00:00","breadcrumb":{"@id":"https:\/\/www.xunzel.com\/store\/fr\/politique-denvoi\/#breadcrumb"},"inLanguage":"fr-FR","potentialAction":[{"@type":"ReadAction","target":["https:\/\/www.xunzel.com\/store\/fr\/politique-denvoi\/"]}]},{"@type":"BreadcrumbList","@id":"https:\/\/www.xunzel.com\/store\/fr\/politique-denvoi\/#breadcrumb","itemListElement":[{"@type":"ListItem","position":1,"name":"Portada","item":"https:\/\/www.xunzel.com\/store\/fr\/"},{"@type":"ListItem","position":2,"name":"Politique d\u2019envoi"}]},{"@type":"WebSite","@id":"https:\/\/www.xunzel.com\/store\/fr\/#website","url":"https:\/\/www.xunzel.com\/store\/fr\/","name":"Xunzel","description":"Energy in a box - The Electric Revolution","publisher":{"@id":"https:\/\/www.xunzel.com\/store\/fr\/#organization"},"potentialAction":[{"@type":"SearchAction","target":{"@type":"EntryPoint","urlTemplate":"https:\/\/www.xunzel.com\/store\/fr\/?s={search_term_string}"},"query-input":{"@type":"PropertyValueSpecification","valueRequired":true,"valueName":"search_term_string"}}],"inLanguage":"fr-FR"},{"@type":"Organization","@id":"https:\/\/www.xunzel.com\/store\/fr\/#organization","name":"Xunzel","url":"https:\/\/www.xunzel.com\/store\/fr\/","logo":{"@type":"ImageObject","inLanguage":"fr-FR","@id":"https:\/\/www.xunzel.com\/store\/fr\/#\/schema\/logo\/image\/","url":"https:\/\/www.xunzel.com\/store\/wp-content\/uploads\/2021\/01\/logo-xunzel-footer.png","contentUrl":"https:\/\/www.xunzel.com\/store\/wp-content\/uploads\/2021\/01\/logo-xunzel-footer.png","width":280,"height":52,"caption":"Xunzel"},"image":{"@id":"https:\/\/www.xunzel.com\/store\/fr\/#\/schema\/logo\/image\/"}}]}},"_links":{"self":[{"href":"https:\/\/www.xunzel.com\/store\/fr\/wp-json\/wp\/v2\/pages\/21054","targetHints":{"allow":["GET"]}}],"collection":[{"href":"https:\/\/www.xunzel.com\/store\/fr\/wp-json\/wp\/v2\/pages"}],"about":[{"href":"https:\/\/www.xunzel.com\/store\/fr\/wp-json\/wp\/v2\/types\/page"}],"author":[{"embeddable":true,"href":"https:\/\/www.xunzel.com\/store\/fr\/wp-json\/wp\/v2\/users\/1"}],"replies":[{"embeddable":true,"href":"https:\/\/www.xunzel.com\/store\/fr\/wp-json\/wp\/v2\/comments?post=21054"}],"version-history":[{"count":0,"href":"https:\/\/www.xunzel.com\/store\/fr\/wp-json\/wp\/v2\/pages\/21054\/revisions"}],"wp:attachment":[{"href":"https:\/\/www.xunzel.com\/store\/fr\/wp-json\/wp\/v2\/media?parent=21054"}],"curies":[{"name":"wp","href":"https:\/\/api.w.org\/{rel}","templated":true}]}}