{"id":21048,"date":"2024-04-10T21:02:18","date_gmt":"2024-04-10T19:02:18","guid":{"rendered":"https:\/\/www.xunzel.com\/store\/?page_id=21048"},"modified":"2024-04-25T08:48:33","modified_gmt":"2024-04-25T06:48:33","slug":"commander","status":"publish","type":"page","link":"https:\/\/www.xunzel.com\/store\/fr\/commander\/","title":{"rendered":"Commander"},"content":{"rendered":"<div class=\"wpb-content-wrapper\"><p>[vc_row][vc_column width=&#8221;1\/4&#8243;][vc_wp_custommenu nav_menu=&#8221;801&#8243;][\/vc_column][vc_column width=&#8221;3\/4&#8243;][vc_column_text]<strong>Processus d\u2019achat<\/strong><\/p>\n<ul>\n<li>Lorsque vous avez choisi l&#8217;article, cliquez sur le bouton \u201c<strong>Ajouter au panier<\/strong>\u201d.<\/li>\n<li>Apr\u00e8s avoir ajout\u00e9 les produits au panier, vous pouvez passer directement au paiement ou modifier les articles du panier.<\/li>\n<li>Si vous souhaitez passer au paiement, placez le curseur sur l&#8217;ic\u00f4ne du panier dans le menu sup\u00e9rieur et cliquez sur le bouton \u201c<strong>Finaliser l\u2019achat<\/strong>\u201d.<\/li>\n<li>Si vous souhaitez modifier, supprimer ou ajouter un article, vous pourrez le faire en acc\u00e9dant au panier. Placez le curseur sur l&#8217;ic\u00f4ne du panier dans le menu principal et cliquez sur le bouton \u201c<strong>Panier d\u2019achat<\/strong>\u201d, puis lorsque les produits souhait\u00e9s seront dans le panier, cliquez sur le bouton \u201c<strong>Valider la commande<\/strong>\u201d.<\/li>\n<li>Une fois engag\u00e9 dans le processus de paiement, suivez les \u00e9tapes indiqu\u00e9es et renseignez les informations demand\u00e9es. Les champs avec un ast\u00e9risque (*) sont obligatoires.<\/li>\n<li>Pour finir, vous devrez effectuer le paiement. Les plates-formes garantissent la confidentialit\u00e9 des informations et prot\u00e8gent ces derni\u00e8res lors du processus de transmission des donn\u00e9es du client, ce qui assure des transactions s\u00fbres. Vous pourrez effectuer le paiement \u00e0 travers PayPal\u2122, Bizum\u2122, par carte de cr\u00e9dit ou Transfert bancaire direct.<\/li>\n<li>Une fois le paiement effectu\u00e9, nous vous enverrons un courriel de confirmation avec tous les d\u00e9tails de l&#8217;achat.<\/li>\n<li>Si vous souhaitez recevoir une facture, veuillez envoyer un courriel \u00e0 <a href=\"mailto:online.eu@xunzel.com\">online.eu@xunzel.com<\/a> ou remplir le <strong><a href=\"https:\/\/www.xunzel.com\/store\/fr\/contact\/\" target=\"_blank\" rel=\"noopener\">formulaire de contact<\/a><\/strong> en indiquant votre num\u00e9ro de commande et vos donn\u00e9es fiscales.<\/li>\n<\/ul>\n<p><strong>D\u00e9lai de livraison<\/strong><\/p>\n<p>Chez XUNZEL, nous nous effor\u00e7ons de respecter tous les d\u00e9lais de livraison estim\u00e9s, afin d&#8217;offrir une exp\u00e9rience optimale \u00e0 tous nos clients, en respectant ou m\u00eame en am\u00e9liorant les d\u00e9lais de livraison.<\/p>\n<p>Sauf accord particulier, les commandes de produits en stock r\u00e9gulier seront livr\u00e9es dans un d\u00e9lai de 5 \u00e0 7 jours ouvrables pour les commandes pass\u00e9es en Espagne p\u00e9ninsulaire et au Portugal continental. Pour les \u00eeles Bal\u00e9ares, le d\u00e9lai de livraison est de 7-10 jours ouvrables.<\/p>\n<p>Pour les produits de fabrication sp\u00e9ciale et\/ou les produits fabriqu\u00e9s sur commande, le d\u00e9lai de livraison estim\u00e9 est indiqu\u00e9 sur le produit.<\/p>\n<p>Il peut arriver que nous ne soyons pas en mesure de respecter ces dates de livraison. Nous nous r\u00e9servons donc un d\u00e9lai de gr\u00e2ce pour faire face \u00e0 d&#8217;\u00e9ventuels impr\u00e9vus. Dans tous les cas, vous serez inform\u00e9 du retard.<\/p>\n<p>Dans tous les cas, pour toute information concernant la commande, vous pouvez contacter notre service client\u00e8le en \u00e9crivant un email \u00e0 <a href=\"mailto:online.eu@xunzel.com\">online.eu@xunzel.com<\/a> ou en remplissant le <strong><a href=\"https:\/\/www.xunzel.com\/store\/fr\/contact\/\" target=\"_blank\" rel=\"noopener\">formulaire de contact<\/a><\/strong>.[\/vc_column_text][\/vc_column][\/vc_row]<\/p>\n<\/div>","protected":false},"excerpt":{"rendered":"<p>[vc_row][vc_column width=&#8221;1\/4&#8243;][vc_wp_custommenu nav_menu=&#8221;801&#8243;][\/vc_column][vc_column width=&#8221;3\/4&#8243;][vc_column_text]Processus d\u2019achat Lorsque vous avez choisi l&#8217;article, cliquez sur le bouton \u201cAjouter au panier\u201d. Apr\u00e8s avoir ajout\u00e9 [&hellip;]<\/p>\n","protected":false},"author":1,"featured_media":0,"parent":0,"menu_order":0,"comment_status":"closed","ping_status":"closed","template":"","meta":{"_acf_changed":false,"footnotes":""},"class_list":["post-21048","page","type-page","status-publish","hentry"],"acf":[],"yoast_head":"<!-- This site is optimized with the Yoast SEO plugin v25.4 - https:\/\/yoast.com\/wordpress\/plugins\/seo\/ -->\n<title>Commander &#8211; Xunzel<\/title>\n<meta name=\"robots\" content=\"index, follow, max-snippet:-1, max-image-preview:large, max-video-preview:-1\" \/>\n<link rel=\"canonical\" href=\"https:\/\/www.xunzel.com\/store\/fr\/commander\/\" \/>\n<meta property=\"og:locale\" content=\"fr_FR\" \/>\n<meta property=\"og:type\" content=\"article\" \/>\n<meta property=\"og:title\" content=\"Commander &#8211; Xunzel\" \/>\n<meta property=\"og:description\" content=\"[vc_row][vc_column width=&#8221;1\/4&#8243;][vc_wp_custommenu nav_menu=&#8221;801&#8243;][\/vc_column][vc_column width=&#8221;3\/4&#8243;][vc_column_text]Processus d\u2019achat Lorsque vous avez choisi l&#8217;article, cliquez sur le bouton \u201cAjouter au panier\u201d. Apr\u00e8s avoir ajout\u00e9 [&hellip;]\" \/>\n<meta property=\"og:url\" content=\"https:\/\/www.xunzel.com\/store\/fr\/commander\/\" \/>\n<meta property=\"og:site_name\" content=\"Xunzel\" \/>\n<meta property=\"article:modified_time\" content=\"2024-04-25T06:48:33+00:00\" \/>\n<meta property=\"og:image\" content=\"https:\/\/www.xunzel.com\/store\/wp-content\/uploads\/2024\/02\/HOME-XUNZEL_W.jpg\" \/>\n\t<meta property=\"og:image:width\" content=\"2000\" \/>\n\t<meta property=\"og:image:height\" content=\"2000\" \/>\n\t<meta property=\"og:image:type\" content=\"image\/jpeg\" \/>\n<meta name=\"twitter:card\" content=\"summary_large_image\" \/>\n<meta name=\"twitter:label1\" content=\"Dur\u00e9e de lecture estim\u00e9e\" \/>\n\t<meta name=\"twitter:data1\" content=\"2 minutes\" \/>\n<script type=\"application\/ld+json\" class=\"yoast-schema-graph\">{\"@context\":\"https:\/\/schema.org\",\"@graph\":[{\"@type\":\"WebPage\",\"@id\":\"https:\/\/www.xunzel.com\/store\/fr\/commander\/\",\"url\":\"https:\/\/www.xunzel.com\/store\/fr\/commander\/\",\"name\":\"Commander &#8211; Xunzel\",\"isPartOf\":{\"@id\":\"https:\/\/www.xunzel.com\/store\/fr\/#website\"},\"datePublished\":\"2024-04-10T19:02:18+00:00\",\"dateModified\":\"2024-04-25T06:48:33+00:00\",\"breadcrumb\":{\"@id\":\"https:\/\/www.xunzel.com\/store\/fr\/commander\/#breadcrumb\"},\"inLanguage\":\"fr-FR\",\"potentialAction\":[{\"@type\":\"ReadAction\",\"target\":[\"https:\/\/www.xunzel.com\/store\/fr\/commander\/\"]}]},{\"@type\":\"BreadcrumbList\",\"@id\":\"https:\/\/www.xunzel.com\/store\/fr\/commander\/#breadcrumb\",\"itemListElement\":[{\"@type\":\"ListItem\",\"position\":1,\"name\":\"Portada\",\"item\":\"https:\/\/www.xunzel.com\/store\/fr\/\"},{\"@type\":\"ListItem\",\"position\":2,\"name\":\"Commander\"}]},{\"@type\":\"WebSite\",\"@id\":\"https:\/\/www.xunzel.com\/store\/fr\/#website\",\"url\":\"https:\/\/www.xunzel.com\/store\/fr\/\",\"name\":\"Xunzel\",\"description\":\"Energy in a box - The Electric Revolution\",\"publisher\":{\"@id\":\"https:\/\/www.xunzel.com\/store\/fr\/#organization\"},\"potentialAction\":[{\"@type\":\"SearchAction\",\"target\":{\"@type\":\"EntryPoint\",\"urlTemplate\":\"https:\/\/www.xunzel.com\/store\/fr\/?s={search_term_string}\"},\"query-input\":{\"@type\":\"PropertyValueSpecification\",\"valueRequired\":true,\"valueName\":\"search_term_string\"}}],\"inLanguage\":\"fr-FR\"},{\"@type\":\"Organization\",\"@id\":\"https:\/\/www.xunzel.com\/store\/fr\/#organization\",\"name\":\"Xunzel\",\"url\":\"https:\/\/www.xunzel.com\/store\/fr\/\",\"logo\":{\"@type\":\"ImageObject\",\"inLanguage\":\"fr-FR\",\"@id\":\"https:\/\/www.xunzel.com\/store\/fr\/#\/schema\/logo\/image\/\",\"url\":\"https:\/\/www.xunzel.com\/store\/wp-content\/uploads\/2021\/01\/logo-xunzel-footer.png\",\"contentUrl\":\"https:\/\/www.xunzel.com\/store\/wp-content\/uploads\/2021\/01\/logo-xunzel-footer.png\",\"width\":280,\"height\":52,\"caption\":\"Xunzel\"},\"image\":{\"@id\":\"https:\/\/www.xunzel.com\/store\/fr\/#\/schema\/logo\/image\/\"}}]}<\/script>\n<!-- \/ Yoast SEO plugin. -->","yoast_head_json":{"title":"Commander &#8211; Xunzel","robots":{"index":"index","follow":"follow","max-snippet":"max-snippet:-1","max-image-preview":"max-image-preview:large","max-video-preview":"max-video-preview:-1"},"canonical":"https:\/\/www.xunzel.com\/store\/fr\/commander\/","og_locale":"fr_FR","og_type":"article","og_title":"Commander &#8211; Xunzel","og_description":"[vc_row][vc_column width=&#8221;1\/4&#8243;][vc_wp_custommenu nav_menu=&#8221;801&#8243;][\/vc_column][vc_column width=&#8221;3\/4&#8243;][vc_column_text]Processus d\u2019achat Lorsque vous avez choisi l&#8217;article, cliquez sur le bouton \u201cAjouter au panier\u201d. Apr\u00e8s avoir ajout\u00e9 [&hellip;]","og_url":"https:\/\/www.xunzel.com\/store\/fr\/commander\/","og_site_name":"Xunzel","article_modified_time":"2024-04-25T06:48:33+00:00","og_image":[{"width":2000,"height":2000,"url":"https:\/\/www.xunzel.com\/store\/wp-content\/uploads\/2024\/02\/HOME-XUNZEL_W.jpg","type":"image\/jpeg"}],"twitter_card":"summary_large_image","twitter_misc":{"Dur\u00e9e de lecture estim\u00e9e":"2 minutes"},"schema":{"@context":"https:\/\/schema.org","@graph":[{"@type":"WebPage","@id":"https:\/\/www.xunzel.com\/store\/fr\/commander\/","url":"https:\/\/www.xunzel.com\/store\/fr\/commander\/","name":"Commander &#8211; Xunzel","isPartOf":{"@id":"https:\/\/www.xunzel.com\/store\/fr\/#website"},"datePublished":"2024-04-10T19:02:18+00:00","dateModified":"2024-04-25T06:48:33+00:00","breadcrumb":{"@id":"https:\/\/www.xunzel.com\/store\/fr\/commander\/#breadcrumb"},"inLanguage":"fr-FR","potentialAction":[{"@type":"ReadAction","target":["https:\/\/www.xunzel.com\/store\/fr\/commander\/"]}]},{"@type":"BreadcrumbList","@id":"https:\/\/www.xunzel.com\/store\/fr\/commander\/#breadcrumb","itemListElement":[{"@type":"ListItem","position":1,"name":"Portada","item":"https:\/\/www.xunzel.com\/store\/fr\/"},{"@type":"ListItem","position":2,"name":"Commander"}]},{"@type":"WebSite","@id":"https:\/\/www.xunzel.com\/store\/fr\/#website","url":"https:\/\/www.xunzel.com\/store\/fr\/","name":"Xunzel","description":"Energy in a box - The Electric Revolution","publisher":{"@id":"https:\/\/www.xunzel.com\/store\/fr\/#organization"},"potentialAction":[{"@type":"SearchAction","target":{"@type":"EntryPoint","urlTemplate":"https:\/\/www.xunzel.com\/store\/fr\/?s={search_term_string}"},"query-input":{"@type":"PropertyValueSpecification","valueRequired":true,"valueName":"search_term_string"}}],"inLanguage":"fr-FR"},{"@type":"Organization","@id":"https:\/\/www.xunzel.com\/store\/fr\/#organization","name":"Xunzel","url":"https:\/\/www.xunzel.com\/store\/fr\/","logo":{"@type":"ImageObject","inLanguage":"fr-FR","@id":"https:\/\/www.xunzel.com\/store\/fr\/#\/schema\/logo\/image\/","url":"https:\/\/www.xunzel.com\/store\/wp-content\/uploads\/2021\/01\/logo-xunzel-footer.png","contentUrl":"https:\/\/www.xunzel.com\/store\/wp-content\/uploads\/2021\/01\/logo-xunzel-footer.png","width":280,"height":52,"caption":"Xunzel"},"image":{"@id":"https:\/\/www.xunzel.com\/store\/fr\/#\/schema\/logo\/image\/"}}]}},"_links":{"self":[{"href":"https:\/\/www.xunzel.com\/store\/fr\/wp-json\/wp\/v2\/pages\/21048","targetHints":{"allow":["GET"]}}],"collection":[{"href":"https:\/\/www.xunzel.com\/store\/fr\/wp-json\/wp\/v2\/pages"}],"about":[{"href":"https:\/\/www.xunzel.com\/store\/fr\/wp-json\/wp\/v2\/types\/page"}],"author":[{"embeddable":true,"href":"https:\/\/www.xunzel.com\/store\/fr\/wp-json\/wp\/v2\/users\/1"}],"replies":[{"embeddable":true,"href":"https:\/\/www.xunzel.com\/store\/fr\/wp-json\/wp\/v2\/comments?post=21048"}],"version-history":[{"count":0,"href":"https:\/\/www.xunzel.com\/store\/fr\/wp-json\/wp\/v2\/pages\/21048\/revisions"}],"wp:attachment":[{"href":"https:\/\/www.xunzel.com\/store\/fr\/wp-json\/wp\/v2\/media?parent=21048"}],"curies":[{"name":"wp","href":"https:\/\/api.w.org\/{rel}","templated":true}]}}