{"id":12879,"date":"2020-07-21T16:30:07","date_gmt":"2020-07-21T14:30:07","guid":{"rendered":"https:\/\/www.xunzel.com\/store\/solarlife\/"},"modified":"2025-06-23T15:43:38","modified_gmt":"2025-06-23T13:43:38","slug":"solarlife","status":"publish","type":"page","link":"https:\/\/www.xunzel.com\/store\/fr\/solarlife\/","title":{"rendered":"SOLARLIFE\u2122"},"content":{"rendered":"<div class=\"wpb-content-wrapper\"><p>[vc_row full_width=&#8221;stretch_row&#8221; content_placement=&#8221;middle&#8221; css=&#8221;.vc_custom_1613040259612{background-color: #000000 !important;}&#8221;][vc_column css=&#8221;.vc_custom_1612774072893{background-color: #000000 !important;}&#8221;]<div style=\"width:100%;\" class=\"cqtooltip-wrapper \" data-opacity=\"1\" data-tooltipanimation=\"grow\" data-tooltipstyle=\"shadow\" data-trigger=\"\" data-maxwidth=\"270\" data-marginoffset=\"\" data-isdisplayall=\"off\" data-displayednum=\"1\"><img decoding=\"async\" src=\"https:\/\/www.xunzel.com\/store\/wp-content\/uploads\/2021\/05\/Solar_Life_Series-Fra.jpg\" alt=\"\" \/><div class=\"cq-hotspots\"><div class=\"hotspot-item pulse-white \" style=\"top:36%;left:35%;\" data-top=\"36%\" data-left=\"35%\"><a href=\"#\" class=\"cq-tooltip\" style=\"background:rgba(0,0,0,0.8);\" data-tooltip=\"\n&lt;strong&gt;Emballage s\u00e9curis\u00e9. Pr\u00eat \u00e0 \u00eatre transport\u00e9&lt;br \/&gt;\ntransporter &lt;\/strong&gt;&lt;strong&gt;n&amp;#8217;importe o\u00f9.&lt;\/strong&gt;&lt;br \/&gt;\nHomologu\u00e9 pour un transport s\u00fbr\" data-arrowposition=\"\"><span style=\"background:#ffffff;\"><\/span><\/a><\/div><div class=\"hotspot-item pulse-white \" style=\"top:66%;left:52%;\" data-top=\"66%\" data-left=\"52%\"><a href=\"#\" class=\"cq-tooltip\" style=\"background:rgba(0,0,0,0.8);\" data-tooltip=\"\n&lt;strong&gt;Pr\u00eat \u00e0 \u00eatre connect\u00e9 et utilis\u00e9&lt;\/strong&gt;&lt;br \/&gt;\nComposants de haute qualit\u00e9&lt;br \/&gt;\nS\u00fbr, fiable et sans entretien\" data-arrowposition=\"top\"><span style=\"background:#ffffff;\"><\/span><\/a><\/div><div class=\"hotspot-item pulse-white \" style=\"top:48%;left:65%;\" data-top=\"48%\" data-left=\"65%\"><a href=\"#\" class=\"cq-tooltip\" style=\"background:rgba(0,0,0,0.8);\" data-tooltip=\"\n&lt;strong&gt;Panneaux SOLARPOWER\u2122&lt;\/strong&gt;&lt;br \/&gt;\nHaute performance\" data-arrowposition=\"top\"><span style=\"background:#ffffff;\"><\/span><\/a><\/div><\/div><\/div>[\/vc_column][\/vc_row][vc_row css=&#8221;.vc_custom_1750686213559{margin-top: 30px !important;}&#8221; top_section_title=&#8221;&#8221; bottom_section_title=&#8221;&#8221;][vc_column width=&#8221;1\/2&#8243;][vc_custom_heading text=&#8221;SOLARLIFE\u2122 i Series&#8221; font_container=&#8221;tag:h2|text_align:left|color:%23ee7401&#8243; google_fonts=&#8221;font_family:Raleway%3A100%2C200%2C300%2Cregular%2C500%2C600%2C700%2C800%2C900|font_style:400%20regular%3A400%3Anormal&#8221; link=&#8221;url:https%3A%2F%2Fwww.xunzel.com%2Fstore%2Ffr%2Fcategorie-produit%2Fsolarlife%2Fsolarlife-i-series%2F&#8221;][vc_column_text]<strong>Rendez votre \u00e9clairage LED solaire. Universel, compatible avec votre luminaire. Efficacit\u00e9 et s\u00e9curit\u00e9 maximales. Un rendement lumineux spectaculaire.<\/strong><\/p>\n<p>Utilisation Int\u00e9rieure et Ext\u00e9rieure. Ultra-s\u00e9curis\u00e9 (12VDC)<br \/>\nSans Entretien. Complet et Pr\u00eat \u00e0 l&#8217;Emploi.<\/p>\n<p><strong>Facilement extensible. Connexions rapides en tout lieu.<\/strong>[\/vc_column_text][vc_row_inner content_placement=&#8221;middle&#8221;][vc_column_inner width=&#8221;1\/2&#8243;][mvc_advanced_button btn_animation=&#8221;button&#8211;ujarak&#8221; btn_text=&#8221;SOLARLIFE\u2122 i Series&#8221; padding_top=&#8221;5&#8243; padding_left=&#8221;12&#8243; border_style=&#8221;solid&#8221; border_width=&#8221;1&#8243; btn_size=&#8221;14&#8243; use_theme_fonts=&#8221;yes&#8221; btn_url=&#8221;url:https%3A%2F%2Fwww.xunzel.com%2Fstore%2Ffr%2Fcategorie-produit%2Fsolarlife%2Fsolarlife-i-series%2F&#8221; btn_clr=&#8221;#000000&#8243; btn_bg=&#8221;#ffffff&#8221; btn_hvrclr=&#8221;#ffffff&#8221; btn_hvrbg=&#8221;#000000&#8243; btn_border=&#8221;#000000&#8243; btn_radius=&#8221;0&#8243;][vc_empty_space height=&#8221;5px&#8221;][mvc_advanced_button btn_animation=&#8221;button&#8211;ujarak&#8221; btn_text=&#8221;SOLARLIFE\u2122 i Datasheet&#8221; padding_top=&#8221;5&#8243; padding_left=&#8221;12&#8243; border_style=&#8221;solid&#8221; border_width=&#8221;1&#8243; btn_size=&#8221;14&#8243; use_theme_fonts=&#8221;yes&#8221; btn_url=&#8221;url:https%3A%2F%2Fwww.xunzel.com%2Fstore%2Fwp-content%2Fuploads%2Fshared-files%2FFICHA-SOLARLIFE-i-SERIES-EN-1.pdf|target:_blank&#8221; btn_clr=&#8221;#000000&#8243; btn_bg=&#8221;#ffffff&#8221; btn_hvrclr=&#8221;#ffffff&#8221; btn_hvrbg=&#8221;#000000&#8243; btn_border=&#8221;#000000&#8243; btn_radius=&#8221;0&#8243;][vc_empty_space height=&#8221;5px&#8221;][mvc_advanced_button btn_animation=&#8221;button&#8211;ujarak&#8221; btn_text=&#8221;SOLARLIFE\u2122 i Video&#8221; padding_top=&#8221;5&#8243; padding_left=&#8221;12&#8243; border_style=&#8221;solid&#8221; border_width=&#8221;1&#8243; btn_size=&#8221;14&#8243; use_theme_fonts=&#8221;yes&#8221; btn_icon=&#8221;fab fa-youtube&#8221; btn_url=&#8221;url:https%3A%2F%2Fwww.youtube.com%2Fwatch%3Fv%3DKnYMQ7S5sng%20|target:_blank&#8221; btn_clr=&#8221;#000000&#8243; btn_bg=&#8221;#ffffff&#8221; btn_hvrclr=&#8221;#ffffff&#8221; btn_hvrbg=&#8221;#000000&#8243; btn_border=&#8221;#000000&#8243; btn_radius=&#8221;0&#8243;][\/vc_column_inner][vc_column_inner width=&#8221;1\/2&#8243;][vc_single_image image=&#8221;15469&#8243; img_size=&#8221;292&#215;280&#8243; alignment=&#8221;center&#8221; onclick=&#8221;link_image&#8221;][\/vc_column_inner][\/vc_row_inner][\/vc_column][vc_column width=&#8221;1\/2&#8243;][vc_single_image image=&#8221;12888&#8243; img_size=&#8221;515&#215;495&#8243; alignment=&#8221;center&#8221; onclick=&#8221;link_image&#8221;][\/vc_column][\/vc_row][vc_row css=&#8221;.vc_custom_1610809292047{margin-top: 15px !important;margin-bottom: 15px !important;}&#8221;][vc_column][vc_separator][\/vc_column][\/vc_row][vc_row][vc_column width=&#8221;1\/2&#8243;][vc_custom_heading text=&#8221;SOLARLIFE\u2122 G Series&#8221; font_container=&#8221;tag:h2|text_align:left|color:%23ee7401&#8243; google_fonts=&#8221;font_family:Raleway%3A100%2C200%2C300%2Cregular%2C500%2C600%2C700%2C800%2C900|font_style:400%20regular%3A400%3Anormal&#8221; link=&#8221;url:https%3A%2F%2Fwww.xunzel.com%2Fstore%2Ffr%2Fcategorie-produit%2Fsolarlife%2Fsolarlife-g-series%2F&#8221;][vc_column_text]<strong>Cr\u00e9ez votre syst\u00e8me autonome d&#8217;\u00e9clairage solaire \u00e0 LED. <\/strong><strong>Efficacit\u00e9 et s\u00e9curit\u00e9 maximales. Un rendement lumineux spectaculaire.<\/strong><\/p>\n<p>Projecteur \u00e0 LED pour l&#8217;Ext\u00e9rieur et l&#8217;Int\u00e9rieur. Ultra s\u00e9curis\u00e9 (12VDC)<br \/>\nSans Entretien. Complet et Pr\u00eat \u00e0 l&#8217;Emploi.<\/p>\n<p><strong>Facilement extensible. Connexions rapides en tout lieu.<\/strong>[\/vc_column_text][vc_row_inner content_placement=&#8221;middle&#8221;][vc_column_inner width=&#8221;1\/2&#8243;][mvc_advanced_button btn_animation=&#8221;button&#8211;ujarak&#8221; btn_text=&#8221;SOLARLIFE\u2122 G Series&#8221; padding_top=&#8221;5&#8243; padding_left=&#8221;12&#8243; border_style=&#8221;solid&#8221; border_width=&#8221;1&#8243; btn_size=&#8221;14&#8243; use_theme_fonts=&#8221;yes&#8221; btn_url=&#8221;url:https%3A%2F%2Fwww.xunzel.com%2Fstore%2Ffr%2Fcategorie-produit%2Fsolarlife%2Fsolarlife-g-series%2F&#8221; btn_clr=&#8221;#000000&#8243; btn_bg=&#8221;#ffffff&#8221; btn_hvrclr=&#8221;#ffffff&#8221; btn_hvrbg=&#8221;#000000&#8243; btn_border=&#8221;#000000&#8243; btn_radius=&#8221;0&#8243;][vc_empty_space height=&#8221;5px&#8221;][mvc_advanced_button btn_animation=&#8221;button&#8211;ujarak&#8221; btn_text=&#8221;SOLARLIFE\u2122 G Datasheet&#8221; padding_top=&#8221;5&#8243; padding_left=&#8221;12&#8243; border_style=&#8221;solid&#8221; border_width=&#8221;1&#8243; btn_size=&#8221;14&#8243; use_theme_fonts=&#8221;yes&#8221; btn_url=&#8221;url:https%3A%2F%2Fwww.xunzel.com%2Fstore%2Fwp-content%2Fuploads%2Fshared-files%2FFICHA-SOLARLIFE-G-SERIES-EN-1.pdf|target:_blank&#8221; btn_clr=&#8221;#000000&#8243; btn_bg=&#8221;#ffffff&#8221; btn_hvrclr=&#8221;#ffffff&#8221; btn_hvrbg=&#8221;#000000&#8243; btn_border=&#8221;#000000&#8243; btn_radius=&#8221;0&#8243;][vc_empty_space height=&#8221;5px&#8221;][mvc_advanced_button btn_animation=&#8221;button&#8211;ujarak&#8221; btn_text=&#8221;SOLARLIFE\u2122 G Video&#8221; padding_top=&#8221;5&#8243; padding_left=&#8221;12&#8243; border_style=&#8221;solid&#8221; border_width=&#8221;1&#8243; btn_size=&#8221;14&#8243; use_theme_fonts=&#8221;yes&#8221; btn_url=&#8221;url:https%3A%2F%2Fwww.youtube.com%2Fwatch%3Fv%3D5ss6I1rakpU%20|target:_blank&#8221; btn_clr=&#8221;#000000&#8243; btn_bg=&#8221;#ffffff&#8221; btn_hvrclr=&#8221;#ffffff&#8221; btn_hvrbg=&#8221;#000000&#8243; btn_border=&#8221;#000000&#8243; btn_icon=&#8221;fab fa-youtube&#8221;][\/vc_column_inner][vc_column_inner width=&#8221;1\/2&#8243;][vc_single_image image=&#8221;15487&#8243; img_size=&#8221;292&#215;280&#8243; alignment=&#8221;center&#8221; onclick=&#8221;link_image&#8221;][\/vc_column_inner][\/vc_row_inner][\/vc_column][vc_column width=&#8221;1\/2&#8243;][vc_row_inner][vc_column_inner][vc_single_image image=&#8221;12887&#8243; img_size=&#8221;515&#215;495&#8243; alignment=&#8221;center&#8221; onclick=&#8221;link_image&#8221;][\/vc_column_inner][\/vc_row_inner][\/vc_column][\/vc_row][vc_row css=&#8221;.vc_custom_1610809313617{margin-top: 15px !important;margin-bottom: 15px !important;}&#8221;][vc_column][vc_separator][\/vc_column][\/vc_row][vc_row][vc_column width=&#8221;1\/2&#8243;][vc_custom_heading text=&#8221;SOLARLIFE\u2122 S-Line Series&#8221; font_container=&#8221;tag:h2|text_align:left|color:%23ee7401&#8243; google_fonts=&#8221;font_family:Raleway%3A100%2C200%2C300%2Cregular%2C500%2C600%2C700%2C800%2C900|font_style:400%20regular%3A400%3Anormal&#8221; link=&#8221;url:https%3A%2F%2Fwww.xunzel.com%2Fstore%2Ffr%2Fcategorie-produit%2Fsolarlife%2Fsolarlife-s-line-series%2F&#8221;][vc_column_text]<strong>Syst\u00e8me d&#8217;\u00e9clairage solaire \u00e0 LED. Universel, facile \u00e0 installer et \u00e0 retirer. Efficacit\u00e9 et s\u00e9curit\u00e9 maximales. Un rendement lumineux spectaculaire.<\/strong><\/p>\n<p>Utilisation Int\u00e9rieure et Ext\u00e9rieure. Ultra s\u00e9curis\u00e9 (12VDC)<br \/>\nSans Entretien. Complet et Pr\u00eat \u00e0 l&#8217;Emploi.<\/p>\n<p><strong>Facilement extensible. Connexions rapides en tout lieu. <\/strong>Solutions jusqu&#8217;\u00e0 32 m\u00e8tres.[\/vc_column_text][vc_row_inner content_placement=&#8221;middle&#8221;][vc_column_inner width=&#8221;1\/2&#8243;][mvc_advanced_button btn_animation=&#8221;button&#8211;ujarak&#8221; btn_text=&#8221;SOLARLIFE\u2122 S-Line Series&#8221; padding_top=&#8221;5&#8243; padding_left=&#8221;12&#8243; border_style=&#8221;solid&#8221; border_width=&#8221;1&#8243; btn_size=&#8221;14&#8243; use_theme_fonts=&#8221;yes&#8221; btn_url=&#8221;url:https%3A%2F%2Fwww.xunzel.com%2Fstore%2Ffr%2Fcategorie-produit%2Fsolarlife%2Fsolarlife-s-line-series%2F&#8221; btn_clr=&#8221;#000000&#8243; btn_bg=&#8221;#ffffff&#8221; btn_hvrclr=&#8221;#ffffff&#8221; btn_hvrbg=&#8221;#000000&#8243; btn_border=&#8221;#000000&#8243; btn_radius=&#8221;0&#8243;][vc_empty_space height=&#8221;5px&#8221;][mvc_advanced_button btn_animation=&#8221;button&#8211;ujarak&#8221; btn_text=&#8221;SOLARLIFE\u2122 S Datasheet&#8221; padding_top=&#8221;5&#8243; padding_left=&#8221;12&#8243; border_style=&#8221;solid&#8221; border_width=&#8221;1&#8243; btn_size=&#8221;14&#8243; use_theme_fonts=&#8221;yes&#8221; btn_url=&#8221;url:https%3A%2F%2Fwww.xunzel.com%2Fstore%2Fwp-content%2Fuploads%2Fshared-files%2FFICHA-SOLARLIFE-S-Line-SERIES-EN-1.pdf|target:_blank&#8221; btn_clr=&#8221;#000000&#8243; btn_bg=&#8221;#ffffff&#8221; btn_hvrclr=&#8221;#ffffff&#8221; btn_hvrbg=&#8221;#000000&#8243; btn_border=&#8221;#000000&#8243; btn_radius=&#8221;0&#8243;][vc_empty_space height=&#8221;5px&#8221;][mvc_advanced_button btn_animation=&#8221;button&#8211;ujarak&#8221; btn_text=&#8221;SOLARLIFE\u2122 S Video&#8221; padding_top=&#8221;5&#8243; padding_left=&#8221;12&#8243; border_style=&#8221;solid&#8221; border_width=&#8221;1&#8243; btn_size=&#8221;14&#8243; use_theme_fonts=&#8221;yes&#8221; btn_icon=&#8221;fab fa-youtube&#8221; btn_url=&#8221;url:https%3A%2F%2Fwww.youtube.com%2Fwatch%3Fv%3DmzHP88ZC9x8|target:_blank&#8221; btn_clr=&#8221;#000000&#8243; btn_bg=&#8221;#ffffff&#8221; btn_hvrclr=&#8221;#ffffff&#8221; btn_hvrbg=&#8221;#000000&#8243; btn_border=&#8221;#000000&#8243;][\/vc_column_inner][vc_column_inner width=&#8221;1\/2&#8243;][vc_single_image image=&#8221;15518&#8243; img_size=&#8221;292&#215;280&#8243; alignment=&#8221;center&#8221; onclick=&#8221;link_image&#8221;][\/vc_column_inner][\/vc_row_inner][\/vc_column][vc_column width=&#8221;1\/2&#8243;][vc_single_image image=&#8221;12882&#8243; img_size=&#8221;515&#215;495&#8243; alignment=&#8221;center&#8221; onclick=&#8221;link_image&#8221;][\/vc_column][\/vc_row]<\/p>\n<\/div>","protected":false},"excerpt":{"rendered":"<p>[vc_row full_width=&#8221;stretch_row&#8221; content_placement=&#8221;middle&#8221; css=&#8221;.vc_custom_1613040259612{background-color: #000000 !important;}&#8221;][vc_column css=&#8221;.vc_custom_1612774072893{background-color: #000000 !important;}&#8221;][\/vc_column][\/vc_row][vc_row css=&#8221;.vc_custom_1750686213559{margin-top: 30px !important;}&#8221; top_section_title=&#8221;&#8221; bottom_section_title=&#8221;&#8221;][vc_column width=&#8221;1\/2&#8243;][vc_custom_heading text=&#8221;SOLARLIFE\u2122 i Series&#8221; font_container=&#8221;tag:h2|text_align:left|color:%23ee7401&#8243; google_fonts=&#8221;font_family:Raleway%3A100%2C200%2C300%2Cregular%2C500%2C600%2C700%2C800%2C900|font_style:400%20regular%3A400%3Anormal&#8221; [&hellip;]<\/p>\n","protected":false},"author":1,"featured_media":0,"parent":0,"menu_order":0,"comment_status":"closed","ping_status":"closed","template":"","meta":{"_acf_changed":false,"footnotes":""},"class_list":["post-12879","page","type-page","status-publish","hentry"],"acf":[],"yoast_head":"<!-- This site is optimized with the Yoast SEO plugin v25.4 - https:\/\/yoast.com\/wordpress\/plugins\/seo\/ -->\n<title>SOLARLIFE\u2122 &#8211; Xunzel<\/title>\n<meta name=\"description\" content=\"Syst\u00e8mes d\u2019\u00e9clairage solaire LED hautement efficaces et durables. Pour ext\u00e9rieur et interieur\" \/>\n<meta name=\"robots\" content=\"index, follow, max-snippet:-1, max-image-preview:large, max-video-preview:-1\" \/>\n<link rel=\"canonical\" href=\"https:\/\/www.xunzel.com\/store\/fr\/solarlife\/\" \/>\n<meta property=\"og:locale\" content=\"fr_FR\" \/>\n<meta property=\"og:type\" content=\"article\" \/>\n<meta property=\"og:title\" content=\"SOLARLIFE\u2122 &#8211; Xunzel\" \/>\n<meta property=\"og:description\" content=\"Syst\u00e8mes d\u2019\u00e9clairage solaire LED hautement efficaces et durables. Pour ext\u00e9rieur et interieur\" \/>\n<meta property=\"og:url\" content=\"https:\/\/www.xunzel.com\/store\/fr\/solarlife\/\" \/>\n<meta property=\"og:site_name\" content=\"Xunzel\" \/>\n<meta property=\"article:modified_time\" content=\"2025-06-23T13:43:38+00:00\" \/>\n<meta property=\"og:image\" content=\"https:\/\/www.xunzel.com\/store\/wp-content\/uploads\/2024\/02\/HOME-XUNZEL_W.jpg\" \/>\n\t<meta property=\"og:image:width\" content=\"2000\" \/>\n\t<meta property=\"og:image:height\" content=\"2000\" \/>\n\t<meta property=\"og:image:type\" content=\"image\/jpeg\" \/>\n<meta name=\"twitter:card\" content=\"summary_large_image\" \/>\n<meta name=\"twitter:label1\" content=\"Dur\u00e9e de lecture estim\u00e9e\" \/>\n\t<meta name=\"twitter:data1\" content=\"2 minutes\" \/>\n<script type=\"application\/ld+json\" class=\"yoast-schema-graph\">{\"@context\":\"https:\/\/schema.org\",\"@graph\":[{\"@type\":\"WebPage\",\"@id\":\"https:\/\/www.xunzel.com\/store\/fr\/solarlife\/\",\"url\":\"https:\/\/www.xunzel.com\/store\/fr\/solarlife\/\",\"name\":\"SOLARLIFE\u2122 &#8211; Xunzel\",\"isPartOf\":{\"@id\":\"https:\/\/www.xunzel.com\/store\/fr\/#website\"},\"datePublished\":\"2020-07-21T14:30:07+00:00\",\"dateModified\":\"2025-06-23T13:43:38+00:00\",\"description\":\"Syst\u00e8mes d\u2019\u00e9clairage solaire LED hautement efficaces et durables. Pour ext\u00e9rieur et interieur\",\"breadcrumb\":{\"@id\":\"https:\/\/www.xunzel.com\/store\/fr\/solarlife\/#breadcrumb\"},\"inLanguage\":\"fr-FR\",\"potentialAction\":[{\"@type\":\"ReadAction\",\"target\":[\"https:\/\/www.xunzel.com\/store\/fr\/solarlife\/\"]}]},{\"@type\":\"BreadcrumbList\",\"@id\":\"https:\/\/www.xunzel.com\/store\/fr\/solarlife\/#breadcrumb\",\"itemListElement\":[{\"@type\":\"ListItem\",\"position\":1,\"name\":\"Portada\",\"item\":\"https:\/\/www.xunzel.com\/store\/fr\/\"},{\"@type\":\"ListItem\",\"position\":2,\"name\":\"SOLARLIFE\u2122\"}]},{\"@type\":\"WebSite\",\"@id\":\"https:\/\/www.xunzel.com\/store\/fr\/#website\",\"url\":\"https:\/\/www.xunzel.com\/store\/fr\/\",\"name\":\"Xunzel\",\"description\":\"Energy in a box - The Electric Revolution\",\"publisher\":{\"@id\":\"https:\/\/www.xunzel.com\/store\/fr\/#organization\"},\"potentialAction\":[{\"@type\":\"SearchAction\",\"target\":{\"@type\":\"EntryPoint\",\"urlTemplate\":\"https:\/\/www.xunzel.com\/store\/fr\/?s={search_term_string}\"},\"query-input\":{\"@type\":\"PropertyValueSpecification\",\"valueRequired\":true,\"valueName\":\"search_term_string\"}}],\"inLanguage\":\"fr-FR\"},{\"@type\":\"Organization\",\"@id\":\"https:\/\/www.xunzel.com\/store\/fr\/#organization\",\"name\":\"Xunzel\",\"url\":\"https:\/\/www.xunzel.com\/store\/fr\/\",\"logo\":{\"@type\":\"ImageObject\",\"inLanguage\":\"fr-FR\",\"@id\":\"https:\/\/www.xunzel.com\/store\/fr\/#\/schema\/logo\/image\/\",\"url\":\"https:\/\/www.xunzel.com\/store\/wp-content\/uploads\/2021\/01\/logo-xunzel-footer.png\",\"contentUrl\":\"https:\/\/www.xunzel.com\/store\/wp-content\/uploads\/2021\/01\/logo-xunzel-footer.png\",\"width\":280,\"height\":52,\"caption\":\"Xunzel\"},\"image\":{\"@id\":\"https:\/\/www.xunzel.com\/store\/fr\/#\/schema\/logo\/image\/\"}}]}<\/script>\n<!-- \/ Yoast SEO plugin. -->","yoast_head_json":{"title":"SOLARLIFE\u2122 &#8211; Xunzel","description":"Syst\u00e8mes d\u2019\u00e9clairage solaire LED hautement efficaces et durables. Pour ext\u00e9rieur et interieur","robots":{"index":"index","follow":"follow","max-snippet":"max-snippet:-1","max-image-preview":"max-image-preview:large","max-video-preview":"max-video-preview:-1"},"canonical":"https:\/\/www.xunzel.com\/store\/fr\/solarlife\/","og_locale":"fr_FR","og_type":"article","og_title":"SOLARLIFE\u2122 &#8211; Xunzel","og_description":"Syst\u00e8mes d\u2019\u00e9clairage solaire LED hautement efficaces et durables. Pour ext\u00e9rieur et interieur","og_url":"https:\/\/www.xunzel.com\/store\/fr\/solarlife\/","og_site_name":"Xunzel","article_modified_time":"2025-06-23T13:43:38+00:00","og_image":[{"width":2000,"height":2000,"url":"https:\/\/www.xunzel.com\/store\/wp-content\/uploads\/2024\/02\/HOME-XUNZEL_W.jpg","type":"image\/jpeg"}],"twitter_card":"summary_large_image","twitter_misc":{"Dur\u00e9e de lecture estim\u00e9e":"2 minutes"},"schema":{"@context":"https:\/\/schema.org","@graph":[{"@type":"WebPage","@id":"https:\/\/www.xunzel.com\/store\/fr\/solarlife\/","url":"https:\/\/www.xunzel.com\/store\/fr\/solarlife\/","name":"SOLARLIFE\u2122 &#8211; Xunzel","isPartOf":{"@id":"https:\/\/www.xunzel.com\/store\/fr\/#website"},"datePublished":"2020-07-21T14:30:07+00:00","dateModified":"2025-06-23T13:43:38+00:00","description":"Syst\u00e8mes d\u2019\u00e9clairage solaire LED hautement efficaces et durables. Pour ext\u00e9rieur et interieur","breadcrumb":{"@id":"https:\/\/www.xunzel.com\/store\/fr\/solarlife\/#breadcrumb"},"inLanguage":"fr-FR","potentialAction":[{"@type":"ReadAction","target":["https:\/\/www.xunzel.com\/store\/fr\/solarlife\/"]}]},{"@type":"BreadcrumbList","@id":"https:\/\/www.xunzel.com\/store\/fr\/solarlife\/#breadcrumb","itemListElement":[{"@type":"ListItem","position":1,"name":"Portada","item":"https:\/\/www.xunzel.com\/store\/fr\/"},{"@type":"ListItem","position":2,"name":"SOLARLIFE\u2122"}]},{"@type":"WebSite","@id":"https:\/\/www.xunzel.com\/store\/fr\/#website","url":"https:\/\/www.xunzel.com\/store\/fr\/","name":"Xunzel","description":"Energy in a box - The Electric Revolution","publisher":{"@id":"https:\/\/www.xunzel.com\/store\/fr\/#organization"},"potentialAction":[{"@type":"SearchAction","target":{"@type":"EntryPoint","urlTemplate":"https:\/\/www.xunzel.com\/store\/fr\/?s={search_term_string}"},"query-input":{"@type":"PropertyValueSpecification","valueRequired":true,"valueName":"search_term_string"}}],"inLanguage":"fr-FR"},{"@type":"Organization","@id":"https:\/\/www.xunzel.com\/store\/fr\/#organization","name":"Xunzel","url":"https:\/\/www.xunzel.com\/store\/fr\/","logo":{"@type":"ImageObject","inLanguage":"fr-FR","@id":"https:\/\/www.xunzel.com\/store\/fr\/#\/schema\/logo\/image\/","url":"https:\/\/www.xunzel.com\/store\/wp-content\/uploads\/2021\/01\/logo-xunzel-footer.png","contentUrl":"https:\/\/www.xunzel.com\/store\/wp-content\/uploads\/2021\/01\/logo-xunzel-footer.png","width":280,"height":52,"caption":"Xunzel"},"image":{"@id":"https:\/\/www.xunzel.com\/store\/fr\/#\/schema\/logo\/image\/"}}]}},"_links":{"self":[{"href":"https:\/\/www.xunzel.com\/store\/fr\/wp-json\/wp\/v2\/pages\/12879","targetHints":{"allow":["GET"]}}],"collection":[{"href":"https:\/\/www.xunzel.com\/store\/fr\/wp-json\/wp\/v2\/pages"}],"about":[{"href":"https:\/\/www.xunzel.com\/store\/fr\/wp-json\/wp\/v2\/types\/page"}],"author":[{"embeddable":true,"href":"https:\/\/www.xunzel.com\/store\/fr\/wp-json\/wp\/v2\/users\/1"}],"replies":[{"embeddable":true,"href":"https:\/\/www.xunzel.com\/store\/fr\/wp-json\/wp\/v2\/comments?post=12879"}],"version-history":[{"count":3,"href":"https:\/\/www.xunzel.com\/store\/fr\/wp-json\/wp\/v2\/pages\/12879\/revisions"}],"predecessor-version":[{"id":24477,"href":"https:\/\/www.xunzel.com\/store\/fr\/wp-json\/wp\/v2\/pages\/12879\/revisions\/24477"}],"wp:attachment":[{"href":"https:\/\/www.xunzel.com\/store\/fr\/wp-json\/wp\/v2\/media?parent=12879"}],"curies":[{"name":"wp","href":"https:\/\/api.w.org\/{rel}","templated":true}]}}