{"id":12855,"date":"2020-09-14T12:42:28","date_gmt":"2020-09-14T10:42:28","guid":{"rendered":"https:\/\/www.xunzel.com\/store\/microsolar\/"},"modified":"2026-02-16T11:19:44","modified_gmt":"2026-02-16T10:19:44","slug":"microsolar","status":"publish","type":"page","link":"https:\/\/www.xunzel.com\/store\/fr\/microsolar\/","title":{"rendered":"MICROSOLAR \u2122"},"content":{"rendered":"<div class=\"wpb-content-wrapper\"><p>[vc_row full_width=&#8221;stretch_row&#8221; css=&#8221;.vc_custom_1613030957251{background-color: #000000 !important;}&#8221;][vc_column]<div style=\"width:100%;\" class=\"cqtooltip-wrapper \" data-opacity=\"1\" data-tooltipanimation=\"grow\" data-tooltipstyle=\"shadow\" data-trigger=\"\" data-maxwidth=\"240\" data-marginoffset=\"\" data-isdisplayall=\"off\" data-displayednum=\"1\"><img decoding=\"async\" src=\"https:\/\/www.xunzel.com\/store\/wp-content\/uploads\/2021\/05\/Microsolar_Series_Fra.jpg\" alt=\"\" \/><div class=\"cq-hotspots\"><div class=\"hotspot-item pulse-white \" style=\"top:50%;left:30%;\" data-top=\"50%\" data-left=\"30%\"><a href=\"#\" class=\"cq-tooltip\" style=\"background:rgba(0,0,0,0.8);\" data-tooltip=\"\n&lt;strong&gt;Panneaux solaires photovolta\u00efques MICROSOLAR\u2122 &lt;\/strong&gt;&lt;br \/&gt;\n&lt;strong&gt;\u00e0 haute performance&lt;\/strong&gt;&lt;br \/&gt;\npour alimenter vos projets\" data-arrowposition=\"\"><span style=\"background:#ffffff;\"><\/span><\/a><\/div><div class=\"hotspot-item pulse-white \" style=\"top:40%;left:60%;\" data-top=\"40%\" data-left=\"60%\"><a href=\"#\" class=\"cq-tooltip\" style=\"background:rgba(0,0,0,0.8);\" data-tooltip=\"\n&lt;strong&gt;Batteries solaires&lt;\/strong&gt; sp\u00e9cialement&lt;br \/&gt;\ncon\u00e7u pour optimiser&lt;br \/&gt;\nvotre syst\u00e8me solaire\" data-arrowposition=\"top\"><span style=\"background:#ffffff;\"><\/span><\/a><\/div><div class=\"hotspot-item pulse-white \" style=\"top:65%;left:60%;\" data-top=\"65%\" data-left=\"60%\"><a href=\"#\" class=\"cq-tooltip\" style=\"background:rgba(0,0,0,0.8);\" data-tooltip=\"\n&lt;strong&gt;\u00c9lectronique de contr\u00f4le&lt;\/strong&gt;de&lt;br \/&gt;\nl&amp;#8217;\u00e9nergie solaire \u00e0 haut rendement\" data-arrowposition=\"top\"><span style=\"background:#ffffff;\"><\/span><\/a><\/div><\/div><\/div>[\/vc_column][\/vc_row][vc_row css=&#8221;.vc_custom_1612443448868{margin-top: 30px !important;}&#8221;][vc_column width=&#8221;1\/2&#8243;][vc_custom_heading text=&#8221;MICROSOLAR\u2122 Panneau Series&#8221; font_container=&#8221;tag:h2|text_align:left|color:%23ee7401&#8243; google_fonts=&#8221;font_family:Raleway%3A100%2C200%2C300%2Cregular%2C500%2C600%2C700%2C800%2C900|font_style:400%20regular%3A400%3Anormal&#8221; link=&#8221;url:https%3A%2F%2Fwww.xunzel.com%2Fstore%2Ffr%2Fcategorie-produit%2Fmicrosolar%2Fmicrosolar-panneau-series%2F&#8221;][vc_column_text]<strong>Micro panneaux solaires photovolta\u00efques \u00e0 haut rendement pour la charge des batteries.<\/strong><\/p>\n<p>Con\u00e7u et fabriqu\u00e9 sp\u00e9cialement pour la charge des batteries dans les syst\u00e8mes hors r\u00e9seau. Connexion facile.<br \/>\nConstruit avec des mat\u00e9riaux et des composants d&#8217;excellente qualit\u00e9 et de r\u00e9sistance pour une longue dur\u00e9e de vie.<\/p>\n<p><strong>Large gamme de tensions et de puissances de charge. Convient \u00e0 tous les types de piles rechargeables : NiMH, NiCd, Lithium,&#8230;<\/strong>[\/vc_column_text][mvc_advanced_button btn_animation=&#8221;button&#8211;ujarak&#8221; btn_text=&#8221;MICROSOLAR\u2122 Panneau Series&#8221; padding_top=&#8221;5&#8243; padding_left=&#8221;&#8221; border_style=&#8221;solid&#8221; border_width=&#8221;1&#8243; btn_size=&#8221;14&#8243; use_theme_fonts=&#8221;yes&#8221; btn_url=&#8221;url:https%3A%2F%2Fwww.xunzel.com%2Fstore%2Ffr%2Fcategorie-produit%2Fmicrosolar%2Fmicrosolar-panneau-series%2F&#8221; btn_clr=&#8221;#000000&#8243; btn_bg=&#8221;#ffffff&#8221; btn_hvrclr=&#8221;#ffffff&#8221; btn_hvrbg=&#8221;#000000&#8243; btn_border=&#8221;#000000&#8243; btn_radius=&#8221;0&#8243;][vc_empty_space height=&#8221;5px&#8221;][mvc_advanced_button btn_animation=&#8221;button&#8211;ujarak&#8221; btn_text=&#8221;MICROSOLAR\u2122 Panneau Datasheet&#8221; padding_top=&#8221;5&#8243; padding_left=&#8221;&#8221; border_style=&#8221;solid&#8221; border_width=&#8221;1&#8243; btn_size=&#8221;14&#8243; use_theme_fonts=&#8221;yes&#8221; btn_url=&#8221;url:https%3A%2F%2Fwww.xunzel.com%2Fstore%2Fwp-content%2Fuploads%2Fshared-files%2FMICROSOLAR-Series-_-XUNZEL-_nE03.pdf|target:_blank&#8221; btn_clr=&#8221;#000000&#8243; btn_bg=&#8221;#ffffff&#8221; btn_hvrclr=&#8221;#ffffff&#8221; btn_hvrbg=&#8221;#000000&#8243; btn_border=&#8221;#000000&#8243; btn_radius=&#8221;0&#8243; caption_url=&#8221;&#8221; caption_urls=&#8221;&#8221; caption_urlss=&#8221;&#8221;][vc_row_inner][vc_column_inner][\/vc_column_inner][\/vc_row_inner][\/vc_column][vc_column width=&#8221;1\/2&#8243;][vc_single_image image=&#8221;12856&#8243; img_size=&#8221;515&#215;515&#8243; onclick=&#8221;link_image&#8221;][\/vc_column][\/vc_row][vc_row gap=&#8221;5&#8243; css=&#8221;.vc_custom_1612442206453{margin-top: 15px !important;margin-bottom: 15px !important;}&#8221;][vc_column][vc_separator][\/vc_column][\/vc_row][vc_row gap=&#8221;5&#8243;][vc_column width=&#8221;1\/2&#8243;][vc_custom_heading text=&#8221;MICROSOLAR\u2122 PRO Systems&#8221; font_container=&#8221;tag:h2|text_align:left|color:%23ee7401&#8243; google_fonts=&#8221;font_family:Raleway%3A100%2C200%2C300%2Cregular%2C500%2C600%2C700%2C800%2C900|font_style:400%20regular%3A400%3Anormal&#8221; link=&#8221;url:https%3A%2F%2Fwww.xunzel.com%2Fstore%2Ffr%2Fcategorie-produit%2Fmicrosolar%2Fsystemes-microsolar-pro%2F&#8221;][vc_column_text]<strong>Syst\u00e8mes d&#8217;alimentation autonomes et de secours sp\u00e9cialement con\u00e7us pour l&#8217;IoT \/ IIoT, les capteurs, la surveillance, la t\u00e9l\u00e9m\u00e9trie, le contr\u00f4le&#8230;..<\/strong><\/p>\n<p>Con\u00e7u et fabriqu\u00e9 pour fournir une alimentation fiable et efficace. Universel.<br \/>\nSans entretien. Complet et pr\u00eat \u00e0 l&#8217;emploi. Facile \u00e0 connecter.<br \/>\nConstruit avec des mat\u00e9riaux et des composants d&#8217;excellente qualit\u00e9 et de r\u00e9sistance pour une longue dur\u00e9e de vie.<\/p>\n<p><strong>Large gamme de mod\u00e8les.<\/strong>[\/vc_column_text][mvc_advanced_button btn_animation=&#8221;button&#8211;ujarak&#8221; btn_text=&#8221;MICROSOLAR\u2122 PRO Systems&#8221; padding_top=&#8221;5&#8243; padding_left=&#8221;12&#8243; border_style=&#8221;solid&#8221; border_width=&#8221;1&#8243; btn_size=&#8221;14&#8243; use_theme_fonts=&#8221;yes&#8221; btn_url=&#8221;url:https%3A%2F%2Fwww.xunzel.com%2Fstore%2Ffr%2Fcategorie-produit%2Fmicrosolar%2Fsystemes-microsolar-pro%2F&#8221; btn_clr=&#8221;#000000&#8243; btn_bg=&#8221;#ffffff&#8221; btn_hvrclr=&#8221;#ffffff&#8221; btn_hvrbg=&#8221;#000000&#8243; btn_border=&#8221;#000000&#8243; btn_radius=&#8221;0&#8243;][\/vc_column][vc_column width=&#8221;1\/2&#8243;][vc_row_inner][vc_column_inner][vc_single_image image=&#8221;12858&#8243; img_size=&#8221;515&#215;515&#8243; onclick=&#8221;link_image&#8221;][\/vc_column_inner][\/vc_row_inner][\/vc_column][\/vc_row][vc_column][\/vc_column]<\/p>\n<\/div>","protected":false},"excerpt":{"rendered":"<p>[vc_row full_width=&#8221;stretch_row&#8221; css=&#8221;.vc_custom_1613030957251{background-color: #000000 !important;}&#8221;][vc_column][\/vc_column][\/vc_row][vc_row css=&#8221;.vc_custom_1612443448868{margin-top: 30px !important;}&#8221;][vc_column width=&#8221;1\/2&#8243;][vc_custom_heading text=&#8221;MICROSOLAR\u2122 Panneau Series&#8221; font_container=&#8221;tag:h2|text_align:left|color:%23ee7401&#8243; google_fonts=&#8221;font_family:Raleway%3A100%2C200%2C300%2Cregular%2C500%2C600%2C700%2C800%2C900|font_style:400%20regular%3A400%3Anormal&#8221; link=&#8221;url:https%3A%2F%2Fwww.xunzel.com%2Fstore%2Ffr%2Fcategorie-produit%2Fmicrosolar%2Fmicrosolar-panneau-series%2F&#8221;][vc_column_text]Micro panneaux solaires photovolta\u00efques \u00e0 haut [&hellip;]<\/p>\n","protected":false},"author":1,"featured_media":0,"parent":0,"menu_order":0,"comment_status":"closed","ping_status":"closed","template":"","meta":{"_acf_changed":false,"footnotes":""},"class_list":["post-12855","page","type-page","status-publish","hentry"],"acf":[],"yoast_head":"<!-- This site is optimized with the Yoast SEO plugin v25.4 - https:\/\/yoast.com\/wordpress\/plugins\/seo\/ -->\n<title>MICROSOLAR \u2122 &#8211; Xunzel<\/title>\n<meta name=\"description\" content=\"Micro-panneau Solaires photovolta\u00efques et Syst\u00e9mes d\u2019\u00c9nergie \u00e0 haut rendement \u00e0 int\u00e9grer dans vos creations et designs\" \/>\n<meta name=\"robots\" content=\"index, follow, max-snippet:-1, max-image-preview:large, max-video-preview:-1\" \/>\n<link rel=\"canonical\" href=\"https:\/\/www.xunzel.com\/store\/fr\/microsolar\/\" \/>\n<meta property=\"og:locale\" content=\"fr_FR\" \/>\n<meta property=\"og:type\" content=\"article\" \/>\n<meta property=\"og:title\" content=\"MICROSOLAR \u2122 &#8211; Xunzel\" \/>\n<meta property=\"og:description\" content=\"Micro-panneau Solaires photovolta\u00efques et Syst\u00e9mes d\u2019\u00c9nergie \u00e0 haut rendement \u00e0 int\u00e9grer dans vos creations et designs\" \/>\n<meta property=\"og:url\" content=\"https:\/\/www.xunzel.com\/store\/fr\/microsolar\/\" \/>\n<meta property=\"og:site_name\" content=\"Xunzel\" \/>\n<meta property=\"article:modified_time\" content=\"2026-02-16T10:19:44+00:00\" \/>\n<meta property=\"og:image\" content=\"https:\/\/www.xunzel.com\/store\/wp-content\/uploads\/2024\/02\/HOME-XUNZEL_W.jpg\" \/>\n\t<meta property=\"og:image:width\" content=\"2000\" \/>\n\t<meta property=\"og:image:height\" content=\"2000\" \/>\n\t<meta property=\"og:image:type\" content=\"image\/jpeg\" \/>\n<meta name=\"twitter:card\" content=\"summary_large_image\" \/>\n<meta name=\"twitter:label1\" content=\"Dur\u00e9e de lecture estim\u00e9e\" \/>\n\t<meta name=\"twitter:data1\" content=\"2 minutes\" \/>\n<script type=\"application\/ld+json\" class=\"yoast-schema-graph\">{\"@context\":\"https:\/\/schema.org\",\"@graph\":[{\"@type\":\"WebPage\",\"@id\":\"https:\/\/www.xunzel.com\/store\/fr\/microsolar\/\",\"url\":\"https:\/\/www.xunzel.com\/store\/fr\/microsolar\/\",\"name\":\"MICROSOLAR \u2122 &#8211; Xunzel\",\"isPartOf\":{\"@id\":\"https:\/\/www.xunzel.com\/store\/fr\/#website\"},\"datePublished\":\"2020-09-14T10:42:28+00:00\",\"dateModified\":\"2026-02-16T10:19:44+00:00\",\"description\":\"Micro-panneau Solaires photovolta\u00efques et Syst\u00e9mes d\u2019\u00c9nergie \u00e0 haut rendement \u00e0 int\u00e9grer dans vos creations et designs\",\"breadcrumb\":{\"@id\":\"https:\/\/www.xunzel.com\/store\/fr\/microsolar\/#breadcrumb\"},\"inLanguage\":\"fr-FR\",\"potentialAction\":[{\"@type\":\"ReadAction\",\"target\":[\"https:\/\/www.xunzel.com\/store\/fr\/microsolar\/\"]}]},{\"@type\":\"BreadcrumbList\",\"@id\":\"https:\/\/www.xunzel.com\/store\/fr\/microsolar\/#breadcrumb\",\"itemListElement\":[{\"@type\":\"ListItem\",\"position\":1,\"name\":\"Portada\",\"item\":\"https:\/\/www.xunzel.com\/store\/fr\/\"},{\"@type\":\"ListItem\",\"position\":2,\"name\":\"MICROSOLAR \u2122\"}]},{\"@type\":\"WebSite\",\"@id\":\"https:\/\/www.xunzel.com\/store\/fr\/#website\",\"url\":\"https:\/\/www.xunzel.com\/store\/fr\/\",\"name\":\"Xunzel\",\"description\":\"Energy in a box - The Electric Revolution\",\"publisher\":{\"@id\":\"https:\/\/www.xunzel.com\/store\/fr\/#organization\"},\"potentialAction\":[{\"@type\":\"SearchAction\",\"target\":{\"@type\":\"EntryPoint\",\"urlTemplate\":\"https:\/\/www.xunzel.com\/store\/fr\/?s={search_term_string}\"},\"query-input\":{\"@type\":\"PropertyValueSpecification\",\"valueRequired\":true,\"valueName\":\"search_term_string\"}}],\"inLanguage\":\"fr-FR\"},{\"@type\":\"Organization\",\"@id\":\"https:\/\/www.xunzel.com\/store\/fr\/#organization\",\"name\":\"Xunzel\",\"url\":\"https:\/\/www.xunzel.com\/store\/fr\/\",\"logo\":{\"@type\":\"ImageObject\",\"inLanguage\":\"fr-FR\",\"@id\":\"https:\/\/www.xunzel.com\/store\/fr\/#\/schema\/logo\/image\/\",\"url\":\"https:\/\/www.xunzel.com\/store\/wp-content\/uploads\/2021\/01\/logo-xunzel-footer.png\",\"contentUrl\":\"https:\/\/www.xunzel.com\/store\/wp-content\/uploads\/2021\/01\/logo-xunzel-footer.png\",\"width\":280,\"height\":52,\"caption\":\"Xunzel\"},\"image\":{\"@id\":\"https:\/\/www.xunzel.com\/store\/fr\/#\/schema\/logo\/image\/\"}}]}<\/script>\n<!-- \/ Yoast SEO plugin. -->","yoast_head_json":{"title":"MICROSOLAR \u2122 &#8211; Xunzel","description":"Micro-panneau Solaires photovolta\u00efques et Syst\u00e9mes d\u2019\u00c9nergie \u00e0 haut rendement \u00e0 int\u00e9grer dans vos creations et designs","robots":{"index":"index","follow":"follow","max-snippet":"max-snippet:-1","max-image-preview":"max-image-preview:large","max-video-preview":"max-video-preview:-1"},"canonical":"https:\/\/www.xunzel.com\/store\/fr\/microsolar\/","og_locale":"fr_FR","og_type":"article","og_title":"MICROSOLAR \u2122 &#8211; Xunzel","og_description":"Micro-panneau Solaires photovolta\u00efques et Syst\u00e9mes d\u2019\u00c9nergie \u00e0 haut rendement \u00e0 int\u00e9grer dans vos creations et designs","og_url":"https:\/\/www.xunzel.com\/store\/fr\/microsolar\/","og_site_name":"Xunzel","article_modified_time":"2026-02-16T10:19:44+00:00","og_image":[{"width":2000,"height":2000,"url":"https:\/\/www.xunzel.com\/store\/wp-content\/uploads\/2024\/02\/HOME-XUNZEL_W.jpg","type":"image\/jpeg"}],"twitter_card":"summary_large_image","twitter_misc":{"Dur\u00e9e de lecture estim\u00e9e":"2 minutes"},"schema":{"@context":"https:\/\/schema.org","@graph":[{"@type":"WebPage","@id":"https:\/\/www.xunzel.com\/store\/fr\/microsolar\/","url":"https:\/\/www.xunzel.com\/store\/fr\/microsolar\/","name":"MICROSOLAR \u2122 &#8211; Xunzel","isPartOf":{"@id":"https:\/\/www.xunzel.com\/store\/fr\/#website"},"datePublished":"2020-09-14T10:42:28+00:00","dateModified":"2026-02-16T10:19:44+00:00","description":"Micro-panneau Solaires photovolta\u00efques et Syst\u00e9mes d\u2019\u00c9nergie \u00e0 haut rendement \u00e0 int\u00e9grer dans vos creations et designs","breadcrumb":{"@id":"https:\/\/www.xunzel.com\/store\/fr\/microsolar\/#breadcrumb"},"inLanguage":"fr-FR","potentialAction":[{"@type":"ReadAction","target":["https:\/\/www.xunzel.com\/store\/fr\/microsolar\/"]}]},{"@type":"BreadcrumbList","@id":"https:\/\/www.xunzel.com\/store\/fr\/microsolar\/#breadcrumb","itemListElement":[{"@type":"ListItem","position":1,"name":"Portada","item":"https:\/\/www.xunzel.com\/store\/fr\/"},{"@type":"ListItem","position":2,"name":"MICROSOLAR \u2122"}]},{"@type":"WebSite","@id":"https:\/\/www.xunzel.com\/store\/fr\/#website","url":"https:\/\/www.xunzel.com\/store\/fr\/","name":"Xunzel","description":"Energy in a box - The Electric Revolution","publisher":{"@id":"https:\/\/www.xunzel.com\/store\/fr\/#organization"},"potentialAction":[{"@type":"SearchAction","target":{"@type":"EntryPoint","urlTemplate":"https:\/\/www.xunzel.com\/store\/fr\/?s={search_term_string}"},"query-input":{"@type":"PropertyValueSpecification","valueRequired":true,"valueName":"search_term_string"}}],"inLanguage":"fr-FR"},{"@type":"Organization","@id":"https:\/\/www.xunzel.com\/store\/fr\/#organization","name":"Xunzel","url":"https:\/\/www.xunzel.com\/store\/fr\/","logo":{"@type":"ImageObject","inLanguage":"fr-FR","@id":"https:\/\/www.xunzel.com\/store\/fr\/#\/schema\/logo\/image\/","url":"https:\/\/www.xunzel.com\/store\/wp-content\/uploads\/2021\/01\/logo-xunzel-footer.png","contentUrl":"https:\/\/www.xunzel.com\/store\/wp-content\/uploads\/2021\/01\/logo-xunzel-footer.png","width":280,"height":52,"caption":"Xunzel"},"image":{"@id":"https:\/\/www.xunzel.com\/store\/fr\/#\/schema\/logo\/image\/"}}]}},"_links":{"self":[{"href":"https:\/\/www.xunzel.com\/store\/fr\/wp-json\/wp\/v2\/pages\/12855","targetHints":{"allow":["GET"]}}],"collection":[{"href":"https:\/\/www.xunzel.com\/store\/fr\/wp-json\/wp\/v2\/pages"}],"about":[{"href":"https:\/\/www.xunzel.com\/store\/fr\/wp-json\/wp\/v2\/types\/page"}],"author":[{"embeddable":true,"href":"https:\/\/www.xunzel.com\/store\/fr\/wp-json\/wp\/v2\/users\/1"}],"replies":[{"embeddable":true,"href":"https:\/\/www.xunzel.com\/store\/fr\/wp-json\/wp\/v2\/comments?post=12855"}],"version-history":[{"count":1,"href":"https:\/\/www.xunzel.com\/store\/fr\/wp-json\/wp\/v2\/pages\/12855\/revisions"}],"predecessor-version":[{"id":25964,"href":"https:\/\/www.xunzel.com\/store\/fr\/wp-json\/wp\/v2\/pages\/12855\/revisions\/25964"}],"wp:attachment":[{"href":"https:\/\/www.xunzel.com\/store\/fr\/wp-json\/wp\/v2\/media?parent=12855"}],"curies":[{"name":"wp","href":"https:\/\/api.w.org\/{rel}","templated":true}]}}